{"id":577,"date":"2015-09-22T03:37:20","date_gmt":"2015-09-22T03:37:20","guid":{"rendered":"http:\/\/www.spiritofpolo.com\/?page_id=577&#038;lang=es"},"modified":"2018-02-02T11:37:21","modified_gmt":"2018-02-02T11:37:21","slug":"ayuda","status":"publish","type":"page","link":"https:\/\/www.spiritofpolo.com\/es\/ayuda","title":{"rendered":"Ayuda"},"content":{"rendered":"<p>Env\u00edo y Devoluci\u00f3n<br \/>\n<strong>LA ENTREGA DE SU PEDIDO<\/strong><br \/>\nLos paquetes se env\u00edan generalmente dentro de 4 d\u00edas despu\u00e9s de la recepci\u00f3n del pago y se env\u00edan por GLS o franc\u00e9s Publicar con seguimiento y entrega sin firma. Si desea una entrega de Fedex con firma, se aplicar\u00e1 un cargo adicional, p\u00f3ngase en contacto con nosotros antes de elegir este m\u00e9todo. Sea cual sea lo que usted elija en relaci\u00f3n con el env\u00edo, proporcionaremos un enlace para el seguimiento de su env\u00edo en l\u00ednea.<br \/>\nLos costos de env\u00edo incluyen manipulaci\u00f3n y embalaje y los gastos de env\u00edo. Los gastos de manipulaci\u00f3n son fijos, mientras que las tasas de transporte var\u00edan de acuerdo al peso total del env\u00edo. Le aconsejamos agrupar sus art\u00edculos en un solo pedido. No podemos agrupar dos \u00f3rdenes distintas y las tarifas de env\u00edo se aplicar\u00e1n a cada uno de ellas.<br \/>\nLas condiciones generales de venta del sitio determinan la relaci\u00f3n entre Spirit of \u00a0Polo y el Cliente.<br \/>\nCualquier pedido o compra realizada implica la aceptaci\u00f3n de estas condiciones.<\/p>\n<p>T\u00e9rminos y Condiciones<br \/>\n<strong>EL CLIENTE<\/strong><br \/>\nEl Cliente declara que es una persona mayor de 18 a\u00f1os y tener la capacidad legal o contar con el permiso de los padres que le permite realizar un pedido en el sitio. Al registrar sus datos en\u00a0 \u00abMi Cuenta\u00bb, debe garantizar la exactitud e integridad de los datos obligatorios que da. En caso de error en la direcci\u00f3n del destinatario, Spirit of Polo Ltd. no se hace responsable de la imposibilidad de entrega del producto.<br \/>\nLos viajeros que compren Polo Clinics DEBEN tener un seguro v\u00e1lido y apropiado. En caso de lluvia, los clubes har\u00e1n todo lo posible para proporcionar algo de entrenamiento de polo, pero Spirit of Polo no se har\u00e1 responsable del clima durante la estad\u00eda.<\/p>\n<p><strong>PRODUCTOS<\/strong><br \/>\nLos productos ofrecidos a la venta son los descritos en el Sitio. Spirit of Polo dedica mucho cuidado a la presentaci\u00f3n y descripci\u00f3n de estos productos para satisfacer mejor la informaci\u00f3n del cliente. Sin embargo, es posible que errores menores puedan aparecer en el sitio, lo que el cliente reconoce y acepta.<br \/>\nLas fotograf\u00edas y gr\u00e1ficos del Sitio son s\u00f3lo ilustrativos y no vinculantes sobre la responsabilidad de la empresa Spirit of Polo.<br \/>\nEn el caso de que un proveedor modifique un producto, la responsabilidad de la empresa Spirit of Polo no puede ser comprometida; ni la validez del contrato de venta.<\/p>\n<p><strong>LOS PRECIOS<\/strong><br \/>\nLos precios de venta de los productos de la p\u00e1gina web de Spirit of Polo son netos, incluidos todos los impuestos (TTC). Cualquier cambio en esta tasa se reflejar\u00e1 inmediatamente en nuestros precios de venta.<br \/>\nEn caso de error en el precio, Spirit of Polo se comunicar\u00e1 con el cliente para comunicarle el precio correcto. Si el cliente no acepta el cambio de precio, Spirit of Polo proceder\u00e1 a la cancelaci\u00f3n de la orden y el reembolso de todas las cantidades pagadas a Spirit of Polo por la orden vinculada.<br \/>\nPrecios sujetos a cambio sin previo aviso en cualquier momento y v\u00e1lidos \u00fanicamente en el sitio web. Los impuestos a la importaci\u00f3n pueden ser aplicados por las autoridades de destino.<br \/>\nLas ofertas promocionales y ofertas de la discontinuos del Sitio s\u00f3lo son v\u00e1lidos dentro de los l\u00edmites de las existencias disponibles.<\/p>\n<p><strong>ENTREGA<\/strong><br \/>\nLa entrega a domicilio o el retiro en el showroom de exposici\u00f3n son las dos posibilidades de entrega ofrecidas por Spirit of Polo.<br \/>\nLa entrega se realiza a la direcci\u00f3n de entrega indicada por el Cliente, entendiendo que es el domicilio del cliente, o de cualquier otra persona de su elecci\u00f3n que resida en el pa\u00eds de residencia del cliente. La entrega no se puede realizar a apartados de correos.<br \/>\nPara asegurarse de que se cumplen estos plazos, el cliente debe asegurarse de que ha dado informaci\u00f3n exacta y completa con respecto a la direcci\u00f3n de entrega (tales como, entre otros: N\u00b0 de calle, edificio, escaleras, c\u00f3digos de acceso, nombres y \/ o n\u00fameros de interfono, contactos telef\u00f3nicos, etc.).<br \/>\nLos tiempos indicados son plazos indicativos, que corresponden al tiempo medio de tramitaci\u00f3n y entrega. La empresa Spirit of Polo no se hace responsable de las consecuencias debidas a un retraso en la entrega fuera de su responsabilidad.<br \/>\n<span id=\"result_box\" class=\"\" lang=\"es\"><span class=\"hps\">En el caso de<\/span> un <span class=\"hps\">paquete da\u00f1ado<\/span> <span class=\"hps atn\">(<\/span>abierto, <span class=\"hps\">productos<\/span> <span class=\"hps\">faltantes, &#8230;<\/span>), <span class=\"hps\">el<\/span> <span class=\"hps\">Cliente se compromete a<\/span> <span class=\"hps\">notificar a la compa\u00f1\u00eda<\/span> de transporte <span class=\"hps\">y a <\/span><span class=\"hps\">Spirit of Polo<\/span> <span class=\"hps\">por todos los medios,<\/span> <span class=\"hps\">dentro de los 3<\/span> <span class=\"hps\">d\u00edas<\/span> <span class=\"hps\">siguientes a la recepci\u00f3n<\/span> <span class=\"hps\">del producto.<\/span><\/span><\/p>\n","protected":false},"excerpt":{"rendered":"<p>Env\u00edo y Devoluci\u00f3n LA ENTREGA DE SU PEDIDO Los paquetes se env\u00edan generalmente dentro de 4 d\u00edas despu\u00e9s de la recepci\u00f3n del pago y se env\u00edan por GLS o franc\u00e9s Publicar con seguimiento y entrega sin firma. Si desea una entrega de Fedex con firma, se aplicar\u00e1 un cargo adicional, p\u00f3ngase en contacto con nosotros antes de elegir este m\u00e9todo. Sea cual sea lo que usted elija en relaci\u00f3n con el env\u00edo, proporcionaremos un enlace&hellip;<\/p>\n","protected":false},"author":1,"featured_media":0,"parent":0,"menu_order":0,"comment_status":"closed","ping_status":"closed","template":"","meta":[],"acf":[],"yoast_head":"<!-- This site is optimized with the Yoast SEO plugin v19.14 - https:\/\/yoast.com\/wordpress\/plugins\/seo\/ -->\n<title>Ayuda - Spirit of Polo - Spirit of Jumping<\/title>\n<meta name=\"robots\" content=\"index, follow, max-snippet:-1, max-image-preview:large, max-video-preview:-1\" \/>\n<link rel=\"canonical\" href=\"https:\/\/www.spiritofpolo.com\/es\/ayuda\" \/>\n<meta property=\"og:locale\" content=\"es_ES\" \/>\n<meta property=\"og:type\" content=\"article\" \/>\n<meta property=\"og:title\" content=\"Ayuda - Spirit of Polo - Spirit of Jumping\" \/>\n<meta property=\"og:description\" content=\"Env\u00edo y Devoluci\u00f3n LA ENTREGA DE SU PEDIDO Los paquetes se env\u00edan generalmente dentro de 4 d\u00edas despu\u00e9s de la recepci\u00f3n del pago y se env\u00edan por GLS o franc\u00e9s Publicar con seguimiento y entrega sin firma. Si desea una entrega de Fedex con firma, se aplicar\u00e1 un cargo adicional, p\u00f3ngase en contacto con nosotros antes de elegir este m\u00e9todo. Sea cual sea lo que usted elija en relaci\u00f3n con el env\u00edo, proporcionaremos un enlace&hellip;\" \/>\n<meta property=\"og:url\" content=\"https:\/\/www.spiritofpolo.com\/es\/ayuda\" \/>\n<meta property=\"og:site_name\" content=\"Spirit of Polo - Spirit of Jumping\" \/>\n<meta property=\"article:modified_time\" content=\"2018-02-02T11:37:21+00:00\" \/>\n<meta name=\"twitter:card\" content=\"summary_large_image\" \/>\n<meta name=\"twitter:label1\" content=\"Tiempo de lectura\" \/>\n\t<meta name=\"twitter:data1\" content=\"4 minutos\" \/>\n<script type=\"application\/ld+json\" class=\"yoast-schema-graph\">{\"@context\":\"https:\/\/schema.org\",\"@graph\":[{\"@type\":\"WebPage\",\"@id\":\"https:\/\/www.spiritofpolo.com\/es\/ayuda\",\"url\":\"https:\/\/www.spiritofpolo.com\/es\/ayuda\",\"name\":\"Ayuda - Spirit of Polo - Spirit of Jumping\",\"isPartOf\":{\"@id\":\"https:\/\/www.spiritofpolo.com\/es#website\"},\"datePublished\":\"2015-09-22T03:37:20+00:00\",\"dateModified\":\"2018-02-02T11:37:21+00:00\",\"breadcrumb\":{\"@id\":\"https:\/\/www.spiritofpolo.com\/es\/ayuda#breadcrumb\"},\"inLanguage\":\"es\",\"potentialAction\":[{\"@type\":\"ReadAction\",\"target\":[\"https:\/\/www.spiritofpolo.com\/es\/ayuda\"]}]},{\"@type\":\"BreadcrumbList\",\"@id\":\"https:\/\/www.spiritofpolo.com\/es\/ayuda#breadcrumb\",\"itemListElement\":[{\"@type\":\"ListItem\",\"position\":1,\"name\":\"Home\",\"item\":\"https:\/\/www.spiritofpolo.com\/es\"},{\"@type\":\"ListItem\",\"position\":2,\"name\":\"Ayuda\"}]},{\"@type\":\"WebSite\",\"@id\":\"https:\/\/www.spiritofpolo.com\/es#website\",\"url\":\"https:\/\/www.spiritofpolo.com\/es\",\"name\":\"Spirit of Polo - Spirit of Jumping\",\"description\":\"Argentine Polo Products\",\"publisher\":{\"@id\":\"https:\/\/www.spiritofpolo.com\/es#organization\"},\"potentialAction\":[{\"@type\":\"SearchAction\",\"target\":{\"@type\":\"EntryPoint\",\"urlTemplate\":\"https:\/\/www.spiritofpolo.com\/es?s={search_term_string}\"},\"query-input\":\"required name=search_term_string\"}],\"inLanguage\":\"es\"},{\"@type\":\"Organization\",\"@id\":\"https:\/\/www.spiritofpolo.com\/es#organization\",\"name\":\"Spirit of Polo - Spirit of Jumping\",\"url\":\"https:\/\/www.spiritofpolo.com\/es\",\"logo\":{\"@type\":\"ImageObject\",\"inLanguage\":\"es\",\"@id\":\"https:\/\/www.spiritofpolo.com\/es#\/schema\/logo\/image\/\",\"url\":\"\",\"contentUrl\":\"\",\"caption\":\"Spirit of Polo - Spirit of Jumping\"},\"image\":{\"@id\":\"https:\/\/www.spiritofpolo.com\/es#\/schema\/logo\/image\/\"}}]}<\/script>\n<!-- \/ Yoast SEO plugin. -->","yoast_head_json":{"title":"Ayuda - Spirit of Polo - Spirit of Jumping","robots":{"index":"index","follow":"follow","max-snippet":"max-snippet:-1","max-image-preview":"max-image-preview:large","max-video-preview":"max-video-preview:-1"},"canonical":"https:\/\/www.spiritofpolo.com\/es\/ayuda","og_locale":"es_ES","og_type":"article","og_title":"Ayuda - Spirit of Polo - Spirit of Jumping","og_description":"Env\u00edo y Devoluci\u00f3n LA ENTREGA DE SU PEDIDO Los paquetes se env\u00edan generalmente dentro de 4 d\u00edas despu\u00e9s de la recepci\u00f3n del pago y se env\u00edan por GLS o franc\u00e9s Publicar con seguimiento y entrega sin firma. Si desea una entrega de Fedex con firma, se aplicar\u00e1 un cargo adicional, p\u00f3ngase en contacto con nosotros antes de elegir este m\u00e9todo. Sea cual sea lo que usted elija en relaci\u00f3n con el env\u00edo, proporcionaremos un enlace&hellip;","og_url":"https:\/\/www.spiritofpolo.com\/es\/ayuda","og_site_name":"Spirit of Polo - Spirit of Jumping","article_modified_time":"2018-02-02T11:37:21+00:00","twitter_card":"summary_large_image","twitter_misc":{"Tiempo de lectura":"4 minutos"},"schema":{"@context":"https:\/\/schema.org","@graph":[{"@type":"WebPage","@id":"https:\/\/www.spiritofpolo.com\/es\/ayuda","url":"https:\/\/www.spiritofpolo.com\/es\/ayuda","name":"Ayuda - Spirit of Polo - Spirit of Jumping","isPartOf":{"@id":"https:\/\/www.spiritofpolo.com\/es#website"},"datePublished":"2015-09-22T03:37:20+00:00","dateModified":"2018-02-02T11:37:21+00:00","breadcrumb":{"@id":"https:\/\/www.spiritofpolo.com\/es\/ayuda#breadcrumb"},"inLanguage":"es","potentialAction":[{"@type":"ReadAction","target":["https:\/\/www.spiritofpolo.com\/es\/ayuda"]}]},{"@type":"BreadcrumbList","@id":"https:\/\/www.spiritofpolo.com\/es\/ayuda#breadcrumb","itemListElement":[{"@type":"ListItem","position":1,"name":"Home","item":"https:\/\/www.spiritofpolo.com\/es"},{"@type":"ListItem","position":2,"name":"Ayuda"}]},{"@type":"WebSite","@id":"https:\/\/www.spiritofpolo.com\/es#website","url":"https:\/\/www.spiritofpolo.com\/es","name":"Spirit of Polo - Spirit of Jumping","description":"Argentine Polo Products","publisher":{"@id":"https:\/\/www.spiritofpolo.com\/es#organization"},"potentialAction":[{"@type":"SearchAction","target":{"@type":"EntryPoint","urlTemplate":"https:\/\/www.spiritofpolo.com\/es?s={search_term_string}"},"query-input":"required name=search_term_string"}],"inLanguage":"es"},{"@type":"Organization","@id":"https:\/\/www.spiritofpolo.com\/es#organization","name":"Spirit of Polo - Spirit of Jumping","url":"https:\/\/www.spiritofpolo.com\/es","logo":{"@type":"ImageObject","inLanguage":"es","@id":"https:\/\/www.spiritofpolo.com\/es#\/schema\/logo\/image\/","url":"","contentUrl":"","caption":"Spirit of Polo - Spirit of Jumping"},"image":{"@id":"https:\/\/www.spiritofpolo.com\/es#\/schema\/logo\/image\/"}}]}},"_links":{"self":[{"href":"https:\/\/www.spiritofpolo.com\/es\/wp-json\/wp\/v2\/pages\/577"}],"collection":[{"href":"https:\/\/www.spiritofpolo.com\/es\/wp-json\/wp\/v2\/pages"}],"about":[{"href":"https:\/\/www.spiritofpolo.com\/es\/wp-json\/wp\/v2\/types\/page"}],"author":[{"embeddable":true,"href":"https:\/\/www.spiritofpolo.com\/es\/wp-json\/wp\/v2\/users\/1"}],"replies":[{"embeddable":true,"href":"https:\/\/www.spiritofpolo.com\/es\/wp-json\/wp\/v2\/comments?post=577"}],"version-history":[{"count":9,"href":"https:\/\/www.spiritofpolo.com\/es\/wp-json\/wp\/v2\/pages\/577\/revisions"}],"predecessor-version":[{"id":6510,"href":"https:\/\/www.spiritofpolo.com\/es\/wp-json\/wp\/v2\/pages\/577\/revisions\/6510"}],"wp:attachment":[{"href":"https:\/\/www.spiritofpolo.com\/es\/wp-json\/wp\/v2\/media?parent=577"}],"curies":[{"name":"wp","href":"https:\/\/api.w.org\/{rel}","templated":true}]}}