{"id":1002,"date":"2015-09-23T13:32:32","date_gmt":"2015-09-23T13:32:32","guid":{"rendered":"http:\/\/www.spiritofpolo.com\/product\/bolsa-en-tela-de-cordura-para-botas"},"modified":"2020-07-24T21:38:09","modified_gmt":"2020-07-24T21:38:09","slug":"bolso-porta-botas-en-cordura","status":"publish","type":"product","link":"https:\/\/www.spiritofpolo.com\/es\/producto\/bolso-porta-botas-en-cordura","title":{"rendered":"Bolso Porta Botas en Cordura"},"content":{"rendered":"","protected":false},"excerpt":{"rendered":"<div class=\"woocommerce-product-details__short-description\">\n<p>Bolso para guardar y transportar botas de montar (polo o equitaci\u00f3n) fabricado en nylon resistente al agua y a la intemperie. Posee un bolsillo exterior para guardar peque\u00f1os objetos. Protegen sus botas de la suciedad y se adaptan f\u00e1cilmente a un tama\u00f1o de bota est\u00e1ndar. Cremallera YKK que garantiza durabilidad.<\/p>\n<p>Posibilidad de personalizar el color del nylon. Incluye el bordado de iniciales, nombre o logo.<br \/>\nFabricado en Argentina.<\/p>\n<\/div>\n","protected":false},"featured_media":10152,"comment_status":"open","ping_status":"closed","template":"","meta":[],"product_cat":[341,2043,161,2033,2037,86],"product_tag":[195,314,1371],"acf":[],"yoast_head":"<!-- This site is optimized with the Yoast SEO plugin v19.14 - https:\/\/yoast.com\/wordpress\/plugins\/seo\/ -->\n<title>Bolso Porta Botas en Cordura - Spirit of Polo - Spirit of Jumping<\/title>\n<meta name=\"description\" content=\"Bolso para guardar y transportar botas de montar (polo o equitaci\u00f3n) fabricado en nylon resistente al agua y a la intemperie.\" \/>\n<meta name=\"robots\" content=\"index, follow, max-snippet:-1, max-image-preview:large, max-video-preview:-1\" \/>\n<link rel=\"canonical\" href=\"https:\/\/www.spiritofpolo.com\/es\/producto\/bolso-porta-botas-en-cordura\" \/>\n<meta property=\"og:locale\" content=\"es_ES\" \/>\n<meta property=\"og:type\" content=\"article\" \/>\n<meta property=\"og:title\" content=\"Bolso Porta Botas en Cordura - Spirit of Polo - Spirit of Jumping\" \/>\n<meta property=\"og:description\" content=\"Bolso para guardar y transportar botas de montar (polo o equitaci\u00f3n) fabricado en nylon resistente al agua y a la intemperie.\" \/>\n<meta property=\"og:url\" content=\"https:\/\/www.spiritofpolo.com\/es\/producto\/bolso-porta-botas-en-cordura\" \/>\n<meta property=\"og:site_name\" content=\"Spirit of Polo - Spirit of Jumping\" \/>\n<meta property=\"article:modified_time\" content=\"2020-07-24T21:38:09+00:00\" \/>\n<meta property=\"og:image\" content=\"https:\/\/www.spiritofpolo.com\/wp-content\/uploads\/Botero-Lona-2_chico.jpg\" \/>\n\t<meta property=\"og:image:width\" content=\"555\" \/>\n\t<meta property=\"og:image:height\" content=\"710\" \/>\n\t<meta property=\"og:image:type\" content=\"image\/jpeg\" \/>\n<meta name=\"twitter:card\" content=\"summary_large_image\" \/>\n<script type=\"application\/ld+json\" class=\"yoast-schema-graph\">{\"@context\":\"https:\/\/schema.org\",\"@graph\":[{\"@type\":\"WebPage\",\"@id\":\"https:\/\/www.spiritofpolo.com\/es\/producto\/bolso-porta-botas-en-cordura\",\"url\":\"https:\/\/www.spiritofpolo.com\/es\/producto\/bolso-porta-botas-en-cordura\",\"name\":\"Bolso Porta Botas en Cordura - Spirit of Polo - Spirit of Jumping\",\"isPartOf\":{\"@id\":\"https:\/\/www.spiritofpolo.com\/es#website\"},\"datePublished\":\"2015-09-23T13:32:32+00:00\",\"dateModified\":\"2020-07-24T21:38:09+00:00\",\"description\":\"Bolso para guardar y transportar botas de montar (polo o equitaci\u00f3n) fabricado en nylon resistente al agua y a la intemperie.\",\"breadcrumb\":{\"@id\":\"https:\/\/www.spiritofpolo.com\/es\/producto\/bolso-porta-botas-en-cordura#breadcrumb\"},\"inLanguage\":\"es\",\"potentialAction\":[{\"@type\":\"ReadAction\",\"target\":[\"https:\/\/www.spiritofpolo.com\/es\/producto\/bolso-porta-botas-en-cordura\"]}]},{\"@type\":\"BreadcrumbList\",\"@id\":\"https:\/\/www.spiritofpolo.com\/es\/producto\/bolso-porta-botas-en-cordura#breadcrumb\",\"itemListElement\":[{\"@type\":\"ListItem\",\"position\":1,\"name\":\"Home\",\"item\":\"https:\/\/www.spiritofpolo.com\/es\"},{\"@type\":\"ListItem\",\"position\":2,\"name\":\"Tienda\",\"item\":\"https:\/\/www.spiritofpolo.com\/es\/tienda\"},{\"@type\":\"ListItem\",\"position\":3,\"name\":\"Bolso Porta Botas en Cordura\"}]},{\"@type\":\"WebSite\",\"@id\":\"https:\/\/www.spiritofpolo.com\/es#website\",\"url\":\"https:\/\/www.spiritofpolo.com\/es\",\"name\":\"Spirit of Polo - Spirit of Jumping\",\"description\":\"Argentine Polo Products\",\"publisher\":{\"@id\":\"https:\/\/www.spiritofpolo.com\/es#organization\"},\"potentialAction\":[{\"@type\":\"SearchAction\",\"target\":{\"@type\":\"EntryPoint\",\"urlTemplate\":\"https:\/\/www.spiritofpolo.com\/es?s={search_term_string}\"},\"query-input\":\"required name=search_term_string\"}],\"inLanguage\":\"es\"},{\"@type\":\"Organization\",\"@id\":\"https:\/\/www.spiritofpolo.com\/es#organization\",\"name\":\"Spirit of Polo - Spirit of Jumping\",\"url\":\"https:\/\/www.spiritofpolo.com\/es\",\"logo\":{\"@type\":\"ImageObject\",\"inLanguage\":\"es\",\"@id\":\"https:\/\/www.spiritofpolo.com\/es#\/schema\/logo\/image\/\",\"url\":\"\",\"contentUrl\":\"\",\"caption\":\"Spirit of Polo - Spirit of Jumping\"},\"image\":{\"@id\":\"https:\/\/www.spiritofpolo.com\/es#\/schema\/logo\/image\/\"}}]}<\/script>\n<!-- \/ Yoast SEO plugin. -->","yoast_head_json":{"title":"Bolso Porta Botas en Cordura - Spirit of Polo - Spirit of Jumping","description":"Bolso para guardar y transportar botas de montar (polo o equitaci\u00f3n) fabricado en nylon resistente al agua y a la intemperie.","robots":{"index":"index","follow":"follow","max-snippet":"max-snippet:-1","max-image-preview":"max-image-preview:large","max-video-preview":"max-video-preview:-1"},"canonical":"https:\/\/www.spiritofpolo.com\/es\/producto\/bolso-porta-botas-en-cordura","og_locale":"es_ES","og_type":"article","og_title":"Bolso Porta Botas en Cordura - Spirit of Polo - Spirit of Jumping","og_description":"Bolso para guardar y transportar botas de montar (polo o equitaci\u00f3n) fabricado en nylon resistente al agua y a la intemperie.","og_url":"https:\/\/www.spiritofpolo.com\/es\/producto\/bolso-porta-botas-en-cordura","og_site_name":"Spirit of Polo - Spirit of Jumping","article_modified_time":"2020-07-24T21:38:09+00:00","og_image":[{"width":555,"height":710,"url":"https:\/\/www.spiritofpolo.com\/wp-content\/uploads\/Botero-Lona-2_chico.jpg","type":"image\/jpeg"}],"twitter_card":"summary_large_image","schema":{"@context":"https:\/\/schema.org","@graph":[{"@type":"WebPage","@id":"https:\/\/www.spiritofpolo.com\/es\/producto\/bolso-porta-botas-en-cordura","url":"https:\/\/www.spiritofpolo.com\/es\/producto\/bolso-porta-botas-en-cordura","name":"Bolso Porta Botas en Cordura - Spirit of Polo - Spirit of Jumping","isPartOf":{"@id":"https:\/\/www.spiritofpolo.com\/es#website"},"datePublished":"2015-09-23T13:32:32+00:00","dateModified":"2020-07-24T21:38:09+00:00","description":"Bolso para guardar y transportar botas de montar (polo o equitaci\u00f3n) fabricado en nylon resistente al agua y a la intemperie.","breadcrumb":{"@id":"https:\/\/www.spiritofpolo.com\/es\/producto\/bolso-porta-botas-en-cordura#breadcrumb"},"inLanguage":"es","potentialAction":[{"@type":"ReadAction","target":["https:\/\/www.spiritofpolo.com\/es\/producto\/bolso-porta-botas-en-cordura"]}]},{"@type":"BreadcrumbList","@id":"https:\/\/www.spiritofpolo.com\/es\/producto\/bolso-porta-botas-en-cordura#breadcrumb","itemListElement":[{"@type":"ListItem","position":1,"name":"Home","item":"https:\/\/www.spiritofpolo.com\/es"},{"@type":"ListItem","position":2,"name":"Tienda","item":"https:\/\/www.spiritofpolo.com\/es\/tienda"},{"@type":"ListItem","position":3,"name":"Bolso Porta Botas en Cordura"}]},{"@type":"WebSite","@id":"https:\/\/www.spiritofpolo.com\/es#website","url":"https:\/\/www.spiritofpolo.com\/es","name":"Spirit of Polo - Spirit of Jumping","description":"Argentine Polo Products","publisher":{"@id":"https:\/\/www.spiritofpolo.com\/es#organization"},"potentialAction":[{"@type":"SearchAction","target":{"@type":"EntryPoint","urlTemplate":"https:\/\/www.spiritofpolo.com\/es?s={search_term_string}"},"query-input":"required name=search_term_string"}],"inLanguage":"es"},{"@type":"Organization","@id":"https:\/\/www.spiritofpolo.com\/es#organization","name":"Spirit of Polo - Spirit of Jumping","url":"https:\/\/www.spiritofpolo.com\/es","logo":{"@type":"ImageObject","inLanguage":"es","@id":"https:\/\/www.spiritofpolo.com\/es#\/schema\/logo\/image\/","url":"","contentUrl":"","caption":"Spirit of Polo - Spirit of Jumping"},"image":{"@id":"https:\/\/www.spiritofpolo.com\/es#\/schema\/logo\/image\/"}}]}},"tiered_pricing_type":"fixed","tiered_pricing_fixed_rules":[],"tiered_pricing_product_settings":{"layout":"default","base_unit_name":{"singular":null,"plural":null},"default_variation":null},"tiered_pricing_minimum_quantity":null,"tiered_pricing_roles_data":[],"tiered_pricing_percentage_rules":[],"_links":{"self":[{"href":"https:\/\/www.spiritofpolo.com\/es\/wp-json\/wp\/v2\/product\/1002"}],"collection":[{"href":"https:\/\/www.spiritofpolo.com\/es\/wp-json\/wp\/v2\/product"}],"about":[{"href":"https:\/\/www.spiritofpolo.com\/es\/wp-json\/wp\/v2\/types\/product"}],"replies":[{"embeddable":true,"href":"https:\/\/www.spiritofpolo.com\/es\/wp-json\/wp\/v2\/comments?post=1002"}],"wp:featuredmedia":[{"embeddable":true,"href":"https:\/\/www.spiritofpolo.com\/es\/wp-json\/wp\/v2\/media\/10152"}],"wp:attachment":[{"href":"https:\/\/www.spiritofpolo.com\/es\/wp-json\/wp\/v2\/media?parent=1002"}],"wp:term":[{"taxonomy":"product_cat","embeddable":true,"href":"https:\/\/www.spiritofpolo.com\/es\/wp-json\/wp\/v2\/product_cat?post=1002"},{"taxonomy":"product_tag","embeddable":true,"href":"https:\/\/www.spiritofpolo.com\/es\/wp-json\/wp\/v2\/product_tag?post=1002"}],"curies":[{"name":"wp","href":"https:\/\/api.w.org\/{rel}","templated":true}]}}