{"id":10466,"date":"2019-08-14T13:35:28","date_gmt":"2019-08-14T13:35:28","guid":{"rendered":"https:\/\/spiritofpolo.com\/product\/july-montura-de-endurance"},"modified":"2020-07-03T15:04:10","modified_gmt":"2020-07-03T15:04:10","slug":"juli-training-montura-de-endurance-5kg","status":"publish","type":"product","link":"https:\/\/www.spiritofpolo.com\/es\/producto\/juli-training-montura-de-endurance-5kg","title":{"rendered":"JULI Training \u2013 Montura de Endurance 5Kg."},"content":{"rendered":"","protected":false},"excerpt":{"rendered":"<div class=\"woocommerce-product-details__short-description\">\n<div class=\"woocommerce-product-details__short-description\">\n<div class=\"woocommerce-product-details__short-description\">\n<p><strong>Material:<\/strong> Cuero espeso<br \/>\n<strong>Peso:<\/strong> 5kg<\/p>\n<p><strong>Puedes elegir el tama\u00f1o y 3 asientos diferentes:<\/strong><br \/>\n&#8211; <strong>Plano:<\/strong> libertad para la cadera del jinete<br \/>\n&#8211; <strong>Semi hueco:<\/strong> equilibrio ligero con libertad para salir de la montura para saltar<br \/>\n&#8211; <strong>Hueco:<\/strong> adiestramiento, cabalgata, buen sosten, bien sentado en la montura (inspirado en el polo: sosten y comodidad en deporte de alta velocidad y equilibrio)<\/p>\n<p><span class=\"tlid-translation translation\" lang=\"es\"><span title=\"\">Puedes elegir 3 portaestriberas diferentes:<\/span><br \/>\n<span class=\"\" title=\"\">&#8211; <strong>3 Portaestriberas<\/strong> en Cuero &#8211; 30cm<br \/>\n&#8211; <strong>2 Portaestriberas<\/strong> en Cuero &#8211; 30cm<br \/>\n&#8211; <strong>2 Portaestriberas<\/strong> Sinteticas &#8211; 65cm<br \/>\n<\/span><\/span><\/p>\n<p>Incluye: Portaestribera metalico y pasaestriberas por el armazon<\/p>\n<p>Tambi\u00e9n puede dise\u00f1ar su propia montura, tipo de cuero, colores (negro, gris, marr\u00f3n, azul, rojo, amarillo, \u2026), doble falda o simple con faldita, iniciales.<\/p>\n<hr \/>\n<p>Producimos las mejores monturas argentinas, con el famoso cuero argentino, considerado como la m\u00e1s alta calidad en el mundo. El espesor y la flexibilidad del cuero ofrecen placer y durabilidad a nuestras monturas, \u00a1duran para siempre!<br \/>\nNuestra experiencia en salto, adestriamento, cross, endurance y polo proporciona el mejor equilibrio para la comodidad del jinete y del caballo.<\/p>\n<p>Esta montura encajar\u00e1 perfectamente con su caballo y es muy c\u00f3moda para el jinete. Le asegura una buena estabilidad durante cabalgata, adiestramiento, salto o cross.<\/p>\n<p>Hecha en Argentina<\/p>\n<\/div>\n<\/div>\n<\/div>\n","protected":false},"featured_media":12791,"comment_status":"open","ping_status":"closed","template":"","meta":[],"product_cat":[2035,2033,2052,2283,2225],"product_tag":[],"acf":[],"yoast_head":"<!-- This site is optimized with the Yoast SEO plugin v19.14 - https:\/\/yoast.com\/wordpress\/plugins\/seo\/ -->\n<title>JULI Training \u2013 Montura de Endurance 5Kg. - Spirit of Polo - Spirit of Jumping<\/title>\n<meta name=\"robots\" content=\"index, follow, max-snippet:-1, max-image-preview:large, max-video-preview:-1\" \/>\n<link rel=\"canonical\" href=\"https:\/\/www.spiritofpolo.com\/es\/producto\/juli-training-montura-de-endurance-5kg\" \/>\n<meta property=\"og:locale\" content=\"es_ES\" \/>\n<meta property=\"og:type\" content=\"article\" \/>\n<meta property=\"og:title\" content=\"JULI Training \u2013 Montura de Endurance 5Kg. - Spirit of Polo - Spirit of Jumping\" \/>\n<meta property=\"og:description\" content=\"Material: Cuero espeso Peso: 5kg  Puedes elegir el tama\u00f1o y 3 asientos diferentes: - Plano: libertad para la cadera del jinete - Semi hueco: equilibrio ligero con libertad para salir de la montura para saltar - Hueco: adiestramiento, cabalgata, buen sosten, bien sentado en la montura (inspirado en el polo: sosten y comodidad en deporte de alta velocidad y equilibrio)  Puedes elegir 3 portaestriberas diferentes: - 3 Portaestriberas en Cuero - 30cm - 2 Portaestriberas en Cuero - 30cm - 2 Portaestriberas Sinteticas - 65cm   Incluye: Portaestribera metalico y pasaestriberas por el armazon  Tambi\u00e9n puede dise\u00f1ar su propia montura, tipo de cuero, colores (negro, gris, marr\u00f3n, azul, rojo, amarillo, \u2026), doble falda o simple con faldita, iniciales.    Producimos las mejores monturas argentinas, con el famoso cuero argentino, considerado como la m\u00e1s alta calidad en el mundo. El espesor y la flexibilidad del cuero ofrecen placer y durabilidad a nuestras monturas, \u00a1duran para siempre! Nuestra experiencia en salto, adestriamento, cross, endurance y polo proporciona el mejor equilibrio para la comodidad del jinete y del caballo.  Esta montura encajar\u00e1 perfectamente con su caballo y es muy c\u00f3moda para el jinete. Le asegura una buena estabilidad durante cabalgata, adiestramiento, salto o cross.  Hecha en Argentina\" \/>\n<meta property=\"og:url\" content=\"https:\/\/www.spiritofpolo.com\/es\/producto\/juli-training-montura-de-endurance-5kg\" \/>\n<meta property=\"og:site_name\" content=\"Spirit of Polo - Spirit of Jumping\" \/>\n<meta property=\"article:modified_time\" content=\"2020-07-03T15:04:10+00:00\" \/>\n<meta property=\"og:image\" content=\"https:\/\/www.spiritofpolo.com\/wp-content\/uploads\/1-JULI-\u2013-Endurance-1-copia-1.jpg\" \/>\n\t<meta property=\"og:image:width\" content=\"555\" \/>\n\t<meta property=\"og:image:height\" content=\"710\" \/>\n\t<meta property=\"og:image:type\" content=\"image\/jpeg\" \/>\n<meta name=\"twitter:card\" content=\"summary_large_image\" \/>\n<script type=\"application\/ld+json\" class=\"yoast-schema-graph\">{\"@context\":\"https:\/\/schema.org\",\"@graph\":[{\"@type\":\"WebPage\",\"@id\":\"https:\/\/www.spiritofpolo.com\/es\/producto\/juli-training-montura-de-endurance-5kg\",\"url\":\"https:\/\/www.spiritofpolo.com\/es\/producto\/juli-training-montura-de-endurance-5kg\",\"name\":\"JULI Training \u2013 Montura de Endurance 5Kg. - Spirit of Polo - Spirit of Jumping\",\"isPartOf\":{\"@id\":\"https:\/\/www.spiritofpolo.com\/es#website\"},\"datePublished\":\"2019-08-14T13:35:28+00:00\",\"dateModified\":\"2020-07-03T15:04:10+00:00\",\"breadcrumb\":{\"@id\":\"https:\/\/www.spiritofpolo.com\/es\/producto\/juli-training-montura-de-endurance-5kg#breadcrumb\"},\"inLanguage\":\"es\",\"potentialAction\":[{\"@type\":\"ReadAction\",\"target\":[\"https:\/\/www.spiritofpolo.com\/es\/producto\/juli-training-montura-de-endurance-5kg\"]}]},{\"@type\":\"BreadcrumbList\",\"@id\":\"https:\/\/www.spiritofpolo.com\/es\/producto\/juli-training-montura-de-endurance-5kg#breadcrumb\",\"itemListElement\":[{\"@type\":\"ListItem\",\"position\":1,\"name\":\"Home\",\"item\":\"https:\/\/www.spiritofpolo.com\/es\"},{\"@type\":\"ListItem\",\"position\":2,\"name\":\"Tienda\",\"item\":\"https:\/\/www.spiritofpolo.com\/es\/tienda\"},{\"@type\":\"ListItem\",\"position\":3,\"name\":\"JULI Training \u2013 Montura de Endurance 5Kg.\"}]},{\"@type\":\"WebSite\",\"@id\":\"https:\/\/www.spiritofpolo.com\/es#website\",\"url\":\"https:\/\/www.spiritofpolo.com\/es\",\"name\":\"Spirit of Polo - Spirit of Jumping\",\"description\":\"Argentine Polo Products\",\"publisher\":{\"@id\":\"https:\/\/www.spiritofpolo.com\/es#organization\"},\"potentialAction\":[{\"@type\":\"SearchAction\",\"target\":{\"@type\":\"EntryPoint\",\"urlTemplate\":\"https:\/\/www.spiritofpolo.com\/es?s={search_term_string}\"},\"query-input\":\"required name=search_term_string\"}],\"inLanguage\":\"es\"},{\"@type\":\"Organization\",\"@id\":\"https:\/\/www.spiritofpolo.com\/es#organization\",\"name\":\"Spirit of Polo - Spirit of Jumping\",\"url\":\"https:\/\/www.spiritofpolo.com\/es\",\"logo\":{\"@type\":\"ImageObject\",\"inLanguage\":\"es\",\"@id\":\"https:\/\/www.spiritofpolo.com\/es#\/schema\/logo\/image\/\",\"url\":\"\",\"contentUrl\":\"\",\"caption\":\"Spirit of Polo - Spirit of Jumping\"},\"image\":{\"@id\":\"https:\/\/www.spiritofpolo.com\/es#\/schema\/logo\/image\/\"}}]}<\/script>\n<!-- \/ Yoast SEO plugin. -->","yoast_head_json":{"title":"JULI Training \u2013 Montura de Endurance 5Kg. - Spirit of Polo - Spirit of Jumping","robots":{"index":"index","follow":"follow","max-snippet":"max-snippet:-1","max-image-preview":"max-image-preview:large","max-video-preview":"max-video-preview:-1"},"canonical":"https:\/\/www.spiritofpolo.com\/es\/producto\/juli-training-montura-de-endurance-5kg","og_locale":"es_ES","og_type":"article","og_title":"JULI Training \u2013 Montura de Endurance 5Kg. - Spirit of Polo - Spirit of Jumping","og_description":"Material: Cuero espeso Peso: 5kg  Puedes elegir el tama\u00f1o y 3 asientos diferentes: - Plano: libertad para la cadera del jinete - Semi hueco: equilibrio ligero con libertad para salir de la montura para saltar - Hueco: adiestramiento, cabalgata, buen sosten, bien sentado en la montura (inspirado en el polo: sosten y comodidad en deporte de alta velocidad y equilibrio)  Puedes elegir 3 portaestriberas diferentes: - 3 Portaestriberas en Cuero - 30cm - 2 Portaestriberas en Cuero - 30cm - 2 Portaestriberas Sinteticas - 65cm   Incluye: Portaestribera metalico y pasaestriberas por el armazon  Tambi\u00e9n puede dise\u00f1ar su propia montura, tipo de cuero, colores (negro, gris, marr\u00f3n, azul, rojo, amarillo, \u2026), doble falda o simple con faldita, iniciales.    Producimos las mejores monturas argentinas, con el famoso cuero argentino, considerado como la m\u00e1s alta calidad en el mundo. El espesor y la flexibilidad del cuero ofrecen placer y durabilidad a nuestras monturas, \u00a1duran para siempre! Nuestra experiencia en salto, adestriamento, cross, endurance y polo proporciona el mejor equilibrio para la comodidad del jinete y del caballo.  Esta montura encajar\u00e1 perfectamente con su caballo y es muy c\u00f3moda para el jinete. Le asegura una buena estabilidad durante cabalgata, adiestramiento, salto o cross.  Hecha en Argentina","og_url":"https:\/\/www.spiritofpolo.com\/es\/producto\/juli-training-montura-de-endurance-5kg","og_site_name":"Spirit of Polo - Spirit of Jumping","article_modified_time":"2020-07-03T15:04:10+00:00","og_image":[{"width":555,"height":710,"url":"https:\/\/www.spiritofpolo.com\/wp-content\/uploads\/1-JULI-\u2013-Endurance-1-copia-1.jpg","type":"image\/jpeg"}],"twitter_card":"summary_large_image","schema":{"@context":"https:\/\/schema.org","@graph":[{"@type":"WebPage","@id":"https:\/\/www.spiritofpolo.com\/es\/producto\/juli-training-montura-de-endurance-5kg","url":"https:\/\/www.spiritofpolo.com\/es\/producto\/juli-training-montura-de-endurance-5kg","name":"JULI Training \u2013 Montura de Endurance 5Kg. - Spirit of Polo - Spirit of Jumping","isPartOf":{"@id":"https:\/\/www.spiritofpolo.com\/es#website"},"datePublished":"2019-08-14T13:35:28+00:00","dateModified":"2020-07-03T15:04:10+00:00","breadcrumb":{"@id":"https:\/\/www.spiritofpolo.com\/es\/producto\/juli-training-montura-de-endurance-5kg#breadcrumb"},"inLanguage":"es","potentialAction":[{"@type":"ReadAction","target":["https:\/\/www.spiritofpolo.com\/es\/producto\/juli-training-montura-de-endurance-5kg"]}]},{"@type":"BreadcrumbList","@id":"https:\/\/www.spiritofpolo.com\/es\/producto\/juli-training-montura-de-endurance-5kg#breadcrumb","itemListElement":[{"@type":"ListItem","position":1,"name":"Home","item":"https:\/\/www.spiritofpolo.com\/es"},{"@type":"ListItem","position":2,"name":"Tienda","item":"https:\/\/www.spiritofpolo.com\/es\/tienda"},{"@type":"ListItem","position":3,"name":"JULI Training \u2013 Montura de Endurance 5Kg."}]},{"@type":"WebSite","@id":"https:\/\/www.spiritofpolo.com\/es#website","url":"https:\/\/www.spiritofpolo.com\/es","name":"Spirit of Polo - Spirit of Jumping","description":"Argentine Polo Products","publisher":{"@id":"https:\/\/www.spiritofpolo.com\/es#organization"},"potentialAction":[{"@type":"SearchAction","target":{"@type":"EntryPoint","urlTemplate":"https:\/\/www.spiritofpolo.com\/es?s={search_term_string}"},"query-input":"required name=search_term_string"}],"inLanguage":"es"},{"@type":"Organization","@id":"https:\/\/www.spiritofpolo.com\/es#organization","name":"Spirit of Polo - Spirit of Jumping","url":"https:\/\/www.spiritofpolo.com\/es","logo":{"@type":"ImageObject","inLanguage":"es","@id":"https:\/\/www.spiritofpolo.com\/es#\/schema\/logo\/image\/","url":"","contentUrl":"","caption":"Spirit of Polo - Spirit of Jumping"},"image":{"@id":"https:\/\/www.spiritofpolo.com\/es#\/schema\/logo\/image\/"}}]}},"tiered_pricing_type":"fixed","tiered_pricing_fixed_rules":[],"tiered_pricing_product_settings":{"layout":"default","base_unit_name":{"singular":null,"plural":null},"default_variation":null},"tiered_pricing_minimum_quantity":null,"tiered_pricing_roles_data":[],"tiered_pricing_percentage_rules":[],"_links":{"self":[{"href":"https:\/\/www.spiritofpolo.com\/es\/wp-json\/wp\/v2\/product\/10466"}],"collection":[{"href":"https:\/\/www.spiritofpolo.com\/es\/wp-json\/wp\/v2\/product"}],"about":[{"href":"https:\/\/www.spiritofpolo.com\/es\/wp-json\/wp\/v2\/types\/product"}],"replies":[{"embeddable":true,"href":"https:\/\/www.spiritofpolo.com\/es\/wp-json\/wp\/v2\/comments?post=10466"}],"wp:featuredmedia":[{"embeddable":true,"href":"https:\/\/www.spiritofpolo.com\/es\/wp-json\/wp\/v2\/media\/12791"}],"wp:attachment":[{"href":"https:\/\/www.spiritofpolo.com\/es\/wp-json\/wp\/v2\/media?parent=10466"}],"wp:term":[{"taxonomy":"product_cat","embeddable":true,"href":"https:\/\/www.spiritofpolo.com\/es\/wp-json\/wp\/v2\/product_cat?post=10466"},{"taxonomy":"product_tag","embeddable":true,"href":"https:\/\/www.spiritofpolo.com\/es\/wp-json\/wp\/v2\/product_tag?post=10466"}],"curies":[{"name":"wp","href":"https:\/\/api.w.org\/{rel}","templated":true}]}}