{"id":11324,"date":"2020-01-06T14:33:42","date_gmt":"2020-01-06T14:33:42","guid":{"rendered":"https:\/\/spiritofpolo.com\/?post_type=product&#038;p=11324"},"modified":"2022-08-15T12:17:08","modified_gmt":"2022-08-15T12:17:08","slug":"semana-de-equitacion","status":"publish","type":"product","link":"https:\/\/www.spiritofpolo.com\/es\/producto\/semana-de-equitacion","title":{"rendered":"Semana de Equitacion"},"content":{"rendered":"","protected":false},"excerpt":{"rendered":"<p>SEMANA A CABALLO: Lecciones y caminatas e iniciaci\u00f3n al polo (si lo desea), pensi\u00f3n completa.<br \/>\nPor persona, por semana. Transporte incluido<\/p>\n<p>Ubicado a 70 km al sur de Buenos Aires, este club est\u00e1 dirigido por una familia de jinetes y jugadores de polo.<br \/>\nTe ayudar\u00e1n a mejorar tus habilidades con las clases de la ma\u00f1ana y las cabalgatas de la tarde.<br \/>\n\u00a1Disfruta de la noche en el campo despu\u00e9s de un asado a la le\u00f1a, acompa\u00f1ado de un buen Malbec argentino! 2 a 6 jinetes m\u00e1ximo.<\/p>\n<p>Incluye: 7 d\u00edas de curso de equitaci\u00f3n a 70 km de Buenos Aires, pensi\u00f3n completa.<br \/>\nTransporte Aeropuerto &#8211; Club, Club-Aeropuerto.<br \/>\nDesayuno, almuerzo, merienda y cenas t\u00edpicas argentinas incluidas.<\/p>\n","protected":false},"featured_media":11328,"comment_status":"open","ping_status":"closed","template":"","meta":[],"product_cat":[1760,2233,2231,89],"product_tag":[1200,125,1297],"acf":[],"yoast_head":"<!-- This site is optimized with the Yoast SEO plugin v19.14 - https:\/\/yoast.com\/wordpress\/plugins\/seo\/ -->\n<title>Semana de Entrenamiento de Polo - Spirit of Polo<\/title>\n<meta name=\"robots\" content=\"index, follow, max-snippet:-1, max-image-preview:large, max-video-preview:-1\" \/>\n<link rel=\"canonical\" href=\"https:\/\/www.spiritofpolo.com\/es\/producto\/semana-de-equitacion\" \/>\n<meta property=\"og:locale\" content=\"es_ES\" \/>\n<meta property=\"og:type\" content=\"article\" \/>\n<meta property=\"og:title\" content=\"Semana de Entrenamiento de Polo - Spirit of Polo\" \/>\n<meta property=\"og:description\" content=\"SEMANA A CABALLO: Lecciones y caminatas e iniciaci\u00f3n al polo (si lo desea), pensi\u00f3n completa. Por persona, por semana. Transporte incluido  Ubicado a 70 km al sur de Buenos Aires, este club est\u00e1 dirigido por una familia de jinetes y jugadores de polo. Te ayudar\u00e1n a mejorar tus habilidades con las clases de la ma\u00f1ana y las cabalgatas de la tarde. \u00a1Disfruta de la noche en el campo despu\u00e9s de un asado a la le\u00f1a, acompa\u00f1ado de un buen Malbec argentino! 2 a 6 jinetes m\u00e1ximo.  Incluye: 7 d\u00edas de curso de equitaci\u00f3n a 70 km de Buenos Aires, pensi\u00f3n completa. Transporte Aeropuerto - Club, Club-Aeropuerto. Desayuno, almuerzo, merienda y cenas t\u00edpicas argentinas incluidas.\" \/>\n<meta property=\"og:url\" content=\"https:\/\/www.spiritofpolo.com\/es\/producto\/semana-de-equitacion\" \/>\n<meta property=\"og:site_name\" content=\"Spirit of Polo - Spirit of Jumping\" \/>\n<meta property=\"article:modified_time\" content=\"2022-08-15T12:17:08+00:00\" \/>\n<meta property=\"og:image\" content=\"https:\/\/www.spiritofpolo.com\/wp-content\/uploads\/Hores-back-riding-Week.jpg\" \/>\n\t<meta property=\"og:image:width\" content=\"555\" \/>\n\t<meta property=\"og:image:height\" content=\"710\" \/>\n\t<meta property=\"og:image:type\" content=\"image\/jpeg\" \/>\n<meta name=\"twitter:card\" content=\"summary_large_image\" \/>\n<script type=\"application\/ld+json\" class=\"yoast-schema-graph\">{\"@context\":\"https:\/\/schema.org\",\"@graph\":[{\"@type\":\"WebPage\",\"@id\":\"https:\/\/www.spiritofpolo.com\/es\/producto\/semana-de-equitacion\",\"url\":\"https:\/\/www.spiritofpolo.com\/es\/producto\/semana-de-equitacion\",\"name\":\"Semana de Entrenamiento de Polo - Spirit of Polo\",\"isPartOf\":{\"@id\":\"https:\/\/www.spiritofpolo.com\/es#website\"},\"datePublished\":\"2020-01-06T14:33:42+00:00\",\"dateModified\":\"2022-08-15T12:17:08+00:00\",\"breadcrumb\":{\"@id\":\"https:\/\/www.spiritofpolo.com\/es\/producto\/semana-de-equitacion#breadcrumb\"},\"inLanguage\":\"es\",\"potentialAction\":[{\"@type\":\"ReadAction\",\"target\":[\"https:\/\/www.spiritofpolo.com\/es\/producto\/semana-de-equitacion\"]}]},{\"@type\":\"BreadcrumbList\",\"@id\":\"https:\/\/www.spiritofpolo.com\/es\/producto\/semana-de-equitacion#breadcrumb\",\"itemListElement\":[{\"@type\":\"ListItem\",\"position\":1,\"name\":\"Home\",\"item\":\"https:\/\/www.spiritofpolo.com\/es\"},{\"@type\":\"ListItem\",\"position\":2,\"name\":\"Tienda\",\"item\":\"https:\/\/www.spiritofpolo.com\/es\/tienda\"},{\"@type\":\"ListItem\",\"position\":3,\"name\":\"Semana de Equitacion\"}]},{\"@type\":\"WebSite\",\"@id\":\"https:\/\/www.spiritofpolo.com\/es#website\",\"url\":\"https:\/\/www.spiritofpolo.com\/es\",\"name\":\"Spirit of Polo - Spirit of Jumping\",\"description\":\"Argentine Polo Products\",\"publisher\":{\"@id\":\"https:\/\/www.spiritofpolo.com\/es#organization\"},\"potentialAction\":[{\"@type\":\"SearchAction\",\"target\":{\"@type\":\"EntryPoint\",\"urlTemplate\":\"https:\/\/www.spiritofpolo.com\/es?s={search_term_string}\"},\"query-input\":\"required name=search_term_string\"}],\"inLanguage\":\"es\"},{\"@type\":\"Organization\",\"@id\":\"https:\/\/www.spiritofpolo.com\/es#organization\",\"name\":\"Spirit of Polo - Spirit of Jumping\",\"url\":\"https:\/\/www.spiritofpolo.com\/es\",\"logo\":{\"@type\":\"ImageObject\",\"inLanguage\":\"es\",\"@id\":\"https:\/\/www.spiritofpolo.com\/es#\/schema\/logo\/image\/\",\"url\":\"\",\"contentUrl\":\"\",\"caption\":\"Spirit of Polo - Spirit of Jumping\"},\"image\":{\"@id\":\"https:\/\/www.spiritofpolo.com\/es#\/schema\/logo\/image\/\"}}]}<\/script>\n<!-- \/ Yoast SEO plugin. -->","yoast_head_json":{"title":"Semana de Entrenamiento de Polo - Spirit of Polo","robots":{"index":"index","follow":"follow","max-snippet":"max-snippet:-1","max-image-preview":"max-image-preview:large","max-video-preview":"max-video-preview:-1"},"canonical":"https:\/\/www.spiritofpolo.com\/es\/producto\/semana-de-equitacion","og_locale":"es_ES","og_type":"article","og_title":"Semana de Entrenamiento de Polo - Spirit of Polo","og_description":"SEMANA A CABALLO: Lecciones y caminatas e iniciaci\u00f3n al polo (si lo desea), pensi\u00f3n completa. Por persona, por semana. Transporte incluido  Ubicado a 70 km al sur de Buenos Aires, este club est\u00e1 dirigido por una familia de jinetes y jugadores de polo. Te ayudar\u00e1n a mejorar tus habilidades con las clases de la ma\u00f1ana y las cabalgatas de la tarde. \u00a1Disfruta de la noche en el campo despu\u00e9s de un asado a la le\u00f1a, acompa\u00f1ado de un buen Malbec argentino! 2 a 6 jinetes m\u00e1ximo.  Incluye: 7 d\u00edas de curso de equitaci\u00f3n a 70 km de Buenos Aires, pensi\u00f3n completa. Transporte Aeropuerto - Club, Club-Aeropuerto. Desayuno, almuerzo, merienda y cenas t\u00edpicas argentinas incluidas.","og_url":"https:\/\/www.spiritofpolo.com\/es\/producto\/semana-de-equitacion","og_site_name":"Spirit of Polo - Spirit of Jumping","article_modified_time":"2022-08-15T12:17:08+00:00","og_image":[{"width":555,"height":710,"url":"https:\/\/www.spiritofpolo.com\/wp-content\/uploads\/Hores-back-riding-Week.jpg","type":"image\/jpeg"}],"twitter_card":"summary_large_image","schema":{"@context":"https:\/\/schema.org","@graph":[{"@type":"WebPage","@id":"https:\/\/www.spiritofpolo.com\/es\/producto\/semana-de-equitacion","url":"https:\/\/www.spiritofpolo.com\/es\/producto\/semana-de-equitacion","name":"Semana de Entrenamiento de Polo - Spirit of Polo","isPartOf":{"@id":"https:\/\/www.spiritofpolo.com\/es#website"},"datePublished":"2020-01-06T14:33:42+00:00","dateModified":"2022-08-15T12:17:08+00:00","breadcrumb":{"@id":"https:\/\/www.spiritofpolo.com\/es\/producto\/semana-de-equitacion#breadcrumb"},"inLanguage":"es","potentialAction":[{"@type":"ReadAction","target":["https:\/\/www.spiritofpolo.com\/es\/producto\/semana-de-equitacion"]}]},{"@type":"BreadcrumbList","@id":"https:\/\/www.spiritofpolo.com\/es\/producto\/semana-de-equitacion#breadcrumb","itemListElement":[{"@type":"ListItem","position":1,"name":"Home","item":"https:\/\/www.spiritofpolo.com\/es"},{"@type":"ListItem","position":2,"name":"Tienda","item":"https:\/\/www.spiritofpolo.com\/es\/tienda"},{"@type":"ListItem","position":3,"name":"Semana de Equitacion"}]},{"@type":"WebSite","@id":"https:\/\/www.spiritofpolo.com\/es#website","url":"https:\/\/www.spiritofpolo.com\/es","name":"Spirit of Polo - Spirit of Jumping","description":"Argentine Polo Products","publisher":{"@id":"https:\/\/www.spiritofpolo.com\/es#organization"},"potentialAction":[{"@type":"SearchAction","target":{"@type":"EntryPoint","urlTemplate":"https:\/\/www.spiritofpolo.com\/es?s={search_term_string}"},"query-input":"required name=search_term_string"}],"inLanguage":"es"},{"@type":"Organization","@id":"https:\/\/www.spiritofpolo.com\/es#organization","name":"Spirit of Polo - Spirit of Jumping","url":"https:\/\/www.spiritofpolo.com\/es","logo":{"@type":"ImageObject","inLanguage":"es","@id":"https:\/\/www.spiritofpolo.com\/es#\/schema\/logo\/image\/","url":"","contentUrl":"","caption":"Spirit of Polo - Spirit of Jumping"},"image":{"@id":"https:\/\/www.spiritofpolo.com\/es#\/schema\/logo\/image\/"}}]}},"tiered_pricing_type":"fixed","tiered_pricing_fixed_rules":[],"tiered_pricing_product_settings":{"layout":"default","base_unit_name":{"singular":null,"plural":null},"default_variation":null},"tiered_pricing_minimum_quantity":null,"tiered_pricing_roles_data":[],"tiered_pricing_percentage_rules":[],"_links":{"self":[{"href":"https:\/\/www.spiritofpolo.com\/es\/wp-json\/wp\/v2\/product\/11324"}],"collection":[{"href":"https:\/\/www.spiritofpolo.com\/es\/wp-json\/wp\/v2\/product"}],"about":[{"href":"https:\/\/www.spiritofpolo.com\/es\/wp-json\/wp\/v2\/types\/product"}],"replies":[{"embeddable":true,"href":"https:\/\/www.spiritofpolo.com\/es\/wp-json\/wp\/v2\/comments?post=11324"}],"wp:featuredmedia":[{"embeddable":true,"href":"https:\/\/www.spiritofpolo.com\/es\/wp-json\/wp\/v2\/media\/11328"}],"wp:attachment":[{"href":"https:\/\/www.spiritofpolo.com\/es\/wp-json\/wp\/v2\/media?parent=11324"}],"wp:term":[{"taxonomy":"product_cat","embeddable":true,"href":"https:\/\/www.spiritofpolo.com\/es\/wp-json\/wp\/v2\/product_cat?post=11324"},{"taxonomy":"product_tag","embeddable":true,"href":"https:\/\/www.spiritofpolo.com\/es\/wp-json\/wp\/v2\/product_tag?post=11324"}],"curies":[{"name":"wp","href":"https:\/\/api.w.org\/{rel}","templated":true}]}}