{"id":116647,"date":"2024-02-26T15:49:06","date_gmt":"2024-02-26T15:49:06","guid":{"rendered":"https:\/\/www.spiritofpolo.com\/?post_type=product&#038;p=116647"},"modified":"2026-03-16T18:45:43","modified_gmt":"2026-03-16T18:45:43","slug":"casco-de-polo-en-tela-en-stock-copy","status":"publish","type":"product","link":"https:\/\/www.spiritofpolo.com\/es\/producto\/casco-de-polo-en-tela-en-stock-copy","title":{"rendered":"Casco de polo certificado personalizado"},"content":{"rendered":"","protected":false},"excerpt":{"rendered":"<p><strong>SPIRIT OF POLO presenta:<br \/>\nCasco homologado H1<\/strong><\/p>\n<p><strong>APPROVED HELMET<\/strong><br \/>\n<strong>PAS 015-2011<\/strong><br \/>\n<strong>INTI<\/strong><\/p>\n<p>JMG Polo (PAS 015)<\/p>\n<p><strong>FICHA TECNICA:<\/strong><\/p>\n<p>\u2013 El casco esta confeccionado con ultima tecnolog\u00eda, la c\u00e1scara esta realizada de carbono y kevlar, \u00fanica en el mercado<br \/>\n\u2013 El amortiguante es EPP de alta densidad y de hasta 3cm de espesor<br \/>\n\u2013 Las hebillas son importadas, de alta resistencia y calidad<br \/>\n\u2013 El arnes de sujeci\u00f3n esta hecho especialmente para este casco y soporta m\u00e1s peso que las cintas que se encuentran en el mercado<br \/>\n\u2013 Tiene un interior desmontable, que permite ser lavado, reemplazado y que regula el talle del casco<br \/>\n\u2013 Las c\u00e1scaras son 3 tama\u00f1os talle S: 51-54 , talle M: 55-57 y talle L: 58-60. El tama\u00f1o exterior es m\u00e1s grande que los cascos normales<\/p>\n<p><strong>ESTETICA:<\/strong><\/p>\n<p>\u2013 El casco se presenta en todas las versiones que el casco com\u00fan<br \/>\n\u2013 Es forrado y viene cl\u00e1sico o modelo lock o ingles, y se puede forrar con tela o cuero y tambi\u00e9n se confeccionan con tela sublimada<\/p>\n<p>Se abonan por adelantado<br \/>\nDemora aproximadamente 10 dias<\/p>\n","protected":false},"featured_media":116652,"comment_status":"closed","ping_status":"closed","template":"","meta":[],"product_cat":[87,2212,86,2222],"product_tag":[123,127,125,120,128],"acf":[],"yoast_head":"<!-- This site is optimized with the Yoast SEO plugin v19.14 - https:\/\/yoast.com\/wordpress\/plugins\/seo\/ -->\n<title>Casco de polo certificado personalizado - Spirit of Polo - Spirit of Jumping<\/title>\n<meta name=\"robots\" content=\"index, follow, max-snippet:-1, max-image-preview:large, max-video-preview:-1\" \/>\n<link rel=\"canonical\" href=\"https:\/\/www.spiritofpolo.com\/es\/producto\/casco-de-polo-en-tela-en-stock-copy\" \/>\n<meta property=\"og:locale\" content=\"es_ES\" \/>\n<meta property=\"og:type\" content=\"article\" \/>\n<meta property=\"og:title\" content=\"Casco de polo certificado personalizado - Spirit of Polo - Spirit of Jumping\" \/>\n<meta property=\"og:description\" content=\"SPIRIT OF POLO presenta: Casco homologado H1  APPROVED HELMET PAS 015-2011 INTI  JMG Polo (PAS 015)  FICHA TECNICA:  \u2013 El casco esta confeccionado con ultima tecnolog\u00eda, la c\u00e1scara esta realizada de carbono y kevlar, \u00fanica en el mercado \u2013 El amortiguante es EPP de alta densidad y de hasta 3cm de espesor \u2013 Las hebillas son importadas, de alta resistencia y calidad \u2013 El arnes de sujeci\u00f3n esta hecho especialmente para este casco y soporta m\u00e1s peso que las cintas que se encuentran en el mercado \u2013 Tiene un interior desmontable, que permite ser lavado, reemplazado y que regula el talle del casco \u2013 Las c\u00e1scaras son 3 tama\u00f1os talle S: 51-54 , talle M: 55-57 y talle L: 58-60. El tama\u00f1o exterior es m\u00e1s grande que los cascos normales  ESTETICA:  \u2013 El casco se presenta en todas las versiones que el casco com\u00fan \u2013 Es forrado y viene cl\u00e1sico o modelo lock o ingles, y se puede forrar con tela o cuero y tambi\u00e9n se confeccionan con tela sublimada  Se abonan por adelantado Demora aproximadamente 10 dias\" \/>\n<meta property=\"og:url\" content=\"https:\/\/www.spiritofpolo.com\/es\/producto\/casco-de-polo-en-tela-en-stock-copy\" \/>\n<meta property=\"og:site_name\" content=\"Spirit of Polo - Spirit of Jumping\" \/>\n<meta property=\"article:modified_time\" content=\"2026-03-16T18:45:43+00:00\" \/>\n<meta property=\"og:image\" content=\"https:\/\/www.spiritofpolo.com\/wp-content\/uploads\/Polo-casco-homologado.jpg\" \/>\n\t<meta property=\"og:image:width\" content=\"555\" \/>\n\t<meta property=\"og:image:height\" content=\"710\" \/>\n\t<meta property=\"og:image:type\" content=\"image\/jpeg\" \/>\n<meta name=\"twitter:card\" content=\"summary_large_image\" \/>\n<script type=\"application\/ld+json\" class=\"yoast-schema-graph\">{\"@context\":\"https:\/\/schema.org\",\"@graph\":[{\"@type\":\"WebPage\",\"@id\":\"https:\/\/www.spiritofpolo.com\/es\/producto\/casco-de-polo-en-tela-en-stock-copy\",\"url\":\"https:\/\/www.spiritofpolo.com\/es\/producto\/casco-de-polo-en-tela-en-stock-copy\",\"name\":\"Casco de polo certificado personalizado - Spirit of Polo - Spirit of Jumping\",\"isPartOf\":{\"@id\":\"https:\/\/www.spiritofpolo.com\/es#website\"},\"datePublished\":\"2024-02-26T15:49:06+00:00\",\"dateModified\":\"2026-03-16T18:45:43+00:00\",\"breadcrumb\":{\"@id\":\"https:\/\/www.spiritofpolo.com\/es\/producto\/casco-de-polo-en-tela-en-stock-copy#breadcrumb\"},\"inLanguage\":\"es\",\"potentialAction\":[{\"@type\":\"ReadAction\",\"target\":[\"https:\/\/www.spiritofpolo.com\/es\/producto\/casco-de-polo-en-tela-en-stock-copy\"]}]},{\"@type\":\"BreadcrumbList\",\"@id\":\"https:\/\/www.spiritofpolo.com\/es\/producto\/casco-de-polo-en-tela-en-stock-copy#breadcrumb\",\"itemListElement\":[{\"@type\":\"ListItem\",\"position\":1,\"name\":\"Home\",\"item\":\"https:\/\/www.spiritofpolo.com\/es\"},{\"@type\":\"ListItem\",\"position\":2,\"name\":\"Tienda\",\"item\":\"https:\/\/www.spiritofpolo.com\/es\/tienda\"},{\"@type\":\"ListItem\",\"position\":3,\"name\":\"Casco de polo certificado personalizado\"}]},{\"@type\":\"WebSite\",\"@id\":\"https:\/\/www.spiritofpolo.com\/es#website\",\"url\":\"https:\/\/www.spiritofpolo.com\/es\",\"name\":\"Spirit of Polo - Spirit of Jumping\",\"description\":\"Argentine Polo Products\",\"publisher\":{\"@id\":\"https:\/\/www.spiritofpolo.com\/es#organization\"},\"potentialAction\":[{\"@type\":\"SearchAction\",\"target\":{\"@type\":\"EntryPoint\",\"urlTemplate\":\"https:\/\/www.spiritofpolo.com\/es?s={search_term_string}\"},\"query-input\":\"required name=search_term_string\"}],\"inLanguage\":\"es\"},{\"@type\":\"Organization\",\"@id\":\"https:\/\/www.spiritofpolo.com\/es#organization\",\"name\":\"Spirit of Polo - Spirit of Jumping\",\"url\":\"https:\/\/www.spiritofpolo.com\/es\",\"logo\":{\"@type\":\"ImageObject\",\"inLanguage\":\"es\",\"@id\":\"https:\/\/www.spiritofpolo.com\/es#\/schema\/logo\/image\/\",\"url\":\"\",\"contentUrl\":\"\",\"caption\":\"Spirit of Polo - Spirit of Jumping\"},\"image\":{\"@id\":\"https:\/\/www.spiritofpolo.com\/es#\/schema\/logo\/image\/\"}}]}<\/script>\n<!-- \/ Yoast SEO plugin. -->","yoast_head_json":{"title":"Casco de polo certificado personalizado - Spirit of Polo - Spirit of Jumping","robots":{"index":"index","follow":"follow","max-snippet":"max-snippet:-1","max-image-preview":"max-image-preview:large","max-video-preview":"max-video-preview:-1"},"canonical":"https:\/\/www.spiritofpolo.com\/es\/producto\/casco-de-polo-en-tela-en-stock-copy","og_locale":"es_ES","og_type":"article","og_title":"Casco de polo certificado personalizado - Spirit of Polo - Spirit of Jumping","og_description":"SPIRIT OF POLO presenta: Casco homologado H1  APPROVED HELMET PAS 015-2011 INTI  JMG Polo (PAS 015)  FICHA TECNICA:  \u2013 El casco esta confeccionado con ultima tecnolog\u00eda, la c\u00e1scara esta realizada de carbono y kevlar, \u00fanica en el mercado \u2013 El amortiguante es EPP de alta densidad y de hasta 3cm de espesor \u2013 Las hebillas son importadas, de alta resistencia y calidad \u2013 El arnes de sujeci\u00f3n esta hecho especialmente para este casco y soporta m\u00e1s peso que las cintas que se encuentran en el mercado \u2013 Tiene un interior desmontable, que permite ser lavado, reemplazado y que regula el talle del casco \u2013 Las c\u00e1scaras son 3 tama\u00f1os talle S: 51-54 , talle M: 55-57 y talle L: 58-60. El tama\u00f1o exterior es m\u00e1s grande que los cascos normales  ESTETICA:  \u2013 El casco se presenta en todas las versiones que el casco com\u00fan \u2013 Es forrado y viene cl\u00e1sico o modelo lock o ingles, y se puede forrar con tela o cuero y tambi\u00e9n se confeccionan con tela sublimada  Se abonan por adelantado Demora aproximadamente 10 dias","og_url":"https:\/\/www.spiritofpolo.com\/es\/producto\/casco-de-polo-en-tela-en-stock-copy","og_site_name":"Spirit of Polo - Spirit of Jumping","article_modified_time":"2026-03-16T18:45:43+00:00","og_image":[{"width":555,"height":710,"url":"https:\/\/www.spiritofpolo.com\/wp-content\/uploads\/Polo-casco-homologado.jpg","type":"image\/jpeg"}],"twitter_card":"summary_large_image","schema":{"@context":"https:\/\/schema.org","@graph":[{"@type":"WebPage","@id":"https:\/\/www.spiritofpolo.com\/es\/producto\/casco-de-polo-en-tela-en-stock-copy","url":"https:\/\/www.spiritofpolo.com\/es\/producto\/casco-de-polo-en-tela-en-stock-copy","name":"Casco de polo certificado personalizado - Spirit of Polo - Spirit of Jumping","isPartOf":{"@id":"https:\/\/www.spiritofpolo.com\/es#website"},"datePublished":"2024-02-26T15:49:06+00:00","dateModified":"2026-03-16T18:45:43+00:00","breadcrumb":{"@id":"https:\/\/www.spiritofpolo.com\/es\/producto\/casco-de-polo-en-tela-en-stock-copy#breadcrumb"},"inLanguage":"es","potentialAction":[{"@type":"ReadAction","target":["https:\/\/www.spiritofpolo.com\/es\/producto\/casco-de-polo-en-tela-en-stock-copy"]}]},{"@type":"BreadcrumbList","@id":"https:\/\/www.spiritofpolo.com\/es\/producto\/casco-de-polo-en-tela-en-stock-copy#breadcrumb","itemListElement":[{"@type":"ListItem","position":1,"name":"Home","item":"https:\/\/www.spiritofpolo.com\/es"},{"@type":"ListItem","position":2,"name":"Tienda","item":"https:\/\/www.spiritofpolo.com\/es\/tienda"},{"@type":"ListItem","position":3,"name":"Casco de polo certificado personalizado"}]},{"@type":"WebSite","@id":"https:\/\/www.spiritofpolo.com\/es#website","url":"https:\/\/www.spiritofpolo.com\/es","name":"Spirit of Polo - Spirit of Jumping","description":"Argentine Polo Products","publisher":{"@id":"https:\/\/www.spiritofpolo.com\/es#organization"},"potentialAction":[{"@type":"SearchAction","target":{"@type":"EntryPoint","urlTemplate":"https:\/\/www.spiritofpolo.com\/es?s={search_term_string}"},"query-input":"required name=search_term_string"}],"inLanguage":"es"},{"@type":"Organization","@id":"https:\/\/www.spiritofpolo.com\/es#organization","name":"Spirit of Polo - Spirit of Jumping","url":"https:\/\/www.spiritofpolo.com\/es","logo":{"@type":"ImageObject","inLanguage":"es","@id":"https:\/\/www.spiritofpolo.com\/es#\/schema\/logo\/image\/","url":"","contentUrl":"","caption":"Spirit of Polo - Spirit of Jumping"},"image":{"@id":"https:\/\/www.spiritofpolo.com\/es#\/schema\/logo\/image\/"}}]}},"tiered_pricing_type":"fixed","tiered_pricing_fixed_rules":[],"tiered_pricing_product_settings":{"layout":"default","base_unit_name":{"singular":null,"plural":null},"default_variation":null},"tiered_pricing_minimum_quantity":null,"tiered_pricing_roles_data":[],"tiered_pricing_percentage_rules":[],"_links":{"self":[{"href":"https:\/\/www.spiritofpolo.com\/es\/wp-json\/wp\/v2\/product\/116647"}],"collection":[{"href":"https:\/\/www.spiritofpolo.com\/es\/wp-json\/wp\/v2\/product"}],"about":[{"href":"https:\/\/www.spiritofpolo.com\/es\/wp-json\/wp\/v2\/types\/product"}],"replies":[{"embeddable":true,"href":"https:\/\/www.spiritofpolo.com\/es\/wp-json\/wp\/v2\/comments?post=116647"}],"wp:featuredmedia":[{"embeddable":true,"href":"https:\/\/www.spiritofpolo.com\/es\/wp-json\/wp\/v2\/media\/116652"}],"wp:attachment":[{"href":"https:\/\/www.spiritofpolo.com\/es\/wp-json\/wp\/v2\/media?parent=116647"}],"wp:term":[{"taxonomy":"product_cat","embeddable":true,"href":"https:\/\/www.spiritofpolo.com\/es\/wp-json\/wp\/v2\/product_cat?post=116647"},{"taxonomy":"product_tag","embeddable":true,"href":"https:\/\/www.spiritofpolo.com\/es\/wp-json\/wp\/v2\/product_tag?post=116647"}],"curies":[{"name":"wp","href":"https:\/\/api.w.org\/{rel}","templated":true}]}}