{"id":116701,"date":"2024-02-27T15:30:29","date_gmt":"2024-02-27T15:30:32","guid":{"rendered":"https:\/\/www.spiritofpolo.com\/?post_type=product&#038;p=116701"},"modified":"2024-02-28T14:11:22","modified_gmt":"2024-02-28T14:11:22","slug":"semana-de-equitacion-copy","status":"publish","type":"product","link":"https:\/\/www.spiritofpolo.com\/es\/producto\/semana-de-equitacion-copy","title":{"rendered":"GAUCHO LIFE EXPERIENCE @ARGENTINA"},"content":{"rendered":"","protected":false},"excerpt":{"rendered":"<p>GAUCHO LIFE EXPERIENCE @ARGENTINA <\/p>\n<p>A solo 3 hs de Buenos Aires, te invitamos a vivir una experiencia \u00fanica en tu vida! De la ma\u00f1ana a la noche compartir\u00e1s tu dia con aut\u00e9nticos gauchos en una estancia de 3000 hect\u00e1reas ubicada en la provincia de Entre R\u00edos, productora de bovinos y granos.<\/p>\n<p>Descubrir\u00e1s su forma de vivir, trabajar, comer y respirar! Te convertir\u00e1s en uno de ellos, realizando las tareas que se presentan y que van a nutrir tu conocimiento sobre cr\u00eda de ganado, doma racional, permacultura, desmonte, entre tantas cosas.   <\/p>\n<p>La ma\u00f1ana te despertara y te dejara boquiabierto cuando crucemos ciervos, jabal\u00edes y aves ex\u00f3ticas, en un paisaje salvaje de inmensas llanuras. Y al final del d\u00eda, vendr\u00e1 la recompensa contemplando los m\u00e1s lindos atardeceres alrededor de unas le\u00f1as, unos mates y charlas inolvidables.<\/p>\n<p>\u00bfEst\u00e1s listo para vivir intensamente esta experiencia a lomo de tu caballo?<\/p>\n<p>INFORMACION CLAVE<br \/>\n\u2022\tCaballos Raza Criolla con recado argentino<br \/>\n\u2022\tVacas Razas Hereford y Braford<br \/>\n\u2022\tTiempo aproximado de monta por d\u00eda 4 a 8hs<br \/>\n\u2022\tTodas las comidas y bebidas provistas<br \/>\n\u2022\tAlojamiento en la estancia<br \/>\n\u2022\tTransporte de Buenos Aires a la Estancia incluido (288km)<\/p>\n<p>HIGHLIGHTS<br \/>\n\u2022\tRodeo y arreo de vacas<br \/>\n\u2022\tCaba\u00f1a con pastura rotativa intensiva<br \/>\n\u2022\tFeedlot<br \/>\n\u2022\tTrabajo en corral<br \/>\n\u2022\tAparte de ganado<br \/>\n\u2022\tDoma racional en corrales<br \/>\n\u2022\tAgricultura<br \/>\n\u2022\tPermacultura<br \/>\n\u2022\tVerdeo, pastoreo<br \/>\n\u2022\tDesmonte<\/p>\n<p>REQUISITOS<br \/>\n\u2022\tSeguro de asistencia m\u00e9dica obligatorio<br \/>\n\u2022\tNivel intermedio o avanzado de equitaci\u00f3n<br \/>\n\u2022\tMenores acompa\u00f1ados de un mayor<\/p>\n<p>TAMA\u00d1O DEL GRUPO<br \/>\n\u2022\t1 a 4 personas<br \/>\n\u2022\tHabitaciones<br \/>\n\u2022\t2 Ba\u00f1os (1 privado \/ 1 compartido)<\/p>\n<p>PRECIO POR PERSONA<br \/>\n1 semana<br \/>\n2 semanas<br \/>\n4  semanas<\/p>\n<p>No se suspende por lluvia<\/p>\n<p>LA ESTANCIA<br \/>\nUbicada a unos 6 km de Colonia El\u00eda que es un municipio situado entre los distritos Tala y Potrero del departamento Uruguay, en el este de la provincia de Entre R\u00edos.<\/p>\n<p>ENTRE RIOS<br \/>\nEntre R\u00edos es una provincia de la regi\u00f3n de Mesopotamia en el noreste de Argentina, al norte de la provincia de Buenos Aires y entre los r\u00edos Paran\u00e1 y Uruguay. Es conocida por sus fuentes termales, como las de Federaci\u00f3n, y su tradici\u00f3n de cultivar la yerba mate y beber el mate. Alberga 2 parques nacionales: Predelta, abundante en especies de aves, y El Palmar, una de las reservas que quedan de la palma yatay que alguna vez cubri\u00f3 la regi\u00f3n.<\/p>\n<p>Keywords<br \/>\nFARM RANCH ESTANCIA<\/p>\n","protected":false},"featured_media":116707,"comment_status":"open","ping_status":"closed","template":"","meta":[],"product_cat":[1760,2233,2231,89],"product_tag":[3028,3026,3027,3025],"acf":[],"yoast_head":"<!-- This site is optimized with the Yoast SEO plugin v19.14 - https:\/\/yoast.com\/wordpress\/plugins\/seo\/ -->\n<title>Semana de Entrenamiento de Polo - Spirit of Polo<\/title>\n<meta name=\"robots\" content=\"index, follow, max-snippet:-1, max-image-preview:large, max-video-preview:-1\" \/>\n<link rel=\"canonical\" href=\"https:\/\/www.spiritofpolo.com\/es\/producto\/semana-de-equitacion-copy\" \/>\n<meta property=\"og:locale\" content=\"es_ES\" \/>\n<meta property=\"og:type\" content=\"article\" \/>\n<meta property=\"og:title\" content=\"Semana de Entrenamiento de Polo - Spirit of Polo\" \/>\n<meta property=\"og:description\" content=\"GAUCHO LIFE EXPERIENCE @ARGENTINA   A solo 3 hs de Buenos Aires, te invitamos a vivir una experiencia \u00fanica en tu vida! De la ma\u00f1ana a la noche compartir\u00e1s tu dia con aut\u00e9nticos gauchos en una estancia de 3000 hect\u00e1reas ubicada en la provincia de Entre R\u00edos, productora de bovinos y granos.  Descubrir\u00e1s su forma de vivir, trabajar, comer y respirar! Te convertir\u00e1s en uno de ellos, realizando las tareas que se presentan y que van a nutrir tu conocimiento sobre cr\u00eda de ganado, doma racional, permacultura, desmonte, entre tantas cosas.    La ma\u00f1ana te despertara y te dejara boquiabierto cuando crucemos ciervos, jabal\u00edes y aves ex\u00f3ticas, en un paisaje salvaje de inmensas llanuras. Y al final del d\u00eda, vendr\u00e1 la recompensa contemplando los m\u00e1s lindos atardeceres alrededor de unas le\u00f1as, unos mates y charlas inolvidables.  \u00bfEst\u00e1s listo para vivir intensamente esta experiencia a lomo de tu caballo?  INFORMACION CLAVE \u2022 Caballos Raza Criolla con recado argentino \u2022 Vacas Razas Hereford y Braford \u2022 Tiempo aproximado de monta por d\u00eda 4 a 8hs \u2022 Todas las comidas y bebidas provistas \u2022 Alojamiento en la estancia  \u2022 Transporte de Buenos Aires a la Estancia incluido (288km)  HIGHLIGHTS \u2022 Rodeo y arreo de vacas \u2022 Caba\u00f1a con pastura rotativa intensiva \u2022 Feedlot \u2022 Trabajo en corral  \u2022 Aparte de ganado \u2022 Doma racional en corrales  \u2022 Agricultura \u2022 Permacultura \u2022 Verdeo, pastoreo \u2022 Desmonte  REQUISITOS \u2022 Seguro de asistencia m\u00e9dica obligatorio \u2022 Nivel intermedio o avanzado de equitaci\u00f3n \u2022 Menores acompa\u00f1ados de un mayor  TAMA\u00d1O DEL GRUPO \u2022 1 a 4 personas \u2022 Habitaciones \u2022 2 Ba\u00f1os (1 privado \/ 1 compartido)  PRECIO POR PERSONA 1 semana 2 semanas  4 semanas  No se suspende por lluvia  LA ESTANCIA Ubicada a unos 6 km de Colonia El\u00eda que es un municipio situado entre los distritos Tala y Potrero del departamento Uruguay, en el este de la provincia de Entre R\u00edos.  ENTRE RIOS Entre R\u00edos es una provincia de la regi\u00f3n de Mesopotamia en el noreste de Argentina, al norte de la provincia de Buenos Aires y entre los r\u00edos Paran\u00e1 y Uruguay. Es conocida por sus fuentes termales, como las de Federaci\u00f3n, y su tradici\u00f3n de cultivar la yerba mate y beber el mate. Alberga 2 parques nacionales: Predelta, abundante en especies de aves, y El Palmar, una de las reservas que quedan de la palma yatay que alguna vez cubri\u00f3 la regi\u00f3n.  Keywords FARM RANCH ESTANCIA\" \/>\n<meta property=\"og:url\" content=\"https:\/\/www.spiritofpolo.com\/es\/producto\/semana-de-equitacion-copy\" \/>\n<meta property=\"og:site_name\" content=\"Spirit of Polo - Spirit of Jumping\" \/>\n<meta property=\"article:modified_time\" content=\"2024-02-28T14:11:22+00:00\" \/>\n<meta property=\"og:image\" content=\"https:\/\/www.spiritofpolo.com\/wp-content\/uploads\/Untitled-1.jpg\" \/>\n\t<meta property=\"og:image:width\" content=\"555\" \/>\n\t<meta property=\"og:image:height\" content=\"710\" \/>\n\t<meta property=\"og:image:type\" content=\"image\/jpeg\" \/>\n<meta name=\"twitter:card\" content=\"summary_large_image\" \/>\n<script type=\"application\/ld+json\" class=\"yoast-schema-graph\">{\"@context\":\"https:\/\/schema.org\",\"@graph\":[{\"@type\":\"WebPage\",\"@id\":\"https:\/\/www.spiritofpolo.com\/es\/producto\/semana-de-equitacion-copy\",\"url\":\"https:\/\/www.spiritofpolo.com\/es\/producto\/semana-de-equitacion-copy\",\"name\":\"Semana de Entrenamiento de Polo - Spirit of Polo\",\"isPartOf\":{\"@id\":\"https:\/\/www.spiritofpolo.com\/es#website\"},\"datePublished\":\"2024-02-27T15:30:32+00:00\",\"dateModified\":\"2024-02-28T14:11:22+00:00\",\"breadcrumb\":{\"@id\":\"https:\/\/www.spiritofpolo.com\/es\/producto\/semana-de-equitacion-copy#breadcrumb\"},\"inLanguage\":\"es\",\"potentialAction\":[{\"@type\":\"ReadAction\",\"target\":[\"https:\/\/www.spiritofpolo.com\/es\/producto\/semana-de-equitacion-copy\"]}]},{\"@type\":\"BreadcrumbList\",\"@id\":\"https:\/\/www.spiritofpolo.com\/es\/producto\/semana-de-equitacion-copy#breadcrumb\",\"itemListElement\":[{\"@type\":\"ListItem\",\"position\":1,\"name\":\"Home\",\"item\":\"https:\/\/www.spiritofpolo.com\/es\"},{\"@type\":\"ListItem\",\"position\":2,\"name\":\"Tienda\",\"item\":\"https:\/\/www.spiritofpolo.com\/es\/tienda\"},{\"@type\":\"ListItem\",\"position\":3,\"name\":\"GAUCHO LIFE EXPERIENCE @ARGENTINA\"}]},{\"@type\":\"WebSite\",\"@id\":\"https:\/\/www.spiritofpolo.com\/es#website\",\"url\":\"https:\/\/www.spiritofpolo.com\/es\",\"name\":\"Spirit of Polo - Spirit of Jumping\",\"description\":\"Argentine Polo Products\",\"publisher\":{\"@id\":\"https:\/\/www.spiritofpolo.com\/es#organization\"},\"potentialAction\":[{\"@type\":\"SearchAction\",\"target\":{\"@type\":\"EntryPoint\",\"urlTemplate\":\"https:\/\/www.spiritofpolo.com\/es?s={search_term_string}\"},\"query-input\":\"required name=search_term_string\"}],\"inLanguage\":\"es\"},{\"@type\":\"Organization\",\"@id\":\"https:\/\/www.spiritofpolo.com\/es#organization\",\"name\":\"Spirit of Polo - Spirit of Jumping\",\"url\":\"https:\/\/www.spiritofpolo.com\/es\",\"logo\":{\"@type\":\"ImageObject\",\"inLanguage\":\"es\",\"@id\":\"https:\/\/www.spiritofpolo.com\/es#\/schema\/logo\/image\/\",\"url\":\"\",\"contentUrl\":\"\",\"caption\":\"Spirit of Polo - Spirit of Jumping\"},\"image\":{\"@id\":\"https:\/\/www.spiritofpolo.com\/es#\/schema\/logo\/image\/\"}}]}<\/script>\n<!-- \/ Yoast SEO plugin. -->","yoast_head_json":{"title":"Semana de Entrenamiento de Polo - Spirit of Polo","robots":{"index":"index","follow":"follow","max-snippet":"max-snippet:-1","max-image-preview":"max-image-preview:large","max-video-preview":"max-video-preview:-1"},"canonical":"https:\/\/www.spiritofpolo.com\/es\/producto\/semana-de-equitacion-copy","og_locale":"es_ES","og_type":"article","og_title":"Semana de Entrenamiento de Polo - Spirit of Polo","og_description":"GAUCHO LIFE EXPERIENCE @ARGENTINA   A solo 3 hs de Buenos Aires, te invitamos a vivir una experiencia \u00fanica en tu vida! De la ma\u00f1ana a la noche compartir\u00e1s tu dia con aut\u00e9nticos gauchos en una estancia de 3000 hect\u00e1reas ubicada en la provincia de Entre R\u00edos, productora de bovinos y granos.  Descubrir\u00e1s su forma de vivir, trabajar, comer y respirar! Te convertir\u00e1s en uno de ellos, realizando las tareas que se presentan y que van a nutrir tu conocimiento sobre cr\u00eda de ganado, doma racional, permacultura, desmonte, entre tantas cosas.    La ma\u00f1ana te despertara y te dejara boquiabierto cuando crucemos ciervos, jabal\u00edes y aves ex\u00f3ticas, en un paisaje salvaje de inmensas llanuras. Y al final del d\u00eda, vendr\u00e1 la recompensa contemplando los m\u00e1s lindos atardeceres alrededor de unas le\u00f1as, unos mates y charlas inolvidables.  \u00bfEst\u00e1s listo para vivir intensamente esta experiencia a lomo de tu caballo?  INFORMACION CLAVE \u2022 Caballos Raza Criolla con recado argentino \u2022 Vacas Razas Hereford y Braford \u2022 Tiempo aproximado de monta por d\u00eda 4 a 8hs \u2022 Todas las comidas y bebidas provistas \u2022 Alojamiento en la estancia  \u2022 Transporte de Buenos Aires a la Estancia incluido (288km)  HIGHLIGHTS \u2022 Rodeo y arreo de vacas \u2022 Caba\u00f1a con pastura rotativa intensiva \u2022 Feedlot \u2022 Trabajo en corral  \u2022 Aparte de ganado \u2022 Doma racional en corrales  \u2022 Agricultura \u2022 Permacultura \u2022 Verdeo, pastoreo \u2022 Desmonte  REQUISITOS \u2022 Seguro de asistencia m\u00e9dica obligatorio \u2022 Nivel intermedio o avanzado de equitaci\u00f3n \u2022 Menores acompa\u00f1ados de un mayor  TAMA\u00d1O DEL GRUPO \u2022 1 a 4 personas \u2022 Habitaciones \u2022 2 Ba\u00f1os (1 privado \/ 1 compartido)  PRECIO POR PERSONA 1 semana 2 semanas  4 semanas  No se suspende por lluvia  LA ESTANCIA Ubicada a unos 6 km de Colonia El\u00eda que es un municipio situado entre los distritos Tala y Potrero del departamento Uruguay, en el este de la provincia de Entre R\u00edos.  ENTRE RIOS Entre R\u00edos es una provincia de la regi\u00f3n de Mesopotamia en el noreste de Argentina, al norte de la provincia de Buenos Aires y entre los r\u00edos Paran\u00e1 y Uruguay. Es conocida por sus fuentes termales, como las de Federaci\u00f3n, y su tradici\u00f3n de cultivar la yerba mate y beber el mate. Alberga 2 parques nacionales: Predelta, abundante en especies de aves, y El Palmar, una de las reservas que quedan de la palma yatay que alguna vez cubri\u00f3 la regi\u00f3n.  Keywords FARM RANCH ESTANCIA","og_url":"https:\/\/www.spiritofpolo.com\/es\/producto\/semana-de-equitacion-copy","og_site_name":"Spirit of Polo - Spirit of Jumping","article_modified_time":"2024-02-28T14:11:22+00:00","og_image":[{"width":555,"height":710,"url":"https:\/\/www.spiritofpolo.com\/wp-content\/uploads\/Untitled-1.jpg","type":"image\/jpeg"}],"twitter_card":"summary_large_image","schema":{"@context":"https:\/\/schema.org","@graph":[{"@type":"WebPage","@id":"https:\/\/www.spiritofpolo.com\/es\/producto\/semana-de-equitacion-copy","url":"https:\/\/www.spiritofpolo.com\/es\/producto\/semana-de-equitacion-copy","name":"Semana de Entrenamiento de Polo - Spirit of Polo","isPartOf":{"@id":"https:\/\/www.spiritofpolo.com\/es#website"},"datePublished":"2024-02-27T15:30:32+00:00","dateModified":"2024-02-28T14:11:22+00:00","breadcrumb":{"@id":"https:\/\/www.spiritofpolo.com\/es\/producto\/semana-de-equitacion-copy#breadcrumb"},"inLanguage":"es","potentialAction":[{"@type":"ReadAction","target":["https:\/\/www.spiritofpolo.com\/es\/producto\/semana-de-equitacion-copy"]}]},{"@type":"BreadcrumbList","@id":"https:\/\/www.spiritofpolo.com\/es\/producto\/semana-de-equitacion-copy#breadcrumb","itemListElement":[{"@type":"ListItem","position":1,"name":"Home","item":"https:\/\/www.spiritofpolo.com\/es"},{"@type":"ListItem","position":2,"name":"Tienda","item":"https:\/\/www.spiritofpolo.com\/es\/tienda"},{"@type":"ListItem","position":3,"name":"GAUCHO LIFE EXPERIENCE @ARGENTINA"}]},{"@type":"WebSite","@id":"https:\/\/www.spiritofpolo.com\/es#website","url":"https:\/\/www.spiritofpolo.com\/es","name":"Spirit of Polo - Spirit of Jumping","description":"Argentine Polo Products","publisher":{"@id":"https:\/\/www.spiritofpolo.com\/es#organization"},"potentialAction":[{"@type":"SearchAction","target":{"@type":"EntryPoint","urlTemplate":"https:\/\/www.spiritofpolo.com\/es?s={search_term_string}"},"query-input":"required name=search_term_string"}],"inLanguage":"es"},{"@type":"Organization","@id":"https:\/\/www.spiritofpolo.com\/es#organization","name":"Spirit of Polo - Spirit of Jumping","url":"https:\/\/www.spiritofpolo.com\/es","logo":{"@type":"ImageObject","inLanguage":"es","@id":"https:\/\/www.spiritofpolo.com\/es#\/schema\/logo\/image\/","url":"","contentUrl":"","caption":"Spirit of Polo - Spirit of Jumping"},"image":{"@id":"https:\/\/www.spiritofpolo.com\/es#\/schema\/logo\/image\/"}}]}},"tiered_pricing_type":"fixed","tiered_pricing_fixed_rules":[],"tiered_pricing_product_settings":{"layout":"default","base_unit_name":{"singular":null,"plural":null},"default_variation":null},"tiered_pricing_minimum_quantity":null,"tiered_pricing_roles_data":[],"tiered_pricing_percentage_rules":[],"_links":{"self":[{"href":"https:\/\/www.spiritofpolo.com\/es\/wp-json\/wp\/v2\/product\/116701"}],"collection":[{"href":"https:\/\/www.spiritofpolo.com\/es\/wp-json\/wp\/v2\/product"}],"about":[{"href":"https:\/\/www.spiritofpolo.com\/es\/wp-json\/wp\/v2\/types\/product"}],"replies":[{"embeddable":true,"href":"https:\/\/www.spiritofpolo.com\/es\/wp-json\/wp\/v2\/comments?post=116701"}],"wp:featuredmedia":[{"embeddable":true,"href":"https:\/\/www.spiritofpolo.com\/es\/wp-json\/wp\/v2\/media\/116707"}],"wp:attachment":[{"href":"https:\/\/www.spiritofpolo.com\/es\/wp-json\/wp\/v2\/media?parent=116701"}],"wp:term":[{"taxonomy":"product_cat","embeddable":true,"href":"https:\/\/www.spiritofpolo.com\/es\/wp-json\/wp\/v2\/product_cat?post=116701"},{"taxonomy":"product_tag","embeddable":true,"href":"https:\/\/www.spiritofpolo.com\/es\/wp-json\/wp\/v2\/product_tag?post=116701"}],"curies":[{"name":"wp","href":"https:\/\/api.w.org\/{rel}","templated":true}]}}