{"id":12878,"date":"2020-10-20T16:47:13","date_gmt":"2020-10-20T16:47:13","guid":{"rendered":"https:\/\/www.spiritofpolo.com\/?post_type=product&#038;p=12878"},"modified":"2020-10-20T16:59:42","modified_gmt":"2020-10-20T16:59:42","slug":"korrika-o-devoucoux-endurance","status":"publish","type":"product","link":"https:\/\/www.spiritofpolo.com\/es\/producto\/korrika-o-devoucoux-endurance","title":{"rendered":"Korrika O &#8211; Devoucoux &#8211; Endurance"},"content":{"rendered":"<p><img loading=\"lazy\" class=\"alignnone size-medium wp-image-12795\" src=\"https:\/\/www.spiritofpolo.com\/wp-content\/uploads\/\/Captura-de-pantalla-2020-10-19-a-las-13.19.03-300x180.png\" alt=\"\" width=\"300\" height=\"180\" srcset=\"https:\/\/www.spiritofpolo.com\/wp-content\/uploads\/Captura-de-pantalla-2020-10-19-a-las-13.19.03-300x180.png 300w, https:\/\/www.spiritofpolo.com\/wp-content\/uploads\/Captura-de-pantalla-2020-10-19-a-las-13.19.03-680x408.png 680w, https:\/\/www.spiritofpolo.com\/wp-content\/uploads\/Captura-de-pantalla-2020-10-19-a-las-13.19.03-768x461.png 768w, https:\/\/www.spiritofpolo.com\/wp-content\/uploads\/Captura-de-pantalla-2020-10-19-a-las-13.19.03.png 869w\" sizes=\"(max-width: 300px) 100vw, 300px\" \/><br \/>\n<img loading=\"lazy\" class=\"alignnone size-medium wp-image-12798\" src=\"https:\/\/www.spiritofpolo.com\/wp-content\/uploads\/\/Captura-de-pantalla-2020-10-19-a-las-13.19.14-300x175.png\" alt=\"\" width=\"300\" height=\"175\" srcset=\"https:\/\/www.spiritofpolo.com\/wp-content\/uploads\/Captura-de-pantalla-2020-10-19-a-las-13.19.14-300x175.png 300w, https:\/\/www.spiritofpolo.com\/wp-content\/uploads\/Captura-de-pantalla-2020-10-19-a-las-13.19.14-680x397.png 680w, https:\/\/www.spiritofpolo.com\/wp-content\/uploads\/Captura-de-pantalla-2020-10-19-a-las-13.19.14-768x449.png 768w, https:\/\/www.spiritofpolo.com\/wp-content\/uploads\/Captura-de-pantalla-2020-10-19-a-las-13.19.14.png 880w\" sizes=\"(max-width: 300px) 100vw, 300px\" \/><\/p>\n","protected":false},"excerpt":{"rendered":"<p>Montura de Endurance con asiento profundo y con portaestriberas retra\u00eddas. Una verdadera innovaci\u00f3n t\u00e9cnica, tiene un asiento hueco y relativamente ancho, una garant\u00eda de comodidad en viajes largos. Est\u00e1 equipado con portaestriberas empotradas, que liberan el antebrazo del caballo y un sistema de cinchado m\u00f3vil. La ausencia de petits quartiers favorece el descenso de la pierna. Modelo registrado. Trofeo de innovaci\u00f3n en el Salon du Cheval de Par\u00eds (2002).<\/p>\n<p>Color: Habana o Negro<br \/>\nAcabado: Forrado ternero, Forrado b\u00fafalo<\/p>\n","protected":false},"featured_media":12882,"comment_status":"open","ping_status":"closed","template":"","meta":[],"product_cat":[2035,2311,2033],"product_tag":[],"acf":[],"yoast_head":"<!-- This site is optimized with the Yoast SEO plugin v19.14 - https:\/\/yoast.com\/wordpress\/plugins\/seo\/ -->\n<title>Korrika O - Devoucoux - Endurance - Spirit of Polo - Spirit of Jumping<\/title>\n<meta name=\"robots\" content=\"index, follow, max-snippet:-1, max-image-preview:large, max-video-preview:-1\" \/>\n<link rel=\"canonical\" href=\"https:\/\/www.spiritofpolo.com\/es\/producto\/korrika-o-devoucoux-endurance\" \/>\n<meta property=\"og:locale\" content=\"es_ES\" \/>\n<meta property=\"og:type\" content=\"article\" \/>\n<meta property=\"og:title\" content=\"Korrika O - Devoucoux - Endurance - Spirit of Polo - Spirit of Jumping\" \/>\n<meta property=\"og:description\" content=\"Montura de Endurance con asiento profundo y con portaestriberas retra\u00eddas. Una verdadera innovaci\u00f3n t\u00e9cnica, tiene un asiento hueco y relativamente ancho, una garant\u00eda de comodidad en viajes largos. Est\u00e1 equipado con portaestriberas empotradas, que liberan el antebrazo del caballo y un sistema de cinchado m\u00f3vil. La ausencia de petits quartiers favorece el descenso de la pierna. Modelo registrado. Trofeo de innovaci\u00f3n en el Salon du Cheval de Par\u00eds (2002).  Color: Habana o Negro Acabado: Forrado ternero, Forrado b\u00fafalo\" \/>\n<meta property=\"og:url\" content=\"https:\/\/www.spiritofpolo.com\/es\/producto\/korrika-o-devoucoux-endurance\" \/>\n<meta property=\"og:site_name\" content=\"Spirit of Polo - Spirit of Jumping\" \/>\n<meta property=\"article:modified_time\" content=\"2020-10-20T16:59:42+00:00\" \/>\n<meta property=\"og:image\" content=\"https:\/\/www.spiritofpolo.com\/wp-content\/uploads\/Korrika-O-Devoucoux-1.jpg\" \/>\n\t<meta property=\"og:image:width\" content=\"555\" \/>\n\t<meta property=\"og:image:height\" content=\"710\" \/>\n\t<meta property=\"og:image:type\" content=\"image\/jpeg\" \/>\n<meta name=\"twitter:card\" content=\"summary_large_image\" \/>\n<script type=\"application\/ld+json\" class=\"yoast-schema-graph\">{\"@context\":\"https:\/\/schema.org\",\"@graph\":[{\"@type\":\"WebPage\",\"@id\":\"https:\/\/www.spiritofpolo.com\/es\/producto\/korrika-o-devoucoux-endurance\",\"url\":\"https:\/\/www.spiritofpolo.com\/es\/producto\/korrika-o-devoucoux-endurance\",\"name\":\"Korrika O - Devoucoux - Endurance - Spirit of Polo - Spirit of Jumping\",\"isPartOf\":{\"@id\":\"https:\/\/www.spiritofpolo.com\/es#website\"},\"datePublished\":\"2020-10-20T16:47:13+00:00\",\"dateModified\":\"2020-10-20T16:59:42+00:00\",\"breadcrumb\":{\"@id\":\"https:\/\/www.spiritofpolo.com\/es\/producto\/korrika-o-devoucoux-endurance#breadcrumb\"},\"inLanguage\":\"es\",\"potentialAction\":[{\"@type\":\"ReadAction\",\"target\":[\"https:\/\/www.spiritofpolo.com\/es\/producto\/korrika-o-devoucoux-endurance\"]}]},{\"@type\":\"BreadcrumbList\",\"@id\":\"https:\/\/www.spiritofpolo.com\/es\/producto\/korrika-o-devoucoux-endurance#breadcrumb\",\"itemListElement\":[{\"@type\":\"ListItem\",\"position\":1,\"name\":\"Home\",\"item\":\"https:\/\/www.spiritofpolo.com\/es\"},{\"@type\":\"ListItem\",\"position\":2,\"name\":\"Tienda\",\"item\":\"https:\/\/www.spiritofpolo.com\/es\/tienda\"},{\"@type\":\"ListItem\",\"position\":3,\"name\":\"Korrika O &#8211; Devoucoux &#8211; Endurance\"}]},{\"@type\":\"WebSite\",\"@id\":\"https:\/\/www.spiritofpolo.com\/es#website\",\"url\":\"https:\/\/www.spiritofpolo.com\/es\",\"name\":\"Spirit of Polo - Spirit of Jumping\",\"description\":\"Argentine Polo Products\",\"publisher\":{\"@id\":\"https:\/\/www.spiritofpolo.com\/es#organization\"},\"potentialAction\":[{\"@type\":\"SearchAction\",\"target\":{\"@type\":\"EntryPoint\",\"urlTemplate\":\"https:\/\/www.spiritofpolo.com\/es?s={search_term_string}\"},\"query-input\":\"required name=search_term_string\"}],\"inLanguage\":\"es\"},{\"@type\":\"Organization\",\"@id\":\"https:\/\/www.spiritofpolo.com\/es#organization\",\"name\":\"Spirit of Polo - Spirit of Jumping\",\"url\":\"https:\/\/www.spiritofpolo.com\/es\",\"logo\":{\"@type\":\"ImageObject\",\"inLanguage\":\"es\",\"@id\":\"https:\/\/www.spiritofpolo.com\/es#\/schema\/logo\/image\/\",\"url\":\"\",\"contentUrl\":\"\",\"caption\":\"Spirit of Polo - Spirit of Jumping\"},\"image\":{\"@id\":\"https:\/\/www.spiritofpolo.com\/es#\/schema\/logo\/image\/\"}}]}<\/script>\n<!-- \/ Yoast SEO plugin. -->","yoast_head_json":{"title":"Korrika O - Devoucoux - Endurance - Spirit of Polo - Spirit of Jumping","robots":{"index":"index","follow":"follow","max-snippet":"max-snippet:-1","max-image-preview":"max-image-preview:large","max-video-preview":"max-video-preview:-1"},"canonical":"https:\/\/www.spiritofpolo.com\/es\/producto\/korrika-o-devoucoux-endurance","og_locale":"es_ES","og_type":"article","og_title":"Korrika O - Devoucoux - Endurance - Spirit of Polo - Spirit of Jumping","og_description":"Montura de Endurance con asiento profundo y con portaestriberas retra\u00eddas. Una verdadera innovaci\u00f3n t\u00e9cnica, tiene un asiento hueco y relativamente ancho, una garant\u00eda de comodidad en viajes largos. Est\u00e1 equipado con portaestriberas empotradas, que liberan el antebrazo del caballo y un sistema de cinchado m\u00f3vil. La ausencia de petits quartiers favorece el descenso de la pierna. Modelo registrado. Trofeo de innovaci\u00f3n en el Salon du Cheval de Par\u00eds (2002).  Color: Habana o Negro Acabado: Forrado ternero, Forrado b\u00fafalo","og_url":"https:\/\/www.spiritofpolo.com\/es\/producto\/korrika-o-devoucoux-endurance","og_site_name":"Spirit of Polo - Spirit of Jumping","article_modified_time":"2020-10-20T16:59:42+00:00","og_image":[{"width":555,"height":710,"url":"https:\/\/www.spiritofpolo.com\/wp-content\/uploads\/Korrika-O-Devoucoux-1.jpg","type":"image\/jpeg"}],"twitter_card":"summary_large_image","schema":{"@context":"https:\/\/schema.org","@graph":[{"@type":"WebPage","@id":"https:\/\/www.spiritofpolo.com\/es\/producto\/korrika-o-devoucoux-endurance","url":"https:\/\/www.spiritofpolo.com\/es\/producto\/korrika-o-devoucoux-endurance","name":"Korrika O - Devoucoux - Endurance - Spirit of Polo - Spirit of Jumping","isPartOf":{"@id":"https:\/\/www.spiritofpolo.com\/es#website"},"datePublished":"2020-10-20T16:47:13+00:00","dateModified":"2020-10-20T16:59:42+00:00","breadcrumb":{"@id":"https:\/\/www.spiritofpolo.com\/es\/producto\/korrika-o-devoucoux-endurance#breadcrumb"},"inLanguage":"es","potentialAction":[{"@type":"ReadAction","target":["https:\/\/www.spiritofpolo.com\/es\/producto\/korrika-o-devoucoux-endurance"]}]},{"@type":"BreadcrumbList","@id":"https:\/\/www.spiritofpolo.com\/es\/producto\/korrika-o-devoucoux-endurance#breadcrumb","itemListElement":[{"@type":"ListItem","position":1,"name":"Home","item":"https:\/\/www.spiritofpolo.com\/es"},{"@type":"ListItem","position":2,"name":"Tienda","item":"https:\/\/www.spiritofpolo.com\/es\/tienda"},{"@type":"ListItem","position":3,"name":"Korrika O &#8211; Devoucoux &#8211; Endurance"}]},{"@type":"WebSite","@id":"https:\/\/www.spiritofpolo.com\/es#website","url":"https:\/\/www.spiritofpolo.com\/es","name":"Spirit of Polo - Spirit of Jumping","description":"Argentine Polo Products","publisher":{"@id":"https:\/\/www.spiritofpolo.com\/es#organization"},"potentialAction":[{"@type":"SearchAction","target":{"@type":"EntryPoint","urlTemplate":"https:\/\/www.spiritofpolo.com\/es?s={search_term_string}"},"query-input":"required name=search_term_string"}],"inLanguage":"es"},{"@type":"Organization","@id":"https:\/\/www.spiritofpolo.com\/es#organization","name":"Spirit of Polo - Spirit of Jumping","url":"https:\/\/www.spiritofpolo.com\/es","logo":{"@type":"ImageObject","inLanguage":"es","@id":"https:\/\/www.spiritofpolo.com\/es#\/schema\/logo\/image\/","url":"","contentUrl":"","caption":"Spirit of Polo - Spirit of Jumping"},"image":{"@id":"https:\/\/www.spiritofpolo.com\/es#\/schema\/logo\/image\/"}}]}},"tiered_pricing_type":"fixed","tiered_pricing_fixed_rules":[],"tiered_pricing_product_settings":{"layout":"default","base_unit_name":{"singular":null,"plural":null},"default_variation":null},"tiered_pricing_minimum_quantity":null,"tiered_pricing_roles_data":[],"tiered_pricing_percentage_rules":[],"_links":{"self":[{"href":"https:\/\/www.spiritofpolo.com\/es\/wp-json\/wp\/v2\/product\/12878"}],"collection":[{"href":"https:\/\/www.spiritofpolo.com\/es\/wp-json\/wp\/v2\/product"}],"about":[{"href":"https:\/\/www.spiritofpolo.com\/es\/wp-json\/wp\/v2\/types\/product"}],"replies":[{"embeddable":true,"href":"https:\/\/www.spiritofpolo.com\/es\/wp-json\/wp\/v2\/comments?post=12878"}],"wp:featuredmedia":[{"embeddable":true,"href":"https:\/\/www.spiritofpolo.com\/es\/wp-json\/wp\/v2\/media\/12882"}],"wp:attachment":[{"href":"https:\/\/www.spiritofpolo.com\/es\/wp-json\/wp\/v2\/media?parent=12878"}],"wp:term":[{"taxonomy":"product_cat","embeddable":true,"href":"https:\/\/www.spiritofpolo.com\/es\/wp-json\/wp\/v2\/product_cat?post=12878"},{"taxonomy":"product_tag","embeddable":true,"href":"https:\/\/www.spiritofpolo.com\/es\/wp-json\/wp\/v2\/product_tag?post=12878"}],"curies":[{"name":"wp","href":"https:\/\/api.w.org\/{rel}","templated":true}]}}