{"id":13178,"date":"2020-11-12T22:28:22","date_gmt":"2020-11-12T22:28:23","guid":{"rendered":"https:\/\/www.spiritofpolo.com\/?post_type=product&#038;p=13178"},"modified":"2020-11-19T16:04:28","modified_gmt":"2020-11-19T16:04:28","slug":"camiseta-de-polo-diseno-de-equipo-o-bandera-x-8-dos-versiones-de-color-mismo-diseno","status":"publish","type":"product","link":"https:\/\/www.spiritofpolo.com\/es\/producto\/camiseta-de-polo-diseno-de-equipo-o-bandera-x-8-dos-versiones-de-color-mismo-diseno","title":{"rendered":"Camiseta de Polo Dise\u00f1o de Equipo o Bandera x 8 (dos versiones de color &#8211; mismo dise\u00f1o)"},"content":{"rendered":"<p><img loading=\"lazy\" class=\"alignnone size-medium wp-image-13218\" src=\"https:\/\/www.spiritofpolo.com\/wp-content\/uploads\/\/Womans-Size-Table-235x300.jpg\" alt=\"\" width=\"235\" height=\"300\" srcset=\"https:\/\/www.spiritofpolo.com\/wp-content\/uploads\/Womans-Size-Table-235x300.jpg 235w, https:\/\/www.spiritofpolo.com\/wp-content\/uploads\/Womans-Size-Table-70x90.jpg 70w, https:\/\/www.spiritofpolo.com\/wp-content\/uploads\/Womans-Size-Table.jpg 555w\" sizes=\"(max-width: 235px) 100vw, 235px\" \/> <img loading=\"lazy\" class=\"alignnone size-medium wp-image-13215\" src=\"https:\/\/www.spiritofpolo.com\/wp-content\/uploads\/\/Mens-Size-Table-235x300.jpg\" alt=\"\" width=\"235\" height=\"300\" srcset=\"https:\/\/www.spiritofpolo.com\/wp-content\/uploads\/Mens-Size-Table-235x300.jpg 235w, https:\/\/www.spiritofpolo.com\/wp-content\/uploads\/Mens-Size-Table-70x90.jpg 70w, https:\/\/www.spiritofpolo.com\/wp-content\/uploads\/Mens-Size-Table.jpg 555w\" sizes=\"(max-width: 235px) 100vw, 235px\" \/><\/p>\n","protected":false},"excerpt":{"rendered":"<p><span class=\"tlid-translation translation\" lang=\"es\"><span class=\"\" title=\"\">Camisetas de su equipo con su dise\u00f1o o su bandera.<\/span> <span class=\"\" title=\"\">\u00a1<br \/>Podemos dise\u00f1arlos como quiere!<\/span><\/span> <br \/><span class=\"tlid-translation translation\" lang=\"es\"><span title=\"\">Sublimadas \/ Dry-Fit que absorbe la humedad <br \/>4 Camisetas + 4 camisetas en color invertido, mismo dise\u00f1o <br \/><span class=\"\" title=\"\">Hechas en Argentina &#8211; Tiempo de producci\u00f3n: 4 semanas.<\/span><\/span><\/span><\/p>\n<div class=\"woocommerce-product-details__short-description\">\n<p>Nuestra molder\u00eda es semi-entallada.<br \/>Considerar esto ademas de las medidas para la elecci\u00f3n de su talle.<\/p>\n<p>Las medidas deben tomarse desde el extremo del cuello hasta el extremo inferior de la prenda y de axila a axila.<br \/>Las medidas pueden variar entre el 1 y el 2%<br \/>Para una correcta toma de medidas, debe tomarse sobre una superficie plana y no sobre su cuerpo.<\/p>\n<p>Lavar con agua fr\u00eda en lavarropas o a mano. No necesita plancha. No planchar el cuello.<\/p>\n<\/div>\n","protected":false},"featured_media":10301,"comment_status":"open","ping_status":"closed","template":"","meta":[],"product_cat":[546,86,2228,2222,340],"product_tag":[1263,2184,2183],"acf":[],"yoast_head":"<!-- This site is optimized with the Yoast SEO plugin v19.14 - https:\/\/yoast.com\/wordpress\/plugins\/seo\/ -->\n<title>Camiseta de Polo Dise\u00f1o de Equipo o Bandera x 8 (dos versiones de color - mismo dise\u00f1o) - Spirit of Polo - Spirit of Jumping<\/title>\n<meta name=\"description\" content=\"El dise\u00f1o de tu equipo o tu bandera. \u00a1Podemos dise\u00f1arlos como quieras!\" \/>\n<meta name=\"robots\" content=\"index, follow, max-snippet:-1, max-image-preview:large, max-video-preview:-1\" \/>\n<link rel=\"canonical\" href=\"https:\/\/www.spiritofpolo.com\/es\/producto\/camiseta-de-polo-diseno-de-equipo-o-bandera-x-8-dos-versiones-de-color-mismo-diseno\" \/>\n<meta property=\"og:locale\" content=\"es_ES\" \/>\n<meta property=\"og:type\" content=\"article\" \/>\n<meta property=\"og:title\" content=\"Camiseta de Polo Dise\u00f1o de Equipo o Bandera x 8 (dos versiones de color - mismo dise\u00f1o) - Spirit of Polo - Spirit of Jumping\" \/>\n<meta property=\"og:description\" content=\"El dise\u00f1o de tu equipo o tu bandera. \u00a1Podemos dise\u00f1arlos como quieras!\" \/>\n<meta property=\"og:url\" content=\"https:\/\/www.spiritofpolo.com\/es\/producto\/camiseta-de-polo-diseno-de-equipo-o-bandera-x-8-dos-versiones-de-color-mismo-diseno\" \/>\n<meta property=\"og:site_name\" content=\"Spirit of Polo - Spirit of Jumping\" \/>\n<meta property=\"article:modified_time\" content=\"2020-11-19T16:04:28+00:00\" \/>\n<meta property=\"og:image\" content=\"https:\/\/www.spiritofpolo.com\/wp-content\/uploads\/Nuestra-tierra-2.jpg\" \/>\n\t<meta property=\"og:image:width\" content=\"555\" \/>\n\t<meta property=\"og:image:height\" content=\"710\" \/>\n\t<meta property=\"og:image:type\" content=\"image\/jpeg\" \/>\n<meta name=\"twitter:card\" content=\"summary_large_image\" \/>\n<script type=\"application\/ld+json\" class=\"yoast-schema-graph\">{\"@context\":\"https:\/\/schema.org\",\"@graph\":[{\"@type\":\"WebPage\",\"@id\":\"https:\/\/www.spiritofpolo.com\/es\/producto\/camiseta-de-polo-diseno-de-equipo-o-bandera-x-8-dos-versiones-de-color-mismo-diseno\",\"url\":\"https:\/\/www.spiritofpolo.com\/es\/producto\/camiseta-de-polo-diseno-de-equipo-o-bandera-x-8-dos-versiones-de-color-mismo-diseno\",\"name\":\"Camiseta de Polo Dise\u00f1o de Equipo o Bandera x 8 (dos versiones de color - mismo dise\u00f1o) - Spirit of Polo - Spirit of Jumping\",\"isPartOf\":{\"@id\":\"https:\/\/www.spiritofpolo.com\/es#website\"},\"datePublished\":\"2020-11-12T22:28:23+00:00\",\"dateModified\":\"2020-11-19T16:04:28+00:00\",\"description\":\"El dise\u00f1o de tu equipo o tu bandera. \u00a1Podemos dise\u00f1arlos como quieras!\",\"breadcrumb\":{\"@id\":\"https:\/\/www.spiritofpolo.com\/es\/producto\/camiseta-de-polo-diseno-de-equipo-o-bandera-x-8-dos-versiones-de-color-mismo-diseno#breadcrumb\"},\"inLanguage\":\"es\",\"potentialAction\":[{\"@type\":\"ReadAction\",\"target\":[\"https:\/\/www.spiritofpolo.com\/es\/producto\/camiseta-de-polo-diseno-de-equipo-o-bandera-x-8-dos-versiones-de-color-mismo-diseno\"]}]},{\"@type\":\"BreadcrumbList\",\"@id\":\"https:\/\/www.spiritofpolo.com\/es\/producto\/camiseta-de-polo-diseno-de-equipo-o-bandera-x-8-dos-versiones-de-color-mismo-diseno#breadcrumb\",\"itemListElement\":[{\"@type\":\"ListItem\",\"position\":1,\"name\":\"Home\",\"item\":\"https:\/\/www.spiritofpolo.com\/es\"},{\"@type\":\"ListItem\",\"position\":2,\"name\":\"Tienda\",\"item\":\"https:\/\/www.spiritofpolo.com\/es\/tienda\"},{\"@type\":\"ListItem\",\"position\":3,\"name\":\"Camiseta de Polo Dise\u00f1o de Equipo o Bandera x 8 (dos versiones de color &#8211; mismo dise\u00f1o)\"}]},{\"@type\":\"WebSite\",\"@id\":\"https:\/\/www.spiritofpolo.com\/es#website\",\"url\":\"https:\/\/www.spiritofpolo.com\/es\",\"name\":\"Spirit of Polo - Spirit of Jumping\",\"description\":\"Argentine Polo Products\",\"publisher\":{\"@id\":\"https:\/\/www.spiritofpolo.com\/es#organization\"},\"potentialAction\":[{\"@type\":\"SearchAction\",\"target\":{\"@type\":\"EntryPoint\",\"urlTemplate\":\"https:\/\/www.spiritofpolo.com\/es?s={search_term_string}\"},\"query-input\":\"required name=search_term_string\"}],\"inLanguage\":\"es\"},{\"@type\":\"Organization\",\"@id\":\"https:\/\/www.spiritofpolo.com\/es#organization\",\"name\":\"Spirit of Polo - Spirit of Jumping\",\"url\":\"https:\/\/www.spiritofpolo.com\/es\",\"logo\":{\"@type\":\"ImageObject\",\"inLanguage\":\"es\",\"@id\":\"https:\/\/www.spiritofpolo.com\/es#\/schema\/logo\/image\/\",\"url\":\"\",\"contentUrl\":\"\",\"caption\":\"Spirit of Polo - Spirit of Jumping\"},\"image\":{\"@id\":\"https:\/\/www.spiritofpolo.com\/es#\/schema\/logo\/image\/\"}}]}<\/script>\n<!-- \/ Yoast SEO plugin. -->","yoast_head_json":{"title":"Camiseta de Polo Dise\u00f1o de Equipo o Bandera x 8 (dos versiones de color - mismo dise\u00f1o) - Spirit of Polo - Spirit of Jumping","description":"El dise\u00f1o de tu equipo o tu bandera. \u00a1Podemos dise\u00f1arlos como quieras!","robots":{"index":"index","follow":"follow","max-snippet":"max-snippet:-1","max-image-preview":"max-image-preview:large","max-video-preview":"max-video-preview:-1"},"canonical":"https:\/\/www.spiritofpolo.com\/es\/producto\/camiseta-de-polo-diseno-de-equipo-o-bandera-x-8-dos-versiones-de-color-mismo-diseno","og_locale":"es_ES","og_type":"article","og_title":"Camiseta de Polo Dise\u00f1o de Equipo o Bandera x 8 (dos versiones de color - mismo dise\u00f1o) - Spirit of Polo - Spirit of Jumping","og_description":"El dise\u00f1o de tu equipo o tu bandera. \u00a1Podemos dise\u00f1arlos como quieras!","og_url":"https:\/\/www.spiritofpolo.com\/es\/producto\/camiseta-de-polo-diseno-de-equipo-o-bandera-x-8-dos-versiones-de-color-mismo-diseno","og_site_name":"Spirit of Polo - Spirit of Jumping","article_modified_time":"2020-11-19T16:04:28+00:00","og_image":[{"width":555,"height":710,"url":"https:\/\/www.spiritofpolo.com\/wp-content\/uploads\/Nuestra-tierra-2.jpg","type":"image\/jpeg"}],"twitter_card":"summary_large_image","schema":{"@context":"https:\/\/schema.org","@graph":[{"@type":"WebPage","@id":"https:\/\/www.spiritofpolo.com\/es\/producto\/camiseta-de-polo-diseno-de-equipo-o-bandera-x-8-dos-versiones-de-color-mismo-diseno","url":"https:\/\/www.spiritofpolo.com\/es\/producto\/camiseta-de-polo-diseno-de-equipo-o-bandera-x-8-dos-versiones-de-color-mismo-diseno","name":"Camiseta de Polo Dise\u00f1o de Equipo o Bandera x 8 (dos versiones de color - mismo dise\u00f1o) - Spirit of Polo - Spirit of Jumping","isPartOf":{"@id":"https:\/\/www.spiritofpolo.com\/es#website"},"datePublished":"2020-11-12T22:28:23+00:00","dateModified":"2020-11-19T16:04:28+00:00","description":"El dise\u00f1o de tu equipo o tu bandera. \u00a1Podemos dise\u00f1arlos como quieras!","breadcrumb":{"@id":"https:\/\/www.spiritofpolo.com\/es\/producto\/camiseta-de-polo-diseno-de-equipo-o-bandera-x-8-dos-versiones-de-color-mismo-diseno#breadcrumb"},"inLanguage":"es","potentialAction":[{"@type":"ReadAction","target":["https:\/\/www.spiritofpolo.com\/es\/producto\/camiseta-de-polo-diseno-de-equipo-o-bandera-x-8-dos-versiones-de-color-mismo-diseno"]}]},{"@type":"BreadcrumbList","@id":"https:\/\/www.spiritofpolo.com\/es\/producto\/camiseta-de-polo-diseno-de-equipo-o-bandera-x-8-dos-versiones-de-color-mismo-diseno#breadcrumb","itemListElement":[{"@type":"ListItem","position":1,"name":"Home","item":"https:\/\/www.spiritofpolo.com\/es"},{"@type":"ListItem","position":2,"name":"Tienda","item":"https:\/\/www.spiritofpolo.com\/es\/tienda"},{"@type":"ListItem","position":3,"name":"Camiseta de Polo Dise\u00f1o de Equipo o Bandera x 8 (dos versiones de color &#8211; mismo dise\u00f1o)"}]},{"@type":"WebSite","@id":"https:\/\/www.spiritofpolo.com\/es#website","url":"https:\/\/www.spiritofpolo.com\/es","name":"Spirit of Polo - Spirit of Jumping","description":"Argentine Polo Products","publisher":{"@id":"https:\/\/www.spiritofpolo.com\/es#organization"},"potentialAction":[{"@type":"SearchAction","target":{"@type":"EntryPoint","urlTemplate":"https:\/\/www.spiritofpolo.com\/es?s={search_term_string}"},"query-input":"required name=search_term_string"}],"inLanguage":"es"},{"@type":"Organization","@id":"https:\/\/www.spiritofpolo.com\/es#organization","name":"Spirit of Polo - Spirit of Jumping","url":"https:\/\/www.spiritofpolo.com\/es","logo":{"@type":"ImageObject","inLanguage":"es","@id":"https:\/\/www.spiritofpolo.com\/es#\/schema\/logo\/image\/","url":"","contentUrl":"","caption":"Spirit of Polo - Spirit of Jumping"},"image":{"@id":"https:\/\/www.spiritofpolo.com\/es#\/schema\/logo\/image\/"}}]}},"tiered_pricing_type":"fixed","tiered_pricing_fixed_rules":[],"tiered_pricing_product_settings":{"layout":"default","base_unit_name":{"singular":null,"plural":null},"default_variation":null},"tiered_pricing_minimum_quantity":null,"tiered_pricing_roles_data":[],"tiered_pricing_percentage_rules":[],"_links":{"self":[{"href":"https:\/\/www.spiritofpolo.com\/es\/wp-json\/wp\/v2\/product\/13178"}],"collection":[{"href":"https:\/\/www.spiritofpolo.com\/es\/wp-json\/wp\/v2\/product"}],"about":[{"href":"https:\/\/www.spiritofpolo.com\/es\/wp-json\/wp\/v2\/types\/product"}],"replies":[{"embeddable":true,"href":"https:\/\/www.spiritofpolo.com\/es\/wp-json\/wp\/v2\/comments?post=13178"}],"wp:featuredmedia":[{"embeddable":true,"href":"https:\/\/www.spiritofpolo.com\/es\/wp-json\/wp\/v2\/media\/10301"}],"wp:attachment":[{"href":"https:\/\/www.spiritofpolo.com\/es\/wp-json\/wp\/v2\/media?parent=13178"}],"wp:term":[{"taxonomy":"product_cat","embeddable":true,"href":"https:\/\/www.spiritofpolo.com\/es\/wp-json\/wp\/v2\/product_cat?post=13178"},{"taxonomy":"product_tag","embeddable":true,"href":"https:\/\/www.spiritofpolo.com\/es\/wp-json\/wp\/v2\/product_tag?post=13178"}],"curies":[{"name":"wp","href":"https:\/\/api.w.org\/{rel}","templated":true}]}}