{"id":1724,"date":"2015-10-07T17:50:30","date_gmt":"2015-10-07T17:50:30","guid":{"rendered":"http:\/\/www.spiritofpolo.com\/product\/trompette"},"modified":"2025-07-31T14:55:24","modified_gmt":"2025-07-31T14:55:24","slug":"trompeta-de-cuero","status":"publish","type":"product","link":"https:\/\/www.spiritofpolo.com\/es\/producto\/trompeta-de-cuero","title":{"rendered":"Trompeta de cuero"},"content":{"rendered":"","protected":false},"excerpt":{"rendered":"<p>La trompeta de cuero, tambi\u00e9n conocida como bozal de cuero, se utiliza para evitar que el caballo muerda o coma objetos no deseados, especialmente durante el transporte o en situaciones donde se necesita un manejo m\u00e1s seguro del animal. Tambi\u00e9n puede ser \u00fatil para prevenir mordeduras al manipular el caballo.\u00a0<\/p>\n<p>\u2022 Prevenci\u00f3n de mordeduras: \u2028La trompeta de cuero, al cubrir la boca del caballo, impide que muerda a personas o a otros animales, lo que es especialmente \u00fatil en situaciones donde el caballo puede estar nervioso o estresado.<\/p>\n<p>\u2022 Control del consumo:<br \/>\nEn algunos casos, se utiliza para evitar que el caballo coma objetos peligrosos o comida inadecuada, especialmente cuando est\u00e1 en el box o durante el transporte.\u00a0<\/p>\n<p>\u2022 Manejo m\u00e1s seguro:<br \/>\nAl limitar la capacidad de morder, facilita las tareas de manejo y cuidado del caballo, como la limpieza, la aplicaci\u00f3n de medicamentos o la herradura.\u00a0<\/p>\n","protected":false},"featured_media":119100,"comment_status":"open","ping_status":"closed","template":"","meta":[],"product_cat":[2057,333,2035,331,2033,85,2228],"product_tag":[1241,1408],"acf":[],"yoast_head":"<!-- This site is optimized with the Yoast SEO plugin v19.14 - https:\/\/yoast.com\/wordpress\/plugins\/seo\/ -->\n<title>Trompeta de cuero - Spirit of Polo - Spirit of Jumping<\/title>\n<meta name=\"robots\" content=\"index, follow, max-snippet:-1, max-image-preview:large, max-video-preview:-1\" \/>\n<link rel=\"canonical\" href=\"https:\/\/www.spiritofpolo.com\/es\/producto\/trompeta-de-cuero\" \/>\n<meta property=\"og:locale\" content=\"es_ES\" \/>\n<meta property=\"og:type\" content=\"article\" \/>\n<meta property=\"og:title\" content=\"Trompeta de cuero - Spirit of Polo - Spirit of Jumping\" \/>\n<meta property=\"og:description\" content=\"La trompeta de cuero, tambi\u00e9n conocida como bozal de cuero, se utiliza para evitar que el caballo muerda o coma objetos no deseados, especialmente durante el transporte o en situaciones donde se necesita un manejo m\u00e1s seguro del animal. Tambi\u00e9n puede ser \u00fatil para prevenir mordeduras al manipular el caballo.\u00a0  \u2022 Prevenci\u00f3n de mordeduras: \u2028La trompeta de cuero, al cubrir la boca del caballo, impide que muerda a personas o a otros animales, lo que es especialmente \u00fatil en situaciones donde el caballo puede estar nervioso o estresado.  \u2022 Control del consumo: En algunos casos, se utiliza para evitar que el caballo coma objetos peligrosos o comida inadecuada, especialmente cuando est\u00e1 en el box o durante el transporte.\u00a0  \u2022 Manejo m\u00e1s seguro: Al limitar la capacidad de morder, facilita las tareas de manejo y cuidado del caballo, como la limpieza, la aplicaci\u00f3n de medicamentos o la herradura.\u00a0\" \/>\n<meta property=\"og:url\" content=\"https:\/\/www.spiritofpolo.com\/es\/producto\/trompeta-de-cuero\" \/>\n<meta property=\"og:site_name\" content=\"Spirit of Polo - Spirit of Jumping\" \/>\n<meta property=\"article:modified_time\" content=\"2025-07-31T14:55:24+00:00\" \/>\n<meta property=\"og:image\" content=\"https:\/\/www.spiritofpolo.com\/wp-content\/uploads\/Leather-Horse-Muzzle-trompeta-de-cuero-caballo-1.jpeg\" \/>\n\t<meta property=\"og:image:width\" content=\"1200\" \/>\n\t<meta property=\"og:image:height\" content=\"1600\" \/>\n\t<meta property=\"og:image:type\" content=\"image\/jpeg\" \/>\n<meta name=\"twitter:card\" content=\"summary_large_image\" \/>\n<script type=\"application\/ld+json\" class=\"yoast-schema-graph\">{\"@context\":\"https:\/\/schema.org\",\"@graph\":[{\"@type\":\"WebPage\",\"@id\":\"https:\/\/www.spiritofpolo.com\/es\/producto\/trompeta-de-cuero\",\"url\":\"https:\/\/www.spiritofpolo.com\/es\/producto\/trompeta-de-cuero\",\"name\":\"Trompeta de cuero - Spirit of Polo - Spirit of Jumping\",\"isPartOf\":{\"@id\":\"https:\/\/www.spiritofpolo.com\/es#website\"},\"datePublished\":\"2015-10-07T17:50:30+00:00\",\"dateModified\":\"2025-07-31T14:55:24+00:00\",\"breadcrumb\":{\"@id\":\"https:\/\/www.spiritofpolo.com\/es\/producto\/trompeta-de-cuero#breadcrumb\"},\"inLanguage\":\"es\",\"potentialAction\":[{\"@type\":\"ReadAction\",\"target\":[\"https:\/\/www.spiritofpolo.com\/es\/producto\/trompeta-de-cuero\"]}]},{\"@type\":\"BreadcrumbList\",\"@id\":\"https:\/\/www.spiritofpolo.com\/es\/producto\/trompeta-de-cuero#breadcrumb\",\"itemListElement\":[{\"@type\":\"ListItem\",\"position\":1,\"name\":\"Home\",\"item\":\"https:\/\/www.spiritofpolo.com\/es\"},{\"@type\":\"ListItem\",\"position\":2,\"name\":\"Tienda\",\"item\":\"https:\/\/www.spiritofpolo.com\/es\/tienda\"},{\"@type\":\"ListItem\",\"position\":3,\"name\":\"Trompeta de cuero\"}]},{\"@type\":\"WebSite\",\"@id\":\"https:\/\/www.spiritofpolo.com\/es#website\",\"url\":\"https:\/\/www.spiritofpolo.com\/es\",\"name\":\"Spirit of Polo - Spirit of Jumping\",\"description\":\"Argentine Polo Products\",\"publisher\":{\"@id\":\"https:\/\/www.spiritofpolo.com\/es#organization\"},\"potentialAction\":[{\"@type\":\"SearchAction\",\"target\":{\"@type\":\"EntryPoint\",\"urlTemplate\":\"https:\/\/www.spiritofpolo.com\/es?s={search_term_string}\"},\"query-input\":\"required name=search_term_string\"}],\"inLanguage\":\"es\"},{\"@type\":\"Organization\",\"@id\":\"https:\/\/www.spiritofpolo.com\/es#organization\",\"name\":\"Spirit of Polo - Spirit of Jumping\",\"url\":\"https:\/\/www.spiritofpolo.com\/es\",\"logo\":{\"@type\":\"ImageObject\",\"inLanguage\":\"es\",\"@id\":\"https:\/\/www.spiritofpolo.com\/es#\/schema\/logo\/image\/\",\"url\":\"\",\"contentUrl\":\"\",\"caption\":\"Spirit of Polo - Spirit of Jumping\"},\"image\":{\"@id\":\"https:\/\/www.spiritofpolo.com\/es#\/schema\/logo\/image\/\"}}]}<\/script>\n<!-- \/ Yoast SEO plugin. -->","yoast_head_json":{"title":"Trompeta de cuero - Spirit of Polo - Spirit of Jumping","robots":{"index":"index","follow":"follow","max-snippet":"max-snippet:-1","max-image-preview":"max-image-preview:large","max-video-preview":"max-video-preview:-1"},"canonical":"https:\/\/www.spiritofpolo.com\/es\/producto\/trompeta-de-cuero","og_locale":"es_ES","og_type":"article","og_title":"Trompeta de cuero - Spirit of Polo - Spirit of Jumping","og_description":"La trompeta de cuero, tambi\u00e9n conocida como bozal de cuero, se utiliza para evitar que el caballo muerda o coma objetos no deseados, especialmente durante el transporte o en situaciones donde se necesita un manejo m\u00e1s seguro del animal. Tambi\u00e9n puede ser \u00fatil para prevenir mordeduras al manipular el caballo.\u00a0  \u2022 Prevenci\u00f3n de mordeduras: \u2028La trompeta de cuero, al cubrir la boca del caballo, impide que muerda a personas o a otros animales, lo que es especialmente \u00fatil en situaciones donde el caballo puede estar nervioso o estresado.  \u2022 Control del consumo: En algunos casos, se utiliza para evitar que el caballo coma objetos peligrosos o comida inadecuada, especialmente cuando est\u00e1 en el box o durante el transporte.\u00a0  \u2022 Manejo m\u00e1s seguro: Al limitar la capacidad de morder, facilita las tareas de manejo y cuidado del caballo, como la limpieza, la aplicaci\u00f3n de medicamentos o la herradura.\u00a0","og_url":"https:\/\/www.spiritofpolo.com\/es\/producto\/trompeta-de-cuero","og_site_name":"Spirit of Polo - Spirit of Jumping","article_modified_time":"2025-07-31T14:55:24+00:00","og_image":[{"width":1200,"height":1600,"url":"https:\/\/www.spiritofpolo.com\/wp-content\/uploads\/Leather-Horse-Muzzle-trompeta-de-cuero-caballo-1.jpeg","type":"image\/jpeg"}],"twitter_card":"summary_large_image","schema":{"@context":"https:\/\/schema.org","@graph":[{"@type":"WebPage","@id":"https:\/\/www.spiritofpolo.com\/es\/producto\/trompeta-de-cuero","url":"https:\/\/www.spiritofpolo.com\/es\/producto\/trompeta-de-cuero","name":"Trompeta de cuero - Spirit of Polo - Spirit of Jumping","isPartOf":{"@id":"https:\/\/www.spiritofpolo.com\/es#website"},"datePublished":"2015-10-07T17:50:30+00:00","dateModified":"2025-07-31T14:55:24+00:00","breadcrumb":{"@id":"https:\/\/www.spiritofpolo.com\/es\/producto\/trompeta-de-cuero#breadcrumb"},"inLanguage":"es","potentialAction":[{"@type":"ReadAction","target":["https:\/\/www.spiritofpolo.com\/es\/producto\/trompeta-de-cuero"]}]},{"@type":"BreadcrumbList","@id":"https:\/\/www.spiritofpolo.com\/es\/producto\/trompeta-de-cuero#breadcrumb","itemListElement":[{"@type":"ListItem","position":1,"name":"Home","item":"https:\/\/www.spiritofpolo.com\/es"},{"@type":"ListItem","position":2,"name":"Tienda","item":"https:\/\/www.spiritofpolo.com\/es\/tienda"},{"@type":"ListItem","position":3,"name":"Trompeta de cuero"}]},{"@type":"WebSite","@id":"https:\/\/www.spiritofpolo.com\/es#website","url":"https:\/\/www.spiritofpolo.com\/es","name":"Spirit of Polo - Spirit of Jumping","description":"Argentine Polo Products","publisher":{"@id":"https:\/\/www.spiritofpolo.com\/es#organization"},"potentialAction":[{"@type":"SearchAction","target":{"@type":"EntryPoint","urlTemplate":"https:\/\/www.spiritofpolo.com\/es?s={search_term_string}"},"query-input":"required name=search_term_string"}],"inLanguage":"es"},{"@type":"Organization","@id":"https:\/\/www.spiritofpolo.com\/es#organization","name":"Spirit of Polo - Spirit of Jumping","url":"https:\/\/www.spiritofpolo.com\/es","logo":{"@type":"ImageObject","inLanguage":"es","@id":"https:\/\/www.spiritofpolo.com\/es#\/schema\/logo\/image\/","url":"","contentUrl":"","caption":"Spirit of Polo - Spirit of Jumping"},"image":{"@id":"https:\/\/www.spiritofpolo.com\/es#\/schema\/logo\/image\/"}}]}},"tiered_pricing_type":"fixed","tiered_pricing_fixed_rules":[],"tiered_pricing_product_settings":{"layout":"default","base_unit_name":{"singular":null,"plural":null},"default_variation":null},"tiered_pricing_minimum_quantity":null,"tiered_pricing_roles_data":[],"tiered_pricing_percentage_rules":[],"_links":{"self":[{"href":"https:\/\/www.spiritofpolo.com\/es\/wp-json\/wp\/v2\/product\/1724"}],"collection":[{"href":"https:\/\/www.spiritofpolo.com\/es\/wp-json\/wp\/v2\/product"}],"about":[{"href":"https:\/\/www.spiritofpolo.com\/es\/wp-json\/wp\/v2\/types\/product"}],"replies":[{"embeddable":true,"href":"https:\/\/www.spiritofpolo.com\/es\/wp-json\/wp\/v2\/comments?post=1724"}],"wp:featuredmedia":[{"embeddable":true,"href":"https:\/\/www.spiritofpolo.com\/es\/wp-json\/wp\/v2\/media\/119100"}],"wp:attachment":[{"href":"https:\/\/www.spiritofpolo.com\/es\/wp-json\/wp\/v2\/media?parent=1724"}],"wp:term":[{"taxonomy":"product_cat","embeddable":true,"href":"https:\/\/www.spiritofpolo.com\/es\/wp-json\/wp\/v2\/product_cat?post=1724"},{"taxonomy":"product_tag","embeddable":true,"href":"https:\/\/www.spiritofpolo.com\/es\/wp-json\/wp\/v2\/product_tag?post=1724"}],"curies":[{"name":"wp","href":"https:\/\/api.w.org\/{rel}","templated":true}]}}