{"id":4812,"date":"2015-11-04T15:05:28","date_gmt":"2015-11-04T15:05:28","guid":{"rendered":"http:\/\/www.spiritofpolo.com\/product\/dia-de-polo-buenos-aires-2?lang=arg"},"modified":"2024-01-27T12:56:24","modified_gmt":"2024-01-27T12:56:24","slug":"dia-de-polo-polistas-buenos-aires","status":"publish","type":"product","link":"https:\/\/www.spiritofpolo.com\/es\/producto\/dia-de-polo-polistas-buenos-aires","title":{"rendered":"Dia de Polo para Polistas @Buenos Aires"},"content":{"rendered":"<p><strong>DONDE VAS A ESTAR<\/strong><u><br \/>\n<\/u>En un campo situado a una hora al sur de Buenos Aires (70 km), rodeado de una magnifica arboleda.<br \/>\nSi tu agenda lo permite, podes alquilar alguno de los cuartos de la estancia y amanecer con unos ricos mates (Consultar disponibilidad &#8211; 3 habitaciones a disposici\u00f3n)<\/p>\n<p><strong>IMPORTANTE<\/strong><br \/>\nSi los factores clim\u00e1ticos no son favorables, el evento se suspende y se reprograma.<br \/>\nSolicitaremos los datos de tu seguro medico<br \/>\nPosibilidad de pasar el d\u00eda sin montar a caballo &#8211; 100\u20ac<br \/>\nMinimo 3 personas &#8211; Maximo 7 personas<\/p>\n<p><strong>CONTACTO<\/strong><u><br \/>\n<\/u>Para cualquier consulta, comun\u00edcate con Alexis, preferentemente por WhatsApp: +54 9 11 6094 4786 o por email a <a href=\"boutique@spiritofpolo.com\">boutique@spiritofpolo.com<\/a><u><br \/>\n<\/u>Si solo pasas unas horas por Buenos Aires, ll\u00e1manos tambi\u00e9n para visitar nuestro showroom, donde encontraras todo el equipamiento para la pr\u00e1ctica de este deporte<br \/>\nSiempre te esperamos en nuestra web:<br \/>\nwww.spiritofpolo.com &#8211; www.spiritofjumping.com<\/p>\n<p>&nbsp;<\/p>\n","protected":false},"excerpt":{"rendered":"<p><strong>Ven a compartir un d\u00eda inolvidable en una estancia de polo, rodeado de una magn\u00edfica arboleda y la calma que solo la pampa argentina te brinda!<\/strong><\/p>\n<p><u><strong>QUIENES ELIGEN ESTA ACTIVIDAD<\/strong><br \/>\n<\/u>Nuestros clientes que eligen esta opci\u00f3n son personas que:<br \/>\n&#8211; Saben montar a caballo y tienen experiencia b\u00e1sica<br \/>\n&#8211; Que desean pasar un d\u00eda en el campo argentino, a solo una hora de la Capital<br \/>\n&#8211; Que sue\u00f1an con jugar una practica<br \/>\n&#8211; Handicap -2 \/ 2<br \/>\n&#8211; IMPERDIBLE\u2026 Que quieren degustar un delicioso asado argentino acompa\u00f1ado por un excelente malbec<br \/>\n<u><br \/>\n<\/u><strong>TUS ANFITRIONES<\/strong><u><br \/>\n<\/u>Somos amantes de los caballos y practicamos este deporte. Dedicamos nuestra vida a esto y queremos compartirlo con vos! No importa tu nivel, tenemos una propuesta que se adapta a lo que so\u00f1aste. Hablamos espa\u00f1ol, franc\u00e9s e ingl\u00e9s!<\/p>\n<p><strong>QUE VAS A HACER<\/strong><u><br \/>\n<\/u>A la ma\u00f1ana:<br \/>\nLlegada a la estancia y recepci\u00f3n con un delicioso desayuno con medialunas o picada y champagne<br \/>\nTendremos una clase practica y un taqueo<\/p>\n<p>Al mediod\u00eda:<br \/>\nMientras el entrenamiento se desarrolla, nuestro parrillero estar\u00e1 asando las carnes y preparando los acompa\u00f1amientos que disfrutaremos en el almuerzo. (Opci\u00f3n vegetariana o especial bajo pedido anticipado). Durante la comida, contaremos an\u00e9cdotas y responderemos las preguntas que tengas<\/p>\n<p>A la tarde:<br \/>\nLuego del almuerzo, jugaremos una practica de 4 chuckers<\/p>\n<p>En \u00e9poca estival la piscina estar\u00e1 esper\u00e1ndonos para refrescarnos y relajarnos!<\/p>\n<p>Antes de volver a la ciudad, compartiremos un caf\u00e9, te o una copa de champagne y recordaremos la experiencia del d\u00eda!<\/p>\n<p><strong>QUE INCLUYE<\/strong><u><br \/>\n<\/u> \u2022 \u00a0\u00a0\u00a0Equipamiento: casco + tacos<br \/>\n\u2022 \u00a0\u00a0\u00a0Caballo de polo equipado y adaptado al nivel del jinete<br \/>\n\u2022 \u00a0\u00a0\u00a0Recomendamos venir en jean y botas o zapatillas y traer protector solar<br \/>\n\u2022 \u00a0\u00a0\u00a0Desayuno, almuerzo, te y bebidas incluidas<br \/>\n\u2022 \u00a0\u00a0\u00a0Nuestros coaches y asistentes expertos<\/p>\n","protected":false},"featured_media":2216,"comment_status":"open","ping_status":"closed","template":"","meta":[],"product_cat":[1760,89],"product_tag":[],"acf":[],"yoast_head":"<!-- This site is optimized with the Yoast SEO plugin v19.14 - https:\/\/yoast.com\/wordpress\/plugins\/seo\/ -->\n<title>Dia de Polo para Polistas @Buenos Aires - Spirit of Polo - Spirit of Jumping<\/title>\n<meta name=\"robots\" content=\"index, follow, max-snippet:-1, max-image-preview:large, max-video-preview:-1\" \/>\n<link rel=\"canonical\" href=\"https:\/\/www.spiritofpolo.com\/es\/producto\/dia-de-polo-polistas-buenos-aires\" \/>\n<meta property=\"og:locale\" content=\"es_ES\" \/>\n<meta property=\"og:type\" content=\"article\" \/>\n<meta property=\"og:title\" content=\"Dia de Polo para Polistas @Buenos Aires - Spirit of Polo - Spirit of Jumping\" \/>\n<meta property=\"og:description\" content=\"Ven a compartir un d\u00eda inolvidable en una estancia de polo, rodeado de una magn\u00edfica arboleda y la calma que solo la pampa argentina te brinda!  QUIENES ELIGEN ESTA ACTIVIDAD Nuestros clientes que eligen esta opci\u00f3n son personas que: - Saben montar a caballo y tienen experiencia b\u00e1sica - Que desean pasar un d\u00eda en el campo argentino, a solo una hora de la Capital - Que sue\u00f1an con jugar una practica - Handicap -2 \/ 2 - IMPERDIBLE\u2026 Que quieren degustar un delicioso asado argentino acompa\u00f1ado por un excelente malbec  TUS ANFITRIONES Somos amantes de los caballos y practicamos este deporte. Dedicamos nuestra vida a esto y queremos compartirlo con vos! No importa tu nivel, tenemos una propuesta que se adapta a lo que so\u00f1aste. Hablamos espa\u00f1ol, franc\u00e9s e ingl\u00e9s!  QUE VAS A HACER A la ma\u00f1ana: Llegada a la estancia y recepci\u00f3n con un delicioso desayuno con medialunas o picada y champagne Tendremos una clase practica y un taqueo  Al mediod\u00eda: Mientras el entrenamiento se desarrolla, nuestro parrillero estar\u00e1 asando las carnes y preparando los acompa\u00f1amientos que disfrutaremos en el almuerzo. (Opci\u00f3n vegetariana o especial bajo pedido anticipado). Durante la comida, contaremos an\u00e9cdotas y responderemos las preguntas que tengas  A la tarde: Luego del almuerzo, jugaremos una practica de 4 chuckers  En \u00e9poca estival la piscina estar\u00e1 esper\u00e1ndonos para refrescarnos y relajarnos!  Antes de volver a la ciudad, compartiremos un caf\u00e9, te o una copa de champagne y recordaremos la experiencia del d\u00eda!  QUE INCLUYE  \u2022 \u00a0\u00a0\u00a0Equipamiento: casco + tacos \u2022 \u00a0\u00a0\u00a0Caballo de polo equipado y adaptado al nivel del jinete \u2022 \u00a0\u00a0\u00a0Recomendamos venir en jean y botas o zapatillas y traer protector solar \u2022 \u00a0\u00a0\u00a0Desayuno, almuerzo, te y bebidas incluidas \u2022 \u00a0\u00a0\u00a0Nuestros coaches y asistentes expertos\" \/>\n<meta property=\"og:url\" content=\"https:\/\/www.spiritofpolo.com\/es\/producto\/dia-de-polo-polistas-buenos-aires\" \/>\n<meta property=\"og:site_name\" content=\"Spirit of Polo - Spirit of Jumping\" \/>\n<meta property=\"article:modified_time\" content=\"2024-01-27T12:56:24+00:00\" \/>\n<meta property=\"og:image\" content=\"https:\/\/www.spiritofpolo.com\/wp-content\/uploads\/2015\/10\/polo_entablada_10_resultat.jpg\" \/>\n\t<meta property=\"og:image:width\" content=\"555\" \/>\n\t<meta property=\"og:image:height\" content=\"710\" \/>\n\t<meta property=\"og:image:type\" content=\"image\/jpeg\" \/>\n<meta name=\"twitter:card\" content=\"summary_large_image\" \/>\n<meta name=\"twitter:label1\" content=\"Tiempo de lectura\" \/>\n\t<meta name=\"twitter:data1\" content=\"1 minuto\" \/>\n<script type=\"application\/ld+json\" class=\"yoast-schema-graph\">{\"@context\":\"https:\/\/schema.org\",\"@graph\":[{\"@type\":\"WebPage\",\"@id\":\"https:\/\/www.spiritofpolo.com\/es\/producto\/dia-de-polo-polistas-buenos-aires\",\"url\":\"https:\/\/www.spiritofpolo.com\/es\/producto\/dia-de-polo-polistas-buenos-aires\",\"name\":\"Dia de Polo para Polistas @Buenos Aires - Spirit of Polo - Spirit of Jumping\",\"isPartOf\":{\"@id\":\"https:\/\/www.spiritofpolo.com\/es#website\"},\"datePublished\":\"2015-11-04T15:05:28+00:00\",\"dateModified\":\"2024-01-27T12:56:24+00:00\",\"breadcrumb\":{\"@id\":\"https:\/\/www.spiritofpolo.com\/es\/producto\/dia-de-polo-polistas-buenos-aires#breadcrumb\"},\"inLanguage\":\"es\",\"potentialAction\":[{\"@type\":\"ReadAction\",\"target\":[\"https:\/\/www.spiritofpolo.com\/es\/producto\/dia-de-polo-polistas-buenos-aires\"]}]},{\"@type\":\"BreadcrumbList\",\"@id\":\"https:\/\/www.spiritofpolo.com\/es\/producto\/dia-de-polo-polistas-buenos-aires#breadcrumb\",\"itemListElement\":[{\"@type\":\"ListItem\",\"position\":1,\"name\":\"Home\",\"item\":\"https:\/\/www.spiritofpolo.com\/es\"},{\"@type\":\"ListItem\",\"position\":2,\"name\":\"Tienda\",\"item\":\"https:\/\/www.spiritofpolo.com\/es\/tienda\"},{\"@type\":\"ListItem\",\"position\":3,\"name\":\"Dia de Polo para Polistas @Buenos Aires\"}]},{\"@type\":\"WebSite\",\"@id\":\"https:\/\/www.spiritofpolo.com\/es#website\",\"url\":\"https:\/\/www.spiritofpolo.com\/es\",\"name\":\"Spirit of Polo - Spirit of Jumping\",\"description\":\"Argentine Polo Products\",\"publisher\":{\"@id\":\"https:\/\/www.spiritofpolo.com\/es#organization\"},\"potentialAction\":[{\"@type\":\"SearchAction\",\"target\":{\"@type\":\"EntryPoint\",\"urlTemplate\":\"https:\/\/www.spiritofpolo.com\/es?s={search_term_string}\"},\"query-input\":\"required name=search_term_string\"}],\"inLanguage\":\"es\"},{\"@type\":\"Organization\",\"@id\":\"https:\/\/www.spiritofpolo.com\/es#organization\",\"name\":\"Spirit of Polo - Spirit of Jumping\",\"url\":\"https:\/\/www.spiritofpolo.com\/es\",\"logo\":{\"@type\":\"ImageObject\",\"inLanguage\":\"es\",\"@id\":\"https:\/\/www.spiritofpolo.com\/es#\/schema\/logo\/image\/\",\"url\":\"\",\"contentUrl\":\"\",\"caption\":\"Spirit of Polo - Spirit of Jumping\"},\"image\":{\"@id\":\"https:\/\/www.spiritofpolo.com\/es#\/schema\/logo\/image\/\"}}]}<\/script>\n<!-- \/ Yoast SEO plugin. -->","yoast_head_json":{"title":"Dia de Polo para Polistas @Buenos Aires - Spirit of Polo - Spirit of Jumping","robots":{"index":"index","follow":"follow","max-snippet":"max-snippet:-1","max-image-preview":"max-image-preview:large","max-video-preview":"max-video-preview:-1"},"canonical":"https:\/\/www.spiritofpolo.com\/es\/producto\/dia-de-polo-polistas-buenos-aires","og_locale":"es_ES","og_type":"article","og_title":"Dia de Polo para Polistas @Buenos Aires - Spirit of Polo - Spirit of Jumping","og_description":"Ven a compartir un d\u00eda inolvidable en una estancia de polo, rodeado de una magn\u00edfica arboleda y la calma que solo la pampa argentina te brinda!  QUIENES ELIGEN ESTA ACTIVIDAD Nuestros clientes que eligen esta opci\u00f3n son personas que: - Saben montar a caballo y tienen experiencia b\u00e1sica - Que desean pasar un d\u00eda en el campo argentino, a solo una hora de la Capital - Que sue\u00f1an con jugar una practica - Handicap -2 \/ 2 - IMPERDIBLE\u2026 Que quieren degustar un delicioso asado argentino acompa\u00f1ado por un excelente malbec  TUS ANFITRIONES Somos amantes de los caballos y practicamos este deporte. Dedicamos nuestra vida a esto y queremos compartirlo con vos! No importa tu nivel, tenemos una propuesta que se adapta a lo que so\u00f1aste. Hablamos espa\u00f1ol, franc\u00e9s e ingl\u00e9s!  QUE VAS A HACER A la ma\u00f1ana: Llegada a la estancia y recepci\u00f3n con un delicioso desayuno con medialunas o picada y champagne Tendremos una clase practica y un taqueo  Al mediod\u00eda: Mientras el entrenamiento se desarrolla, nuestro parrillero estar\u00e1 asando las carnes y preparando los acompa\u00f1amientos que disfrutaremos en el almuerzo. (Opci\u00f3n vegetariana o especial bajo pedido anticipado). Durante la comida, contaremos an\u00e9cdotas y responderemos las preguntas que tengas  A la tarde: Luego del almuerzo, jugaremos una practica de 4 chuckers  En \u00e9poca estival la piscina estar\u00e1 esper\u00e1ndonos para refrescarnos y relajarnos!  Antes de volver a la ciudad, compartiremos un caf\u00e9, te o una copa de champagne y recordaremos la experiencia del d\u00eda!  QUE INCLUYE  \u2022 \u00a0\u00a0\u00a0Equipamiento: casco + tacos \u2022 \u00a0\u00a0\u00a0Caballo de polo equipado y adaptado al nivel del jinete \u2022 \u00a0\u00a0\u00a0Recomendamos venir en jean y botas o zapatillas y traer protector solar \u2022 \u00a0\u00a0\u00a0Desayuno, almuerzo, te y bebidas incluidas \u2022 \u00a0\u00a0\u00a0Nuestros coaches y asistentes expertos","og_url":"https:\/\/www.spiritofpolo.com\/es\/producto\/dia-de-polo-polistas-buenos-aires","og_site_name":"Spirit of Polo - Spirit of Jumping","article_modified_time":"2024-01-27T12:56:24+00:00","og_image":[{"width":555,"height":710,"url":"https:\/\/www.spiritofpolo.com\/wp-content\/uploads\/2015\/10\/polo_entablada_10_resultat.jpg","type":"image\/jpeg"}],"twitter_card":"summary_large_image","twitter_misc":{"Tiempo de lectura":"1 minuto"},"schema":{"@context":"https:\/\/schema.org","@graph":[{"@type":"WebPage","@id":"https:\/\/www.spiritofpolo.com\/es\/producto\/dia-de-polo-polistas-buenos-aires","url":"https:\/\/www.spiritofpolo.com\/es\/producto\/dia-de-polo-polistas-buenos-aires","name":"Dia de Polo para Polistas @Buenos Aires - Spirit of Polo - Spirit of Jumping","isPartOf":{"@id":"https:\/\/www.spiritofpolo.com\/es#website"},"datePublished":"2015-11-04T15:05:28+00:00","dateModified":"2024-01-27T12:56:24+00:00","breadcrumb":{"@id":"https:\/\/www.spiritofpolo.com\/es\/producto\/dia-de-polo-polistas-buenos-aires#breadcrumb"},"inLanguage":"es","potentialAction":[{"@type":"ReadAction","target":["https:\/\/www.spiritofpolo.com\/es\/producto\/dia-de-polo-polistas-buenos-aires"]}]},{"@type":"BreadcrumbList","@id":"https:\/\/www.spiritofpolo.com\/es\/producto\/dia-de-polo-polistas-buenos-aires#breadcrumb","itemListElement":[{"@type":"ListItem","position":1,"name":"Home","item":"https:\/\/www.spiritofpolo.com\/es"},{"@type":"ListItem","position":2,"name":"Tienda","item":"https:\/\/www.spiritofpolo.com\/es\/tienda"},{"@type":"ListItem","position":3,"name":"Dia de Polo para Polistas @Buenos Aires"}]},{"@type":"WebSite","@id":"https:\/\/www.spiritofpolo.com\/es#website","url":"https:\/\/www.spiritofpolo.com\/es","name":"Spirit of Polo - Spirit of Jumping","description":"Argentine Polo Products","publisher":{"@id":"https:\/\/www.spiritofpolo.com\/es#organization"},"potentialAction":[{"@type":"SearchAction","target":{"@type":"EntryPoint","urlTemplate":"https:\/\/www.spiritofpolo.com\/es?s={search_term_string}"},"query-input":"required name=search_term_string"}],"inLanguage":"es"},{"@type":"Organization","@id":"https:\/\/www.spiritofpolo.com\/es#organization","name":"Spirit of Polo - Spirit of Jumping","url":"https:\/\/www.spiritofpolo.com\/es","logo":{"@type":"ImageObject","inLanguage":"es","@id":"https:\/\/www.spiritofpolo.com\/es#\/schema\/logo\/image\/","url":"","contentUrl":"","caption":"Spirit of Polo - Spirit of Jumping"},"image":{"@id":"https:\/\/www.spiritofpolo.com\/es#\/schema\/logo\/image\/"}}]}},"tiered_pricing_type":"fixed","tiered_pricing_fixed_rules":[],"tiered_pricing_product_settings":{"layout":"default","base_unit_name":{"singular":null,"plural":null},"default_variation":null},"tiered_pricing_minimum_quantity":null,"tiered_pricing_roles_data":[],"tiered_pricing_percentage_rules":[],"_links":{"self":[{"href":"https:\/\/www.spiritofpolo.com\/es\/wp-json\/wp\/v2\/product\/4812"}],"collection":[{"href":"https:\/\/www.spiritofpolo.com\/es\/wp-json\/wp\/v2\/product"}],"about":[{"href":"https:\/\/www.spiritofpolo.com\/es\/wp-json\/wp\/v2\/types\/product"}],"replies":[{"embeddable":true,"href":"https:\/\/www.spiritofpolo.com\/es\/wp-json\/wp\/v2\/comments?post=4812"}],"wp:featuredmedia":[{"embeddable":true,"href":"https:\/\/www.spiritofpolo.com\/es\/wp-json\/wp\/v2\/media\/2216"}],"wp:attachment":[{"href":"https:\/\/www.spiritofpolo.com\/es\/wp-json\/wp\/v2\/media?parent=4812"}],"wp:term":[{"taxonomy":"product_cat","embeddable":true,"href":"https:\/\/www.spiritofpolo.com\/es\/wp-json\/wp\/v2\/product_cat?post=4812"},{"taxonomy":"product_tag","embeddable":true,"href":"https:\/\/www.spiritofpolo.com\/es\/wp-json\/wp\/v2\/product_tag?post=4812"}],"curies":[{"name":"wp","href":"https:\/\/api.w.org\/{rel}","templated":true}]}}