{"id":4815,"date":"2015-11-19T18:57:08","date_gmt":"2015-11-19T18:57:08","guid":{"rendered":"http:\/\/www.spiritofpolo.com\/product\/bautiesmo-de-polo-buenos-aires-2?lang=arg"},"modified":"2025-08-12T12:40:42","modified_gmt":"2025-08-12T12:40:42","slug":"bautismo-de-polo-principiantes-buenos-aires","status":"publish","type":"product","link":"https:\/\/www.spiritofpolo.com\/es\/producto\/bautismo-de-polo-principiantes-buenos-aires","title":{"rendered":"Bautismo de Polo \/ Principiantes @Buenos Aires"},"content":{"rendered":"<p><strong>\u00bfD\u00d3NDE VAS A ESTAR?<\/strong><br \/>\nEn un Club de Polo ubicado a una hora al norte de Buenos Aires (70 km), rodeado de caballos y una magn\u00edfica arboleda<br \/>\nSi tu horario lo permite, puedes reservar una de las habitaciones del Club y ver el amanecer con unos ricos mates o caf\u00e9 (Consulta disponibilidad &#8211; 3 habitaciones disponibles)<\/p>\n<p><strong>IMPORTANTE<\/strong><br \/>\nSi los factores clim\u00e1ticos no son favorables, el evento se suspende y reprograma<br \/>\nSolicitaremos informaci\u00f3n del seguro m\u00e9dico<br \/>\nM\u00ednimo 1 persona &#8211; M\u00e1ximo 7 personas<br \/>\nReserva con pago adelantado<br \/>\nTransporte no incluido<\/p>\n<p><strong>TUS ANFITRIONES<\/strong><br \/>\nSomos amantes de los caballos y jugadores de Polo. \u00a1Dedicamos nuestra vida a este deporte y queremos compartirlo contigo! No importa tu nivel, tenemos una propuesta adaptada a lo que so\u00f1aste. \u00a1Hablamos espa\u00f1ol, ingl\u00e9s y franc\u00e9s!<\/p>\n<p><strong>CONTACTO<\/strong><br \/>\nPara cualquier consulta, contacta a Alexis, preferiblemente por WhatsApp: +54 911 6094 4786 o por correo electr\u00f3nico a boutique@spiritofpolo.com<br \/>\nSi solo pasas unas horas en Buenos Aires, ll\u00e1manos tambi\u00e9n para visitar nuestro showroom, donde encontrar\u00e1s todo el equipamiento para la pr\u00e1ctica del Polo y la Equitaci\u00f3n.<\/p>\n","protected":false},"excerpt":{"rendered":"<p><strong>\u00a1Ven a compartir un d\u00eda inolvidable en un Club de Polo, rodeado de caballos, una magn\u00edfica arboleda y la calma que solo te brinda la pampa argentina!<\/strong><\/p>\n<p><strong>\u00bfQUI\u00c9N ELIGE ESTA ACTIVIDAD?<\/strong><br \/>\nNuestros clientes que eligen esta opci\u00f3n son personas que:<br \/>\n&#8211; No saber montar a caballo o tienen experiencia b\u00e1sica<br \/>\n&#8211; Que quieran pasar un d\u00eda en el campo, a s\u00f3lo una hora de la Capital<br \/>\n&#8211; Que sue\u00f1an con aprender qu\u00e9 es el POLO, el deporte m\u00e1s exclusivo del mundo<br \/>\n&#8211; Que quieran realizar su primera experiencia montando nuestros caballos de polo, con la asistencia profesional de nuestro equipo<br \/>\n&#8211; Imprescindible&#8230; Quienes quieran degustar un delicioso Asado\/BBQ Argentino acompa\u00f1ado de un excelente malbec<\/p>\n<p><strong>\u00bfQU\u00c9 VAS A HACER?<\/strong><br \/>\n<strong>Por la ma\u00f1ana: <\/strong>Llegada al Club y recepci\u00f3n con un delicioso caf\u00e9 con medialunas. Comenzaremos con una presentaci\u00f3n del deporte, los caballos y el equipamiento. Tendr\u00e1s una clase te\u00f3rica y b\u00e1sica de equitaci\u00f3n y manejo de taco a caballo.<\/p>\n<p><strong>Al mediod\u00eda:<\/strong> Mientras se realiza el bautismo, nuestro parrillero estar\u00e1 asando las carnes y preparando los acompa\u00f1amientos que disfrutaremos en el almuerzo. (Opci\u00f3n vegetariana o especial bajo pedido anticipado, BBQ para 2 pers min.). Durante la comida, contaremos an\u00e9cdotas y resolveremos las dudas que tengas<\/p>\n<p><strong>Por la tarde:<\/strong> \u00a1Despu\u00e9s del almuerzo, montaremos un caballo de polo! Ahora profundizaremos lo aprendido y lo pondremos en pr\u00e1ctica con una iniciaci\u00f3n, \u00a1donde la \u00fanica idea es divertirse!<br \/>\nSi tenemos tiempo, antes de desmontar daremos un paseo por el club con los caballos<br \/>\n\u00a1En verano, la piscina te estar\u00e1 esperando para refrescarte y relajarte! (Solo disponible para semanas de polo)<\/p>\n<p>\u00a1Antes de regresar a la ciudad, compartiremos un caf\u00e9, t\u00e9 o una copa de champagne y comentaremos la experiencia del d\u00eda!<\/p>\n<p><strong>\u00bfQU\u00c9 INCLUYE?<\/strong><br \/>\n\u2022 Equipo: casco + tacos<br \/>\n\u2022 Caballo de polo equipado y adaptado al nivel del jinete<br \/>\n\u2022 Recomendamos venir con jean y botas o calzado deportivo y traer protector solar<br \/>\n\u2022 Desayuno, almuerzo, t\u00e9 y bebidas incluidos<br \/>\n\u2022 Nuestros entrenadores y asistentes expertos<\/p>\n<p><strong>PRECIO:<\/strong><br \/>\nPedir presupuestopara grupos<\/p>\n","protected":false},"featured_media":108860,"comment_status":"open","ping_status":"closed","template":"","meta":[],"product_cat":[1760,89],"product_tag":[509,1200],"acf":[],"yoast_head":"<!-- This site is optimized with the Yoast SEO plugin v19.14 - https:\/\/yoast.com\/wordpress\/plugins\/seo\/ -->\n<title>Bautismo de Polo \/ Principiantes @Buenos Aires - Spirit of Polo - Spirit of Jumping<\/title>\n<meta name=\"robots\" content=\"index, follow, max-snippet:-1, max-image-preview:large, max-video-preview:-1\" \/>\n<link rel=\"canonical\" href=\"https:\/\/www.spiritofpolo.com\/es\/producto\/bautismo-de-polo-principiantes-buenos-aires\" \/>\n<meta property=\"og:locale\" content=\"es_ES\" \/>\n<meta property=\"og:type\" content=\"article\" \/>\n<meta property=\"og:title\" content=\"Bautismo de Polo \/ Principiantes @Buenos Aires - Spirit of Polo - Spirit of Jumping\" \/>\n<meta property=\"og:description\" content=\"\u00a1Ven a compartir un d\u00eda inolvidable en un Club de Polo, rodeado de caballos, una magn\u00edfica arboleda y la calma que solo te brinda la pampa argentina!  \u00bfQUI\u00c9N ELIGE ESTA ACTIVIDAD? Nuestros clientes que eligen esta opci\u00f3n son personas que: - No saber montar a caballo o tienen experiencia b\u00e1sica - Que quieran pasar un d\u00eda en el campo, a s\u00f3lo una hora de la Capital - Que sue\u00f1an con aprender qu\u00e9 es el POLO, el deporte m\u00e1s exclusivo del mundo - Que quieran realizar su primera experiencia montando nuestros caballos de polo, con la asistencia profesional de nuestro equipo - Imprescindible... Quienes quieran degustar un delicioso Asado\/BBQ Argentino acompa\u00f1ado de un excelente malbec  \u00bfQU\u00c9 VAS A HACER? Por la ma\u00f1ana: Llegada al Club y recepci\u00f3n con un delicioso caf\u00e9 con medialunas. Comenzaremos con una presentaci\u00f3n del deporte, los caballos y el equipamiento. Tendr\u00e1s una clase te\u00f3rica y b\u00e1sica de equitaci\u00f3n y manejo de taco a caballo.  Al mediod\u00eda: Mientras se realiza el bautismo, nuestro parrillero estar\u00e1 asando las carnes y preparando los acompa\u00f1amientos que disfrutaremos en el almuerzo. (Opci\u00f3n vegetariana o especial bajo pedido anticipado, BBQ para 2 pers min.). Durante la comida, contaremos an\u00e9cdotas y resolveremos las dudas que tengas  Por la tarde: \u00a1Despu\u00e9s del almuerzo, montaremos un caballo de polo! Ahora profundizaremos lo aprendido y lo pondremos en pr\u00e1ctica con una iniciaci\u00f3n, \u00a1donde la \u00fanica idea es divertirse! Si tenemos tiempo, antes de desmontar daremos un paseo por el club con los caballos \u00a1En verano, la piscina te estar\u00e1 esperando para refrescarte y relajarte! (Solo disponible para semanas de polo)  \u00a1Antes de regresar a la ciudad, compartiremos un caf\u00e9, t\u00e9 o una copa de champagne y comentaremos la experiencia del d\u00eda!  \u00bfQU\u00c9 INCLUYE? \u2022 Equipo: casco + tacos \u2022 Caballo de polo equipado y adaptado al nivel del jinete \u2022 Recomendamos venir con jean y botas o calzado deportivo y traer protector solar \u2022 Desayuno, almuerzo, t\u00e9 y bebidas incluidos \u2022 Nuestros entrenadores y asistentes expertos  PRECIO: Pedir presupuestopara grupos\" \/>\n<meta property=\"og:url\" content=\"https:\/\/www.spiritofpolo.com\/es\/producto\/bautismo-de-polo-principiantes-buenos-aires\" \/>\n<meta property=\"og:site_name\" content=\"Spirit of Polo - Spirit of Jumping\" \/>\n<meta property=\"article:modified_time\" content=\"2025-08-12T12:40:42+00:00\" \/>\n<meta property=\"og:image\" content=\"https:\/\/www.spiritofpolo.com\/wp-content\/uploads\/lamargarita_5.jpg\" \/>\n\t<meta property=\"og:image:width\" content=\"555\" \/>\n\t<meta property=\"og:image:height\" content=\"710\" \/>\n\t<meta property=\"og:image:type\" content=\"image\/jpeg\" \/>\n<meta name=\"twitter:card\" content=\"summary_large_image\" \/>\n<meta name=\"twitter:label1\" content=\"Tiempo de lectura\" \/>\n\t<meta name=\"twitter:data1\" content=\"1 minuto\" \/>\n<script type=\"application\/ld+json\" class=\"yoast-schema-graph\">{\"@context\":\"https:\/\/schema.org\",\"@graph\":[{\"@type\":\"WebPage\",\"@id\":\"https:\/\/www.spiritofpolo.com\/es\/producto\/bautismo-de-polo-principiantes-buenos-aires\",\"url\":\"https:\/\/www.spiritofpolo.com\/es\/producto\/bautismo-de-polo-principiantes-buenos-aires\",\"name\":\"Bautismo de Polo \/ Principiantes @Buenos Aires - Spirit of Polo - Spirit of Jumping\",\"isPartOf\":{\"@id\":\"https:\/\/www.spiritofpolo.com\/es#website\"},\"datePublished\":\"2015-11-19T18:57:08+00:00\",\"dateModified\":\"2025-08-12T12:40:42+00:00\",\"breadcrumb\":{\"@id\":\"https:\/\/www.spiritofpolo.com\/es\/producto\/bautismo-de-polo-principiantes-buenos-aires#breadcrumb\"},\"inLanguage\":\"es\",\"potentialAction\":[{\"@type\":\"ReadAction\",\"target\":[\"https:\/\/www.spiritofpolo.com\/es\/producto\/bautismo-de-polo-principiantes-buenos-aires\"]}]},{\"@type\":\"BreadcrumbList\",\"@id\":\"https:\/\/www.spiritofpolo.com\/es\/producto\/bautismo-de-polo-principiantes-buenos-aires#breadcrumb\",\"itemListElement\":[{\"@type\":\"ListItem\",\"position\":1,\"name\":\"Home\",\"item\":\"https:\/\/www.spiritofpolo.com\/es\"},{\"@type\":\"ListItem\",\"position\":2,\"name\":\"Tienda\",\"item\":\"https:\/\/www.spiritofpolo.com\/es\/tienda\"},{\"@type\":\"ListItem\",\"position\":3,\"name\":\"Bautismo de Polo \/ Principiantes @Buenos Aires\"}]},{\"@type\":\"WebSite\",\"@id\":\"https:\/\/www.spiritofpolo.com\/es#website\",\"url\":\"https:\/\/www.spiritofpolo.com\/es\",\"name\":\"Spirit of Polo - Spirit of Jumping\",\"description\":\"Argentine Polo Products\",\"publisher\":{\"@id\":\"https:\/\/www.spiritofpolo.com\/es#organization\"},\"potentialAction\":[{\"@type\":\"SearchAction\",\"target\":{\"@type\":\"EntryPoint\",\"urlTemplate\":\"https:\/\/www.spiritofpolo.com\/es?s={search_term_string}\"},\"query-input\":\"required name=search_term_string\"}],\"inLanguage\":\"es\"},{\"@type\":\"Organization\",\"@id\":\"https:\/\/www.spiritofpolo.com\/es#organization\",\"name\":\"Spirit of Polo - Spirit of Jumping\",\"url\":\"https:\/\/www.spiritofpolo.com\/es\",\"logo\":{\"@type\":\"ImageObject\",\"inLanguage\":\"es\",\"@id\":\"https:\/\/www.spiritofpolo.com\/es#\/schema\/logo\/image\/\",\"url\":\"\",\"contentUrl\":\"\",\"caption\":\"Spirit of Polo - Spirit of Jumping\"},\"image\":{\"@id\":\"https:\/\/www.spiritofpolo.com\/es#\/schema\/logo\/image\/\"}}]}<\/script>\n<!-- \/ Yoast SEO plugin. -->","yoast_head_json":{"title":"Bautismo de Polo \/ Principiantes @Buenos Aires - Spirit of Polo - Spirit of Jumping","robots":{"index":"index","follow":"follow","max-snippet":"max-snippet:-1","max-image-preview":"max-image-preview:large","max-video-preview":"max-video-preview:-1"},"canonical":"https:\/\/www.spiritofpolo.com\/es\/producto\/bautismo-de-polo-principiantes-buenos-aires","og_locale":"es_ES","og_type":"article","og_title":"Bautismo de Polo \/ Principiantes @Buenos Aires - Spirit of Polo - Spirit of Jumping","og_description":"\u00a1Ven a compartir un d\u00eda inolvidable en un Club de Polo, rodeado de caballos, una magn\u00edfica arboleda y la calma que solo te brinda la pampa argentina!  \u00bfQUI\u00c9N ELIGE ESTA ACTIVIDAD? Nuestros clientes que eligen esta opci\u00f3n son personas que: - No saber montar a caballo o tienen experiencia b\u00e1sica - Que quieran pasar un d\u00eda en el campo, a s\u00f3lo una hora de la Capital - Que sue\u00f1an con aprender qu\u00e9 es el POLO, el deporte m\u00e1s exclusivo del mundo - Que quieran realizar su primera experiencia montando nuestros caballos de polo, con la asistencia profesional de nuestro equipo - Imprescindible... Quienes quieran degustar un delicioso Asado\/BBQ Argentino acompa\u00f1ado de un excelente malbec  \u00bfQU\u00c9 VAS A HACER? Por la ma\u00f1ana: Llegada al Club y recepci\u00f3n con un delicioso caf\u00e9 con medialunas. Comenzaremos con una presentaci\u00f3n del deporte, los caballos y el equipamiento. Tendr\u00e1s una clase te\u00f3rica y b\u00e1sica de equitaci\u00f3n y manejo de taco a caballo.  Al mediod\u00eda: Mientras se realiza el bautismo, nuestro parrillero estar\u00e1 asando las carnes y preparando los acompa\u00f1amientos que disfrutaremos en el almuerzo. (Opci\u00f3n vegetariana o especial bajo pedido anticipado, BBQ para 2 pers min.). Durante la comida, contaremos an\u00e9cdotas y resolveremos las dudas que tengas  Por la tarde: \u00a1Despu\u00e9s del almuerzo, montaremos un caballo de polo! Ahora profundizaremos lo aprendido y lo pondremos en pr\u00e1ctica con una iniciaci\u00f3n, \u00a1donde la \u00fanica idea es divertirse! Si tenemos tiempo, antes de desmontar daremos un paseo por el club con los caballos \u00a1En verano, la piscina te estar\u00e1 esperando para refrescarte y relajarte! (Solo disponible para semanas de polo)  \u00a1Antes de regresar a la ciudad, compartiremos un caf\u00e9, t\u00e9 o una copa de champagne y comentaremos la experiencia del d\u00eda!  \u00bfQU\u00c9 INCLUYE? \u2022 Equipo: casco + tacos \u2022 Caballo de polo equipado y adaptado al nivel del jinete \u2022 Recomendamos venir con jean y botas o calzado deportivo y traer protector solar \u2022 Desayuno, almuerzo, t\u00e9 y bebidas incluidos \u2022 Nuestros entrenadores y asistentes expertos  PRECIO: Pedir presupuestopara grupos","og_url":"https:\/\/www.spiritofpolo.com\/es\/producto\/bautismo-de-polo-principiantes-buenos-aires","og_site_name":"Spirit of Polo - Spirit of Jumping","article_modified_time":"2025-08-12T12:40:42+00:00","og_image":[{"width":555,"height":710,"url":"https:\/\/www.spiritofpolo.com\/wp-content\/uploads\/lamargarita_5.jpg","type":"image\/jpeg"}],"twitter_card":"summary_large_image","twitter_misc":{"Tiempo de lectura":"1 minuto"},"schema":{"@context":"https:\/\/schema.org","@graph":[{"@type":"WebPage","@id":"https:\/\/www.spiritofpolo.com\/es\/producto\/bautismo-de-polo-principiantes-buenos-aires","url":"https:\/\/www.spiritofpolo.com\/es\/producto\/bautismo-de-polo-principiantes-buenos-aires","name":"Bautismo de Polo \/ Principiantes @Buenos Aires - Spirit of Polo - Spirit of Jumping","isPartOf":{"@id":"https:\/\/www.spiritofpolo.com\/es#website"},"datePublished":"2015-11-19T18:57:08+00:00","dateModified":"2025-08-12T12:40:42+00:00","breadcrumb":{"@id":"https:\/\/www.spiritofpolo.com\/es\/producto\/bautismo-de-polo-principiantes-buenos-aires#breadcrumb"},"inLanguage":"es","potentialAction":[{"@type":"ReadAction","target":["https:\/\/www.spiritofpolo.com\/es\/producto\/bautismo-de-polo-principiantes-buenos-aires"]}]},{"@type":"BreadcrumbList","@id":"https:\/\/www.spiritofpolo.com\/es\/producto\/bautismo-de-polo-principiantes-buenos-aires#breadcrumb","itemListElement":[{"@type":"ListItem","position":1,"name":"Home","item":"https:\/\/www.spiritofpolo.com\/es"},{"@type":"ListItem","position":2,"name":"Tienda","item":"https:\/\/www.spiritofpolo.com\/es\/tienda"},{"@type":"ListItem","position":3,"name":"Bautismo de Polo \/ Principiantes @Buenos Aires"}]},{"@type":"WebSite","@id":"https:\/\/www.spiritofpolo.com\/es#website","url":"https:\/\/www.spiritofpolo.com\/es","name":"Spirit of Polo - Spirit of Jumping","description":"Argentine Polo Products","publisher":{"@id":"https:\/\/www.spiritofpolo.com\/es#organization"},"potentialAction":[{"@type":"SearchAction","target":{"@type":"EntryPoint","urlTemplate":"https:\/\/www.spiritofpolo.com\/es?s={search_term_string}"},"query-input":"required name=search_term_string"}],"inLanguage":"es"},{"@type":"Organization","@id":"https:\/\/www.spiritofpolo.com\/es#organization","name":"Spirit of Polo - Spirit of Jumping","url":"https:\/\/www.spiritofpolo.com\/es","logo":{"@type":"ImageObject","inLanguage":"es","@id":"https:\/\/www.spiritofpolo.com\/es#\/schema\/logo\/image\/","url":"","contentUrl":"","caption":"Spirit of Polo - Spirit of Jumping"},"image":{"@id":"https:\/\/www.spiritofpolo.com\/es#\/schema\/logo\/image\/"}}]}},"tiered_pricing_type":"fixed","tiered_pricing_fixed_rules":[],"tiered_pricing_product_settings":{"layout":"default","base_unit_name":{"singular":null,"plural":null},"default_variation":null},"tiered_pricing_minimum_quantity":null,"tiered_pricing_roles_data":[],"tiered_pricing_percentage_rules":[],"_links":{"self":[{"href":"https:\/\/www.spiritofpolo.com\/es\/wp-json\/wp\/v2\/product\/4815"}],"collection":[{"href":"https:\/\/www.spiritofpolo.com\/es\/wp-json\/wp\/v2\/product"}],"about":[{"href":"https:\/\/www.spiritofpolo.com\/es\/wp-json\/wp\/v2\/types\/product"}],"replies":[{"embeddable":true,"href":"https:\/\/www.spiritofpolo.com\/es\/wp-json\/wp\/v2\/comments?post=4815"}],"wp:featuredmedia":[{"embeddable":true,"href":"https:\/\/www.spiritofpolo.com\/es\/wp-json\/wp\/v2\/media\/108860"}],"wp:attachment":[{"href":"https:\/\/www.spiritofpolo.com\/es\/wp-json\/wp\/v2\/media?parent=4815"}],"wp:term":[{"taxonomy":"product_cat","embeddable":true,"href":"https:\/\/www.spiritofpolo.com\/es\/wp-json\/wp\/v2\/product_cat?post=4815"},{"taxonomy":"product_tag","embeddable":true,"href":"https:\/\/www.spiritofpolo.com\/es\/wp-json\/wp\/v2\/product_tag?post=4815"}],"curies":[{"name":"wp","href":"https:\/\/api.w.org\/{rel}","templated":true}]}}