{"id":5045,"date":"2016-02-03T18:09:32","date_gmt":"2016-02-03T18:09:32","guid":{"rendered":"http:\/\/www.spiritofpolo.com\/product\/cinturon-de-polo-en-cuero-con-guarda-pampa"},"modified":"2019-08-06T13:30:56","modified_gmt":"2019-08-06T13:30:56","slug":"cinturon-de-polo-en-cuero-con-guarda-pampa","status":"publish","type":"product","link":"https:\/\/www.spiritofpolo.com\/es\/producto\/cinturon-de-polo-en-cuero-con-guarda-pampa","title":{"rendered":"Cintur\u00f3n de Polo en Cuero con Guarda Pampa"},"content":{"rendered":"<p>T\u00edpico cintur\u00f3n en cuero con guarda pampa bordada. Elija su tama\u00f1o y sus colores.<\/p>\n","protected":false},"excerpt":{"rendered":"<p>T\u00edpico cintur\u00f3n en cuero con guarda pampa bordada. Elija su tama\u00f1o y sus colores.<\/p>\n","protected":false},"featured_media":5036,"comment_status":"open","ping_status":"closed","template":"","meta":[],"product_cat":[2033,2233,2037,86,2231,2276,340],"product_tag":[1720,1358],"acf":[],"yoast_head":"<!-- This site is optimized with the Yoast SEO plugin v19.14 - https:\/\/yoast.com\/wordpress\/plugins\/seo\/ -->\n<title>Cintur\u00f3n de Polo en Cuero con Guarda Pampa - Spirit of Polo - Spirit of Jumping<\/title>\n<meta name=\"robots\" content=\"index, follow, max-snippet:-1, max-image-preview:large, max-video-preview:-1\" \/>\n<link rel=\"canonical\" href=\"https:\/\/www.spiritofpolo.com\/es\/producto\/cinturon-de-polo-en-cuero-con-guarda-pampa\" \/>\n<meta property=\"og:locale\" content=\"es_ES\" \/>\n<meta property=\"og:type\" content=\"article\" \/>\n<meta property=\"og:title\" content=\"Cintur\u00f3n de Polo en Cuero con Guarda Pampa - Spirit of Polo - Spirit of Jumping\" \/>\n<meta property=\"og:description\" content=\"T\u00edpico cintur\u00f3n en cuero con guarda pampa bordada. Elija su tama\u00f1o y sus colores.\" \/>\n<meta property=\"og:url\" content=\"https:\/\/www.spiritofpolo.com\/es\/producto\/cinturon-de-polo-en-cuero-con-guarda-pampa\" \/>\n<meta property=\"og:site_name\" content=\"Spirit of Polo - Spirit of Jumping\" \/>\n<meta property=\"article:modified_time\" content=\"2019-08-06T13:30:56+00:00\" \/>\n<meta property=\"og:image\" content=\"https:\/\/www.spiritofpolo.com\/wp-content\/uploads\/2016\/02\/cinturon_beige.jpg\" \/>\n\t<meta property=\"og:image:width\" content=\"555\" \/>\n\t<meta property=\"og:image:height\" content=\"710\" \/>\n\t<meta property=\"og:image:type\" content=\"image\/jpeg\" \/>\n<meta name=\"twitter:card\" content=\"summary_large_image\" \/>\n<script type=\"application\/ld+json\" class=\"yoast-schema-graph\">{\"@context\":\"https:\/\/schema.org\",\"@graph\":[{\"@type\":\"WebPage\",\"@id\":\"https:\/\/www.spiritofpolo.com\/es\/producto\/cinturon-de-polo-en-cuero-con-guarda-pampa\",\"url\":\"https:\/\/www.spiritofpolo.com\/es\/producto\/cinturon-de-polo-en-cuero-con-guarda-pampa\",\"name\":\"Cintur\u00f3n de Polo en Cuero con Guarda Pampa - Spirit of Polo - Spirit of Jumping\",\"isPartOf\":{\"@id\":\"https:\/\/www.spiritofpolo.com\/es#website\"},\"datePublished\":\"2016-02-03T18:09:32+00:00\",\"dateModified\":\"2019-08-06T13:30:56+00:00\",\"breadcrumb\":{\"@id\":\"https:\/\/www.spiritofpolo.com\/es\/producto\/cinturon-de-polo-en-cuero-con-guarda-pampa#breadcrumb\"},\"inLanguage\":\"es\",\"potentialAction\":[{\"@type\":\"ReadAction\",\"target\":[\"https:\/\/www.spiritofpolo.com\/es\/producto\/cinturon-de-polo-en-cuero-con-guarda-pampa\"]}]},{\"@type\":\"BreadcrumbList\",\"@id\":\"https:\/\/www.spiritofpolo.com\/es\/producto\/cinturon-de-polo-en-cuero-con-guarda-pampa#breadcrumb\",\"itemListElement\":[{\"@type\":\"ListItem\",\"position\":1,\"name\":\"Home\",\"item\":\"https:\/\/www.spiritofpolo.com\/es\"},{\"@type\":\"ListItem\",\"position\":2,\"name\":\"Tienda\",\"item\":\"https:\/\/www.spiritofpolo.com\/es\/tienda\"},{\"@type\":\"ListItem\",\"position\":3,\"name\":\"Cintur\u00f3n de Polo en Cuero con Guarda Pampa\"}]},{\"@type\":\"WebSite\",\"@id\":\"https:\/\/www.spiritofpolo.com\/es#website\",\"url\":\"https:\/\/www.spiritofpolo.com\/es\",\"name\":\"Spirit of Polo - Spirit of Jumping\",\"description\":\"Argentine Polo Products\",\"publisher\":{\"@id\":\"https:\/\/www.spiritofpolo.com\/es#organization\"},\"potentialAction\":[{\"@type\":\"SearchAction\",\"target\":{\"@type\":\"EntryPoint\",\"urlTemplate\":\"https:\/\/www.spiritofpolo.com\/es?s={search_term_string}\"},\"query-input\":\"required name=search_term_string\"}],\"inLanguage\":\"es\"},{\"@type\":\"Organization\",\"@id\":\"https:\/\/www.spiritofpolo.com\/es#organization\",\"name\":\"Spirit of Polo - Spirit of Jumping\",\"url\":\"https:\/\/www.spiritofpolo.com\/es\",\"logo\":{\"@type\":\"ImageObject\",\"inLanguage\":\"es\",\"@id\":\"https:\/\/www.spiritofpolo.com\/es#\/schema\/logo\/image\/\",\"url\":\"\",\"contentUrl\":\"\",\"caption\":\"Spirit of Polo - Spirit of Jumping\"},\"image\":{\"@id\":\"https:\/\/www.spiritofpolo.com\/es#\/schema\/logo\/image\/\"}}]}<\/script>\n<!-- \/ Yoast SEO plugin. -->","yoast_head_json":{"title":"Cintur\u00f3n de Polo en Cuero con Guarda Pampa - Spirit of Polo - Spirit of Jumping","robots":{"index":"index","follow":"follow","max-snippet":"max-snippet:-1","max-image-preview":"max-image-preview:large","max-video-preview":"max-video-preview:-1"},"canonical":"https:\/\/www.spiritofpolo.com\/es\/producto\/cinturon-de-polo-en-cuero-con-guarda-pampa","og_locale":"es_ES","og_type":"article","og_title":"Cintur\u00f3n de Polo en Cuero con Guarda Pampa - Spirit of Polo - Spirit of Jumping","og_description":"T\u00edpico cintur\u00f3n en cuero con guarda pampa bordada. Elija su tama\u00f1o y sus colores.","og_url":"https:\/\/www.spiritofpolo.com\/es\/producto\/cinturon-de-polo-en-cuero-con-guarda-pampa","og_site_name":"Spirit of Polo - Spirit of Jumping","article_modified_time":"2019-08-06T13:30:56+00:00","og_image":[{"width":555,"height":710,"url":"https:\/\/www.spiritofpolo.com\/wp-content\/uploads\/2016\/02\/cinturon_beige.jpg","type":"image\/jpeg"}],"twitter_card":"summary_large_image","schema":{"@context":"https:\/\/schema.org","@graph":[{"@type":"WebPage","@id":"https:\/\/www.spiritofpolo.com\/es\/producto\/cinturon-de-polo-en-cuero-con-guarda-pampa","url":"https:\/\/www.spiritofpolo.com\/es\/producto\/cinturon-de-polo-en-cuero-con-guarda-pampa","name":"Cintur\u00f3n de Polo en Cuero con Guarda Pampa - Spirit of Polo - Spirit of Jumping","isPartOf":{"@id":"https:\/\/www.spiritofpolo.com\/es#website"},"datePublished":"2016-02-03T18:09:32+00:00","dateModified":"2019-08-06T13:30:56+00:00","breadcrumb":{"@id":"https:\/\/www.spiritofpolo.com\/es\/producto\/cinturon-de-polo-en-cuero-con-guarda-pampa#breadcrumb"},"inLanguage":"es","potentialAction":[{"@type":"ReadAction","target":["https:\/\/www.spiritofpolo.com\/es\/producto\/cinturon-de-polo-en-cuero-con-guarda-pampa"]}]},{"@type":"BreadcrumbList","@id":"https:\/\/www.spiritofpolo.com\/es\/producto\/cinturon-de-polo-en-cuero-con-guarda-pampa#breadcrumb","itemListElement":[{"@type":"ListItem","position":1,"name":"Home","item":"https:\/\/www.spiritofpolo.com\/es"},{"@type":"ListItem","position":2,"name":"Tienda","item":"https:\/\/www.spiritofpolo.com\/es\/tienda"},{"@type":"ListItem","position":3,"name":"Cintur\u00f3n de Polo en Cuero con Guarda Pampa"}]},{"@type":"WebSite","@id":"https:\/\/www.spiritofpolo.com\/es#website","url":"https:\/\/www.spiritofpolo.com\/es","name":"Spirit of Polo - Spirit of Jumping","description":"Argentine Polo Products","publisher":{"@id":"https:\/\/www.spiritofpolo.com\/es#organization"},"potentialAction":[{"@type":"SearchAction","target":{"@type":"EntryPoint","urlTemplate":"https:\/\/www.spiritofpolo.com\/es?s={search_term_string}"},"query-input":"required name=search_term_string"}],"inLanguage":"es"},{"@type":"Organization","@id":"https:\/\/www.spiritofpolo.com\/es#organization","name":"Spirit of Polo - Spirit of Jumping","url":"https:\/\/www.spiritofpolo.com\/es","logo":{"@type":"ImageObject","inLanguage":"es","@id":"https:\/\/www.spiritofpolo.com\/es#\/schema\/logo\/image\/","url":"","contentUrl":"","caption":"Spirit of Polo - Spirit of Jumping"},"image":{"@id":"https:\/\/www.spiritofpolo.com\/es#\/schema\/logo\/image\/"}}]}},"tiered_pricing_type":"fixed","tiered_pricing_fixed_rules":[],"tiered_pricing_product_settings":{"layout":"default","base_unit_name":{"singular":null,"plural":null},"default_variation":null},"tiered_pricing_minimum_quantity":null,"tiered_pricing_roles_data":[],"tiered_pricing_percentage_rules":[],"_links":{"self":[{"href":"https:\/\/www.spiritofpolo.com\/es\/wp-json\/wp\/v2\/product\/5045"}],"collection":[{"href":"https:\/\/www.spiritofpolo.com\/es\/wp-json\/wp\/v2\/product"}],"about":[{"href":"https:\/\/www.spiritofpolo.com\/es\/wp-json\/wp\/v2\/types\/product"}],"replies":[{"embeddable":true,"href":"https:\/\/www.spiritofpolo.com\/es\/wp-json\/wp\/v2\/comments?post=5045"}],"wp:featuredmedia":[{"embeddable":true,"href":"https:\/\/www.spiritofpolo.com\/es\/wp-json\/wp\/v2\/media\/5036"}],"wp:attachment":[{"href":"https:\/\/www.spiritofpolo.com\/es\/wp-json\/wp\/v2\/media?parent=5045"}],"wp:term":[{"taxonomy":"product_cat","embeddable":true,"href":"https:\/\/www.spiritofpolo.com\/es\/wp-json\/wp\/v2\/product_cat?post=5045"},{"taxonomy":"product_tag","embeddable":true,"href":"https:\/\/www.spiritofpolo.com\/es\/wp-json\/wp\/v2\/product_tag?post=5045"}],"curies":[{"name":"wp","href":"https:\/\/api.w.org\/{rel}","templated":true}]}}