{"id":5392,"date":"2015-10-08T15:04:01","date_gmt":"2015-10-08T15:04:01","guid":{"rendered":"http:\/\/www.spiritofpolo.com\/product\/spirit-of-polo-week-2"},"modified":"2026-02-14T14:30:59","modified_gmt":"2026-02-14T14:30:59","slug":"semana-de-entrenamiento-de-polo-spirit-of-polo","status":"publish","type":"product","link":"https:\/\/www.spiritofpolo.com\/es\/producto\/semana-de-entrenamiento-de-polo-spirit-of-polo","title":{"rendered":"Semana de Entrenamiento de Polo &#8211;  Spirit of Polo"},"content":{"rendered":"<div id=\"short_description_content\" class=\"rte align_justify\">Gracias Spirit of Polo por esta excelente cl\u00ednica de polo. Alexis ha demostrado una gran flexibilidad en las fechas y adaptaciones a las condiciones clim\u00e1ticas para optimizar la estancia entre la final del Abierto de Palermo, la visita a Buenos Aires y el club de polo. The club tiene un hermoso terreno solo para nosotros ! La supervisi\u00f3n de la familia es muy cari\u00f1osa: Sof\u00eda nos ha enseno a montar perfecto para el polo y Tomi nos enseno a taquear sin olvidar las pr\u00e1cticas con los otros jugadores del Club. \u00a1En t\u00e9rminos de mayordom\u00eda, Laura y su esposo est\u00e1n en el trabajo y se encargan de todo! Gracias por la excelente cocina y el asado. Una clinica de polo al mismo tiempo amigable y profesional &#8230; \u00a1Volveremos con mucho gusto! Damien R. (Burdeos)<\/div>\n<div class=\"rte align_justify\">Spirit of Polo ofrece una experiencia y momentos absolutamente excepcionales en el club de polo familiar ubicado cerca de buenos aires. Pas\u00e9 una semana en la cl\u00ednica de polo organizada por Spirit of Polo y fue una gran oportunidad para aprender mucho sobre la pr\u00e1ctica del polo. Tuve brillantes profesores de polo y tuve la oportunidad de montar excelentes caballos para todos los niveles. Ambiente familiar, deliciosas comidas y gente encantadora, todos eran muy acogedores y hac\u00edan todo lo posible para garantizar una estadia agradable. Fue una de las mejores vacaciones de nuestra vida, \u00a1gracias de nuevo!<br \/>\nJoanna (Polonia)Fue la qu\u00edmica instant\u00e1nea del primer d\u00eda y la vida de campo se convirti\u00f3 en mi mejor estilo de vida para el polo. En un ambiente relajado, excelente comida, una familia amistosa, buenos caballos de polo y un sol radiante, \u00a1no puede fallar en unas vacaciones de polo! \u00a1Lo recomiendo a cualquiera que desee relajarse y disfrutar del momento! \u00abMaggie (Polonia)2 semanas en familia con Spirit of Polo: \u00a1una comida t\u00edpica, perezosa en la piscina, classes de polo &#8230; una bienvenida hogare\u00f1a por parte de una familia dedicada exclusivamente al cuidado y al juego de todos los niveles! Vaya sin dudarlo, no se sentir\u00e1 decepcionado<br \/>\nMagalie (Francia)<\/p>\n<\/div>\n","protected":false},"excerpt":{"rendered":"<div id=\"short_description_content\" class=\"rte align_justify\">Ubicada a 70 km al sur de Buenos Aires, este club de polo familiar est\u00e1 dirigido por una familia de jugadores. Ellos lo ayudar\u00e1n a perfeccionarse gracias a clases de taqueo por la ma\u00f1ana y las pr\u00e1cticas por la tarde. Disfrute de la noche en el campo luego de comer un asado a la le\u00f1a, junto a un buen Malbec argentino! De 2 a 6 jugadores.<\/div>\n<div class=\"rte align_justify\">\n<p>Incluido<\/p>\n<p>&#8211; 7 dias de cl\u00ednica de Polo a 70 km de Buenos Aires, pensi\u00f3n completa.<\/p>\n<p>&#8211; Consultar Transporte Aeropuerto-Club de Polo, Club de Polo-Aeropuerto.<\/p>\n<p>Programa:<\/p>\n<p>7 dias de clases intensivas de polo con taqueo cada ma\u00f1ana, seguida de una pr\u00e1ctica de 2\/4 chuckkers por la tarde<\/p>\n<p>Desayunos, almuerzos, meriendas y cenas t\u00edpicas argentinas incluidos.<\/p>\n<p>Posibilidad de realizar paseos a caballo alrededor de la propiedad a voluntad.<\/p>\n<p>No hay reembolso por condiciones clim\u00e1ticas<\/p>\n<\/div>\n","protected":false},"featured_media":2128,"comment_status":"open","ping_status":"closed","template":"","meta":[],"product_cat":[1760,89],"product_tag":[1200,125,1297],"acf":[],"yoast_head":"<!-- This site is optimized with the Yoast SEO plugin v19.14 - https:\/\/yoast.com\/wordpress\/plugins\/seo\/ -->\n<title>Semana de Entrenamiento de Polo - Spirit of Polo<\/title>\n<meta name=\"robots\" content=\"index, follow, max-snippet:-1, max-image-preview:large, max-video-preview:-1\" \/>\n<link rel=\"canonical\" href=\"https:\/\/www.spiritofpolo.com\/es\/producto\/semana-de-entrenamiento-de-polo-spirit-of-polo\" \/>\n<meta property=\"og:locale\" content=\"es_ES\" \/>\n<meta property=\"og:type\" content=\"article\" \/>\n<meta property=\"og:title\" content=\"Semana de Entrenamiento de Polo - Spirit of Polo\" \/>\n<meta property=\"og:description\" content=\"Ubicada a 70 km al sur de Buenos Aires, este club de polo familiar est\u00e1 dirigido por una familia de jugadores. Ellos lo ayudar\u00e1n a perfeccionarse gracias a clases de taqueo por la ma\u00f1ana y las pr\u00e1cticas por la tarde. Disfrute de la noche en el campo luego de comer un asado a la le\u00f1a, junto a un buen Malbec argentino! De 2 a 6 jugadores.   Incluido  - 7 dias de cl\u00ednica de Polo a 70 km de Buenos Aires, pensi\u00f3n completa.  - Consultar Transporte Aeropuerto-Club de Polo, Club de Polo-Aeropuerto.  Programa:  7 dias de clases intensivas de polo con taqueo cada ma\u00f1ana, seguida de una pr\u00e1ctica de 2\/4 chuckkers por la tarde  Desayunos, almuerzos, meriendas y cenas t\u00edpicas argentinas incluidos.  Posibilidad de realizar paseos a caballo alrededor de la propiedad a voluntad.  No hay reembolso por condiciones clim\u00e1ticas\" \/>\n<meta property=\"og:url\" content=\"https:\/\/www.spiritofpolo.com\/es\/producto\/semana-de-entrenamiento-de-polo-spirit-of-polo\" \/>\n<meta property=\"og:site_name\" content=\"Spirit of Polo - Spirit of Jumping\" \/>\n<meta property=\"article:modified_time\" content=\"2026-02-14T14:30:59+00:00\" \/>\n<meta property=\"og:image\" content=\"https:\/\/www.spiritofpolo.com\/wp-content\/uploads\/2015\/10\/polo_entablada_10_resultat.jpg\" \/>\n\t<meta property=\"og:image:width\" content=\"555\" \/>\n\t<meta property=\"og:image:height\" content=\"710\" \/>\n\t<meta property=\"og:image:type\" content=\"image\/jpeg\" \/>\n<meta name=\"twitter:card\" content=\"summary_large_image\" \/>\n<meta name=\"twitter:label1\" content=\"Tiempo de lectura\" \/>\n\t<meta name=\"twitter:data1\" content=\"2 minutos\" \/>\n<script type=\"application\/ld+json\" class=\"yoast-schema-graph\">{\"@context\":\"https:\/\/schema.org\",\"@graph\":[{\"@type\":\"WebPage\",\"@id\":\"https:\/\/www.spiritofpolo.com\/es\/producto\/semana-de-entrenamiento-de-polo-spirit-of-polo\",\"url\":\"https:\/\/www.spiritofpolo.com\/es\/producto\/semana-de-entrenamiento-de-polo-spirit-of-polo\",\"name\":\"Semana de Entrenamiento de Polo - Spirit of Polo\",\"isPartOf\":{\"@id\":\"https:\/\/www.spiritofpolo.com\/es#website\"},\"datePublished\":\"2015-10-08T15:04:01+00:00\",\"dateModified\":\"2026-02-14T14:30:59+00:00\",\"breadcrumb\":{\"@id\":\"https:\/\/www.spiritofpolo.com\/es\/producto\/semana-de-entrenamiento-de-polo-spirit-of-polo#breadcrumb\"},\"inLanguage\":\"es\",\"potentialAction\":[{\"@type\":\"ReadAction\",\"target\":[\"https:\/\/www.spiritofpolo.com\/es\/producto\/semana-de-entrenamiento-de-polo-spirit-of-polo\"]}]},{\"@type\":\"BreadcrumbList\",\"@id\":\"https:\/\/www.spiritofpolo.com\/es\/producto\/semana-de-entrenamiento-de-polo-spirit-of-polo#breadcrumb\",\"itemListElement\":[{\"@type\":\"ListItem\",\"position\":1,\"name\":\"Home\",\"item\":\"https:\/\/www.spiritofpolo.com\/es\"},{\"@type\":\"ListItem\",\"position\":2,\"name\":\"Tienda\",\"item\":\"https:\/\/www.spiritofpolo.com\/es\/tienda\"},{\"@type\":\"ListItem\",\"position\":3,\"name\":\"Semana de Entrenamiento de Polo &#8211; Spirit of Polo\"}]},{\"@type\":\"WebSite\",\"@id\":\"https:\/\/www.spiritofpolo.com\/es#website\",\"url\":\"https:\/\/www.spiritofpolo.com\/es\",\"name\":\"Spirit of Polo - Spirit of Jumping\",\"description\":\"Argentine Polo Products\",\"publisher\":{\"@id\":\"https:\/\/www.spiritofpolo.com\/es#organization\"},\"potentialAction\":[{\"@type\":\"SearchAction\",\"target\":{\"@type\":\"EntryPoint\",\"urlTemplate\":\"https:\/\/www.spiritofpolo.com\/es?s={search_term_string}\"},\"query-input\":\"required name=search_term_string\"}],\"inLanguage\":\"es\"},{\"@type\":\"Organization\",\"@id\":\"https:\/\/www.spiritofpolo.com\/es#organization\",\"name\":\"Spirit of Polo - Spirit of Jumping\",\"url\":\"https:\/\/www.spiritofpolo.com\/es\",\"logo\":{\"@type\":\"ImageObject\",\"inLanguage\":\"es\",\"@id\":\"https:\/\/www.spiritofpolo.com\/es#\/schema\/logo\/image\/\",\"url\":\"\",\"contentUrl\":\"\",\"caption\":\"Spirit of Polo - Spirit of Jumping\"},\"image\":{\"@id\":\"https:\/\/www.spiritofpolo.com\/es#\/schema\/logo\/image\/\"}}]}<\/script>\n<!-- \/ Yoast SEO plugin. -->","yoast_head_json":{"title":"Semana de Entrenamiento de Polo - Spirit of Polo","robots":{"index":"index","follow":"follow","max-snippet":"max-snippet:-1","max-image-preview":"max-image-preview:large","max-video-preview":"max-video-preview:-1"},"canonical":"https:\/\/www.spiritofpolo.com\/es\/producto\/semana-de-entrenamiento-de-polo-spirit-of-polo","og_locale":"es_ES","og_type":"article","og_title":"Semana de Entrenamiento de Polo - Spirit of Polo","og_description":"Ubicada a 70 km al sur de Buenos Aires, este club de polo familiar est\u00e1 dirigido por una familia de jugadores. Ellos lo ayudar\u00e1n a perfeccionarse gracias a clases de taqueo por la ma\u00f1ana y las pr\u00e1cticas por la tarde. Disfrute de la noche en el campo luego de comer un asado a la le\u00f1a, junto a un buen Malbec argentino! De 2 a 6 jugadores.   Incluido  - 7 dias de cl\u00ednica de Polo a 70 km de Buenos Aires, pensi\u00f3n completa.  - Consultar Transporte Aeropuerto-Club de Polo, Club de Polo-Aeropuerto.  Programa:  7 dias de clases intensivas de polo con taqueo cada ma\u00f1ana, seguida de una pr\u00e1ctica de 2\/4 chuckkers por la tarde  Desayunos, almuerzos, meriendas y cenas t\u00edpicas argentinas incluidos.  Posibilidad de realizar paseos a caballo alrededor de la propiedad a voluntad.  No hay reembolso por condiciones clim\u00e1ticas","og_url":"https:\/\/www.spiritofpolo.com\/es\/producto\/semana-de-entrenamiento-de-polo-spirit-of-polo","og_site_name":"Spirit of Polo - Spirit of Jumping","article_modified_time":"2026-02-14T14:30:59+00:00","og_image":[{"width":555,"height":710,"url":"https:\/\/www.spiritofpolo.com\/wp-content\/uploads\/2015\/10\/polo_entablada_10_resultat.jpg","type":"image\/jpeg"}],"twitter_card":"summary_large_image","twitter_misc":{"Tiempo de lectura":"2 minutos"},"schema":{"@context":"https:\/\/schema.org","@graph":[{"@type":"WebPage","@id":"https:\/\/www.spiritofpolo.com\/es\/producto\/semana-de-entrenamiento-de-polo-spirit-of-polo","url":"https:\/\/www.spiritofpolo.com\/es\/producto\/semana-de-entrenamiento-de-polo-spirit-of-polo","name":"Semana de Entrenamiento de Polo - Spirit of Polo","isPartOf":{"@id":"https:\/\/www.spiritofpolo.com\/es#website"},"datePublished":"2015-10-08T15:04:01+00:00","dateModified":"2026-02-14T14:30:59+00:00","breadcrumb":{"@id":"https:\/\/www.spiritofpolo.com\/es\/producto\/semana-de-entrenamiento-de-polo-spirit-of-polo#breadcrumb"},"inLanguage":"es","potentialAction":[{"@type":"ReadAction","target":["https:\/\/www.spiritofpolo.com\/es\/producto\/semana-de-entrenamiento-de-polo-spirit-of-polo"]}]},{"@type":"BreadcrumbList","@id":"https:\/\/www.spiritofpolo.com\/es\/producto\/semana-de-entrenamiento-de-polo-spirit-of-polo#breadcrumb","itemListElement":[{"@type":"ListItem","position":1,"name":"Home","item":"https:\/\/www.spiritofpolo.com\/es"},{"@type":"ListItem","position":2,"name":"Tienda","item":"https:\/\/www.spiritofpolo.com\/es\/tienda"},{"@type":"ListItem","position":3,"name":"Semana de Entrenamiento de Polo &#8211; Spirit of Polo"}]},{"@type":"WebSite","@id":"https:\/\/www.spiritofpolo.com\/es#website","url":"https:\/\/www.spiritofpolo.com\/es","name":"Spirit of Polo - Spirit of Jumping","description":"Argentine Polo Products","publisher":{"@id":"https:\/\/www.spiritofpolo.com\/es#organization"},"potentialAction":[{"@type":"SearchAction","target":{"@type":"EntryPoint","urlTemplate":"https:\/\/www.spiritofpolo.com\/es?s={search_term_string}"},"query-input":"required name=search_term_string"}],"inLanguage":"es"},{"@type":"Organization","@id":"https:\/\/www.spiritofpolo.com\/es#organization","name":"Spirit of Polo - Spirit of Jumping","url":"https:\/\/www.spiritofpolo.com\/es","logo":{"@type":"ImageObject","inLanguage":"es","@id":"https:\/\/www.spiritofpolo.com\/es#\/schema\/logo\/image\/","url":"","contentUrl":"","caption":"Spirit of Polo - Spirit of Jumping"},"image":{"@id":"https:\/\/www.spiritofpolo.com\/es#\/schema\/logo\/image\/"}}]}},"tiered_pricing_type":"fixed","tiered_pricing_fixed_rules":[],"tiered_pricing_product_settings":{"layout":"default","base_unit_name":{"singular":null,"plural":null},"default_variation":null},"tiered_pricing_minimum_quantity":null,"tiered_pricing_roles_data":[],"tiered_pricing_percentage_rules":[],"_links":{"self":[{"href":"https:\/\/www.spiritofpolo.com\/es\/wp-json\/wp\/v2\/product\/5392"}],"collection":[{"href":"https:\/\/www.spiritofpolo.com\/es\/wp-json\/wp\/v2\/product"}],"about":[{"href":"https:\/\/www.spiritofpolo.com\/es\/wp-json\/wp\/v2\/types\/product"}],"replies":[{"embeddable":true,"href":"https:\/\/www.spiritofpolo.com\/es\/wp-json\/wp\/v2\/comments?post=5392"}],"wp:featuredmedia":[{"embeddable":true,"href":"https:\/\/www.spiritofpolo.com\/es\/wp-json\/wp\/v2\/media\/2128"}],"wp:attachment":[{"href":"https:\/\/www.spiritofpolo.com\/es\/wp-json\/wp\/v2\/media?parent=5392"}],"wp:term":[{"taxonomy":"product_cat","embeddable":true,"href":"https:\/\/www.spiritofpolo.com\/es\/wp-json\/wp\/v2\/product_cat?post=5392"},{"taxonomy":"product_tag","embeddable":true,"href":"https:\/\/www.spiritofpolo.com\/es\/wp-json\/wp\/v2\/product_tag?post=5392"}],"curies":[{"name":"wp","href":"https:\/\/api.w.org\/{rel}","templated":true}]}}