{"id":70881,"date":"2022-12-06T13:40:30","date_gmt":"2022-12-06T13:40:32","guid":{"rendered":"https:\/\/www.spiritofpolo.com\/?post_type=product&#038;p=70881"},"modified":"2022-12-06T14:02:46","modified_gmt":"2022-12-06T14:02:46","slug":"medias-spirit-of-jumping","status":"publish","type":"product","link":"https:\/\/www.spiritofpolo.com\/es\/producto\/medias-spirit-of-jumping","title":{"rendered":"Medias Spirit of Jumping"},"content":{"rendered":"","protected":false},"excerpt":{"rendered":"<div class=\"text-wrap tlid-copy-target\">\n<div class=\"result-shield-container tlid-copy-target\" tabindex=\"0\"><span class=\"tlid-translation translation\" lang=\"es\"><span title=\"\">Agarre suave y c\u00f3modo.<\/span> <span title=\"\">Algod\u00f3n natural hipoalerg\u00e9nico.<\/span> <span title=\"\">Punta reforzada.<\/span> <span title=\"\">Tal\u00f3n super adherente reforzado.<\/span> <span title=\"\">Arco anat\u00f3mico<\/span><br \/>\n<span title=\"\">Gruesas, duraderas y de gran calidad.<\/span> C<span title=\"\">\u00f3modas para montar.<\/span><br \/>\n<span class=\"\" title=\"\">El algod\u00f3n de alta calidad proporciona un acabado m\u00e1s estable y el\u00e1stico que los tejidos b\u00e1sicos, mantiene el pie aireado y es absorbente!<\/span><\/span><\/div>\n<div tabindex=\"0\"><\/div>\n<div tabindex=\"0\"><strong><span class=\"tlid-translation translation\" lang=\"es\"><span class=\"\" title=\"\">PROMOCI\u00d3N: 3 pares por el precio de 2 pares!<\/span><\/span><\/strong><\/div>\n<\/div>\n<div class=\"tlid-result-transliteration-container result-transliteration-container transliteration-container\">\n<div class=\"tlid-transliteration-content transliteration-content full\"><\/div>\n<\/div>\n","protected":false},"featured_media":71487,"comment_status":"open","ping_status":"closed","template":"","meta":[],"product_cat":[2043,161,2033,2037,86,2228,2046,340],"product_tag":[],"acf":[],"yoast_head":"<!-- This site is optimized with the Yoast SEO plugin v19.14 - https:\/\/yoast.com\/wordpress\/plugins\/seo\/ -->\n<title>Medias Spirit of Jumping - Spirit of Polo - Spirit of Jumping<\/title>\n<meta name=\"description\" content=\"Gruesas, duraderas y de gran calidad. C\u00f3modas para montar.\" \/>\n<meta name=\"robots\" content=\"index, follow, max-snippet:-1, max-image-preview:large, max-video-preview:-1\" \/>\n<link rel=\"canonical\" href=\"https:\/\/www.spiritofpolo.com\/es\/producto\/medias-spirit-of-jumping\" \/>\n<meta property=\"og:locale\" content=\"es_ES\" \/>\n<meta property=\"og:type\" content=\"article\" \/>\n<meta property=\"og:title\" content=\"Medias Spirit of Jumping - Spirit of Polo - Spirit of Jumping\" \/>\n<meta property=\"og:description\" content=\"Gruesas, duraderas y de gran calidad. C\u00f3modas para montar.\" \/>\n<meta property=\"og:url\" content=\"https:\/\/www.spiritofpolo.com\/es\/producto\/medias-spirit-of-jumping\" \/>\n<meta property=\"og:site_name\" content=\"Spirit of Polo - Spirit of Jumping\" \/>\n<meta property=\"article:modified_time\" content=\"2022-12-06T14:02:46+00:00\" \/>\n<meta property=\"og:image\" content=\"https:\/\/www.spiritofpolo.com\/wp-content\/uploads\/SOJ-Socks-1.jpg\" \/>\n\t<meta property=\"og:image:width\" content=\"555\" \/>\n\t<meta property=\"og:image:height\" content=\"710\" \/>\n\t<meta property=\"og:image:type\" content=\"image\/jpeg\" \/>\n<meta name=\"twitter:card\" content=\"summary_large_image\" \/>\n<script type=\"application\/ld+json\" class=\"yoast-schema-graph\">{\"@context\":\"https:\/\/schema.org\",\"@graph\":[{\"@type\":\"WebPage\",\"@id\":\"https:\/\/www.spiritofpolo.com\/es\/producto\/medias-spirit-of-jumping\",\"url\":\"https:\/\/www.spiritofpolo.com\/es\/producto\/medias-spirit-of-jumping\",\"name\":\"Medias Spirit of Jumping - Spirit of Polo - Spirit of Jumping\",\"isPartOf\":{\"@id\":\"https:\/\/www.spiritofpolo.com\/es#website\"},\"datePublished\":\"2022-12-06T13:40:32+00:00\",\"dateModified\":\"2022-12-06T14:02:46+00:00\",\"description\":\"Gruesas, duraderas y de gran calidad. C\u00f3modas para montar.\",\"breadcrumb\":{\"@id\":\"https:\/\/www.spiritofpolo.com\/es\/producto\/medias-spirit-of-jumping#breadcrumb\"},\"inLanguage\":\"es\",\"potentialAction\":[{\"@type\":\"ReadAction\",\"target\":[\"https:\/\/www.spiritofpolo.com\/es\/producto\/medias-spirit-of-jumping\"]}]},{\"@type\":\"BreadcrumbList\",\"@id\":\"https:\/\/www.spiritofpolo.com\/es\/producto\/medias-spirit-of-jumping#breadcrumb\",\"itemListElement\":[{\"@type\":\"ListItem\",\"position\":1,\"name\":\"Home\",\"item\":\"https:\/\/www.spiritofpolo.com\/es\"},{\"@type\":\"ListItem\",\"position\":2,\"name\":\"Tienda\",\"item\":\"https:\/\/www.spiritofpolo.com\/es\/tienda\"},{\"@type\":\"ListItem\",\"position\":3,\"name\":\"Medias Spirit of Jumping\"}]},{\"@type\":\"WebSite\",\"@id\":\"https:\/\/www.spiritofpolo.com\/es#website\",\"url\":\"https:\/\/www.spiritofpolo.com\/es\",\"name\":\"Spirit of Polo - Spirit of Jumping\",\"description\":\"Argentine Polo Products\",\"publisher\":{\"@id\":\"https:\/\/www.spiritofpolo.com\/es#organization\"},\"potentialAction\":[{\"@type\":\"SearchAction\",\"target\":{\"@type\":\"EntryPoint\",\"urlTemplate\":\"https:\/\/www.spiritofpolo.com\/es?s={search_term_string}\"},\"query-input\":\"required name=search_term_string\"}],\"inLanguage\":\"es\"},{\"@type\":\"Organization\",\"@id\":\"https:\/\/www.spiritofpolo.com\/es#organization\",\"name\":\"Spirit of Polo - Spirit of Jumping\",\"url\":\"https:\/\/www.spiritofpolo.com\/es\",\"logo\":{\"@type\":\"ImageObject\",\"inLanguage\":\"es\",\"@id\":\"https:\/\/www.spiritofpolo.com\/es#\/schema\/logo\/image\/\",\"url\":\"\",\"contentUrl\":\"\",\"caption\":\"Spirit of Polo - Spirit of Jumping\"},\"image\":{\"@id\":\"https:\/\/www.spiritofpolo.com\/es#\/schema\/logo\/image\/\"}}]}<\/script>\n<!-- \/ Yoast SEO plugin. -->","yoast_head_json":{"title":"Medias Spirit of Jumping - Spirit of Polo - Spirit of Jumping","description":"Gruesas, duraderas y de gran calidad. C\u00f3modas para montar.","robots":{"index":"index","follow":"follow","max-snippet":"max-snippet:-1","max-image-preview":"max-image-preview:large","max-video-preview":"max-video-preview:-1"},"canonical":"https:\/\/www.spiritofpolo.com\/es\/producto\/medias-spirit-of-jumping","og_locale":"es_ES","og_type":"article","og_title":"Medias Spirit of Jumping - Spirit of Polo - Spirit of Jumping","og_description":"Gruesas, duraderas y de gran calidad. C\u00f3modas para montar.","og_url":"https:\/\/www.spiritofpolo.com\/es\/producto\/medias-spirit-of-jumping","og_site_name":"Spirit of Polo - Spirit of Jumping","article_modified_time":"2022-12-06T14:02:46+00:00","og_image":[{"width":555,"height":710,"url":"https:\/\/www.spiritofpolo.com\/wp-content\/uploads\/SOJ-Socks-1.jpg","type":"image\/jpeg"}],"twitter_card":"summary_large_image","schema":{"@context":"https:\/\/schema.org","@graph":[{"@type":"WebPage","@id":"https:\/\/www.spiritofpolo.com\/es\/producto\/medias-spirit-of-jumping","url":"https:\/\/www.spiritofpolo.com\/es\/producto\/medias-spirit-of-jumping","name":"Medias Spirit of Jumping - Spirit of Polo - Spirit of Jumping","isPartOf":{"@id":"https:\/\/www.spiritofpolo.com\/es#website"},"datePublished":"2022-12-06T13:40:32+00:00","dateModified":"2022-12-06T14:02:46+00:00","description":"Gruesas, duraderas y de gran calidad. C\u00f3modas para montar.","breadcrumb":{"@id":"https:\/\/www.spiritofpolo.com\/es\/producto\/medias-spirit-of-jumping#breadcrumb"},"inLanguage":"es","potentialAction":[{"@type":"ReadAction","target":["https:\/\/www.spiritofpolo.com\/es\/producto\/medias-spirit-of-jumping"]}]},{"@type":"BreadcrumbList","@id":"https:\/\/www.spiritofpolo.com\/es\/producto\/medias-spirit-of-jumping#breadcrumb","itemListElement":[{"@type":"ListItem","position":1,"name":"Home","item":"https:\/\/www.spiritofpolo.com\/es"},{"@type":"ListItem","position":2,"name":"Tienda","item":"https:\/\/www.spiritofpolo.com\/es\/tienda"},{"@type":"ListItem","position":3,"name":"Medias Spirit of Jumping"}]},{"@type":"WebSite","@id":"https:\/\/www.spiritofpolo.com\/es#website","url":"https:\/\/www.spiritofpolo.com\/es","name":"Spirit of Polo - Spirit of Jumping","description":"Argentine Polo Products","publisher":{"@id":"https:\/\/www.spiritofpolo.com\/es#organization"},"potentialAction":[{"@type":"SearchAction","target":{"@type":"EntryPoint","urlTemplate":"https:\/\/www.spiritofpolo.com\/es?s={search_term_string}"},"query-input":"required name=search_term_string"}],"inLanguage":"es"},{"@type":"Organization","@id":"https:\/\/www.spiritofpolo.com\/es#organization","name":"Spirit of Polo - Spirit of Jumping","url":"https:\/\/www.spiritofpolo.com\/es","logo":{"@type":"ImageObject","inLanguage":"es","@id":"https:\/\/www.spiritofpolo.com\/es#\/schema\/logo\/image\/","url":"","contentUrl":"","caption":"Spirit of Polo - Spirit of Jumping"},"image":{"@id":"https:\/\/www.spiritofpolo.com\/es#\/schema\/logo\/image\/"}}]}},"tiered_pricing_type":"fixed","tiered_pricing_fixed_rules":[],"tiered_pricing_product_settings":{"layout":"default","base_unit_name":{"singular":null,"plural":null},"default_variation":null},"tiered_pricing_minimum_quantity":null,"tiered_pricing_roles_data":[],"tiered_pricing_percentage_rules":[],"_links":{"self":[{"href":"https:\/\/www.spiritofpolo.com\/es\/wp-json\/wp\/v2\/product\/70881"}],"collection":[{"href":"https:\/\/www.spiritofpolo.com\/es\/wp-json\/wp\/v2\/product"}],"about":[{"href":"https:\/\/www.spiritofpolo.com\/es\/wp-json\/wp\/v2\/types\/product"}],"replies":[{"embeddable":true,"href":"https:\/\/www.spiritofpolo.com\/es\/wp-json\/wp\/v2\/comments?post=70881"}],"wp:featuredmedia":[{"embeddable":true,"href":"https:\/\/www.spiritofpolo.com\/es\/wp-json\/wp\/v2\/media\/71487"}],"wp:attachment":[{"href":"https:\/\/www.spiritofpolo.com\/es\/wp-json\/wp\/v2\/media?parent=70881"}],"wp:term":[{"taxonomy":"product_cat","embeddable":true,"href":"https:\/\/www.spiritofpolo.com\/es\/wp-json\/wp\/v2\/product_cat?post=70881"},{"taxonomy":"product_tag","embeddable":true,"href":"https:\/\/www.spiritofpolo.com\/es\/wp-json\/wp\/v2\/product_tag?post=70881"}],"curies":[{"name":"wp","href":"https:\/\/api.w.org\/{rel}","templated":true}]}}