{"id":83707,"date":"2023-03-21T16:31:45","date_gmt":"2023-03-21T16:31:45","guid":{"rendered":"https:\/\/www.spiritofpolo.com\/?post_type=product&#038;p=83707"},"modified":"2024-04-25T08:18:00","modified_gmt":"2024-04-25T08:18:00","slug":"reloj-de-cancha-para-polo-con-chukkers","status":"publish","type":"product","link":"https:\/\/www.spiritofpolo.com\/es\/producto\/reloj-de-cancha-para-polo-con-chukkers","title":{"rendered":"Reloj de cancha para Polo con Chukkers"},"content":{"rendered":"<p>El marcador de tiempo y chukkers funciona de la siguiente manera: el reloj empieza a los 7 minutos e indica el chukker 1.<\/p>\n<p>Con la orden del \u00e1rbitro, el tiempo empieza a correr con el bot\u00f3n de play, y si es necesario detenerlo, se utiliza el bot\u00f3n de pausa. El tiempo corre hacia abajo hasta llegar a cero, momento en el que suena el timbre y a\u00f1ade otros 30 segundos; y una vez que llega a cero suena el timbre indicando el final del chukker. Autom\u00e1ticamente, el reloj comienza a contar los tres minutos de descanso, y cuando llega a cero suena la chicharra indicando que est\u00e1 listo para iniciar el segundo chukker. Se queda ah\u00ed esperando la orden del \u00e1rbitro, y cuando empieza el per\u00edodo, volvemos a pulsar el bot\u00f3n de play y el tiempo vuelve a correr (y as\u00ed sucesivamente).<\/p>\n<p>Pulsando ambos botones a la vez avanzamos al siguiente chukker por si hay que corregir. No es necesario hacer esto en condiciones normales de uso ya que el reloj incrementa autom\u00e1ticamente el per\u00edodo cada vez que finaliza la cuenta de 7 minutos.<\/p>\n","protected":false},"excerpt":{"rendered":"<p>Reloj de cuenta regresiva e indicaci\u00f3n de chukker para polo, para exterior, color rojo medidas 120 cm. x 40 cm x 7 cm.<\/p>\n<p>Gabinete frente y fondo pl\u00e1stico bastidor de aluminio.<br \/>\nPreparado para fijar en estructuras mas grandes ya preexistentes en las canchas leds de amplio angulo, mayor a 120\u00b0 para que se vea desde cualquier punto.<\/p>\n<p>Leds de alt\u00edsima potencia para que se vean en perfectas condiciones aun con el sol de frente.<br \/>\nGabinete apto intemperie, aunque hay que protegerlo de la lluvia directa. No requiere instalaci\u00f3n solo se debe colgar y asegurar.<br \/>\nSe provee con fuente de alimentaci\u00f3n a 12 v y gabinete remoto (con cable telef\u00f3nico) para iniciar y detener el tiempo con 5 mts. de cable.<br \/>\nYa viene preparado para iniciar los 6 minutos 30 seg. de cada chukker y los 3 minutos de descanso, al terminar un chukker suena la bocina y autom\u00e1ticamente comienza a contar los 3 minutos de descanso y al terminar este periodo suena nuevamente la bocina y se queda esperando que se oprima la tecla para iniciar un nuevo chukker que a su vez se incrementa en el d\u00edgito indicador de chukker.<\/p>\n","protected":false},"featured_media":83718,"comment_status":"open","ping_status":"closed","template":"","meta":[],"product_cat":[333,546,86,2228],"product_tag":[571,1431],"acf":[],"yoast_head":"<!-- This site is optimized with the Yoast SEO plugin v19.14 - https:\/\/yoast.com\/wordpress\/plugins\/seo\/ -->\n<title>Reloj de cancha para Polo con Chukkers - Spirit of Polo - Spirit of Jumping<\/title>\n<meta name=\"robots\" content=\"index, follow, max-snippet:-1, max-image-preview:large, max-video-preview:-1\" \/>\n<link rel=\"canonical\" href=\"https:\/\/www.spiritofpolo.com\/es\/producto\/reloj-de-cancha-para-polo-con-chukkers\" \/>\n<meta property=\"og:locale\" content=\"es_ES\" \/>\n<meta property=\"og:type\" content=\"article\" \/>\n<meta property=\"og:title\" content=\"Reloj de cancha para Polo con Chukkers - Spirit of Polo - Spirit of Jumping\" \/>\n<meta property=\"og:description\" content=\"Reloj de cuenta regresiva e indicaci\u00f3n de chukker para polo, para exterior, color rojo medidas 120 cm. x 40 cm x 7 cm.  Gabinete frente y fondo pl\u00e1stico bastidor de aluminio. Preparado para fijar en estructuras mas grandes ya preexistentes en las canchas leds de amplio angulo, mayor a 120\u00b0 para que se vea desde cualquier punto.  Leds de alt\u00edsima potencia para que se vean en perfectas condiciones aun con el sol de frente. Gabinete apto intemperie, aunque hay que protegerlo de la lluvia directa. No requiere instalaci\u00f3n solo se debe colgar y asegurar. Se provee con fuente de alimentaci\u00f3n a 12 v y gabinete remoto (con cable telef\u00f3nico) para iniciar y detener el tiempo con 5 mts. de cable. Ya viene preparado para iniciar los 6 minutos 30 seg. de cada chukker y los 3 minutos de descanso, al terminar un chukker suena la bocina y autom\u00e1ticamente comienza a contar los 3 minutos de descanso y al terminar este periodo suena nuevamente la bocina y se queda esperando que se oprima la tecla para iniciar un nuevo chukker que a su vez se incrementa en el d\u00edgito indicador de chukker.\" \/>\n<meta property=\"og:url\" content=\"https:\/\/www.spiritofpolo.com\/es\/producto\/reloj-de-cancha-para-polo-con-chukkers\" \/>\n<meta property=\"og:site_name\" content=\"Spirit of Polo - Spirit of Jumping\" \/>\n<meta property=\"article:modified_time\" content=\"2024-04-25T08:18:00+00:00\" \/>\n<meta property=\"og:image\" content=\"https:\/\/www.spiritofpolo.com\/wp-content\/uploads\/Captura-de-pantalla-2023-03-21-a-las-13.35.37.png\" \/>\n\t<meta property=\"og:image:width\" content=\"842\" \/>\n\t<meta property=\"og:image:height\" content=\"744\" \/>\n\t<meta property=\"og:image:type\" content=\"image\/png\" \/>\n<meta name=\"twitter:card\" content=\"summary_large_image\" \/>\n<meta name=\"twitter:label1\" content=\"Tiempo de lectura\" \/>\n\t<meta name=\"twitter:data1\" content=\"1 minuto\" \/>\n<script type=\"application\/ld+json\" class=\"yoast-schema-graph\">{\"@context\":\"https:\/\/schema.org\",\"@graph\":[{\"@type\":\"WebPage\",\"@id\":\"https:\/\/www.spiritofpolo.com\/es\/producto\/reloj-de-cancha-para-polo-con-chukkers\",\"url\":\"https:\/\/www.spiritofpolo.com\/es\/producto\/reloj-de-cancha-para-polo-con-chukkers\",\"name\":\"Reloj de cancha para Polo con Chukkers - Spirit of Polo - Spirit of Jumping\",\"isPartOf\":{\"@id\":\"https:\/\/www.spiritofpolo.com\/es#website\"},\"datePublished\":\"2023-03-21T16:31:45+00:00\",\"dateModified\":\"2024-04-25T08:18:00+00:00\",\"breadcrumb\":{\"@id\":\"https:\/\/www.spiritofpolo.com\/es\/producto\/reloj-de-cancha-para-polo-con-chukkers#breadcrumb\"},\"inLanguage\":\"es\",\"potentialAction\":[{\"@type\":\"ReadAction\",\"target\":[\"https:\/\/www.spiritofpolo.com\/es\/producto\/reloj-de-cancha-para-polo-con-chukkers\"]}]},{\"@type\":\"BreadcrumbList\",\"@id\":\"https:\/\/www.spiritofpolo.com\/es\/producto\/reloj-de-cancha-para-polo-con-chukkers#breadcrumb\",\"itemListElement\":[{\"@type\":\"ListItem\",\"position\":1,\"name\":\"Home\",\"item\":\"https:\/\/www.spiritofpolo.com\/es\"},{\"@type\":\"ListItem\",\"position\":2,\"name\":\"Tienda\",\"item\":\"https:\/\/www.spiritofpolo.com\/es\/tienda\"},{\"@type\":\"ListItem\",\"position\":3,\"name\":\"Reloj de cancha para Polo con Chukkers\"}]},{\"@type\":\"WebSite\",\"@id\":\"https:\/\/www.spiritofpolo.com\/es#website\",\"url\":\"https:\/\/www.spiritofpolo.com\/es\",\"name\":\"Spirit of Polo - Spirit of Jumping\",\"description\":\"Argentine Polo Products\",\"publisher\":{\"@id\":\"https:\/\/www.spiritofpolo.com\/es#organization\"},\"potentialAction\":[{\"@type\":\"SearchAction\",\"target\":{\"@type\":\"EntryPoint\",\"urlTemplate\":\"https:\/\/www.spiritofpolo.com\/es?s={search_term_string}\"},\"query-input\":\"required name=search_term_string\"}],\"inLanguage\":\"es\"},{\"@type\":\"Organization\",\"@id\":\"https:\/\/www.spiritofpolo.com\/es#organization\",\"name\":\"Spirit of Polo - Spirit of Jumping\",\"url\":\"https:\/\/www.spiritofpolo.com\/es\",\"logo\":{\"@type\":\"ImageObject\",\"inLanguage\":\"es\",\"@id\":\"https:\/\/www.spiritofpolo.com\/es#\/schema\/logo\/image\/\",\"url\":\"\",\"contentUrl\":\"\",\"caption\":\"Spirit of Polo - Spirit of Jumping\"},\"image\":{\"@id\":\"https:\/\/www.spiritofpolo.com\/es#\/schema\/logo\/image\/\"}}]}<\/script>\n<!-- \/ Yoast SEO plugin. -->","yoast_head_json":{"title":"Reloj de cancha para Polo con Chukkers - Spirit of Polo - Spirit of Jumping","robots":{"index":"index","follow":"follow","max-snippet":"max-snippet:-1","max-image-preview":"max-image-preview:large","max-video-preview":"max-video-preview:-1"},"canonical":"https:\/\/www.spiritofpolo.com\/es\/producto\/reloj-de-cancha-para-polo-con-chukkers","og_locale":"es_ES","og_type":"article","og_title":"Reloj de cancha para Polo con Chukkers - Spirit of Polo - Spirit of Jumping","og_description":"Reloj de cuenta regresiva e indicaci\u00f3n de chukker para polo, para exterior, color rojo medidas 120 cm. x 40 cm x 7 cm.  Gabinete frente y fondo pl\u00e1stico bastidor de aluminio. Preparado para fijar en estructuras mas grandes ya preexistentes en las canchas leds de amplio angulo, mayor a 120\u00b0 para que se vea desde cualquier punto.  Leds de alt\u00edsima potencia para que se vean en perfectas condiciones aun con el sol de frente. Gabinete apto intemperie, aunque hay que protegerlo de la lluvia directa. No requiere instalaci\u00f3n solo se debe colgar y asegurar. Se provee con fuente de alimentaci\u00f3n a 12 v y gabinete remoto (con cable telef\u00f3nico) para iniciar y detener el tiempo con 5 mts. de cable. Ya viene preparado para iniciar los 6 minutos 30 seg. de cada chukker y los 3 minutos de descanso, al terminar un chukker suena la bocina y autom\u00e1ticamente comienza a contar los 3 minutos de descanso y al terminar este periodo suena nuevamente la bocina y se queda esperando que se oprima la tecla para iniciar un nuevo chukker que a su vez se incrementa en el d\u00edgito indicador de chukker.","og_url":"https:\/\/www.spiritofpolo.com\/es\/producto\/reloj-de-cancha-para-polo-con-chukkers","og_site_name":"Spirit of Polo - Spirit of Jumping","article_modified_time":"2024-04-25T08:18:00+00:00","og_image":[{"width":842,"height":744,"url":"https:\/\/www.spiritofpolo.com\/wp-content\/uploads\/Captura-de-pantalla-2023-03-21-a-las-13.35.37.png","type":"image\/png"}],"twitter_card":"summary_large_image","twitter_misc":{"Tiempo de lectura":"1 minuto"},"schema":{"@context":"https:\/\/schema.org","@graph":[{"@type":"WebPage","@id":"https:\/\/www.spiritofpolo.com\/es\/producto\/reloj-de-cancha-para-polo-con-chukkers","url":"https:\/\/www.spiritofpolo.com\/es\/producto\/reloj-de-cancha-para-polo-con-chukkers","name":"Reloj de cancha para Polo con Chukkers - Spirit of Polo - Spirit of Jumping","isPartOf":{"@id":"https:\/\/www.spiritofpolo.com\/es#website"},"datePublished":"2023-03-21T16:31:45+00:00","dateModified":"2024-04-25T08:18:00+00:00","breadcrumb":{"@id":"https:\/\/www.spiritofpolo.com\/es\/producto\/reloj-de-cancha-para-polo-con-chukkers#breadcrumb"},"inLanguage":"es","potentialAction":[{"@type":"ReadAction","target":["https:\/\/www.spiritofpolo.com\/es\/producto\/reloj-de-cancha-para-polo-con-chukkers"]}]},{"@type":"BreadcrumbList","@id":"https:\/\/www.spiritofpolo.com\/es\/producto\/reloj-de-cancha-para-polo-con-chukkers#breadcrumb","itemListElement":[{"@type":"ListItem","position":1,"name":"Home","item":"https:\/\/www.spiritofpolo.com\/es"},{"@type":"ListItem","position":2,"name":"Tienda","item":"https:\/\/www.spiritofpolo.com\/es\/tienda"},{"@type":"ListItem","position":3,"name":"Reloj de cancha para Polo con Chukkers"}]},{"@type":"WebSite","@id":"https:\/\/www.spiritofpolo.com\/es#website","url":"https:\/\/www.spiritofpolo.com\/es","name":"Spirit of Polo - Spirit of Jumping","description":"Argentine Polo Products","publisher":{"@id":"https:\/\/www.spiritofpolo.com\/es#organization"},"potentialAction":[{"@type":"SearchAction","target":{"@type":"EntryPoint","urlTemplate":"https:\/\/www.spiritofpolo.com\/es?s={search_term_string}"},"query-input":"required name=search_term_string"}],"inLanguage":"es"},{"@type":"Organization","@id":"https:\/\/www.spiritofpolo.com\/es#organization","name":"Spirit of Polo - Spirit of Jumping","url":"https:\/\/www.spiritofpolo.com\/es","logo":{"@type":"ImageObject","inLanguage":"es","@id":"https:\/\/www.spiritofpolo.com\/es#\/schema\/logo\/image\/","url":"","contentUrl":"","caption":"Spirit of Polo - Spirit of Jumping"},"image":{"@id":"https:\/\/www.spiritofpolo.com\/es#\/schema\/logo\/image\/"}}]}},"tiered_pricing_type":"fixed","tiered_pricing_fixed_rules":[],"tiered_pricing_product_settings":{"layout":"default","base_unit_name":{"singular":null,"plural":null},"default_variation":null},"tiered_pricing_minimum_quantity":null,"tiered_pricing_roles_data":[],"tiered_pricing_percentage_rules":[],"_links":{"self":[{"href":"https:\/\/www.spiritofpolo.com\/es\/wp-json\/wp\/v2\/product\/83707"}],"collection":[{"href":"https:\/\/www.spiritofpolo.com\/es\/wp-json\/wp\/v2\/product"}],"about":[{"href":"https:\/\/www.spiritofpolo.com\/es\/wp-json\/wp\/v2\/types\/product"}],"replies":[{"embeddable":true,"href":"https:\/\/www.spiritofpolo.com\/es\/wp-json\/wp\/v2\/comments?post=83707"}],"wp:featuredmedia":[{"embeddable":true,"href":"https:\/\/www.spiritofpolo.com\/es\/wp-json\/wp\/v2\/media\/83718"}],"wp:attachment":[{"href":"https:\/\/www.spiritofpolo.com\/es\/wp-json\/wp\/v2\/media?parent=83707"}],"wp:term":[{"taxonomy":"product_cat","embeddable":true,"href":"https:\/\/www.spiritofpolo.com\/es\/wp-json\/wp\/v2\/product_cat?post=83707"},{"taxonomy":"product_tag","embeddable":true,"href":"https:\/\/www.spiritofpolo.com\/es\/wp-json\/wp\/v2\/product_tag?post=83707"}],"curies":[{"name":"wp","href":"https:\/\/api.w.org\/{rel}","templated":true}]}}