{"id":8490,"date":"2019-02-16T13:19:49","date_gmt":"2019-02-16T13:19:49","guid":{"rendered":"http:\/\/www.spiritofpolo.com\/product\/8490"},"modified":"2019-10-30T23:24:49","modified_gmt":"2019-10-30T23:24:49","slug":"montura-equitacion-y-horse-ball-pato","status":"publish","type":"product","link":"https:\/\/www.spiritofpolo.com\/es\/producto\/montura-equitacion-y-horse-ball-pato","title":{"rendered":"MONTURA EQUITACION Y HORSE BALL \/ PATO"},"content":{"rendered":"","protected":false},"excerpt":{"rendered":"<p>Hecho por un de los mejores fabricantes de monturas argentinas, nuestras monturas son conocidas por su calidad.<br \/>\nNuestro artesano utiliza el mejor cuero argentino. Esta montura es muy c\u00f3moda para el jinete. Con su gran asiento, le garantiza una buena estabilidad durante equitacion o un match.<\/p>\n<p>Diferentes tama\u00f1os disponibles: hombre, mujer, ni\u00f1os.<\/p>\n<p>Todas nuestras monturas est\u00e1n hechas en Argentina y responden a los est\u00e1ndares argentinos. Los atributos de la montura se pueden cambiar (soportes de estribo, tama\u00f1o &#8230;).<\/p>\n<p>Puedes elegir el tama\u00f1o y 3 asientos diferentes:<br \/>\n\u2013 Plano, libertad para la cadera del jinete.<br \/>\n\u2013 Semi hueco: equilibrio ligero con libertad para salir de la montura para saltar<br \/>\n\u2013 Hueco: adiestramiento, cabalgata, buen sosten, bien sentado en la montura (inspirado en el polo: sosten y comodidad en deporte de alta velocidad y equilibrio)<\/p>\n<p>Tambi\u00e9n puede dise\u00f1ar su propia montura, tipo de cuero, colores (negro, gris, marr\u00f3n, azul, rojo, amarillo, \u2026), doble falda o simple con faldita, iniciales, \u2026<\/p>\n<p>Esta silla encajar\u00e1 perfectamente con su caballo y es muy c\u00f3moda para el jinete.<\/p>\n<p>Hecho en Argentina<\/p>\n","protected":false},"featured_media":12177,"comment_status":"open","ping_status":"closed","template":"","meta":[],"product_cat":[2035,2033,2052],"product_tag":[],"acf":[],"yoast_head":"<!-- This site is optimized with the Yoast SEO plugin v19.14 - https:\/\/yoast.com\/wordpress\/plugins\/seo\/ -->\n<title>MONTURA EQUITACION Y HORSE BALL \/ PATO - Spirit of Polo - Spirit of Jumping<\/title>\n<meta name=\"robots\" content=\"index, follow, max-snippet:-1, max-image-preview:large, max-video-preview:-1\" \/>\n<link rel=\"canonical\" href=\"https:\/\/www.spiritofpolo.com\/es\/producto\/montura-equitacion-y-horse-ball-pato\" \/>\n<meta property=\"og:locale\" content=\"es_ES\" \/>\n<meta property=\"og:type\" content=\"article\" \/>\n<meta property=\"og:title\" content=\"MONTURA EQUITACION Y HORSE BALL \/ PATO - Spirit of Polo - Spirit of Jumping\" \/>\n<meta property=\"og:description\" content=\"Hecho por un de los mejores fabricantes de monturas argentinas, nuestras monturas son conocidas por su calidad. Nuestro artesano utiliza el mejor cuero argentino. Esta montura es muy c\u00f3moda para el jinete. Con su gran asiento, le garantiza una buena estabilidad durante equitacion o un match.  Diferentes tama\u00f1os disponibles: hombre, mujer, ni\u00f1os.  Todas nuestras monturas est\u00e1n hechas en Argentina y responden a los est\u00e1ndares argentinos. Los atributos de la montura se pueden cambiar (soportes de estribo, tama\u00f1o ...).  Puedes elegir el tama\u00f1o y 3 asientos diferentes: \u2013 Plano, libertad para la cadera del jinete. \u2013 Semi hueco: equilibrio ligero con libertad para salir de la montura para saltar \u2013 Hueco: adiestramiento, cabalgata, buen sosten, bien sentado en la montura (inspirado en el polo: sosten y comodidad en deporte de alta velocidad y equilibrio)  Tambi\u00e9n puede dise\u00f1ar su propia montura, tipo de cuero, colores (negro, gris, marr\u00f3n, azul, rojo, amarillo, \u2026), doble falda o simple con faldita, iniciales, \u2026  Esta silla encajar\u00e1 perfectamente con su caballo y es muy c\u00f3moda para el jinete.  Hecho en Argentina\" \/>\n<meta property=\"og:url\" content=\"https:\/\/www.spiritofpolo.com\/es\/producto\/montura-equitacion-y-horse-ball-pato\" \/>\n<meta property=\"og:site_name\" content=\"Spirit of Polo - Spirit of Jumping\" \/>\n<meta property=\"article:modified_time\" content=\"2019-10-30T23:24:49+00:00\" \/>\n<meta property=\"og:image\" content=\"https:\/\/www.spiritofpolo.com\/wp-content\/uploads\/Montura-Polo-Negra-1.jpg\" \/>\n\t<meta property=\"og:image:width\" content=\"555\" \/>\n\t<meta property=\"og:image:height\" content=\"710\" \/>\n\t<meta property=\"og:image:type\" content=\"image\/jpeg\" \/>\n<meta name=\"twitter:card\" content=\"summary_large_image\" \/>\n<script type=\"application\/ld+json\" class=\"yoast-schema-graph\">{\"@context\":\"https:\/\/schema.org\",\"@graph\":[{\"@type\":\"WebPage\",\"@id\":\"https:\/\/www.spiritofpolo.com\/es\/producto\/montura-equitacion-y-horse-ball-pato\",\"url\":\"https:\/\/www.spiritofpolo.com\/es\/producto\/montura-equitacion-y-horse-ball-pato\",\"name\":\"MONTURA EQUITACION Y HORSE BALL \/ PATO - Spirit of Polo - Spirit of Jumping\",\"isPartOf\":{\"@id\":\"https:\/\/www.spiritofpolo.com\/es#website\"},\"datePublished\":\"2019-02-16T13:19:49+00:00\",\"dateModified\":\"2019-10-30T23:24:49+00:00\",\"breadcrumb\":{\"@id\":\"https:\/\/www.spiritofpolo.com\/es\/producto\/montura-equitacion-y-horse-ball-pato#breadcrumb\"},\"inLanguage\":\"es\",\"potentialAction\":[{\"@type\":\"ReadAction\",\"target\":[\"https:\/\/www.spiritofpolo.com\/es\/producto\/montura-equitacion-y-horse-ball-pato\"]}]},{\"@type\":\"BreadcrumbList\",\"@id\":\"https:\/\/www.spiritofpolo.com\/es\/producto\/montura-equitacion-y-horse-ball-pato#breadcrumb\",\"itemListElement\":[{\"@type\":\"ListItem\",\"position\":1,\"name\":\"Home\",\"item\":\"https:\/\/www.spiritofpolo.com\/es\"},{\"@type\":\"ListItem\",\"position\":2,\"name\":\"Tienda\",\"item\":\"https:\/\/www.spiritofpolo.com\/es\/tienda\"},{\"@type\":\"ListItem\",\"position\":3,\"name\":\"MONTURA EQUITACION Y HORSE BALL \/ PATO\"}]},{\"@type\":\"WebSite\",\"@id\":\"https:\/\/www.spiritofpolo.com\/es#website\",\"url\":\"https:\/\/www.spiritofpolo.com\/es\",\"name\":\"Spirit of Polo - Spirit of Jumping\",\"description\":\"Argentine Polo Products\",\"publisher\":{\"@id\":\"https:\/\/www.spiritofpolo.com\/es#organization\"},\"potentialAction\":[{\"@type\":\"SearchAction\",\"target\":{\"@type\":\"EntryPoint\",\"urlTemplate\":\"https:\/\/www.spiritofpolo.com\/es?s={search_term_string}\"},\"query-input\":\"required name=search_term_string\"}],\"inLanguage\":\"es\"},{\"@type\":\"Organization\",\"@id\":\"https:\/\/www.spiritofpolo.com\/es#organization\",\"name\":\"Spirit of Polo - Spirit of Jumping\",\"url\":\"https:\/\/www.spiritofpolo.com\/es\",\"logo\":{\"@type\":\"ImageObject\",\"inLanguage\":\"es\",\"@id\":\"https:\/\/www.spiritofpolo.com\/es#\/schema\/logo\/image\/\",\"url\":\"\",\"contentUrl\":\"\",\"caption\":\"Spirit of Polo - Spirit of Jumping\"},\"image\":{\"@id\":\"https:\/\/www.spiritofpolo.com\/es#\/schema\/logo\/image\/\"}}]}<\/script>\n<!-- \/ Yoast SEO plugin. -->","yoast_head_json":{"title":"MONTURA EQUITACION Y HORSE BALL \/ PATO - Spirit of Polo - Spirit of Jumping","robots":{"index":"index","follow":"follow","max-snippet":"max-snippet:-1","max-image-preview":"max-image-preview:large","max-video-preview":"max-video-preview:-1"},"canonical":"https:\/\/www.spiritofpolo.com\/es\/producto\/montura-equitacion-y-horse-ball-pato","og_locale":"es_ES","og_type":"article","og_title":"MONTURA EQUITACION Y HORSE BALL \/ PATO - Spirit of Polo - Spirit of Jumping","og_description":"Hecho por un de los mejores fabricantes de monturas argentinas, nuestras monturas son conocidas por su calidad. Nuestro artesano utiliza el mejor cuero argentino. Esta montura es muy c\u00f3moda para el jinete. Con su gran asiento, le garantiza una buena estabilidad durante equitacion o un match.  Diferentes tama\u00f1os disponibles: hombre, mujer, ni\u00f1os.  Todas nuestras monturas est\u00e1n hechas en Argentina y responden a los est\u00e1ndares argentinos. Los atributos de la montura se pueden cambiar (soportes de estribo, tama\u00f1o ...).  Puedes elegir el tama\u00f1o y 3 asientos diferentes: \u2013 Plano, libertad para la cadera del jinete. \u2013 Semi hueco: equilibrio ligero con libertad para salir de la montura para saltar \u2013 Hueco: adiestramiento, cabalgata, buen sosten, bien sentado en la montura (inspirado en el polo: sosten y comodidad en deporte de alta velocidad y equilibrio)  Tambi\u00e9n puede dise\u00f1ar su propia montura, tipo de cuero, colores (negro, gris, marr\u00f3n, azul, rojo, amarillo, \u2026), doble falda o simple con faldita, iniciales, \u2026  Esta silla encajar\u00e1 perfectamente con su caballo y es muy c\u00f3moda para el jinete.  Hecho en Argentina","og_url":"https:\/\/www.spiritofpolo.com\/es\/producto\/montura-equitacion-y-horse-ball-pato","og_site_name":"Spirit of Polo - Spirit of Jumping","article_modified_time":"2019-10-30T23:24:49+00:00","og_image":[{"width":555,"height":710,"url":"https:\/\/www.spiritofpolo.com\/wp-content\/uploads\/Montura-Polo-Negra-1.jpg","type":"image\/jpeg"}],"twitter_card":"summary_large_image","schema":{"@context":"https:\/\/schema.org","@graph":[{"@type":"WebPage","@id":"https:\/\/www.spiritofpolo.com\/es\/producto\/montura-equitacion-y-horse-ball-pato","url":"https:\/\/www.spiritofpolo.com\/es\/producto\/montura-equitacion-y-horse-ball-pato","name":"MONTURA EQUITACION Y HORSE BALL \/ PATO - Spirit of Polo - Spirit of Jumping","isPartOf":{"@id":"https:\/\/www.spiritofpolo.com\/es#website"},"datePublished":"2019-02-16T13:19:49+00:00","dateModified":"2019-10-30T23:24:49+00:00","breadcrumb":{"@id":"https:\/\/www.spiritofpolo.com\/es\/producto\/montura-equitacion-y-horse-ball-pato#breadcrumb"},"inLanguage":"es","potentialAction":[{"@type":"ReadAction","target":["https:\/\/www.spiritofpolo.com\/es\/producto\/montura-equitacion-y-horse-ball-pato"]}]},{"@type":"BreadcrumbList","@id":"https:\/\/www.spiritofpolo.com\/es\/producto\/montura-equitacion-y-horse-ball-pato#breadcrumb","itemListElement":[{"@type":"ListItem","position":1,"name":"Home","item":"https:\/\/www.spiritofpolo.com\/es"},{"@type":"ListItem","position":2,"name":"Tienda","item":"https:\/\/www.spiritofpolo.com\/es\/tienda"},{"@type":"ListItem","position":3,"name":"MONTURA EQUITACION Y HORSE BALL \/ PATO"}]},{"@type":"WebSite","@id":"https:\/\/www.spiritofpolo.com\/es#website","url":"https:\/\/www.spiritofpolo.com\/es","name":"Spirit of Polo - Spirit of Jumping","description":"Argentine Polo Products","publisher":{"@id":"https:\/\/www.spiritofpolo.com\/es#organization"},"potentialAction":[{"@type":"SearchAction","target":{"@type":"EntryPoint","urlTemplate":"https:\/\/www.spiritofpolo.com\/es?s={search_term_string}"},"query-input":"required name=search_term_string"}],"inLanguage":"es"},{"@type":"Organization","@id":"https:\/\/www.spiritofpolo.com\/es#organization","name":"Spirit of Polo - Spirit of Jumping","url":"https:\/\/www.spiritofpolo.com\/es","logo":{"@type":"ImageObject","inLanguage":"es","@id":"https:\/\/www.spiritofpolo.com\/es#\/schema\/logo\/image\/","url":"","contentUrl":"","caption":"Spirit of Polo - Spirit of Jumping"},"image":{"@id":"https:\/\/www.spiritofpolo.com\/es#\/schema\/logo\/image\/"}}]}},"tiered_pricing_type":"fixed","tiered_pricing_fixed_rules":[],"tiered_pricing_product_settings":{"layout":"default","base_unit_name":{"singular":null,"plural":null},"default_variation":null},"tiered_pricing_minimum_quantity":null,"tiered_pricing_roles_data":[],"tiered_pricing_percentage_rules":[],"_links":{"self":[{"href":"https:\/\/www.spiritofpolo.com\/es\/wp-json\/wp\/v2\/product\/8490"}],"collection":[{"href":"https:\/\/www.spiritofpolo.com\/es\/wp-json\/wp\/v2\/product"}],"about":[{"href":"https:\/\/www.spiritofpolo.com\/es\/wp-json\/wp\/v2\/types\/product"}],"replies":[{"embeddable":true,"href":"https:\/\/www.spiritofpolo.com\/es\/wp-json\/wp\/v2\/comments?post=8490"}],"wp:featuredmedia":[{"embeddable":true,"href":"https:\/\/www.spiritofpolo.com\/es\/wp-json\/wp\/v2\/media\/12177"}],"wp:attachment":[{"href":"https:\/\/www.spiritofpolo.com\/es\/wp-json\/wp\/v2\/media?parent=8490"}],"wp:term":[{"taxonomy":"product_cat","embeddable":true,"href":"https:\/\/www.spiritofpolo.com\/es\/wp-json\/wp\/v2\/product_cat?post=8490"},{"taxonomy":"product_tag","embeddable":true,"href":"https:\/\/www.spiritofpolo.com\/es\/wp-json\/wp\/v2\/product_tag?post=8490"}],"curies":[{"name":"wp","href":"https:\/\/api.w.org\/{rel}","templated":true}]}}