{"id":9484,"date":"2019-06-24T08:00:25","date_gmt":"2019-06-24T08:00:25","guid":{"rendered":"https:\/\/spiritofpolo.com\/product\/pulsera"},"modified":"2020-05-15T13:50:13","modified_gmt":"2020-05-15T13:50:13","slug":"pulsera-freno-plateada","status":"publish","type":"product","link":"https:\/\/www.spiritofpolo.com\/es\/producto\/pulsera-freno-plateada","title":{"rendered":"Pulsera Freno Plateada"},"content":{"rendered":"","protected":false},"excerpt":{"rendered":"<p><span class=\"tlid-translation translation\" lang=\"es\"><span class=\"\" title=\"\">F\u00e1cil de usar en todas las ocasiones, longitud ajustable m\u00e1s o menos 3 cm.<\/span> <span class=\"\" title=\"\">Tratamiento plateado garantizado sin n\u00edquel. <\/span><\/span><span class=\"\" title=\"\">Cord\u00f3n de algod\u00f3n satinado, lavable.<\/span><\/p>\n<p>Hecha en Francia <span class=\"st\">&#x1f1eb;&#x1f1f7;<\/span><\/p>\n","protected":false},"featured_media":9487,"comment_status":"open","ping_status":"closed","template":"","meta":[],"product_cat":[2033,669,2228,2225,2222],"product_tag":[],"acf":[],"yoast_head":"<!-- This site is optimized with the Yoast SEO plugin v19.14 - https:\/\/yoast.com\/wordpress\/plugins\/seo\/ -->\n<title>Pulsera Freno Plateada - Spirit of Polo - Spirit of Jumping<\/title>\n<meta name=\"description\" content=\"F\u00e1cil de usar en todas las ocasiones, longitud ajustable m\u00e1s o menos 3 cm. Tratamiento plateado garantizado sin n\u00edquel.\" \/>\n<meta name=\"robots\" content=\"index, follow, max-snippet:-1, max-image-preview:large, max-video-preview:-1\" \/>\n<link rel=\"canonical\" href=\"https:\/\/www.spiritofpolo.com\/es\/producto\/pulsera-freno-plateada\" \/>\n<meta property=\"og:locale\" content=\"es_ES\" \/>\n<meta property=\"og:type\" content=\"article\" \/>\n<meta property=\"og:title\" content=\"Pulsera Freno Plateada - Spirit of Polo - Spirit of Jumping\" \/>\n<meta property=\"og:description\" content=\"F\u00e1cil de usar en todas las ocasiones, longitud ajustable m\u00e1s o menos 3 cm. Tratamiento plateado garantizado sin n\u00edquel.\" \/>\n<meta property=\"og:url\" content=\"https:\/\/www.spiritofpolo.com\/es\/producto\/pulsera-freno-plateada\" \/>\n<meta property=\"og:site_name\" content=\"Spirit of Polo - Spirit of Jumping\" \/>\n<meta property=\"article:modified_time\" content=\"2020-05-15T13:50:13+00:00\" \/>\n<meta property=\"og:image\" content=\"https:\/\/www.spiritofpolo.com\/wp-content\/uploads\/Pulsera-Freno.jpg\" \/>\n\t<meta property=\"og:image:width\" content=\"555\" \/>\n\t<meta property=\"og:image:height\" content=\"710\" \/>\n\t<meta property=\"og:image:type\" content=\"image\/jpeg\" \/>\n<meta name=\"twitter:card\" content=\"summary_large_image\" \/>\n<script type=\"application\/ld+json\" class=\"yoast-schema-graph\">{\"@context\":\"https:\/\/schema.org\",\"@graph\":[{\"@type\":\"WebPage\",\"@id\":\"https:\/\/www.spiritofpolo.com\/es\/producto\/pulsera-freno-plateada\",\"url\":\"https:\/\/www.spiritofpolo.com\/es\/producto\/pulsera-freno-plateada\",\"name\":\"Pulsera Freno Plateada - Spirit of Polo - Spirit of Jumping\",\"isPartOf\":{\"@id\":\"https:\/\/www.spiritofpolo.com\/es#website\"},\"datePublished\":\"2019-06-24T08:00:25+00:00\",\"dateModified\":\"2020-05-15T13:50:13+00:00\",\"description\":\"F\u00e1cil de usar en todas las ocasiones, longitud ajustable m\u00e1s o menos 3 cm. Tratamiento plateado garantizado sin n\u00edquel.\",\"breadcrumb\":{\"@id\":\"https:\/\/www.spiritofpolo.com\/es\/producto\/pulsera-freno-plateada#breadcrumb\"},\"inLanguage\":\"es\",\"potentialAction\":[{\"@type\":\"ReadAction\",\"target\":[\"https:\/\/www.spiritofpolo.com\/es\/producto\/pulsera-freno-plateada\"]}]},{\"@type\":\"BreadcrumbList\",\"@id\":\"https:\/\/www.spiritofpolo.com\/es\/producto\/pulsera-freno-plateada#breadcrumb\",\"itemListElement\":[{\"@type\":\"ListItem\",\"position\":1,\"name\":\"Home\",\"item\":\"https:\/\/www.spiritofpolo.com\/es\"},{\"@type\":\"ListItem\",\"position\":2,\"name\":\"Tienda\",\"item\":\"https:\/\/www.spiritofpolo.com\/es\/tienda\"},{\"@type\":\"ListItem\",\"position\":3,\"name\":\"Pulsera Freno Plateada\"}]},{\"@type\":\"WebSite\",\"@id\":\"https:\/\/www.spiritofpolo.com\/es#website\",\"url\":\"https:\/\/www.spiritofpolo.com\/es\",\"name\":\"Spirit of Polo - Spirit of Jumping\",\"description\":\"Argentine Polo Products\",\"publisher\":{\"@id\":\"https:\/\/www.spiritofpolo.com\/es#organization\"},\"potentialAction\":[{\"@type\":\"SearchAction\",\"target\":{\"@type\":\"EntryPoint\",\"urlTemplate\":\"https:\/\/www.spiritofpolo.com\/es?s={search_term_string}\"},\"query-input\":\"required name=search_term_string\"}],\"inLanguage\":\"es\"},{\"@type\":\"Organization\",\"@id\":\"https:\/\/www.spiritofpolo.com\/es#organization\",\"name\":\"Spirit of Polo - Spirit of Jumping\",\"url\":\"https:\/\/www.spiritofpolo.com\/es\",\"logo\":{\"@type\":\"ImageObject\",\"inLanguage\":\"es\",\"@id\":\"https:\/\/www.spiritofpolo.com\/es#\/schema\/logo\/image\/\",\"url\":\"\",\"contentUrl\":\"\",\"caption\":\"Spirit of Polo - Spirit of Jumping\"},\"image\":{\"@id\":\"https:\/\/www.spiritofpolo.com\/es#\/schema\/logo\/image\/\"}}]}<\/script>\n<!-- \/ Yoast SEO plugin. -->","yoast_head_json":{"title":"Pulsera Freno Plateada - Spirit of Polo - Spirit of Jumping","description":"F\u00e1cil de usar en todas las ocasiones, longitud ajustable m\u00e1s o menos 3 cm. Tratamiento plateado garantizado sin n\u00edquel.","robots":{"index":"index","follow":"follow","max-snippet":"max-snippet:-1","max-image-preview":"max-image-preview:large","max-video-preview":"max-video-preview:-1"},"canonical":"https:\/\/www.spiritofpolo.com\/es\/producto\/pulsera-freno-plateada","og_locale":"es_ES","og_type":"article","og_title":"Pulsera Freno Plateada - Spirit of Polo - Spirit of Jumping","og_description":"F\u00e1cil de usar en todas las ocasiones, longitud ajustable m\u00e1s o menos 3 cm. Tratamiento plateado garantizado sin n\u00edquel.","og_url":"https:\/\/www.spiritofpolo.com\/es\/producto\/pulsera-freno-plateada","og_site_name":"Spirit of Polo - Spirit of Jumping","article_modified_time":"2020-05-15T13:50:13+00:00","og_image":[{"width":555,"height":710,"url":"https:\/\/www.spiritofpolo.com\/wp-content\/uploads\/Pulsera-Freno.jpg","type":"image\/jpeg"}],"twitter_card":"summary_large_image","schema":{"@context":"https:\/\/schema.org","@graph":[{"@type":"WebPage","@id":"https:\/\/www.spiritofpolo.com\/es\/producto\/pulsera-freno-plateada","url":"https:\/\/www.spiritofpolo.com\/es\/producto\/pulsera-freno-plateada","name":"Pulsera Freno Plateada - Spirit of Polo - Spirit of Jumping","isPartOf":{"@id":"https:\/\/www.spiritofpolo.com\/es#website"},"datePublished":"2019-06-24T08:00:25+00:00","dateModified":"2020-05-15T13:50:13+00:00","description":"F\u00e1cil de usar en todas las ocasiones, longitud ajustable m\u00e1s o menos 3 cm. Tratamiento plateado garantizado sin n\u00edquel.","breadcrumb":{"@id":"https:\/\/www.spiritofpolo.com\/es\/producto\/pulsera-freno-plateada#breadcrumb"},"inLanguage":"es","potentialAction":[{"@type":"ReadAction","target":["https:\/\/www.spiritofpolo.com\/es\/producto\/pulsera-freno-plateada"]}]},{"@type":"BreadcrumbList","@id":"https:\/\/www.spiritofpolo.com\/es\/producto\/pulsera-freno-plateada#breadcrumb","itemListElement":[{"@type":"ListItem","position":1,"name":"Home","item":"https:\/\/www.spiritofpolo.com\/es"},{"@type":"ListItem","position":2,"name":"Tienda","item":"https:\/\/www.spiritofpolo.com\/es\/tienda"},{"@type":"ListItem","position":3,"name":"Pulsera Freno Plateada"}]},{"@type":"WebSite","@id":"https:\/\/www.spiritofpolo.com\/es#website","url":"https:\/\/www.spiritofpolo.com\/es","name":"Spirit of Polo - Spirit of Jumping","description":"Argentine Polo Products","publisher":{"@id":"https:\/\/www.spiritofpolo.com\/es#organization"},"potentialAction":[{"@type":"SearchAction","target":{"@type":"EntryPoint","urlTemplate":"https:\/\/www.spiritofpolo.com\/es?s={search_term_string}"},"query-input":"required name=search_term_string"}],"inLanguage":"es"},{"@type":"Organization","@id":"https:\/\/www.spiritofpolo.com\/es#organization","name":"Spirit of Polo - Spirit of Jumping","url":"https:\/\/www.spiritofpolo.com\/es","logo":{"@type":"ImageObject","inLanguage":"es","@id":"https:\/\/www.spiritofpolo.com\/es#\/schema\/logo\/image\/","url":"","contentUrl":"","caption":"Spirit of Polo - Spirit of Jumping"},"image":{"@id":"https:\/\/www.spiritofpolo.com\/es#\/schema\/logo\/image\/"}}]}},"tiered_pricing_type":"fixed","tiered_pricing_fixed_rules":[],"tiered_pricing_product_settings":{"layout":"default","base_unit_name":{"singular":null,"plural":null},"default_variation":null},"tiered_pricing_minimum_quantity":null,"tiered_pricing_roles_data":[],"tiered_pricing_percentage_rules":[],"_links":{"self":[{"href":"https:\/\/www.spiritofpolo.com\/es\/wp-json\/wp\/v2\/product\/9484"}],"collection":[{"href":"https:\/\/www.spiritofpolo.com\/es\/wp-json\/wp\/v2\/product"}],"about":[{"href":"https:\/\/www.spiritofpolo.com\/es\/wp-json\/wp\/v2\/types\/product"}],"replies":[{"embeddable":true,"href":"https:\/\/www.spiritofpolo.com\/es\/wp-json\/wp\/v2\/comments?post=9484"}],"wp:featuredmedia":[{"embeddable":true,"href":"https:\/\/www.spiritofpolo.com\/es\/wp-json\/wp\/v2\/media\/9487"}],"wp:attachment":[{"href":"https:\/\/www.spiritofpolo.com\/es\/wp-json\/wp\/v2\/media?parent=9484"}],"wp:term":[{"taxonomy":"product_cat","embeddable":true,"href":"https:\/\/www.spiritofpolo.com\/es\/wp-json\/wp\/v2\/product_cat?post=9484"},{"taxonomy":"product_tag","embeddable":true,"href":"https:\/\/www.spiritofpolo.com\/es\/wp-json\/wp\/v2\/product_tag?post=9484"}],"curies":[{"name":"wp","href":"https:\/\/api.w.org\/{rel}","templated":true}]}}