{"id":9937,"date":"2019-07-22T17:35:08","date_gmt":"2019-07-22T17:35:08","guid":{"rendered":"https:\/\/spiritofpolo.com\/product\/tosoni-jodhpurs-mujer"},"modified":"2019-07-22T17:35:08","modified_gmt":"2019-07-22T17:35:08","slug":"tosoni-jodhpurs-mujer","status":"publish","type":"product","link":"https:\/\/www.spiritofpolo.com\/es\/producto\/tosoni-jodhpurs-mujer","title":{"rendered":"TOSONI Jodhpurs Mujer"},"content":{"rendered":"<p>Los jodhpurs de equitaci\u00f3n de mujer Tosoni son c\u00f3modos y pr\u00e1cticos.<\/p>\n<p>Caracter\u00edsticas: 95% algod\u00f3n, 5% lycra, son elastizados y ajustados, se adaptan perfectamente a la pierna de manera anat\u00f3mica.<\/p>\n<p>Tienen cierre con cremallera y bot\u00f3n y un bolsillo con cremallera.   Brindan la m\u00e1xima libertad de movimiento y son ideales para el tiempo y para los entrenamientos.<\/p>\n<p>Tiro alto.<\/p>\n<p>FABRICADOS EN ITALIA<\/p>\n","protected":false},"excerpt":{"rendered":"<p>Los jodhpurs de equitaci\u00f3n de mujer Tosoni son c\u00f3modos y pr\u00e1cticos. Caracter\u00edsticas: 95% algod\u00f3n, 5% lycra, son elastizados y ajustados, se adaptan perfectamente a la pierna de manera anat\u00f3mica. Tienen cierre con cremallera y bot\u00f3n y un bolsillo con cremallera. Brindan la m\u00e1xima libertad de movimiento y son ideales para el tiempo y para los entrenamientos. Tiro alto. FABRICADOS EN ITALIA<\/p>\n","protected":false},"featured_media":9933,"comment_status":"open","ping_status":"closed","template":"","meta":[],"product_cat":[2033,2037,2253,2046],"product_tag":[],"acf":[],"yoast_head":"<!-- This site is optimized with the Yoast SEO plugin v19.14 - https:\/\/yoast.com\/wordpress\/plugins\/seo\/ -->\n<title>TOSONI Jodhpurs Mujer - Spirit of Polo - Spirit of Jumping<\/title>\n<meta name=\"robots\" content=\"index, follow, max-snippet:-1, max-image-preview:large, max-video-preview:-1\" \/>\n<link rel=\"canonical\" href=\"https:\/\/www.spiritofpolo.com\/es\/producto\/tosoni-jodhpurs-mujer\" \/>\n<meta property=\"og:locale\" content=\"es_ES\" \/>\n<meta property=\"og:type\" content=\"article\" \/>\n<meta property=\"og:title\" content=\"TOSONI Jodhpurs Mujer - Spirit of Polo - Spirit of Jumping\" \/>\n<meta property=\"og:description\" content=\"Los jodhpurs de equitaci\u00f3n de mujer Tosoni son c\u00f3modos y pr\u00e1cticos. Caracter\u00edsticas: 95% algod\u00f3n, 5% lycra, son elastizados y ajustados, se adaptan perfectamente a la pierna de manera anat\u00f3mica. Tienen cierre con cremallera y bot\u00f3n y un bolsillo con cremallera. Brindan la m\u00e1xima libertad de movimiento y son ideales para el tiempo y para los entrenamientos. Tiro alto. FABRICADOS EN ITALIA\" \/>\n<meta property=\"og:url\" content=\"https:\/\/www.spiritofpolo.com\/es\/producto\/tosoni-jodhpurs-mujer\" \/>\n<meta property=\"og:site_name\" content=\"Spirit of Polo - Spirit of Jumping\" \/>\n<meta property=\"og:image\" content=\"https:\/\/www.spiritofpolo.com\/wp-content\/uploads\/Tosoni-Ladies-Jodhpurs.jpg\" \/>\n\t<meta property=\"og:image:width\" content=\"555\" \/>\n\t<meta property=\"og:image:height\" content=\"710\" \/>\n\t<meta property=\"og:image:type\" content=\"image\/jpeg\" \/>\n<meta name=\"twitter:card\" content=\"summary_large_image\" \/>\n<script type=\"application\/ld+json\" class=\"yoast-schema-graph\">{\"@context\":\"https:\/\/schema.org\",\"@graph\":[{\"@type\":\"WebPage\",\"@id\":\"https:\/\/www.spiritofpolo.com\/es\/producto\/tosoni-jodhpurs-mujer\",\"url\":\"https:\/\/www.spiritofpolo.com\/es\/producto\/tosoni-jodhpurs-mujer\",\"name\":\"TOSONI Jodhpurs Mujer - Spirit of Polo - Spirit of Jumping\",\"isPartOf\":{\"@id\":\"https:\/\/www.spiritofpolo.com\/es#website\"},\"datePublished\":\"2019-07-22T17:35:08+00:00\",\"dateModified\":\"2019-07-22T17:35:08+00:00\",\"breadcrumb\":{\"@id\":\"https:\/\/www.spiritofpolo.com\/es\/producto\/tosoni-jodhpurs-mujer#breadcrumb\"},\"inLanguage\":\"es\",\"potentialAction\":[{\"@type\":\"ReadAction\",\"target\":[\"https:\/\/www.spiritofpolo.com\/es\/producto\/tosoni-jodhpurs-mujer\"]}]},{\"@type\":\"BreadcrumbList\",\"@id\":\"https:\/\/www.spiritofpolo.com\/es\/producto\/tosoni-jodhpurs-mujer#breadcrumb\",\"itemListElement\":[{\"@type\":\"ListItem\",\"position\":1,\"name\":\"Home\",\"item\":\"https:\/\/www.spiritofpolo.com\/es\"},{\"@type\":\"ListItem\",\"position\":2,\"name\":\"Tienda\",\"item\":\"https:\/\/www.spiritofpolo.com\/es\/tienda\"},{\"@type\":\"ListItem\",\"position\":3,\"name\":\"TOSONI Jodhpurs Mujer\"}]},{\"@type\":\"WebSite\",\"@id\":\"https:\/\/www.spiritofpolo.com\/es#website\",\"url\":\"https:\/\/www.spiritofpolo.com\/es\",\"name\":\"Spirit of Polo - Spirit of Jumping\",\"description\":\"Argentine Polo Products\",\"publisher\":{\"@id\":\"https:\/\/www.spiritofpolo.com\/es#organization\"},\"potentialAction\":[{\"@type\":\"SearchAction\",\"target\":{\"@type\":\"EntryPoint\",\"urlTemplate\":\"https:\/\/www.spiritofpolo.com\/es?s={search_term_string}\"},\"query-input\":\"required name=search_term_string\"}],\"inLanguage\":\"es\"},{\"@type\":\"Organization\",\"@id\":\"https:\/\/www.spiritofpolo.com\/es#organization\",\"name\":\"Spirit of Polo - Spirit of Jumping\",\"url\":\"https:\/\/www.spiritofpolo.com\/es\",\"logo\":{\"@type\":\"ImageObject\",\"inLanguage\":\"es\",\"@id\":\"https:\/\/www.spiritofpolo.com\/es#\/schema\/logo\/image\/\",\"url\":\"\",\"contentUrl\":\"\",\"caption\":\"Spirit of Polo - Spirit of Jumping\"},\"image\":{\"@id\":\"https:\/\/www.spiritofpolo.com\/es#\/schema\/logo\/image\/\"}}]}<\/script>\n<!-- \/ Yoast SEO plugin. -->","yoast_head_json":{"title":"TOSONI Jodhpurs Mujer - Spirit of Polo - Spirit of Jumping","robots":{"index":"index","follow":"follow","max-snippet":"max-snippet:-1","max-image-preview":"max-image-preview:large","max-video-preview":"max-video-preview:-1"},"canonical":"https:\/\/www.spiritofpolo.com\/es\/producto\/tosoni-jodhpurs-mujer","og_locale":"es_ES","og_type":"article","og_title":"TOSONI Jodhpurs Mujer - Spirit of Polo - Spirit of Jumping","og_description":"Los jodhpurs de equitaci\u00f3n de mujer Tosoni son c\u00f3modos y pr\u00e1cticos. Caracter\u00edsticas: 95% algod\u00f3n, 5% lycra, son elastizados y ajustados, se adaptan perfectamente a la pierna de manera anat\u00f3mica. Tienen cierre con cremallera y bot\u00f3n y un bolsillo con cremallera. Brindan la m\u00e1xima libertad de movimiento y son ideales para el tiempo y para los entrenamientos. Tiro alto. FABRICADOS EN ITALIA","og_url":"https:\/\/www.spiritofpolo.com\/es\/producto\/tosoni-jodhpurs-mujer","og_site_name":"Spirit of Polo - Spirit of Jumping","og_image":[{"width":555,"height":710,"url":"https:\/\/www.spiritofpolo.com\/wp-content\/uploads\/Tosoni-Ladies-Jodhpurs.jpg","type":"image\/jpeg"}],"twitter_card":"summary_large_image","schema":{"@context":"https:\/\/schema.org","@graph":[{"@type":"WebPage","@id":"https:\/\/www.spiritofpolo.com\/es\/producto\/tosoni-jodhpurs-mujer","url":"https:\/\/www.spiritofpolo.com\/es\/producto\/tosoni-jodhpurs-mujer","name":"TOSONI Jodhpurs Mujer - Spirit of Polo - Spirit of Jumping","isPartOf":{"@id":"https:\/\/www.spiritofpolo.com\/es#website"},"datePublished":"2019-07-22T17:35:08+00:00","dateModified":"2019-07-22T17:35:08+00:00","breadcrumb":{"@id":"https:\/\/www.spiritofpolo.com\/es\/producto\/tosoni-jodhpurs-mujer#breadcrumb"},"inLanguage":"es","potentialAction":[{"@type":"ReadAction","target":["https:\/\/www.spiritofpolo.com\/es\/producto\/tosoni-jodhpurs-mujer"]}]},{"@type":"BreadcrumbList","@id":"https:\/\/www.spiritofpolo.com\/es\/producto\/tosoni-jodhpurs-mujer#breadcrumb","itemListElement":[{"@type":"ListItem","position":1,"name":"Home","item":"https:\/\/www.spiritofpolo.com\/es"},{"@type":"ListItem","position":2,"name":"Tienda","item":"https:\/\/www.spiritofpolo.com\/es\/tienda"},{"@type":"ListItem","position":3,"name":"TOSONI Jodhpurs Mujer"}]},{"@type":"WebSite","@id":"https:\/\/www.spiritofpolo.com\/es#website","url":"https:\/\/www.spiritofpolo.com\/es","name":"Spirit of Polo - Spirit of Jumping","description":"Argentine Polo Products","publisher":{"@id":"https:\/\/www.spiritofpolo.com\/es#organization"},"potentialAction":[{"@type":"SearchAction","target":{"@type":"EntryPoint","urlTemplate":"https:\/\/www.spiritofpolo.com\/es?s={search_term_string}"},"query-input":"required name=search_term_string"}],"inLanguage":"es"},{"@type":"Organization","@id":"https:\/\/www.spiritofpolo.com\/es#organization","name":"Spirit of Polo - Spirit of Jumping","url":"https:\/\/www.spiritofpolo.com\/es","logo":{"@type":"ImageObject","inLanguage":"es","@id":"https:\/\/www.spiritofpolo.com\/es#\/schema\/logo\/image\/","url":"","contentUrl":"","caption":"Spirit of Polo - Spirit of Jumping"},"image":{"@id":"https:\/\/www.spiritofpolo.com\/es#\/schema\/logo\/image\/"}}]}},"tiered_pricing_type":"fixed","tiered_pricing_fixed_rules":[],"tiered_pricing_product_settings":{"layout":"default","base_unit_name":{"singular":null,"plural":null},"default_variation":null},"tiered_pricing_minimum_quantity":null,"tiered_pricing_roles_data":[],"tiered_pricing_percentage_rules":[],"_links":{"self":[{"href":"https:\/\/www.spiritofpolo.com\/es\/wp-json\/wp\/v2\/product\/9937"}],"collection":[{"href":"https:\/\/www.spiritofpolo.com\/es\/wp-json\/wp\/v2\/product"}],"about":[{"href":"https:\/\/www.spiritofpolo.com\/es\/wp-json\/wp\/v2\/types\/product"}],"replies":[{"embeddable":true,"href":"https:\/\/www.spiritofpolo.com\/es\/wp-json\/wp\/v2\/comments?post=9937"}],"wp:featuredmedia":[{"embeddable":true,"href":"https:\/\/www.spiritofpolo.com\/es\/wp-json\/wp\/v2\/media\/9933"}],"wp:attachment":[{"href":"https:\/\/www.spiritofpolo.com\/es\/wp-json\/wp\/v2\/media?parent=9937"}],"wp:term":[{"taxonomy":"product_cat","embeddable":true,"href":"https:\/\/www.spiritofpolo.com\/es\/wp-json\/wp\/v2\/product_cat?post=9937"},{"taxonomy":"product_tag","embeddable":true,"href":"https:\/\/www.spiritofpolo.com\/es\/wp-json\/wp\/v2\/product_tag?post=9937"}],"curies":[{"name":"wp","href":"https:\/\/api.w.org\/{rel}","templated":true}]}}