{"id":9946,"date":"2019-07-22T17:45:43","date_gmt":"2019-07-22T17:45:43","guid":{"rendered":"https:\/\/spiritofpolo.com\/product\/horses-guantes-de-equitacion-sarajevo"},"modified":"2019-07-22T17:45:43","modified_gmt":"2019-07-22T17:45:43","slug":"horses-guantes-de-equitacion-sarajevo","status":"publish","type":"product","link":"https:\/\/www.spiritofpolo.com\/es\/producto\/horses-guantes-de-equitacion-sarajevo","title":{"rendered":"HORSES Guantes de Equitaci\u00f3n \u201cSarajevo\u201d"},"content":{"rendered":"<p>Guantes de montar Horses mod. Sarajevo, perfectos para el verano. El dorso est\u00e1 hecho en una malla el\u00e1stica que permite un pasaje continuo de aire, la palma est\u00e1 hecha en similpiel ligera y  durable a fin de garantizar el m\u00e1ximo agarre y contacto con las riendas. Se visten como una segunda piel. Tienen refuerzos en los dedos y en la palma pare ser s\u00faper resistentes.<br \/>\nCierre con tira de velcro, tienen el logotipo Horses impreso en el cierre.<\/p>\n<p>HECHO EN ITALIA<\/p>\n","protected":false},"excerpt":{"rendered":"<p>Guantes de montar Horses mod. Sarajevo, perfectos para el verano. El dorso est\u00e1 hecho en una malla el\u00e1stica que permite un pasaje continuo de aire, la palma est\u00e1 hecha en similpiel ligera y durable a fin de garantizar el m\u00e1ximo agarre y contacto con las riendas. Se visten como una segunda piel. Tienen refuerzos en los dedos y en la palma pare ser s\u00faper resistentes. Cierre con tira de velcro, tienen el logotipo Horses impreso&hellip;<\/p>\n","protected":false},"featured_media":9950,"comment_status":"open","ping_status":"closed","template":"","meta":[],"product_cat":[2033,2211,2037,343],"product_tag":[],"acf":[],"yoast_head":"<!-- This site is optimized with the Yoast SEO plugin v19.14 - https:\/\/yoast.com\/wordpress\/plugins\/seo\/ -->\n<title>HORSES Guantes de Equitaci\u00f3n \u201cSarajevo\u201d - Spirit of Polo - Spirit of Jumping<\/title>\n<meta name=\"robots\" content=\"index, follow, max-snippet:-1, max-image-preview:large, max-video-preview:-1\" \/>\n<link rel=\"canonical\" href=\"https:\/\/www.spiritofpolo.com\/es\/producto\/horses-guantes-de-equitacion-sarajevo\" \/>\n<meta property=\"og:locale\" content=\"es_ES\" \/>\n<meta property=\"og:type\" content=\"article\" \/>\n<meta property=\"og:title\" content=\"HORSES Guantes de Equitaci\u00f3n \u201cSarajevo\u201d - Spirit of Polo - Spirit of Jumping\" \/>\n<meta property=\"og:description\" content=\"Guantes de montar Horses mod. Sarajevo, perfectos para el verano. El dorso est\u00e1 hecho en una malla el\u00e1stica que permite un pasaje continuo de aire, la palma est\u00e1 hecha en similpiel ligera y durable a fin de garantizar el m\u00e1ximo agarre y contacto con las riendas. Se visten como una segunda piel. Tienen refuerzos en los dedos y en la palma pare ser s\u00faper resistentes. Cierre con tira de velcro, tienen el logotipo Horses impreso&hellip;\" \/>\n<meta property=\"og:url\" content=\"https:\/\/www.spiritofpolo.com\/es\/producto\/horses-guantes-de-equitacion-sarajevo\" \/>\n<meta property=\"og:site_name\" content=\"Spirit of Polo - Spirit of Jumping\" \/>\n<meta property=\"og:image\" content=\"https:\/\/www.spiritofpolo.com\/wp-content\/uploads\/SARAJEVO-Guante-1.jpg\" \/>\n\t<meta property=\"og:image:width\" content=\"555\" \/>\n\t<meta property=\"og:image:height\" content=\"710\" \/>\n\t<meta property=\"og:image:type\" content=\"image\/jpeg\" \/>\n<meta name=\"twitter:card\" content=\"summary_large_image\" \/>\n<script type=\"application\/ld+json\" class=\"yoast-schema-graph\">{\"@context\":\"https:\/\/schema.org\",\"@graph\":[{\"@type\":\"WebPage\",\"@id\":\"https:\/\/www.spiritofpolo.com\/es\/producto\/horses-guantes-de-equitacion-sarajevo\",\"url\":\"https:\/\/www.spiritofpolo.com\/es\/producto\/horses-guantes-de-equitacion-sarajevo\",\"name\":\"HORSES Guantes de Equitaci\u00f3n \u201cSarajevo\u201d - Spirit of Polo - Spirit of Jumping\",\"isPartOf\":{\"@id\":\"https:\/\/www.spiritofpolo.com\/es#website\"},\"datePublished\":\"2019-07-22T17:45:43+00:00\",\"dateModified\":\"2019-07-22T17:45:43+00:00\",\"breadcrumb\":{\"@id\":\"https:\/\/www.spiritofpolo.com\/es\/producto\/horses-guantes-de-equitacion-sarajevo#breadcrumb\"},\"inLanguage\":\"es\",\"potentialAction\":[{\"@type\":\"ReadAction\",\"target\":[\"https:\/\/www.spiritofpolo.com\/es\/producto\/horses-guantes-de-equitacion-sarajevo\"]}]},{\"@type\":\"BreadcrumbList\",\"@id\":\"https:\/\/www.spiritofpolo.com\/es\/producto\/horses-guantes-de-equitacion-sarajevo#breadcrumb\",\"itemListElement\":[{\"@type\":\"ListItem\",\"position\":1,\"name\":\"Home\",\"item\":\"https:\/\/www.spiritofpolo.com\/es\"},{\"@type\":\"ListItem\",\"position\":2,\"name\":\"Tienda\",\"item\":\"https:\/\/www.spiritofpolo.com\/es\/tienda\"},{\"@type\":\"ListItem\",\"position\":3,\"name\":\"HORSES Guantes de Equitaci\u00f3n \u201cSarajevo\u201d\"}]},{\"@type\":\"WebSite\",\"@id\":\"https:\/\/www.spiritofpolo.com\/es#website\",\"url\":\"https:\/\/www.spiritofpolo.com\/es\",\"name\":\"Spirit of Polo - Spirit of Jumping\",\"description\":\"Argentine Polo Products\",\"publisher\":{\"@id\":\"https:\/\/www.spiritofpolo.com\/es#organization\"},\"potentialAction\":[{\"@type\":\"SearchAction\",\"target\":{\"@type\":\"EntryPoint\",\"urlTemplate\":\"https:\/\/www.spiritofpolo.com\/es?s={search_term_string}\"},\"query-input\":\"required name=search_term_string\"}],\"inLanguage\":\"es\"},{\"@type\":\"Organization\",\"@id\":\"https:\/\/www.spiritofpolo.com\/es#organization\",\"name\":\"Spirit of Polo - Spirit of Jumping\",\"url\":\"https:\/\/www.spiritofpolo.com\/es\",\"logo\":{\"@type\":\"ImageObject\",\"inLanguage\":\"es\",\"@id\":\"https:\/\/www.spiritofpolo.com\/es#\/schema\/logo\/image\/\",\"url\":\"\",\"contentUrl\":\"\",\"caption\":\"Spirit of Polo - Spirit of Jumping\"},\"image\":{\"@id\":\"https:\/\/www.spiritofpolo.com\/es#\/schema\/logo\/image\/\"}}]}<\/script>\n<!-- \/ Yoast SEO plugin. -->","yoast_head_json":{"title":"HORSES Guantes de Equitaci\u00f3n \u201cSarajevo\u201d - Spirit of Polo - Spirit of Jumping","robots":{"index":"index","follow":"follow","max-snippet":"max-snippet:-1","max-image-preview":"max-image-preview:large","max-video-preview":"max-video-preview:-1"},"canonical":"https:\/\/www.spiritofpolo.com\/es\/producto\/horses-guantes-de-equitacion-sarajevo","og_locale":"es_ES","og_type":"article","og_title":"HORSES Guantes de Equitaci\u00f3n \u201cSarajevo\u201d - Spirit of Polo - Spirit of Jumping","og_description":"Guantes de montar Horses mod. Sarajevo, perfectos para el verano. El dorso est\u00e1 hecho en una malla el\u00e1stica que permite un pasaje continuo de aire, la palma est\u00e1 hecha en similpiel ligera y durable a fin de garantizar el m\u00e1ximo agarre y contacto con las riendas. Se visten como una segunda piel. Tienen refuerzos en los dedos y en la palma pare ser s\u00faper resistentes. Cierre con tira de velcro, tienen el logotipo Horses impreso&hellip;","og_url":"https:\/\/www.spiritofpolo.com\/es\/producto\/horses-guantes-de-equitacion-sarajevo","og_site_name":"Spirit of Polo - Spirit of Jumping","og_image":[{"width":555,"height":710,"url":"https:\/\/www.spiritofpolo.com\/wp-content\/uploads\/SARAJEVO-Guante-1.jpg","type":"image\/jpeg"}],"twitter_card":"summary_large_image","schema":{"@context":"https:\/\/schema.org","@graph":[{"@type":"WebPage","@id":"https:\/\/www.spiritofpolo.com\/es\/producto\/horses-guantes-de-equitacion-sarajevo","url":"https:\/\/www.spiritofpolo.com\/es\/producto\/horses-guantes-de-equitacion-sarajevo","name":"HORSES Guantes de Equitaci\u00f3n \u201cSarajevo\u201d - Spirit of Polo - Spirit of Jumping","isPartOf":{"@id":"https:\/\/www.spiritofpolo.com\/es#website"},"datePublished":"2019-07-22T17:45:43+00:00","dateModified":"2019-07-22T17:45:43+00:00","breadcrumb":{"@id":"https:\/\/www.spiritofpolo.com\/es\/producto\/horses-guantes-de-equitacion-sarajevo#breadcrumb"},"inLanguage":"es","potentialAction":[{"@type":"ReadAction","target":["https:\/\/www.spiritofpolo.com\/es\/producto\/horses-guantes-de-equitacion-sarajevo"]}]},{"@type":"BreadcrumbList","@id":"https:\/\/www.spiritofpolo.com\/es\/producto\/horses-guantes-de-equitacion-sarajevo#breadcrumb","itemListElement":[{"@type":"ListItem","position":1,"name":"Home","item":"https:\/\/www.spiritofpolo.com\/es"},{"@type":"ListItem","position":2,"name":"Tienda","item":"https:\/\/www.spiritofpolo.com\/es\/tienda"},{"@type":"ListItem","position":3,"name":"HORSES Guantes de Equitaci\u00f3n \u201cSarajevo\u201d"}]},{"@type":"WebSite","@id":"https:\/\/www.spiritofpolo.com\/es#website","url":"https:\/\/www.spiritofpolo.com\/es","name":"Spirit of Polo - Spirit of Jumping","description":"Argentine Polo Products","publisher":{"@id":"https:\/\/www.spiritofpolo.com\/es#organization"},"potentialAction":[{"@type":"SearchAction","target":{"@type":"EntryPoint","urlTemplate":"https:\/\/www.spiritofpolo.com\/es?s={search_term_string}"},"query-input":"required name=search_term_string"}],"inLanguage":"es"},{"@type":"Organization","@id":"https:\/\/www.spiritofpolo.com\/es#organization","name":"Spirit of Polo - Spirit of Jumping","url":"https:\/\/www.spiritofpolo.com\/es","logo":{"@type":"ImageObject","inLanguage":"es","@id":"https:\/\/www.spiritofpolo.com\/es#\/schema\/logo\/image\/","url":"","contentUrl":"","caption":"Spirit of Polo - Spirit of Jumping"},"image":{"@id":"https:\/\/www.spiritofpolo.com\/es#\/schema\/logo\/image\/"}}]}},"tiered_pricing_type":"fixed","tiered_pricing_fixed_rules":[],"tiered_pricing_product_settings":{"layout":"default","base_unit_name":{"singular":null,"plural":null},"default_variation":null},"tiered_pricing_minimum_quantity":null,"tiered_pricing_roles_data":[],"tiered_pricing_percentage_rules":[],"_links":{"self":[{"href":"https:\/\/www.spiritofpolo.com\/es\/wp-json\/wp\/v2\/product\/9946"}],"collection":[{"href":"https:\/\/www.spiritofpolo.com\/es\/wp-json\/wp\/v2\/product"}],"about":[{"href":"https:\/\/www.spiritofpolo.com\/es\/wp-json\/wp\/v2\/types\/product"}],"replies":[{"embeddable":true,"href":"https:\/\/www.spiritofpolo.com\/es\/wp-json\/wp\/v2\/comments?post=9946"}],"wp:featuredmedia":[{"embeddable":true,"href":"https:\/\/www.spiritofpolo.com\/es\/wp-json\/wp\/v2\/media\/9950"}],"wp:attachment":[{"href":"https:\/\/www.spiritofpolo.com\/es\/wp-json\/wp\/v2\/media?parent=9946"}],"wp:term":[{"taxonomy":"product_cat","embeddable":true,"href":"https:\/\/www.spiritofpolo.com\/es\/wp-json\/wp\/v2\/product_cat?post=9946"},{"taxonomy":"product_tag","embeddable":true,"href":"https:\/\/www.spiritofpolo.com\/es\/wp-json\/wp\/v2\/product_tag?post=9946"}],"curies":[{"name":"wp","href":"https:\/\/api.w.org\/{rel}","templated":true}]}}