{"id":441,"date":"2015-09-15T15:32:08","date_gmt":"2015-09-15T15:32:08","guid":{"rendered":"http:\/\/www.spiritofpolo.com\/?page_id=441&#038;lang=fr"},"modified":"2022-09-28T15:39:54","modified_gmt":"2022-09-28T15:39:54","slug":"accueil","status":"publish","type":"page","link":"https:\/\/www.spiritofpolo.com\/fr","title":{"rendered":"Accueil"},"content":{"rendered":"<p>[vc_row container_wrap=\u00a0\u00bbyes\u00a0\u00bb][vc_column width=\u00a0\u00bb1\/3&Prime;][laborator_image_banner image=\u00a0\u00bb11712&Prime; img_size=\u00a0\u00bb555&#215;710&Prime; is_category_link=\u00a0\u00bbno\u00a0\u00bb title=\u00a0\u00bbFASHION &amp; LIFESTYLE\u00a0\u00bb font_color=\u00a0\u00bb#ffffff\u00a0\u00bb href=\u00a0\u00bburl:https%3A%2F%2Fwww.spiritofpolo.com%2Fgifts\u00a0\u00bb][\/vc_column][vc_column width=\u00a0\u00bb1\/3&Prime;][laborator_image_banner image=\u00a0\u00bb11718&Prime; img_size=\u00a0\u00bb555&#215;710&Prime; is_category_link=\u00a0\u00bbno\u00a0\u00bb title=\u00a0\u00bbRiding\u00a0\u00bb font_color=\u00a0\u00bb#ffffff\u00a0\u00bb href=\u00a0\u00bburl:https%3A%2F%2Fwww.spiritofpolo.com%2Friding|||\u00a0\u00bb][\/vc_column][vc_column width=\u00a0\u00bb1\/3&Prime;][laborator_image_banner image=\u00a0\u00bb491&Prime; img_size=\u00a0\u00bb555&#215;710&Prime; is_category_link=\u00a0\u00bbno\u00a0\u00bb title=\u00a0\u00bbPOLO\u00a0\u00bb font_color=\u00a0\u00bb#ffffff\u00a0\u00bb href=\u00a0\u00bburl:https%3A%2F%2Fwww.spiritofpolo.com%2Fpolo|||\u00a0\u00bb][\/vc_column][\/vc_row][vc_row full_width=\u00a0\u00bbstretch_row_content_no_spaces\u00a0\u00bb parallax=\u00a0\u00bbcontent-moving-fade\u00a0\u00bb css=\u00a0\u00bb.vc_custom_1588088683206{background-color: #d7c44b !important;}\u00a0\u00bb][vc_column][vc_column_text]<\/p>\n<p style=\"text-align: center;\"><span class=\"tlid-translation translation\" lang=\"en\" style=\"color: #1b2243;\"><span class=\"\" title=\"\"><span class=\"tlid-translation translation\" lang=\"fr\"><span title=\"\">NOUS COLLABORONS AVEC LE <a href=\"https:\/\/www.instagram.com\/caballos_crre\/?hl=es-la\" target=\"_blank\" rel=\"noopener\">CRRE &#8211; CENTRE DE SAUVETAGE ET DE R\u00c9CUP\u00c9RATION DES \u00c9QUINS<\/a><br \/>\n<\/span><\/span><\/span><\/span><span class=\"tlid-translation translation\" lang=\"en\" style=\"color: #1b2243;\"><span class=\"\" title=\"\"><span class=\"tlid-translation translation\" lang=\"fr\"><span title=\"\">NOUS VOUS INVITONS \u00c0 AIDER VOTRE CLUB OU LA FONDATION DE CHEVAL \u00c0 PROXIMIT\u00c9!<\/span> LES CHEVAUX ONT BESOIN DE VOUS<\/span><\/span><\/span><\/p>\n<p>[\/vc_column_text][\/vc_column][\/vc_row][vc_row][vc_column][vc_row_inner][vc_column_inner][vc_column_text]<\/p>\n<p style=\"text-align: center;\">Si usted reside en ARGENTINA, haga click <a href=\"https:\/\/www.spiritofpolo.com.ar\/?lang=arg\" target=\"_blank\" rel=\"noopener noreferrer\">aqu\u00ed<\/a><\/p>\n<p>[\/vc_column_text][\/vc_column_inner][\/vc_row_inner][\/vc_column][\/vc_row][vc_row][vc_column][laborator_heading title=\u00a0\u00bbTrending\u00a0\u00bb sub_title=\u00a0\u00bbMost trendy products\u00a0\u00bb show_dash=\u00a0\u00bbyes\u00a0\u00bb][laborator_products_carousel columns=\u00a0\u00bb4&Prime; products_query=\u00a0\u00bbsize:12|order_by:rand|post_type:product\u00a0\u00bb][vc_text_separator title=\u00a0\u00bbWe are Social\u00a0\u00bb color=\u00a0\u00bbblack\u00a0\u00bb style=\u00a0\u00bbdouble-border-2&Prime; title_style=\u00a0\u00bbsquared-filled\u00a0\u00bb title_text_color=\u00a0\u00bb#ffffff\u00a0\u00bb][vc_column_text][\/vc_column_text][\/vc_column][\/vc_row][vc_row container_wrap=\u00a0\u00bbyes\u00a0\u00bb full_width=\u00a0\u00bbstretch_row\u00a0\u00bb][vc_column][laborator_heading title=\u00a0\u00bbBestsellers\u00a0\u00bb sub_title=\u00a0\u00bbMost sold items online\u00a0\u00bb show_dash=\u00a0\u00bbyes\u00a0\u00bb][laborator_image_banner][laborator_products_carousel columns=\u00a0\u00bb5&Prime; products_query=\u00a0\u00bbsize:12|order_by:rand|post_type:product\u00a0\u00bb][\/vc_column][vc_column][laborator_heading title=\u00a0\u00bbSPIRIT OF POLO TV\u00a0\u00bb sub_title=\u00a0\u00bbVIDEOS\u00a0\u00bb icon=\u00a0\u00bbvideo\u00a0\u00bb][vc_row_inner][vc_column_inner width=\u00a0\u00bb1\/3&Prime;][vc_video link=\u00a0\u00bbhttps:\/\/www.youtube.com\/watch?v=4_WVyJ9Pikc\u00a0\u00bb][\/vc_column_inner][vc_column_inner width=\u00a0\u00bb1\/3&Prime;][vc_video link=\u00a0\u00bbhttps:\/\/www.youtube.com\/watch?v=VJ9DMo1xQkg\u00a0\u00bb][\/vc_column_inner][vc_column_inner width=\u00a0\u00bb1\/3&Prime;][vc_video link=\u00a0\u00bbhttps:\/\/www.youtube.com\/watch?v=fidp6e5u1I4&Prime;][\/vc_column_inner][\/vc_row_inner][vc_column_text]<br \/>\n[\/vc_column_text][\/vc_column][\/vc_row][vc_row][vc_column][vc_video link=\u00a0\u00bbhttps:\/\/youtu.be\/m9LlGR1j2s4&Prime;][\/vc_column][\/vc_row]<\/p>\n","protected":false},"excerpt":{"rendered":"<p>[vc_row container_wrap=\u00a0\u00bbyes\u00a0\u00bb][vc_column width=\u00a0\u00bb1\/3&Prime;][laborator_image_banner image=\u00a0\u00bb11712&Prime; img_size=\u00a0\u00bb555&#215;710&Prime; is_category_link=\u00a0\u00bbno\u00a0\u00bb title=\u00a0\u00bbFASHION &amp; LIFESTYLE\u00a0\u00bb font_color=\u00a0\u00bb#ffffff\u00a0\u00bb href=\u00a0\u00bburl:https%3A%2F%2Fwww.spiritofpolo.com%2Fgifts\u00a0\u00bb][\/vc_column][vc_column width=\u00a0\u00bb1\/3&Prime;][laborator_image_banner image=\u00a0\u00bb11718&Prime; img_size=\u00a0\u00bb555&#215;710&Prime; is_category_link=\u00a0\u00bbno\u00a0\u00bb title=\u00a0\u00bbRiding\u00a0\u00bb font_color=\u00a0\u00bb#ffffff\u00a0\u00bb href=\u00a0\u00bburl:https%3A%2F%2Fwww.spiritofpolo.com%2Friding|||\u00a0\u00bb][\/vc_column][vc_column width=\u00a0\u00bb1\/3&Prime;][laborator_image_banner image=\u00a0\u00bb491&Prime; img_size=\u00a0\u00bb555&#215;710&Prime; is_category_link=\u00a0\u00bbno\u00a0\u00bb title=\u00a0\u00bbPOLO\u00a0\u00bb font_color=\u00a0\u00bb#ffffff\u00a0\u00bb href=\u00a0\u00bburl:https%3A%2F%2Fwww.spiritofpolo.com%2Fpolo|||\u00a0\u00bb][\/vc_column][\/vc_row][vc_row full_width=\u00a0\u00bbstretch_row_content_no_spaces\u00a0\u00bb parallax=\u00a0\u00bbcontent-moving-fade\u00a0\u00bb css=\u00a0\u00bb.vc_custom_1588088683206{background-color: #d7c44b !important;}\u00a0\u00bb][vc_column][vc_column_text] NOUS COLLABORONS AVEC LE CRRE &#8211; CENTRE DE SAUVETAGE ET DE R\u00c9CUP\u00c9RATION DES \u00c9QUINS NOUS VOUS INVITONS \u00c0 AIDER VOTRE CLUB OU LA FONDATION DE CHEVAL \u00c0 PROXIMIT\u00c9! LES CHEVAUX ONT BESOIN DE VOUS [\/vc_column_text][\/vc_column][\/vc_row][vc_row][vc_column][vc_row_inner][vc_column_inner][vc_column_text] Si usted reside en ARGENTINA, haga click aqu\u00ed [\/vc_column_text][\/vc_column_inner][\/vc_row_inner][\/vc_column][\/vc_row][vc_row][vc_column][laborator_heading title=\u00a0\u00bbTrending\u00a0\u00bb&hellip;<\/p>\n","protected":false},"author":1,"featured_media":0,"parent":0,"menu_order":0,"comment_status":"closed","ping_status":"closed","template":"","meta":[],"acf":[],"yoast_head":"<!-- This site is optimized with the Yoast SEO plugin v19.14 - https:\/\/yoast.com\/wordpress\/plugins\/seo\/ -->\n<title>Spirit of Polo I Spirit of Jumping :: Les meilleurs produits au meilleur prix<\/title>\n<meta name=\"description\" content=\"Marque internationale bas\u00e9e en Argentine et en France. Notre boutique propose les \u00e9quipements de haute qualit\u00e9, pour le cheval et pour vous.\" \/>\n<meta name=\"robots\" content=\"index, follow, max-snippet:-1, max-image-preview:large, max-video-preview:-1\" \/>\n<link rel=\"canonical\" href=\"https:\/\/www.spiritofpolo.com\/fr\" \/>\n<meta property=\"og:locale\" content=\"fr_FR\" \/>\n<meta property=\"og:type\" content=\"article\" \/>\n<meta property=\"og:title\" content=\"Spirit of Polo I Spirit of Jumping :: Les meilleurs produits au meilleur prix\" \/>\n<meta property=\"og:description\" content=\"Marque internationale bas\u00e9e en Argentine et en France. Notre boutique propose les \u00e9quipements de haute qualit\u00e9, pour le cheval et pour vous.\" \/>\n<meta property=\"og:url\" content=\"https:\/\/www.spiritofpolo.com\/fr\" \/>\n<meta property=\"og:site_name\" content=\"Spirit of Polo - Spirit of Jumping\" \/>\n<meta property=\"article:modified_time\" content=\"2022-09-28T15:39:54+00:00\" \/>\n<meta name=\"twitter:card\" content=\"summary_large_image\" \/>\n<meta name=\"twitter:label1\" content=\"Dur\u00e9e de lecture estim\u00e9e\" \/>\n\t<meta name=\"twitter:data1\" content=\"1 minute\" \/>\n<script type=\"application\/ld+json\" class=\"yoast-schema-graph\">{\"@context\":\"https:\/\/schema.org\",\"@graph\":[{\"@type\":\"WebPage\",\"@id\":\"https:\/\/www.spiritofpolo.com\/fr\",\"url\":\"https:\/\/www.spiritofpolo.com\/fr\",\"name\":\"Spirit of Polo I Spirit of Jumping :: Les meilleurs produits au meilleur prix\",\"isPartOf\":{\"@id\":\"https:\/\/www.spiritofpolo.com\/fr#website\"},\"datePublished\":\"2015-09-15T15:32:08+00:00\",\"dateModified\":\"2022-09-28T15:39:54+00:00\",\"description\":\"Marque internationale bas\u00e9e en Argentine et en France. Notre boutique propose les \u00e9quipements de haute qualit\u00e9, pour le cheval et pour vous.\",\"breadcrumb\":{\"@id\":\"https:\/\/www.spiritofpolo.com\/fr#breadcrumb\"},\"inLanguage\":\"fr-FR\",\"potentialAction\":[{\"@type\":\"ReadAction\",\"target\":[\"https:\/\/www.spiritofpolo.com\/fr\"]}]},{\"@type\":\"BreadcrumbList\",\"@id\":\"https:\/\/www.spiritofpolo.com\/fr#breadcrumb\",\"itemListElement\":[{\"@type\":\"ListItem\",\"position\":1,\"name\":\"Home\",\"item\":\"https:\/\/www.spiritofpolo.com\/fr\"},{\"@type\":\"ListItem\",\"position\":2,\"name\":\"Accueil\"}]},{\"@type\":\"WebSite\",\"@id\":\"https:\/\/www.spiritofpolo.com\/fr#website\",\"url\":\"https:\/\/www.spiritofpolo.com\/fr\",\"name\":\"Spirit of Polo - Spirit of Jumping\",\"description\":\"Argentine Polo Products\",\"publisher\":{\"@id\":\"https:\/\/www.spiritofpolo.com\/fr#organization\"},\"potentialAction\":[{\"@type\":\"SearchAction\",\"target\":{\"@type\":\"EntryPoint\",\"urlTemplate\":\"https:\/\/www.spiritofpolo.com\/fr?s={search_term_string}\"},\"query-input\":\"required name=search_term_string\"}],\"inLanguage\":\"fr-FR\"},{\"@type\":\"Organization\",\"@id\":\"https:\/\/www.spiritofpolo.com\/fr#organization\",\"name\":\"Spirit of Polo - Spirit of Jumping\",\"url\":\"https:\/\/www.spiritofpolo.com\/fr\",\"logo\":{\"@type\":\"ImageObject\",\"inLanguage\":\"fr-FR\",\"@id\":\"https:\/\/www.spiritofpolo.com\/fr#\/schema\/logo\/image\/\",\"url\":\"\",\"contentUrl\":\"\",\"caption\":\"Spirit of Polo - Spirit of Jumping\"},\"image\":{\"@id\":\"https:\/\/www.spiritofpolo.com\/fr#\/schema\/logo\/image\/\"}}]}<\/script>\n<!-- \/ Yoast SEO plugin. -->","yoast_head_json":{"title":"Spirit of Polo I Spirit of Jumping :: Les meilleurs produits au meilleur prix","description":"Marque internationale bas\u00e9e en Argentine et en France. Notre boutique propose les \u00e9quipements de haute qualit\u00e9, pour le cheval et pour vous.","robots":{"index":"index","follow":"follow","max-snippet":"max-snippet:-1","max-image-preview":"max-image-preview:large","max-video-preview":"max-video-preview:-1"},"canonical":"https:\/\/www.spiritofpolo.com\/fr","og_locale":"fr_FR","og_type":"article","og_title":"Spirit of Polo I Spirit of Jumping :: Les meilleurs produits au meilleur prix","og_description":"Marque internationale bas\u00e9e en Argentine et en France. Notre boutique propose les \u00e9quipements de haute qualit\u00e9, pour le cheval et pour vous.","og_url":"https:\/\/www.spiritofpolo.com\/fr","og_site_name":"Spirit of Polo - Spirit of Jumping","article_modified_time":"2022-09-28T15:39:54+00:00","twitter_card":"summary_large_image","twitter_misc":{"Dur\u00e9e de lecture estim\u00e9e":"1 minute"},"schema":{"@context":"https:\/\/schema.org","@graph":[{"@type":"WebPage","@id":"https:\/\/www.spiritofpolo.com\/fr","url":"https:\/\/www.spiritofpolo.com\/fr","name":"Spirit of Polo I Spirit of Jumping :: Les meilleurs produits au meilleur prix","isPartOf":{"@id":"https:\/\/www.spiritofpolo.com\/fr#website"},"datePublished":"2015-09-15T15:32:08+00:00","dateModified":"2022-09-28T15:39:54+00:00","description":"Marque internationale bas\u00e9e en Argentine et en France. Notre boutique propose les \u00e9quipements de haute qualit\u00e9, pour le cheval et pour vous.","breadcrumb":{"@id":"https:\/\/www.spiritofpolo.com\/fr#breadcrumb"},"inLanguage":"fr-FR","potentialAction":[{"@type":"ReadAction","target":["https:\/\/www.spiritofpolo.com\/fr"]}]},{"@type":"BreadcrumbList","@id":"https:\/\/www.spiritofpolo.com\/fr#breadcrumb","itemListElement":[{"@type":"ListItem","position":1,"name":"Home","item":"https:\/\/www.spiritofpolo.com\/fr"},{"@type":"ListItem","position":2,"name":"Accueil"}]},{"@type":"WebSite","@id":"https:\/\/www.spiritofpolo.com\/fr#website","url":"https:\/\/www.spiritofpolo.com\/fr","name":"Spirit of Polo - Spirit of Jumping","description":"Argentine Polo Products","publisher":{"@id":"https:\/\/www.spiritofpolo.com\/fr#organization"},"potentialAction":[{"@type":"SearchAction","target":{"@type":"EntryPoint","urlTemplate":"https:\/\/www.spiritofpolo.com\/fr?s={search_term_string}"},"query-input":"required name=search_term_string"}],"inLanguage":"fr-FR"},{"@type":"Organization","@id":"https:\/\/www.spiritofpolo.com\/fr#organization","name":"Spirit of Polo - Spirit of Jumping","url":"https:\/\/www.spiritofpolo.com\/fr","logo":{"@type":"ImageObject","inLanguage":"fr-FR","@id":"https:\/\/www.spiritofpolo.com\/fr#\/schema\/logo\/image\/","url":"","contentUrl":"","caption":"Spirit of Polo - Spirit of Jumping"},"image":{"@id":"https:\/\/www.spiritofpolo.com\/fr#\/schema\/logo\/image\/"}}]}},"_links":{"self":[{"href":"https:\/\/www.spiritofpolo.com\/fr\/wp-json\/wp\/v2\/pages\/441"}],"collection":[{"href":"https:\/\/www.spiritofpolo.com\/fr\/wp-json\/wp\/v2\/pages"}],"about":[{"href":"https:\/\/www.spiritofpolo.com\/fr\/wp-json\/wp\/v2\/types\/page"}],"author":[{"embeddable":true,"href":"https:\/\/www.spiritofpolo.com\/fr\/wp-json\/wp\/v2\/users\/1"}],"replies":[{"embeddable":true,"href":"https:\/\/www.spiritofpolo.com\/fr\/wp-json\/wp\/v2\/comments?post=441"}],"version-history":[{"count":65,"href":"https:\/\/www.spiritofpolo.com\/fr\/wp-json\/wp\/v2\/pages\/441\/revisions"}],"predecessor-version":[{"id":62351,"href":"https:\/\/www.spiritofpolo.com\/fr\/wp-json\/wp\/v2\/pages\/441\/revisions\/62351"}],"wp:attachment":[{"href":"https:\/\/www.spiritofpolo.com\/fr\/wp-json\/wp\/v2\/media?parent=441"}],"curies":[{"name":"wp","href":"https:\/\/api.w.org\/{rel}","templated":true}]}}