{"id":558,"date":"2015-09-22T03:17:58","date_gmt":"2015-09-22T03:17:58","guid":{"rendered":"http:\/\/www.spiritofpolo.com\/?page_id=558&#038;lang=fr"},"modified":"2019-09-18T12:31:37","modified_gmt":"2019-09-18T12:31:37","slug":"genouilleres","status":"publish","type":"page","link":"https:\/\/www.spiritofpolo.com\/fr\/polo\/pour-le-joueur\/genouilleres","title":{"rendered":"Genouill\u00e8res de Polo"},"content":{"rendered":"<p>[vc_row container_wrap=\u00a0\u00bbyes\u00a0\u00bb full_height=\u00a0\u00bbyes\u00a0\u00bb][vc_column]<div class=\"woocommerce columns-5 \"><ul class=\"products columns-5\">\n<li class=\"shop-item hover-effect-1 product type-product post-1064 status-publish instock product_cat-genouilleres-de-polo product_cat-pour-le-joueur product_tag-cuir product_tag-genouillieres product_tag-pato-fr product_tag-polo-fr product_tag-protection-fr has-post-thumbnail shipping-taxable purchasable product-type-variable\">\n            <div class=\"item-image\">\n\t\t\t<a href=\"https:\/\/www.spiritofpolo.com\/fr\/produit\/genouilleres-en-cuir-double-attaches\" class=\"woocommerce-LoopProduct-link woocommerce-loop-product__link\"><span class=\"image-placeholder\" style=\"padding-bottom:133.333333%\" ><img width=\"300\" height=\"400\" class=\"attachment-woocommerce_thumbnail size-woocommerce_thumbnail lazyload\" alt=\"\" loading=\"lazy\" data-src=\"https:\/\/www.spiritofpolo.com\/wp-content\/uploads\/2015\/09\/kneepad_leather1_resultat-330x440.jpg\" \/><\/span><span class=\"image-placeholder shop-image\" style=\"padding-bottom:133.333333%\" ><img width=\"300\" height=\"400\" class=\"attachment-woocommerce_thumbnail size-woocommerce_thumbnail lazyload\" alt=\"\" loading=\"lazy\" data-src=\"https:\/\/www.spiritofpolo.com\/wp-content\/uploads\/2015\/09\/kneepad_leather3_resultat-330x440.jpg\" \/><\/span><\/a>\n\t\t\t                <div class=\"bounce-loader\">\n                    <div class=\"loading loading-0\"><\/div>\n                    <div class=\"loading loading-1\"><\/div>\n                    <div class=\"loading loading-2\"><\/div>\n                <\/div>\n\t\t\t        <\/div>\n\t\t        <div class=\"item-info\">\n\t\t\t\n            <h3>\n                <a href=\"https:\/\/www.spiritofpolo.com\/fr\/produit\/genouilleres-en-cuir-double-attaches\" target=\"_self\">Genouill\u00e8res polo, en cuir avec 2 velcro<\/a>\n            <\/h3>\n\n\t\t\t                <span class=\"product-terms\">\n\t\t\t\t    <a href=\"https:\/\/www.spiritofpolo.com\/fr\/categorie-produit\/polo\/pour-le-joueur\/genouilleres-de-polo\" rel=\"tag\">Genouill\u00e8res de Polo<\/a>, <a href=\"https:\/\/www.spiritofpolo.com\/fr\/categorie-produit\/polo\/pour-le-joueur\" rel=\"tag\">POUR LE JOUEUR<\/a>    \t\t\t<\/span>\n\t\t\t\n\t\t\t<span class=\"gtm4wp_productdata\" style=\"display:none; visibility:hidden;\" data-gtm4wp_product_data=\"{&quot;internal_id&quot;:1064,&quot;item_id&quot;:1064,&quot;item_name&quot;:&quot;Genouill\\u00e8res polo, en cuir avec 2 velcro&quot;,&quot;sku&quot;:&quot;X35-X36_2&quot;,&quot;price&quot;:128,&quot;stocklevel&quot;:null,&quot;stockstatus&quot;:&quot;instock&quot;,&quot;google_business_vertical&quot;:&quot;retail&quot;,&quot;item_category&quot;:&quot;POUR LE JOUEUR&quot;,&quot;id&quot;:1064,&quot;productlink&quot;:&quot;https:\\\/\\\/www.spiritofpolo.com\\\/fr\\\/produit\\\/genouilleres-en-cuir-double-attaches&quot;,&quot;item_list_name&quot;:&quot;Liste g\\u00e9n\\u00e9rale des produits&quot;,&quot;index&quot;:2,&quot;product_type&quot;:&quot;variable&quot;,&quot;item_brand&quot;:&quot;&quot;}\"><\/span>\n\t<span class=\"price\">\t\t<span class=\"tiered-pricing-dynamic-price-wrapper tiered-pricing-dynamic-price-wrapper--variable\"\n\t\t\t  data-display-context=\"shop-loop\"\n\t\t\t  data-price-type=\"dynamic\"\n\t\t\t  data-product-id=\"1064\"\n\t\t\t  data-parent-id=\"1064\">\n\t\t\t<span class=\"woocommerce-Price-amount amount\"><bdi><span class=\"woocommerce-Price-currencySymbol\">&euro;<\/span>128.00<\/bdi><\/span><\/span><\/span>\n        <\/div>\n\t\t<\/li>\n<li class=\"shop-item hover-effect-1 product type-product post-1084 status-publish instock product_cat-genouilleres-de-polo product_cat-pour-le-joueur product_tag-cuir product_tag-genouillieres product_tag-pato-fr product_tag-polo-fr product_tag-protection-fr has-post-thumbnail shipping-taxable purchasable product-type-simple\">\n            <div class=\"item-image\">\n\t\t\t<a href=\"https:\/\/www.spiritofpolo.com\/fr\/produit\/genouilleres-en-cuir-triple-attaches\" class=\"woocommerce-LoopProduct-link woocommerce-loop-product__link\"><span class=\"image-placeholder\" style=\"padding-bottom:133.333333%\" ><img width=\"300\" height=\"400\" class=\"attachment-woocommerce_thumbnail size-woocommerce_thumbnail lazyload\" alt=\"\" loading=\"lazy\" data-src=\"https:\/\/www.spiritofpolo.com\/wp-content\/uploads\/2015\/09\/kneepad_leather_triple-cuero-330x440.jpg\" \/><\/span><span class=\"image-placeholder shop-image\" style=\"padding-bottom:133.333333%\" ><img width=\"300\" height=\"400\" class=\"attachment-woocommerce_thumbnail size-woocommerce_thumbnail lazyload\" alt=\"\" loading=\"lazy\" data-src=\"https:\/\/www.spiritofpolo.com\/wp-content\/uploads\/Leather-Kneepads-3-Straps-1-330x440.jpg\" \/><\/span><\/a>\n\t\t\t                <div class=\"bounce-loader\">\n                    <div class=\"loading loading-0\"><\/div>\n                    <div class=\"loading loading-1\"><\/div>\n                    <div class=\"loading loading-2\"><\/div>\n                <\/div>\n\t\t\t        <\/div>\n\t\t        <div class=\"item-info\">\n\t\t\t\n            <h3>\n                <a href=\"https:\/\/www.spiritofpolo.com\/fr\/produit\/genouilleres-en-cuir-triple-attaches\" target=\"_self\">Genouill\u00e8res en Cuir Triple Attaches<\/a>\n            <\/h3>\n\n\t\t\t                <span class=\"product-terms\">\n\t\t\t\t    <a href=\"https:\/\/www.spiritofpolo.com\/fr\/categorie-produit\/polo\/pour-le-joueur\/genouilleres-de-polo\" rel=\"tag\">Genouill\u00e8res de Polo<\/a>, <a href=\"https:\/\/www.spiritofpolo.com\/fr\/categorie-produit\/polo\/pour-le-joueur\" rel=\"tag\">POUR LE JOUEUR<\/a>    \t\t\t<\/span>\n\t\t\t\n\t\t\t<span class=\"gtm4wp_productdata\" style=\"display:none; visibility:hidden;\" data-gtm4wp_product_data=\"{&quot;internal_id&quot;:1084,&quot;item_id&quot;:1084,&quot;item_name&quot;:&quot;Genouill\\u00e8res en Cuir Triple Attaches&quot;,&quot;sku&quot;:&quot;XXX12&quot;,&quot;price&quot;:148,&quot;stocklevel&quot;:null,&quot;stockstatus&quot;:&quot;instock&quot;,&quot;google_business_vertical&quot;:&quot;retail&quot;,&quot;item_category&quot;:&quot;POUR LE JOUEUR&quot;,&quot;id&quot;:1084,&quot;productlink&quot;:&quot;https:\\\/\\\/www.spiritofpolo.com\\\/fr\\\/produit\\\/genouilleres-en-cuir-triple-attaches&quot;,&quot;item_list_name&quot;:&quot;Liste g\\u00e9n\\u00e9rale des produits&quot;,&quot;index&quot;:4,&quot;product_type&quot;:&quot;simple&quot;,&quot;item_brand&quot;:&quot;&quot;}\"><\/span>\n\t<span class=\"price\">\t\t<span class=\"tiered-pricing-dynamic-price-wrapper\"\n\t\t\t  data-display-context=\"shop-loop\"\n\t\t\t  data-price-type=\"no-rules\"\n\t\t\t  data-product-id=\"1084\"\n\t\t\t  data-parent-id=\"1084\">\n\t\t\t<span class=\"woocommerce-Price-amount amount\"><bdi><span class=\"woocommerce-Price-currencySymbol\">&euro;<\/span>148.00<\/bdi><\/span><\/span><\/span>\n        <\/div>\n\t\t<\/li>\n<li class=\"shop-item hover-effect-1 product type-product post-1086 status-publish first instock product_cat-genouilleres-de-polo product_cat-pour-le-joueur product_tag-cuir product_tag-genouillieres product_tag-vieux has-post-thumbnail shipping-taxable purchasable product-type-simple\">\n            <div class=\"item-image\">\n\t\t\t<a href=\"https:\/\/www.spiritofpolo.com\/fr\/produit\/old-fashioned-genouilleres-cuir\" class=\"woocommerce-LoopProduct-link woocommerce-loop-product__link\"><span class=\"image-placeholder\" style=\"padding-bottom:133.333333%\" ><img width=\"300\" height=\"400\" class=\"attachment-woocommerce_thumbnail size-woocommerce_thumbnail lazyload\" alt=\"\" loading=\"lazy\" data-src=\"https:\/\/www.spiritofpolo.com\/wp-content\/uploads\/2015\/09\/kneepad_leather_old_resultat-330x440.jpg\" \/><\/span><span class=\"image-placeholder shop-image\" style=\"padding-bottom:133.333333%\" ><img width=\"300\" height=\"400\" class=\"attachment-woocommerce_thumbnail size-woocommerce_thumbnail lazyload\" alt=\"\" loading=\"lazy\" data-src=\"https:\/\/www.spiritofpolo.com\/wp-content\/uploads\/2015\/09\/rodilleras_oldfashion_negras_2-330x440.jpg\" \/><\/span><\/a>\n\t\t\t                <div class=\"bounce-loader\">\n                    <div class=\"loading loading-0\"><\/div>\n                    <div class=\"loading loading-1\"><\/div>\n                    <div class=\"loading loading-2\"><\/div>\n                <\/div>\n\t\t\t        <\/div>\n\t\t        <div class=\"item-info\">\n\t\t\t\n            <h3>\n                <a href=\"https:\/\/www.spiritofpolo.com\/fr\/produit\/old-fashioned-genouilleres-cuir\" target=\"_self\">Old Fashioned Genouill\u00e8res Cuir<\/a>\n            <\/h3>\n\n\t\t\t                <span class=\"product-terms\">\n\t\t\t\t    <a href=\"https:\/\/www.spiritofpolo.com\/fr\/categorie-produit\/polo\/pour-le-joueur\/genouilleres-de-polo\" rel=\"tag\">Genouill\u00e8res de Polo<\/a>, <a href=\"https:\/\/www.spiritofpolo.com\/fr\/categorie-produit\/polo\/pour-le-joueur\" rel=\"tag\">POUR LE JOUEUR<\/a>    \t\t\t<\/span>\n\t\t\t\n\t\t\t<span class=\"gtm4wp_productdata\" style=\"display:none; visibility:hidden;\" data-gtm4wp_product_data=\"{&quot;internal_id&quot;:1086,&quot;item_id&quot;:1086,&quot;item_name&quot;:&quot;Old Fashioned Genouill\\u00e8res Cuir&quot;,&quot;sku&quot;:&quot;XXX11&quot;,&quot;price&quot;:148,&quot;stocklevel&quot;:null,&quot;stockstatus&quot;:&quot;instock&quot;,&quot;google_business_vertical&quot;:&quot;retail&quot;,&quot;item_category&quot;:&quot;POUR LE JOUEUR&quot;,&quot;id&quot;:1086,&quot;productlink&quot;:&quot;https:\\\/\\\/www.spiritofpolo.com\\\/fr\\\/produit\\\/old-fashioned-genouilleres-cuir&quot;,&quot;item_list_name&quot;:&quot;Liste g\\u00e9n\\u00e9rale des produits&quot;,&quot;index&quot;:6,&quot;product_type&quot;:&quot;simple&quot;,&quot;item_brand&quot;:&quot;&quot;}\"><\/span>\n\t<span class=\"price\">\t\t<span class=\"tiered-pricing-dynamic-price-wrapper\"\n\t\t\t  data-display-context=\"shop-loop\"\n\t\t\t  data-price-type=\"no-rules\"\n\t\t\t  data-product-id=\"1086\"\n\t\t\t  data-parent-id=\"1086\">\n\t\t\t<span class=\"woocommerce-Price-amount amount\"><bdi><span class=\"woocommerce-Price-currencySymbol\">&euro;<\/span>148.00<\/bdi><\/span><\/span><\/span>\n        <\/div>\n\t\t<\/li>\n<li class=\"shop-item hover-effect-1 product type-product post-1081 status-publish onbackorder product_cat-genouilleres-de-polo product_cat-pour-le-joueur product_tag-genouillieres product_tag-suede-fr has-post-thumbnail shipping-taxable purchasable product-type-variable\">\n            <div class=\"item-image\">\n\t\t\t<a href=\"https:\/\/www.spiritofpolo.com\/fr\/produit\/taille-l-genouilleres-en-nubuck\" class=\"woocommerce-LoopProduct-link woocommerce-loop-product__link\"><span class=\"image-placeholder\" style=\"padding-bottom:133.333333%\" ><img width=\"300\" height=\"400\" class=\"attachment-woocommerce_thumbnail size-woocommerce_thumbnail lazyload\" alt=\"\" loading=\"lazy\" data-src=\"https:\/\/www.spiritofpolo.com\/wp-content\/uploads\/2015\/09\/kneepad_suede1_resultat-330x440.jpg\" \/><\/span><span class=\"image-placeholder shop-image\" style=\"padding-bottom:133.333333%\" ><img width=\"300\" height=\"400\" class=\"attachment-woocommerce_thumbnail size-woocommerce_thumbnail lazyload\" alt=\"\" loading=\"lazy\" data-src=\"https:\/\/www.spiritofpolo.com\/wp-content\/uploads\/2015\/09\/kneepad_suede2_resultat-330x440.jpg\" \/><\/span><\/a>\n\t\t\t                <div class=\"bounce-loader\">\n                    <div class=\"loading loading-0\"><\/div>\n                    <div class=\"loading loading-1\"><\/div>\n                    <div class=\"loading loading-2\"><\/div>\n                <\/div>\n\t\t\t        <\/div>\n\t\t        <div class=\"item-info\">\n\t\t\t\n            <h3>\n                <a href=\"https:\/\/www.spiritofpolo.com\/fr\/produit\/taille-l-genouilleres-en-nubuck\" target=\"_self\">Taille L Genouill\u00e8res en Nubuck<\/a>\n            <\/h3>\n\n\t\t\t                <span class=\"product-terms\">\n\t\t\t\t    <a href=\"https:\/\/www.spiritofpolo.com\/fr\/categorie-produit\/polo\/pour-le-joueur\/genouilleres-de-polo\" rel=\"tag\">Genouill\u00e8res de Polo<\/a>, <a href=\"https:\/\/www.spiritofpolo.com\/fr\/categorie-produit\/polo\/pour-le-joueur\" rel=\"tag\">POUR LE JOUEUR<\/a>    \t\t\t<\/span>\n\t\t\t\n\t\t\t<span class=\"gtm4wp_productdata\" style=\"display:none; visibility:hidden;\" data-gtm4wp_product_data=\"{&quot;internal_id&quot;:1081,&quot;item_id&quot;:1081,&quot;item_name&quot;:&quot;Taille L Genouill\\u00e8res en Nubuck&quot;,&quot;sku&quot;:&quot;X37&quot;,&quot;price&quot;:138,&quot;stocklevel&quot;:0,&quot;stockstatus&quot;:&quot;onbackorder&quot;,&quot;google_business_vertical&quot;:&quot;retail&quot;,&quot;item_category&quot;:&quot;POUR LE JOUEUR&quot;,&quot;id&quot;:1081,&quot;productlink&quot;:&quot;https:\\\/\\\/www.spiritofpolo.com\\\/fr\\\/produit\\\/taille-l-genouilleres-en-nubuck&quot;,&quot;item_list_name&quot;:&quot;Liste g\\u00e9n\\u00e9rale des produits&quot;,&quot;index&quot;:8,&quot;product_type&quot;:&quot;variable&quot;,&quot;item_brand&quot;:&quot;&quot;}\"><\/span>\n\t<span class=\"price\">\t\t<span class=\"tiered-pricing-dynamic-price-wrapper tiered-pricing-dynamic-price-wrapper--variable\"\n\t\t\t  data-display-context=\"shop-loop\"\n\t\t\t  data-price-type=\"dynamic\"\n\t\t\t  data-product-id=\"1081\"\n\t\t\t  data-parent-id=\"1081\">\n\t\t\t<span class=\"woocommerce-Price-amount amount\"><bdi><span class=\"woocommerce-Price-currencySymbol\">&euro;<\/span>138.00<\/bdi><\/span><\/span><\/span>\n        <\/div>\n\t\t<\/li>\n<li class=\"shop-item hover-effect-1 product type-product post-1071 status-publish last instock product_cat-genouilleres-de-polo product_cat-pour-le-joueur product_tag-cuir product_tag-genouillieres product_tag-la-martina-fr has-post-thumbnail shipping-taxable product-type-simple\">\n            <div class=\"item-image\">\n\t\t\t<a href=\"https:\/\/www.spiritofpolo.com\/fr\/produit\/genouilleres-high-tech-la-martina\" class=\"woocommerce-LoopProduct-link woocommerce-loop-product__link\"><span class=\"image-placeholder\" style=\"padding-bottom:133.333333%\" ><img width=\"300\" height=\"400\" class=\"attachment-woocommerce_thumbnail size-woocommerce_thumbnail lazyload\" alt=\"\" loading=\"lazy\" data-src=\"https:\/\/www.spiritofpolo.com\/wp-content\/uploads\/2015\/09\/kneepad_lamartina-330x440.jpg\" \/><\/span><\/a>\n\t\t\t                <div class=\"bounce-loader\">\n                    <div class=\"loading loading-0\"><\/div>\n                    <div class=\"loading loading-1\"><\/div>\n                    <div class=\"loading loading-2\"><\/div>\n                <\/div>\n\t\t\t        <\/div>\n\t\t        <div class=\"item-info\">\n\t\t\t\n            <h3>\n                <a href=\"https:\/\/www.spiritofpolo.com\/fr\/produit\/genouilleres-high-tech-la-martina\" target=\"_self\">Genouill\u00e8res High Tech La Martina<\/a>\n            <\/h3>\n\n\t\t\t                <span class=\"product-terms\">\n\t\t\t\t    <a href=\"https:\/\/www.spiritofpolo.com\/fr\/categorie-produit\/polo\/pour-le-joueur\/genouilleres-de-polo\" rel=\"tag\">Genouill\u00e8res de Polo<\/a>, <a href=\"https:\/\/www.spiritofpolo.com\/fr\/categorie-produit\/polo\/pour-le-joueur\" rel=\"tag\">POUR LE JOUEUR<\/a>    \t\t\t<\/span>\n\t\t\t\n\t\t\t<span class=\"gtm4wp_productdata\" style=\"display:none; visibility:hidden;\" data-gtm4wp_product_data=\"{&quot;internal_id&quot;:1071,&quot;item_id&quot;:1071,&quot;item_name&quot;:&quot;Genouill\\u00e8res High Tech La Martina&quot;,&quot;sku&quot;:&quot;XXX10&quot;,&quot;price&quot;:0,&quot;stocklevel&quot;:null,&quot;stockstatus&quot;:&quot;instock&quot;,&quot;google_business_vertical&quot;:&quot;retail&quot;,&quot;item_category&quot;:&quot;POUR LE JOUEUR&quot;,&quot;id&quot;:1071,&quot;productlink&quot;:&quot;https:\\\/\\\/www.spiritofpolo.com\\\/fr\\\/produit\\\/genouilleres-high-tech-la-martina&quot;,&quot;item_list_name&quot;:&quot;Liste g\\u00e9n\\u00e9rale des produits&quot;,&quot;index&quot;:10,&quot;product_type&quot;:&quot;simple&quot;,&quot;item_brand&quot;:&quot;&quot;}\"><\/span>\n\t<span class=\"price\">\t\t<span class=\"tiered-pricing-dynamic-price-wrapper\"\n\t\t\t  data-display-context=\"shop-loop\"\n\t\t\t  data-price-type=\"no-rules\"\n\t\t\t  data-product-id=\"1071\"\n\t\t\t  data-parent-id=\"1071\">\n\t\t\t<strong>Call for Price<\/strong><\/span><\/span>\n        <\/div>\n\t\t<\/li>\n<\/ul>\n<\/div>[\/vc_column][\/vc_row]<\/p>\n","protected":false},"excerpt":{"rendered":"<p>[vc_row container_wrap=\u00a0\u00bbyes\u00a0\u00bb full_height=\u00a0\u00bbyes\u00a0\u00bb][vc_column][\/vc_column][\/vc_row]<\/p>\n","protected":false},"author":1,"featured_media":0,"parent":439,"menu_order":0,"comment_status":"closed","ping_status":"closed","template":"","meta":[],"acf":[],"yoast_head":"<!-- This site is optimized with the Yoast SEO plugin v19.14 - https:\/\/yoast.com\/wordpress\/plugins\/seo\/ -->\n<title>Genouill\u00e8res de Polo - Spirit of Polo - Spirit of Jumping<\/title>\n<meta name=\"description\" content=\"Genouill\u00e8res pour polo - Fabriqu\u00e9es en cuir de haute qualit\u00e9 - Fabrication artisanale argentine - 1 paire de genouill\u00e8res (droite et gauche) - Design unisexe\" \/>\n<meta name=\"robots\" content=\"index, follow, max-snippet:-1, max-image-preview:large, max-video-preview:-1\" \/>\n<link rel=\"canonical\" href=\"https:\/\/www.spiritofpolo.com\/fr\/polo\/pour-le-joueur\/genouilleres\" \/>\n<meta property=\"og:locale\" content=\"fr_FR\" \/>\n<meta property=\"og:type\" content=\"article\" \/>\n<meta property=\"og:title\" content=\"Genouill\u00e8res de Polo - Spirit of Polo - Spirit of Jumping\" \/>\n<meta property=\"og:description\" content=\"Genouill\u00e8res pour polo - Fabriqu\u00e9es en cuir de haute qualit\u00e9 - Fabrication artisanale argentine - 1 paire de genouill\u00e8res (droite et gauche) - Design unisexe\" \/>\n<meta property=\"og:url\" content=\"https:\/\/www.spiritofpolo.com\/fr\/polo\/pour-le-joueur\/genouilleres\" \/>\n<meta property=\"og:site_name\" content=\"Spirit of Polo - Spirit of Jumping\" \/>\n<meta property=\"article:modified_time\" content=\"2019-09-18T12:31:37+00:00\" \/>\n<meta name=\"twitter:card\" content=\"summary_large_image\" \/>\n<script type=\"application\/ld+json\" class=\"yoast-schema-graph\">{\"@context\":\"https:\/\/schema.org\",\"@graph\":[{\"@type\":\"WebPage\",\"@id\":\"https:\/\/www.spiritofpolo.com\/fr\/polo\/pour-le-joueur\/genouilleres\",\"url\":\"https:\/\/www.spiritofpolo.com\/fr\/polo\/pour-le-joueur\/genouilleres\",\"name\":\"Genouill\u00e8res de Polo - Spirit of Polo - Spirit of Jumping\",\"isPartOf\":{\"@id\":\"https:\/\/www.spiritofpolo.com\/fr#website\"},\"datePublished\":\"2015-09-22T03:17:58+00:00\",\"dateModified\":\"2019-09-18T12:31:37+00:00\",\"description\":\"Genouill\u00e8res pour polo - Fabriqu\u00e9es en cuir de haute qualit\u00e9 - Fabrication artisanale argentine - 1 paire de genouill\u00e8res (droite et gauche) - Design unisexe\",\"breadcrumb\":{\"@id\":\"https:\/\/www.spiritofpolo.com\/fr\/polo\/pour-le-joueur\/genouilleres#breadcrumb\"},\"inLanguage\":\"fr-FR\",\"potentialAction\":[{\"@type\":\"ReadAction\",\"target\":[\"https:\/\/www.spiritofpolo.com\/fr\/polo\/pour-le-joueur\/genouilleres\"]}]},{\"@type\":\"BreadcrumbList\",\"@id\":\"https:\/\/www.spiritofpolo.com\/fr\/polo\/pour-le-joueur\/genouilleres#breadcrumb\",\"itemListElement\":[{\"@type\":\"ListItem\",\"position\":1,\"name\":\"Home\",\"item\":\"https:\/\/www.spiritofpolo.com\/fr\"},{\"@type\":\"ListItem\",\"position\":2,\"name\":\"Polo\",\"item\":\"https:\/\/www.spiritofpolo.com\/fr\/polo\"},{\"@type\":\"ListItem\",\"position\":3,\"name\":\"Pour le Joueur\",\"item\":\"https:\/\/www.spiritofpolo.com\/fr\/polo\/pour-le-joueur\"},{\"@type\":\"ListItem\",\"position\":4,\"name\":\"Genouill\u00e8res de Polo\"}]},{\"@type\":\"WebSite\",\"@id\":\"https:\/\/www.spiritofpolo.com\/fr#website\",\"url\":\"https:\/\/www.spiritofpolo.com\/fr\",\"name\":\"Spirit of Polo - Spirit of Jumping\",\"description\":\"Argentine Polo Products\",\"publisher\":{\"@id\":\"https:\/\/www.spiritofpolo.com\/fr#organization\"},\"potentialAction\":[{\"@type\":\"SearchAction\",\"target\":{\"@type\":\"EntryPoint\",\"urlTemplate\":\"https:\/\/www.spiritofpolo.com\/fr?s={search_term_string}\"},\"query-input\":\"required name=search_term_string\"}],\"inLanguage\":\"fr-FR\"},{\"@type\":\"Organization\",\"@id\":\"https:\/\/www.spiritofpolo.com\/fr#organization\",\"name\":\"Spirit of Polo - Spirit of Jumping\",\"url\":\"https:\/\/www.spiritofpolo.com\/fr\",\"logo\":{\"@type\":\"ImageObject\",\"inLanguage\":\"fr-FR\",\"@id\":\"https:\/\/www.spiritofpolo.com\/fr#\/schema\/logo\/image\/\",\"url\":\"\",\"contentUrl\":\"\",\"caption\":\"Spirit of Polo - Spirit of Jumping\"},\"image\":{\"@id\":\"https:\/\/www.spiritofpolo.com\/fr#\/schema\/logo\/image\/\"}}]}<\/script>\n<!-- \/ Yoast SEO plugin. -->","yoast_head_json":{"title":"Genouill\u00e8res de Polo - Spirit of Polo - Spirit of Jumping","description":"Genouill\u00e8res pour polo - Fabriqu\u00e9es en cuir de haute qualit\u00e9 - Fabrication artisanale argentine - 1 paire de genouill\u00e8res (droite et gauche) - Design unisexe","robots":{"index":"index","follow":"follow","max-snippet":"max-snippet:-1","max-image-preview":"max-image-preview:large","max-video-preview":"max-video-preview:-1"},"canonical":"https:\/\/www.spiritofpolo.com\/fr\/polo\/pour-le-joueur\/genouilleres","og_locale":"fr_FR","og_type":"article","og_title":"Genouill\u00e8res de Polo - Spirit of Polo - Spirit of Jumping","og_description":"Genouill\u00e8res pour polo - Fabriqu\u00e9es en cuir de haute qualit\u00e9 - Fabrication artisanale argentine - 1 paire de genouill\u00e8res (droite et gauche) - Design unisexe","og_url":"https:\/\/www.spiritofpolo.com\/fr\/polo\/pour-le-joueur\/genouilleres","og_site_name":"Spirit of Polo - Spirit of Jumping","article_modified_time":"2019-09-18T12:31:37+00:00","twitter_card":"summary_large_image","schema":{"@context":"https:\/\/schema.org","@graph":[{"@type":"WebPage","@id":"https:\/\/www.spiritofpolo.com\/fr\/polo\/pour-le-joueur\/genouilleres","url":"https:\/\/www.spiritofpolo.com\/fr\/polo\/pour-le-joueur\/genouilleres","name":"Genouill\u00e8res de Polo - Spirit of Polo - Spirit of Jumping","isPartOf":{"@id":"https:\/\/www.spiritofpolo.com\/fr#website"},"datePublished":"2015-09-22T03:17:58+00:00","dateModified":"2019-09-18T12:31:37+00:00","description":"Genouill\u00e8res pour polo - Fabriqu\u00e9es en cuir de haute qualit\u00e9 - Fabrication artisanale argentine - 1 paire de genouill\u00e8res (droite et gauche) - Design unisexe","breadcrumb":{"@id":"https:\/\/www.spiritofpolo.com\/fr\/polo\/pour-le-joueur\/genouilleres#breadcrumb"},"inLanguage":"fr-FR","potentialAction":[{"@type":"ReadAction","target":["https:\/\/www.spiritofpolo.com\/fr\/polo\/pour-le-joueur\/genouilleres"]}]},{"@type":"BreadcrumbList","@id":"https:\/\/www.spiritofpolo.com\/fr\/polo\/pour-le-joueur\/genouilleres#breadcrumb","itemListElement":[{"@type":"ListItem","position":1,"name":"Home","item":"https:\/\/www.spiritofpolo.com\/fr"},{"@type":"ListItem","position":2,"name":"Polo","item":"https:\/\/www.spiritofpolo.com\/fr\/polo"},{"@type":"ListItem","position":3,"name":"Pour le Joueur","item":"https:\/\/www.spiritofpolo.com\/fr\/polo\/pour-le-joueur"},{"@type":"ListItem","position":4,"name":"Genouill\u00e8res de Polo"}]},{"@type":"WebSite","@id":"https:\/\/www.spiritofpolo.com\/fr#website","url":"https:\/\/www.spiritofpolo.com\/fr","name":"Spirit of Polo - Spirit of Jumping","description":"Argentine Polo Products","publisher":{"@id":"https:\/\/www.spiritofpolo.com\/fr#organization"},"potentialAction":[{"@type":"SearchAction","target":{"@type":"EntryPoint","urlTemplate":"https:\/\/www.spiritofpolo.com\/fr?s={search_term_string}"},"query-input":"required name=search_term_string"}],"inLanguage":"fr-FR"},{"@type":"Organization","@id":"https:\/\/www.spiritofpolo.com\/fr#organization","name":"Spirit of Polo - Spirit of Jumping","url":"https:\/\/www.spiritofpolo.com\/fr","logo":{"@type":"ImageObject","inLanguage":"fr-FR","@id":"https:\/\/www.spiritofpolo.com\/fr#\/schema\/logo\/image\/","url":"","contentUrl":"","caption":"Spirit of Polo - Spirit of Jumping"},"image":{"@id":"https:\/\/www.spiritofpolo.com\/fr#\/schema\/logo\/image\/"}}]}},"_links":{"self":[{"href":"https:\/\/www.spiritofpolo.com\/fr\/wp-json\/wp\/v2\/pages\/558"}],"collection":[{"href":"https:\/\/www.spiritofpolo.com\/fr\/wp-json\/wp\/v2\/pages"}],"about":[{"href":"https:\/\/www.spiritofpolo.com\/fr\/wp-json\/wp\/v2\/types\/page"}],"author":[{"embeddable":true,"href":"https:\/\/www.spiritofpolo.com\/fr\/wp-json\/wp\/v2\/users\/1"}],"replies":[{"embeddable":true,"href":"https:\/\/www.spiritofpolo.com\/fr\/wp-json\/wp\/v2\/comments?post=558"}],"version-history":[{"count":7,"href":"https:\/\/www.spiritofpolo.com\/fr\/wp-json\/wp\/v2\/pages\/558\/revisions"}],"predecessor-version":[{"id":9678,"href":"https:\/\/www.spiritofpolo.com\/fr\/wp-json\/wp\/v2\/pages\/558\/revisions\/9678"}],"up":[{"embeddable":true,"href":"https:\/\/www.spiritofpolo.com\/fr\/wp-json\/wp\/v2\/pages\/439"}],"wp:attachment":[{"href":"https:\/\/www.spiritofpolo.com\/fr\/wp-json\/wp\/v2\/media?parent=558"}],"curies":[{"name":"wp","href":"https:\/\/api.w.org\/{rel}","templated":true}]}}