{"id":575,"date":"2015-09-22T03:36:54","date_gmt":"2015-09-22T03:36:54","guid":{"rendered":"http:\/\/www.spiritofpolo.com\/?page_id=575&#038;lang=fr"},"modified":"2015-10-23T13:22:54","modified_gmt":"2015-10-23T13:22:54","slug":"aide","status":"publish","type":"page","link":"https:\/\/www.spiritofpolo.com\/fr\/aide","title":{"rendered":"Aide"},"content":{"rendered":"<p>Livraisons et retours<br \/>\n<strong>LA LIVRAISONS DE VOTRE COLIS<\/strong><br \/>\nLes colis sont g\u00e9n\u00e9ralement exp\u00e9di\u00e9s dans les 4 jours apr\u00e8s r\u00e9ception du paiement et sont exp\u00e9di\u00e9s par GLS ou French Post avec un suivi et livraison sans signature. Si vous souhaitez une livraison Fedex avec signature, un co\u00fbt suppl\u00e9mentaire sera appliqu\u00e9, donc s&rsquo;il vous plait contactez nous avant de choisir cette m\u00e9thode. Quel que soit le choix que vous faites concernant l&rsquo;exp\u00e9dition, nous vous fournirons un lien pour suivre votre colis en ligne.<br \/>\nLes frais de livraison comprennent les frais de manutention et d&#8217;emballage ainsi que les frais d&rsquo;affranchissement. Les frais de manutention sont fixes, tandis que les frais de transport varient en fonction du poids total de l&rsquo;exp\u00e9dition. Nous vous conseillons de regrouper vos achats en une seule commande. Nous ne pouvons pas grouper deux commandes distinctes et les frais d&rsquo;exp\u00e9dition seront applicables \u00e0 chacun d&rsquo;elles.<br \/>\nLes conditions g\u00e9n\u00e9rales de vente du site d\u00e9terminent les relations entre Spirit of Polo et le client.<br \/>\nToute commande pass\u00e9e ou achat effectu\u00e9 entra\u00eenent l\u2019acceptation de ces conditions.<\/p>\n<p>Termes et Conditions<br \/>\n<strong>LE CLIENT<\/strong><br \/>\nLe Client d\u00e9clare \u00eatre une personne physique, \u00e2g\u00e9e d\u2019au moins 18 ans et avoir la capacit\u00e9 juridique ou \u00eatre titulaire d\u2019une autorisation parentale lui permettant d\u2019effectuer une commande sur le site. Lors de l\u2019enregistrement des donn\u00e9es personnelles du Client dans la rubrique \u201cVotre compte\u201d, ce dernier doit s\u2019assurer de l\u2019exactitude et de l\u2019exhaustivit\u00e9 des donn\u00e9es obligatoires qu\u2019il fournit. En cas d\u2019erreur dans le libell\u00e9 des coordonn\u00e9es du destinataire, Spirit of Polo ltd. ne saurait \u00eatre tenu responsable de l\u2019impossibilit\u00e9 de livrer le produit.<\/p>\n<p><strong>LES PRODUITS<\/strong><br \/>\nLes produits pr\u00e9sent\u00e9s \u00e0 la vente sont ceux d\u00e9crits sur le Site. Spirit of Polo apporte le plus grand soin dans la pr\u00e9sentation et la description de ces produits pour satisfaire au mieux l\u2019information du Client. Il est toutefois possible que des erreurs non substantielles puissent figurer sur le Site, ce que le client reconna\u00eet et accepte.<br \/>\nLes photographies et graphismes du catalogue ne sont qu\u2019indicatifs et n\u2019engagent nullement la responsabilit\u00e9 de la soci\u00e9t\u00e9 Spirit of Polo.<br \/>\nAu cas ou un fournisseur modifierait un produit, la responsabilit\u00e9 de la soci\u00e9t\u00e9 Spirit of Polo ne pourrait \u00eatre engag\u00e9e ; ni m\u00eame la validit\u00e9 du contrat de vente.<\/p>\n<p><strong>LES PRIX<\/strong><br \/>\nLes prix de vente des produits commercialis\u00e9s sur le site Spirit of Polo s\u2019entendent nets, toutes taxes comprises (TTC). Tout changement de ce taux pourra \u00eatre r\u00e9percut\u00e9 imm\u00e9diatement sur nos prix de vente.<br \/>\nEn cas d&rsquo;erreur sur le prix, Spirit of Polo contactera le client afin de lui communiquer le prix correct. Si le client n&rsquo;accepte pas la modification du prix, Spirit of Polo proc\u00e9dera alors \u00e0 l&rsquo;annulation de la commande et au remboursement de toutes les sommes r\u00e9gl\u00e9es \u00e0 Spirit of Polo pour la commande concern\u00e9e.<br \/>\nLes prix sont modifiables sans pr\u00e9avis \u00e0 tout moment et valable uniquement sur le site.<br \/>\nLes op\u00e9rations promotionnelles et offres de d\u00e9stockage de la boutique en ligne ne sont valables que dans la limite des stocks disponibles.<\/p>\n<p><strong>LIVRAISON<\/strong><br \/>\nLa livraison \u00e0 domicile ou le retrait en show-room sont les deux possibilit\u00e9s de livraison propos\u00e9es par Spirit of Polo.<br \/>\nLa livraison est effectu\u00e9e \u00e0 l\u2019adresse de livraison indiqu\u00e9e par le client, \u00e9tant pr\u00e9cis\u00e9 que celle-ci doit \u00eatre l\u2019adresse de r\u00e9sidence du client ou de toute autre personne physique de son choix domicili\u00e9e dans le pays de r\u00e9sidence du client. La livraison ne peut \u00eatre effectu\u00e9e \u00e0 des bo\u00eetes postales.<br \/>\nAfin que ces d\u00e9lais soient respect\u00e9s, le client doit s\u2019assurer d\u2019avoir communiqu\u00e9 des informations exactes et compl\u00e8tes concernant l\u2019adresse de livraison (tels que, notamment : n\u00b0 de rue, de b\u00e2timent, d\u2019escalier, codes d\u2019acc\u00e8s, noms et\/ou num\u00e9ros d\u2019interphone, t\u00e9l\u00e9phone contact etc.).<br \/>\nLes d\u00e9lais indiqu\u00e9s sont des d\u00e9lais indicatifs, correspondant aux d\u00e9lais moyens de traitement et de livraison. La Soci\u00e9t\u00e9 Spirit of Polo ne pourra \u00eatre tenue responsable des cons\u00e9quences dues \u00e0 un retard d\u2019acheminement n\u2019\u00e9tant pas de son fait.<br \/>\nEn cas de colis endommag\u00e9s (d\u00e9j\u00e0 ouvert, produits manquants, \u2026), le Client s\u2019engage \u00e0 notifier au transporteur et \u00e0 la Soci\u00e9t\u00e9 Spirit of Polo par tous moyens, toutes r\u00e9serves dans les 3 jours suivant la r\u00e9ception du produit.<\/p>\n","protected":false},"excerpt":{"rendered":"<p>Livraisons et retours LA LIVRAISONS DE VOTRE COLIS Les colis sont g\u00e9n\u00e9ralement exp\u00e9di\u00e9s dans les 4 jours apr\u00e8s r\u00e9ception du paiement et sont exp\u00e9di\u00e9s par GLS ou French Post avec un suivi et livraison sans signature. Si vous souhaitez une livraison Fedex avec signature, un co\u00fbt suppl\u00e9mentaire sera appliqu\u00e9, donc s&rsquo;il vous plait contactez nous avant de choisir cette m\u00e9thode. Quel que soit le choix que vous faites concernant l&rsquo;exp\u00e9dition, nous vous fournirons un lien&hellip;<\/p>\n","protected":false},"author":1,"featured_media":0,"parent":0,"menu_order":0,"comment_status":"closed","ping_status":"closed","template":"","meta":[],"acf":[],"yoast_head":"<!-- This site is optimized with the Yoast SEO plugin v19.14 - https:\/\/yoast.com\/wordpress\/plugins\/seo\/ -->\n<title>Aide - Spirit of Polo - Spirit of Jumping<\/title>\n<meta name=\"robots\" content=\"index, follow, max-snippet:-1, max-image-preview:large, max-video-preview:-1\" \/>\n<link rel=\"canonical\" href=\"https:\/\/www.spiritofpolo.com\/fr\/aide\" \/>\n<meta property=\"og:locale\" content=\"fr_FR\" \/>\n<meta property=\"og:type\" content=\"article\" \/>\n<meta property=\"og:title\" content=\"Aide - Spirit of Polo - Spirit of Jumping\" \/>\n<meta property=\"og:description\" content=\"Livraisons et retours LA LIVRAISONS DE VOTRE COLIS Les colis sont g\u00e9n\u00e9ralement exp\u00e9di\u00e9s dans les 4 jours apr\u00e8s r\u00e9ception du paiement et sont exp\u00e9di\u00e9s par GLS ou French Post avec un suivi et livraison sans signature. Si vous souhaitez une livraison Fedex avec signature, un co\u00fbt suppl\u00e9mentaire sera appliqu\u00e9, donc s&rsquo;il vous plait contactez nous avant de choisir cette m\u00e9thode. Quel que soit le choix que vous faites concernant l&rsquo;exp\u00e9dition, nous vous fournirons un lien&hellip;\" \/>\n<meta property=\"og:url\" content=\"https:\/\/www.spiritofpolo.com\/fr\/aide\" \/>\n<meta property=\"og:site_name\" content=\"Spirit of Polo - Spirit of Jumping\" \/>\n<meta property=\"article:modified_time\" content=\"2015-10-23T13:22:54+00:00\" \/>\n<meta name=\"twitter:card\" content=\"summary_large_image\" \/>\n<meta name=\"twitter:label1\" content=\"Dur\u00e9e de lecture estim\u00e9e\" \/>\n\t<meta name=\"twitter:data1\" content=\"4 minutes\" \/>\n<script type=\"application\/ld+json\" class=\"yoast-schema-graph\">{\"@context\":\"https:\/\/schema.org\",\"@graph\":[{\"@type\":\"WebPage\",\"@id\":\"https:\/\/www.spiritofpolo.com\/fr\/aide\",\"url\":\"https:\/\/www.spiritofpolo.com\/fr\/aide\",\"name\":\"Aide - Spirit of Polo - Spirit of Jumping\",\"isPartOf\":{\"@id\":\"https:\/\/www.spiritofpolo.com\/fr#website\"},\"datePublished\":\"2015-09-22T03:36:54+00:00\",\"dateModified\":\"2015-10-23T13:22:54+00:00\",\"breadcrumb\":{\"@id\":\"https:\/\/www.spiritofpolo.com\/fr\/aide#breadcrumb\"},\"inLanguage\":\"fr-FR\",\"potentialAction\":[{\"@type\":\"ReadAction\",\"target\":[\"https:\/\/www.spiritofpolo.com\/fr\/aide\"]}]},{\"@type\":\"BreadcrumbList\",\"@id\":\"https:\/\/www.spiritofpolo.com\/fr\/aide#breadcrumb\",\"itemListElement\":[{\"@type\":\"ListItem\",\"position\":1,\"name\":\"Home\",\"item\":\"https:\/\/www.spiritofpolo.com\/fr\"},{\"@type\":\"ListItem\",\"position\":2,\"name\":\"Aide\"}]},{\"@type\":\"WebSite\",\"@id\":\"https:\/\/www.spiritofpolo.com\/fr#website\",\"url\":\"https:\/\/www.spiritofpolo.com\/fr\",\"name\":\"Spirit of Polo - Spirit of Jumping\",\"description\":\"Argentine Polo Products\",\"publisher\":{\"@id\":\"https:\/\/www.spiritofpolo.com\/fr#organization\"},\"potentialAction\":[{\"@type\":\"SearchAction\",\"target\":{\"@type\":\"EntryPoint\",\"urlTemplate\":\"https:\/\/www.spiritofpolo.com\/fr?s={search_term_string}\"},\"query-input\":\"required name=search_term_string\"}],\"inLanguage\":\"fr-FR\"},{\"@type\":\"Organization\",\"@id\":\"https:\/\/www.spiritofpolo.com\/fr#organization\",\"name\":\"Spirit of Polo - Spirit of Jumping\",\"url\":\"https:\/\/www.spiritofpolo.com\/fr\",\"logo\":{\"@type\":\"ImageObject\",\"inLanguage\":\"fr-FR\",\"@id\":\"https:\/\/www.spiritofpolo.com\/fr#\/schema\/logo\/image\/\",\"url\":\"\",\"contentUrl\":\"\",\"caption\":\"Spirit of Polo - Spirit of Jumping\"},\"image\":{\"@id\":\"https:\/\/www.spiritofpolo.com\/fr#\/schema\/logo\/image\/\"}}]}<\/script>\n<!-- \/ Yoast SEO plugin. -->","yoast_head_json":{"title":"Aide - Spirit of Polo - Spirit of Jumping","robots":{"index":"index","follow":"follow","max-snippet":"max-snippet:-1","max-image-preview":"max-image-preview:large","max-video-preview":"max-video-preview:-1"},"canonical":"https:\/\/www.spiritofpolo.com\/fr\/aide","og_locale":"fr_FR","og_type":"article","og_title":"Aide - Spirit of Polo - Spirit of Jumping","og_description":"Livraisons et retours LA LIVRAISONS DE VOTRE COLIS Les colis sont g\u00e9n\u00e9ralement exp\u00e9di\u00e9s dans les 4 jours apr\u00e8s r\u00e9ception du paiement et sont exp\u00e9di\u00e9s par GLS ou French Post avec un suivi et livraison sans signature. Si vous souhaitez une livraison Fedex avec signature, un co\u00fbt suppl\u00e9mentaire sera appliqu\u00e9, donc s&rsquo;il vous plait contactez nous avant de choisir cette m\u00e9thode. Quel que soit le choix que vous faites concernant l&rsquo;exp\u00e9dition, nous vous fournirons un lien&hellip;","og_url":"https:\/\/www.spiritofpolo.com\/fr\/aide","og_site_name":"Spirit of Polo - Spirit of Jumping","article_modified_time":"2015-10-23T13:22:54+00:00","twitter_card":"summary_large_image","twitter_misc":{"Dur\u00e9e de lecture estim\u00e9e":"4 minutes"},"schema":{"@context":"https:\/\/schema.org","@graph":[{"@type":"WebPage","@id":"https:\/\/www.spiritofpolo.com\/fr\/aide","url":"https:\/\/www.spiritofpolo.com\/fr\/aide","name":"Aide - Spirit of Polo - Spirit of Jumping","isPartOf":{"@id":"https:\/\/www.spiritofpolo.com\/fr#website"},"datePublished":"2015-09-22T03:36:54+00:00","dateModified":"2015-10-23T13:22:54+00:00","breadcrumb":{"@id":"https:\/\/www.spiritofpolo.com\/fr\/aide#breadcrumb"},"inLanguage":"fr-FR","potentialAction":[{"@type":"ReadAction","target":["https:\/\/www.spiritofpolo.com\/fr\/aide"]}]},{"@type":"BreadcrumbList","@id":"https:\/\/www.spiritofpolo.com\/fr\/aide#breadcrumb","itemListElement":[{"@type":"ListItem","position":1,"name":"Home","item":"https:\/\/www.spiritofpolo.com\/fr"},{"@type":"ListItem","position":2,"name":"Aide"}]},{"@type":"WebSite","@id":"https:\/\/www.spiritofpolo.com\/fr#website","url":"https:\/\/www.spiritofpolo.com\/fr","name":"Spirit of Polo - Spirit of Jumping","description":"Argentine Polo Products","publisher":{"@id":"https:\/\/www.spiritofpolo.com\/fr#organization"},"potentialAction":[{"@type":"SearchAction","target":{"@type":"EntryPoint","urlTemplate":"https:\/\/www.spiritofpolo.com\/fr?s={search_term_string}"},"query-input":"required name=search_term_string"}],"inLanguage":"fr-FR"},{"@type":"Organization","@id":"https:\/\/www.spiritofpolo.com\/fr#organization","name":"Spirit of Polo - Spirit of Jumping","url":"https:\/\/www.spiritofpolo.com\/fr","logo":{"@type":"ImageObject","inLanguage":"fr-FR","@id":"https:\/\/www.spiritofpolo.com\/fr#\/schema\/logo\/image\/","url":"","contentUrl":"","caption":"Spirit of Polo - Spirit of Jumping"},"image":{"@id":"https:\/\/www.spiritofpolo.com\/fr#\/schema\/logo\/image\/"}}]}},"_links":{"self":[{"href":"https:\/\/www.spiritofpolo.com\/fr\/wp-json\/wp\/v2\/pages\/575"}],"collection":[{"href":"https:\/\/www.spiritofpolo.com\/fr\/wp-json\/wp\/v2\/pages"}],"about":[{"href":"https:\/\/www.spiritofpolo.com\/fr\/wp-json\/wp\/v2\/types\/page"}],"author":[{"embeddable":true,"href":"https:\/\/www.spiritofpolo.com\/fr\/wp-json\/wp\/v2\/users\/1"}],"replies":[{"embeddable":true,"href":"https:\/\/www.spiritofpolo.com\/fr\/wp-json\/wp\/v2\/comments?post=575"}],"version-history":[{"count":5,"href":"https:\/\/www.spiritofpolo.com\/fr\/wp-json\/wp\/v2\/pages\/575\/revisions"}],"predecessor-version":[{"id":4202,"href":"https:\/\/www.spiritofpolo.com\/fr\/wp-json\/wp\/v2\/pages\/575\/revisions\/4202"}],"wp:attachment":[{"href":"https:\/\/www.spiritofpolo.com\/fr\/wp-json\/wp\/v2\/media?parent=575"}],"curies":[{"name":"wp","href":"https:\/\/api.w.org\/{rel}","templated":true}]}}