{"id":1001,"date":"2015-09-23T13:32:32","date_gmt":"2015-09-23T13:32:32","guid":{"rendered":"http:\/\/www.spiritofpolo.com\/product\/sac-porte-bottes-en-toile"},"modified":"2020-07-24T21:37:58","modified_gmt":"2020-07-24T21:37:58","slug":"sacs-porte-bottes-en-cordura","status":"publish","type":"product","link":"https:\/\/www.spiritofpolo.com\/fr\/produit\/sacs-porte-bottes-en-cordura","title":{"rendered":"SACS PORTE BOTTES EN CORDURA"},"content":{"rendered":"","protected":false},"excerpt":{"rendered":"<div class=\"woocommerce-product-details__short-description\">\n<p><span class=\"tlid-translation translation\" lang=\"fr\"><span class=\"\" title=\"\">Sac pour ranger et transporter les bottes d\u2019\u00e9quitation (polo ou \u00e9quitation) en nylon imperm\u00e9able et r\u00e9sistant aux intemp\u00e9ries.<\/span> <span class=\"\" title=\"\">Il a une poche ext\u00e9rieure pour stocker de petits objets.<\/span> <span class=\"\" title=\"\">Il prot\u00e8ge vos bottes de la salet\u00e9 et s\u2019adapte facilement \u00e0 une taille de botte standard.<\/span> <span class=\"\" title=\"\">Fermeture \u00e0 glissi\u00e8re YKK qui garantit la durabilit\u00e9.<\/span><\/span><\/p>\n<p><span class=\"\" title=\"\">Possibilit\u00e9 de personnaliser la couleur du nylon.<\/span> <span class=\"\" title=\"\">Inclut la broderie de vos initiales, votre nom ou votre logo.<\/span><br \/>\n<span class=\"\" title=\"\">Fabriqu\u00e9 en Argentine<\/span><\/p>\n<\/div>\n","protected":false},"featured_media":10151,"comment_status":"open","ping_status":"closed","template":"","meta":[],"product_cat":[160,2042,2036,2032,94,337],"product_tag":[306,1370,194],"acf":[],"yoast_head":"<!-- This site is optimized with the Yoast SEO plugin v19.14 - https:\/\/yoast.com\/wordpress\/plugins\/seo\/ -->\n<title>SACS PORTE BOTTES EN CORDURA - Spirit of Polo - Spirit of Jumping<\/title>\n<meta name=\"description\" content=\"Sac pour ranger et transporter les bottes d\u2019\u00e9quitation (polo ou \u00e9quitation) en nylon imperm\u00e9able et r\u00e9sistant aux intemp\u00e9ries.\" \/>\n<meta name=\"robots\" content=\"index, follow, max-snippet:-1, max-image-preview:large, max-video-preview:-1\" \/>\n<link rel=\"canonical\" href=\"https:\/\/www.spiritofpolo.com\/fr\/produit\/sacs-porte-bottes-en-cordura\" \/>\n<meta property=\"og:locale\" content=\"fr_FR\" \/>\n<meta property=\"og:type\" content=\"article\" \/>\n<meta property=\"og:title\" content=\"SACS PORTE BOTTES EN CORDURA - Spirit of Polo - Spirit of Jumping\" \/>\n<meta property=\"og:description\" content=\"Sac pour ranger et transporter les bottes d\u2019\u00e9quitation (polo ou \u00e9quitation) en nylon imperm\u00e9able et r\u00e9sistant aux intemp\u00e9ries.\" \/>\n<meta property=\"og:url\" content=\"https:\/\/www.spiritofpolo.com\/fr\/produit\/sacs-porte-bottes-en-cordura\" \/>\n<meta property=\"og:site_name\" content=\"Spirit of Polo - Spirit of Jumping\" \/>\n<meta property=\"article:modified_time\" content=\"2020-07-24T21:37:58+00:00\" \/>\n<meta property=\"og:image\" content=\"https:\/\/www.spiritofpolo.com\/wp-content\/uploads\/Botero-Lona-2_chico.jpg\" \/>\n\t<meta property=\"og:image:width\" content=\"555\" \/>\n\t<meta property=\"og:image:height\" content=\"710\" \/>\n\t<meta property=\"og:image:type\" content=\"image\/jpeg\" \/>\n<meta name=\"twitter:card\" content=\"summary_large_image\" \/>\n<script type=\"application\/ld+json\" class=\"yoast-schema-graph\">{\"@context\":\"https:\/\/schema.org\",\"@graph\":[{\"@type\":\"WebPage\",\"@id\":\"https:\/\/www.spiritofpolo.com\/fr\/produit\/sacs-porte-bottes-en-cordura\",\"url\":\"https:\/\/www.spiritofpolo.com\/fr\/produit\/sacs-porte-bottes-en-cordura\",\"name\":\"SACS PORTE BOTTES EN CORDURA - Spirit of Polo - Spirit of Jumping\",\"isPartOf\":{\"@id\":\"https:\/\/www.spiritofpolo.com\/fr#website\"},\"datePublished\":\"2015-09-23T13:32:32+00:00\",\"dateModified\":\"2020-07-24T21:37:58+00:00\",\"description\":\"Sac pour ranger et transporter les bottes d\u2019\u00e9quitation (polo ou \u00e9quitation) en nylon imperm\u00e9able et r\u00e9sistant aux intemp\u00e9ries.\",\"breadcrumb\":{\"@id\":\"https:\/\/www.spiritofpolo.com\/fr\/produit\/sacs-porte-bottes-en-cordura#breadcrumb\"},\"inLanguage\":\"fr-FR\",\"potentialAction\":[{\"@type\":\"ReadAction\",\"target\":[\"https:\/\/www.spiritofpolo.com\/fr\/produit\/sacs-porte-bottes-en-cordura\"]}]},{\"@type\":\"BreadcrumbList\",\"@id\":\"https:\/\/www.spiritofpolo.com\/fr\/produit\/sacs-porte-bottes-en-cordura#breadcrumb\",\"itemListElement\":[{\"@type\":\"ListItem\",\"position\":1,\"name\":\"Home\",\"item\":\"https:\/\/www.spiritofpolo.com\/fr\"},{\"@type\":\"ListItem\",\"position\":2,\"name\":\"Boutique\",\"item\":\"https:\/\/www.spiritofpolo.com\/fr\/boutique\"},{\"@type\":\"ListItem\",\"position\":3,\"name\":\"SACS PORTE BOTTES EN CORDURA\"}]},{\"@type\":\"WebSite\",\"@id\":\"https:\/\/www.spiritofpolo.com\/fr#website\",\"url\":\"https:\/\/www.spiritofpolo.com\/fr\",\"name\":\"Spirit of Polo - Spirit of Jumping\",\"description\":\"Argentine Polo Products\",\"publisher\":{\"@id\":\"https:\/\/www.spiritofpolo.com\/fr#organization\"},\"potentialAction\":[{\"@type\":\"SearchAction\",\"target\":{\"@type\":\"EntryPoint\",\"urlTemplate\":\"https:\/\/www.spiritofpolo.com\/fr?s={search_term_string}\"},\"query-input\":\"required name=search_term_string\"}],\"inLanguage\":\"fr-FR\"},{\"@type\":\"Organization\",\"@id\":\"https:\/\/www.spiritofpolo.com\/fr#organization\",\"name\":\"Spirit of Polo - Spirit of Jumping\",\"url\":\"https:\/\/www.spiritofpolo.com\/fr\",\"logo\":{\"@type\":\"ImageObject\",\"inLanguage\":\"fr-FR\",\"@id\":\"https:\/\/www.spiritofpolo.com\/fr#\/schema\/logo\/image\/\",\"url\":\"\",\"contentUrl\":\"\",\"caption\":\"Spirit of Polo - Spirit of Jumping\"},\"image\":{\"@id\":\"https:\/\/www.spiritofpolo.com\/fr#\/schema\/logo\/image\/\"}}]}<\/script>\n<!-- \/ Yoast SEO plugin. -->","yoast_head_json":{"title":"SACS PORTE BOTTES EN CORDURA - Spirit of Polo - Spirit of Jumping","description":"Sac pour ranger et transporter les bottes d\u2019\u00e9quitation (polo ou \u00e9quitation) en nylon imperm\u00e9able et r\u00e9sistant aux intemp\u00e9ries.","robots":{"index":"index","follow":"follow","max-snippet":"max-snippet:-1","max-image-preview":"max-image-preview:large","max-video-preview":"max-video-preview:-1"},"canonical":"https:\/\/www.spiritofpolo.com\/fr\/produit\/sacs-porte-bottes-en-cordura","og_locale":"fr_FR","og_type":"article","og_title":"SACS PORTE BOTTES EN CORDURA - Spirit of Polo - Spirit of Jumping","og_description":"Sac pour ranger et transporter les bottes d\u2019\u00e9quitation (polo ou \u00e9quitation) en nylon imperm\u00e9able et r\u00e9sistant aux intemp\u00e9ries.","og_url":"https:\/\/www.spiritofpolo.com\/fr\/produit\/sacs-porte-bottes-en-cordura","og_site_name":"Spirit of Polo - Spirit of Jumping","article_modified_time":"2020-07-24T21:37:58+00:00","og_image":[{"width":555,"height":710,"url":"https:\/\/www.spiritofpolo.com\/wp-content\/uploads\/Botero-Lona-2_chico.jpg","type":"image\/jpeg"}],"twitter_card":"summary_large_image","schema":{"@context":"https:\/\/schema.org","@graph":[{"@type":"WebPage","@id":"https:\/\/www.spiritofpolo.com\/fr\/produit\/sacs-porte-bottes-en-cordura","url":"https:\/\/www.spiritofpolo.com\/fr\/produit\/sacs-porte-bottes-en-cordura","name":"SACS PORTE BOTTES EN CORDURA - Spirit of Polo - Spirit of Jumping","isPartOf":{"@id":"https:\/\/www.spiritofpolo.com\/fr#website"},"datePublished":"2015-09-23T13:32:32+00:00","dateModified":"2020-07-24T21:37:58+00:00","description":"Sac pour ranger et transporter les bottes d\u2019\u00e9quitation (polo ou \u00e9quitation) en nylon imperm\u00e9able et r\u00e9sistant aux intemp\u00e9ries.","breadcrumb":{"@id":"https:\/\/www.spiritofpolo.com\/fr\/produit\/sacs-porte-bottes-en-cordura#breadcrumb"},"inLanguage":"fr-FR","potentialAction":[{"@type":"ReadAction","target":["https:\/\/www.spiritofpolo.com\/fr\/produit\/sacs-porte-bottes-en-cordura"]}]},{"@type":"BreadcrumbList","@id":"https:\/\/www.spiritofpolo.com\/fr\/produit\/sacs-porte-bottes-en-cordura#breadcrumb","itemListElement":[{"@type":"ListItem","position":1,"name":"Home","item":"https:\/\/www.spiritofpolo.com\/fr"},{"@type":"ListItem","position":2,"name":"Boutique","item":"https:\/\/www.spiritofpolo.com\/fr\/boutique"},{"@type":"ListItem","position":3,"name":"SACS PORTE BOTTES EN CORDURA"}]},{"@type":"WebSite","@id":"https:\/\/www.spiritofpolo.com\/fr#website","url":"https:\/\/www.spiritofpolo.com\/fr","name":"Spirit of Polo - Spirit of Jumping","description":"Argentine Polo Products","publisher":{"@id":"https:\/\/www.spiritofpolo.com\/fr#organization"},"potentialAction":[{"@type":"SearchAction","target":{"@type":"EntryPoint","urlTemplate":"https:\/\/www.spiritofpolo.com\/fr?s={search_term_string}"},"query-input":"required name=search_term_string"}],"inLanguage":"fr-FR"},{"@type":"Organization","@id":"https:\/\/www.spiritofpolo.com\/fr#organization","name":"Spirit of Polo - Spirit of Jumping","url":"https:\/\/www.spiritofpolo.com\/fr","logo":{"@type":"ImageObject","inLanguage":"fr-FR","@id":"https:\/\/www.spiritofpolo.com\/fr#\/schema\/logo\/image\/","url":"","contentUrl":"","caption":"Spirit of Polo - Spirit of Jumping"},"image":{"@id":"https:\/\/www.spiritofpolo.com\/fr#\/schema\/logo\/image\/"}}]}},"tiered_pricing_type":"fixed","tiered_pricing_fixed_rules":[],"tiered_pricing_product_settings":{"layout":"default","base_unit_name":{"singular":null,"plural":null},"default_variation":null},"tiered_pricing_minimum_quantity":null,"tiered_pricing_roles_data":[],"tiered_pricing_percentage_rules":[],"_links":{"self":[{"href":"https:\/\/www.spiritofpolo.com\/fr\/wp-json\/wp\/v2\/product\/1001"}],"collection":[{"href":"https:\/\/www.spiritofpolo.com\/fr\/wp-json\/wp\/v2\/product"}],"about":[{"href":"https:\/\/www.spiritofpolo.com\/fr\/wp-json\/wp\/v2\/types\/product"}],"replies":[{"embeddable":true,"href":"https:\/\/www.spiritofpolo.com\/fr\/wp-json\/wp\/v2\/comments?post=1001"}],"wp:featuredmedia":[{"embeddable":true,"href":"https:\/\/www.spiritofpolo.com\/fr\/wp-json\/wp\/v2\/media\/10151"}],"wp:attachment":[{"href":"https:\/\/www.spiritofpolo.com\/fr\/wp-json\/wp\/v2\/media?parent=1001"}],"wp:term":[{"taxonomy":"product_cat","embeddable":true,"href":"https:\/\/www.spiritofpolo.com\/fr\/wp-json\/wp\/v2\/product_cat?post=1001"},{"taxonomy":"product_tag","embeddable":true,"href":"https:\/\/www.spiritofpolo.com\/fr\/wp-json\/wp\/v2\/product_tag?post=1001"}],"curies":[{"name":"wp","href":"https:\/\/api.w.org\/{rel}","templated":true}]}}