{"id":10051,"date":"2019-07-24T13:12:47","date_gmt":"2019-07-24T13:12:47","guid":{"rendered":"https:\/\/spiritofpolo.com\/product\/bottes-tecno-ecojump-nf"},"modified":"2019-07-24T22:38:19","modified_gmt":"2019-07-24T22:38:19","slug":"tecno-bottes-dequitation-ecojump-nf","status":"publish","type":"product","link":"https:\/\/www.spiritofpolo.com\/fr\/produit\/tecno-bottes-dequitation-ecojump-nf","title":{"rendered":"TECNO Bottes d&rsquo;\u00e9quitation EcoJump NF"},"content":{"rendered":"<p>R\u00e8alis\u00e8es en simil cuir tr\u00e9s doux et elastiques pour s&rsquo;adapter aux mollets.<\/p>\n<p>Dot\u00e8es de zip posteri\u00e8ur et lacets elastiques sur le pied. Double fermeture avec bouton et leur design est tr\u00e9s mod\u00e8rne et elegant. La semelle est en gomme.<\/p>\n<p>Taille de mollet unique<\/p>\n","protected":false},"excerpt":{"rendered":"<p>R\u00e8alis\u00e8es en simil cuir tr\u00e9s doux et elastiques pour s&rsquo;adapter aux mollets. Dot\u00e8es de zip posteri\u00e8ur et lacets elastiques sur le pied. Double fermeture avec bouton et leur design est tr\u00e9s mod\u00e8rne et elegant. La semelle est en gomme. Taille de mollet unique<\/p>\n","protected":false},"featured_media":10044,"comment_status":"open","ping_status":"closed","template":"","meta":[],"product_cat":[2042,2036,2032,2241],"product_tag":[],"acf":[],"yoast_head":"<!-- This site is optimized with the Yoast SEO plugin v19.14 - https:\/\/yoast.com\/wordpress\/plugins\/seo\/ -->\n<title>TECNO Bottes d&#039;\u00e9quitation EcoJump NF - Spirit of Polo - Spirit of Jumping<\/title>\n<meta name=\"description\" content=\"R\u00e8alis\u00e8es en simil cuir tr\u00e9s doux et elastiques pour s&#039;adapter aux mollets.\" \/>\n<meta name=\"robots\" content=\"index, follow, max-snippet:-1, max-image-preview:large, max-video-preview:-1\" \/>\n<link rel=\"canonical\" href=\"https:\/\/www.spiritofpolo.com\/fr\/produit\/tecno-bottes-dequitation-ecojump-nf\" \/>\n<meta property=\"og:locale\" content=\"fr_FR\" \/>\n<meta property=\"og:type\" content=\"article\" \/>\n<meta property=\"og:title\" content=\"TECNO Bottes d&#039;\u00e9quitation EcoJump NF - Spirit of Polo - Spirit of Jumping\" \/>\n<meta property=\"og:description\" content=\"R\u00e8alis\u00e8es en simil cuir tr\u00e9s doux et elastiques pour s&#039;adapter aux mollets.\" \/>\n<meta property=\"og:url\" content=\"https:\/\/www.spiritofpolo.com\/fr\/produit\/tecno-bottes-dequitation-ecojump-nf\" \/>\n<meta property=\"og:site_name\" content=\"Spirit of Polo - Spirit of Jumping\" \/>\n<meta property=\"article:modified_time\" content=\"2019-07-24T22:38:19+00:00\" \/>\n<meta property=\"og:image\" content=\"https:\/\/www.spiritofpolo.com\/wp-content\/uploads\/TECNO-EcoJump-NF-Boots-1.jpg\" \/>\n\t<meta property=\"og:image:width\" content=\"555\" \/>\n\t<meta property=\"og:image:height\" content=\"710\" \/>\n\t<meta property=\"og:image:type\" content=\"image\/jpeg\" \/>\n<meta name=\"twitter:card\" content=\"summary_large_image\" \/>\n<script type=\"application\/ld+json\" class=\"yoast-schema-graph\">{\"@context\":\"https:\/\/schema.org\",\"@graph\":[{\"@type\":\"WebPage\",\"@id\":\"https:\/\/www.spiritofpolo.com\/fr\/produit\/tecno-bottes-dequitation-ecojump-nf\",\"url\":\"https:\/\/www.spiritofpolo.com\/fr\/produit\/tecno-bottes-dequitation-ecojump-nf\",\"name\":\"TECNO Bottes d'\u00e9quitation EcoJump NF - Spirit of Polo - Spirit of Jumping\",\"isPartOf\":{\"@id\":\"https:\/\/www.spiritofpolo.com\/fr#website\"},\"datePublished\":\"2019-07-24T13:12:47+00:00\",\"dateModified\":\"2019-07-24T22:38:19+00:00\",\"description\":\"R\u00e8alis\u00e8es en simil cuir tr\u00e9s doux et elastiques pour s'adapter aux mollets.\",\"breadcrumb\":{\"@id\":\"https:\/\/www.spiritofpolo.com\/fr\/produit\/tecno-bottes-dequitation-ecojump-nf#breadcrumb\"},\"inLanguage\":\"fr-FR\",\"potentialAction\":[{\"@type\":\"ReadAction\",\"target\":[\"https:\/\/www.spiritofpolo.com\/fr\/produit\/tecno-bottes-dequitation-ecojump-nf\"]}]},{\"@type\":\"BreadcrumbList\",\"@id\":\"https:\/\/www.spiritofpolo.com\/fr\/produit\/tecno-bottes-dequitation-ecojump-nf#breadcrumb\",\"itemListElement\":[{\"@type\":\"ListItem\",\"position\":1,\"name\":\"Home\",\"item\":\"https:\/\/www.spiritofpolo.com\/fr\"},{\"@type\":\"ListItem\",\"position\":2,\"name\":\"Boutique\",\"item\":\"https:\/\/www.spiritofpolo.com\/fr\/boutique\"},{\"@type\":\"ListItem\",\"position\":3,\"name\":\"TECNO Bottes d&#8217;\u00e9quitation EcoJump NF\"}]},{\"@type\":\"WebSite\",\"@id\":\"https:\/\/www.spiritofpolo.com\/fr#website\",\"url\":\"https:\/\/www.spiritofpolo.com\/fr\",\"name\":\"Spirit of Polo - Spirit of Jumping\",\"description\":\"Argentine Polo Products\",\"publisher\":{\"@id\":\"https:\/\/www.spiritofpolo.com\/fr#organization\"},\"potentialAction\":[{\"@type\":\"SearchAction\",\"target\":{\"@type\":\"EntryPoint\",\"urlTemplate\":\"https:\/\/www.spiritofpolo.com\/fr?s={search_term_string}\"},\"query-input\":\"required name=search_term_string\"}],\"inLanguage\":\"fr-FR\"},{\"@type\":\"Organization\",\"@id\":\"https:\/\/www.spiritofpolo.com\/fr#organization\",\"name\":\"Spirit of Polo - Spirit of Jumping\",\"url\":\"https:\/\/www.spiritofpolo.com\/fr\",\"logo\":{\"@type\":\"ImageObject\",\"inLanguage\":\"fr-FR\",\"@id\":\"https:\/\/www.spiritofpolo.com\/fr#\/schema\/logo\/image\/\",\"url\":\"\",\"contentUrl\":\"\",\"caption\":\"Spirit of Polo - Spirit of Jumping\"},\"image\":{\"@id\":\"https:\/\/www.spiritofpolo.com\/fr#\/schema\/logo\/image\/\"}}]}<\/script>\n<!-- \/ Yoast SEO plugin. -->","yoast_head_json":{"title":"TECNO Bottes d'\u00e9quitation EcoJump NF - Spirit of Polo - Spirit of Jumping","description":"R\u00e8alis\u00e8es en simil cuir tr\u00e9s doux et elastiques pour s'adapter aux mollets.","robots":{"index":"index","follow":"follow","max-snippet":"max-snippet:-1","max-image-preview":"max-image-preview:large","max-video-preview":"max-video-preview:-1"},"canonical":"https:\/\/www.spiritofpolo.com\/fr\/produit\/tecno-bottes-dequitation-ecojump-nf","og_locale":"fr_FR","og_type":"article","og_title":"TECNO Bottes d'\u00e9quitation EcoJump NF - Spirit of Polo - Spirit of Jumping","og_description":"R\u00e8alis\u00e8es en simil cuir tr\u00e9s doux et elastiques pour s'adapter aux mollets.","og_url":"https:\/\/www.spiritofpolo.com\/fr\/produit\/tecno-bottes-dequitation-ecojump-nf","og_site_name":"Spirit of Polo - Spirit of Jumping","article_modified_time":"2019-07-24T22:38:19+00:00","og_image":[{"width":555,"height":710,"url":"https:\/\/www.spiritofpolo.com\/wp-content\/uploads\/TECNO-EcoJump-NF-Boots-1.jpg","type":"image\/jpeg"}],"twitter_card":"summary_large_image","schema":{"@context":"https:\/\/schema.org","@graph":[{"@type":"WebPage","@id":"https:\/\/www.spiritofpolo.com\/fr\/produit\/tecno-bottes-dequitation-ecojump-nf","url":"https:\/\/www.spiritofpolo.com\/fr\/produit\/tecno-bottes-dequitation-ecojump-nf","name":"TECNO Bottes d'\u00e9quitation EcoJump NF - Spirit of Polo - Spirit of Jumping","isPartOf":{"@id":"https:\/\/www.spiritofpolo.com\/fr#website"},"datePublished":"2019-07-24T13:12:47+00:00","dateModified":"2019-07-24T22:38:19+00:00","description":"R\u00e8alis\u00e8es en simil cuir tr\u00e9s doux et elastiques pour s'adapter aux mollets.","breadcrumb":{"@id":"https:\/\/www.spiritofpolo.com\/fr\/produit\/tecno-bottes-dequitation-ecojump-nf#breadcrumb"},"inLanguage":"fr-FR","potentialAction":[{"@type":"ReadAction","target":["https:\/\/www.spiritofpolo.com\/fr\/produit\/tecno-bottes-dequitation-ecojump-nf"]}]},{"@type":"BreadcrumbList","@id":"https:\/\/www.spiritofpolo.com\/fr\/produit\/tecno-bottes-dequitation-ecojump-nf#breadcrumb","itemListElement":[{"@type":"ListItem","position":1,"name":"Home","item":"https:\/\/www.spiritofpolo.com\/fr"},{"@type":"ListItem","position":2,"name":"Boutique","item":"https:\/\/www.spiritofpolo.com\/fr\/boutique"},{"@type":"ListItem","position":3,"name":"TECNO Bottes d&#8217;\u00e9quitation EcoJump NF"}]},{"@type":"WebSite","@id":"https:\/\/www.spiritofpolo.com\/fr#website","url":"https:\/\/www.spiritofpolo.com\/fr","name":"Spirit of Polo - Spirit of Jumping","description":"Argentine Polo Products","publisher":{"@id":"https:\/\/www.spiritofpolo.com\/fr#organization"},"potentialAction":[{"@type":"SearchAction","target":{"@type":"EntryPoint","urlTemplate":"https:\/\/www.spiritofpolo.com\/fr?s={search_term_string}"},"query-input":"required name=search_term_string"}],"inLanguage":"fr-FR"},{"@type":"Organization","@id":"https:\/\/www.spiritofpolo.com\/fr#organization","name":"Spirit of Polo - Spirit of Jumping","url":"https:\/\/www.spiritofpolo.com\/fr","logo":{"@type":"ImageObject","inLanguage":"fr-FR","@id":"https:\/\/www.spiritofpolo.com\/fr#\/schema\/logo\/image\/","url":"","contentUrl":"","caption":"Spirit of Polo - Spirit of Jumping"},"image":{"@id":"https:\/\/www.spiritofpolo.com\/fr#\/schema\/logo\/image\/"}}]}},"tiered_pricing_type":"fixed","tiered_pricing_fixed_rules":[],"tiered_pricing_product_settings":{"layout":"default","base_unit_name":{"singular":null,"plural":null},"default_variation":null},"tiered_pricing_minimum_quantity":null,"tiered_pricing_roles_data":[],"tiered_pricing_percentage_rules":[],"_links":{"self":[{"href":"https:\/\/www.spiritofpolo.com\/fr\/wp-json\/wp\/v2\/product\/10051"}],"collection":[{"href":"https:\/\/www.spiritofpolo.com\/fr\/wp-json\/wp\/v2\/product"}],"about":[{"href":"https:\/\/www.spiritofpolo.com\/fr\/wp-json\/wp\/v2\/types\/product"}],"replies":[{"embeddable":true,"href":"https:\/\/www.spiritofpolo.com\/fr\/wp-json\/wp\/v2\/comments?post=10051"}],"wp:featuredmedia":[{"embeddable":true,"href":"https:\/\/www.spiritofpolo.com\/fr\/wp-json\/wp\/v2\/media\/10044"}],"wp:attachment":[{"href":"https:\/\/www.spiritofpolo.com\/fr\/wp-json\/wp\/v2\/media?parent=10051"}],"wp:term":[{"taxonomy":"product_cat","embeddable":true,"href":"https:\/\/www.spiritofpolo.com\/fr\/wp-json\/wp\/v2\/product_cat?post=10051"},{"taxonomy":"product_tag","embeddable":true,"href":"https:\/\/www.spiritofpolo.com\/fr\/wp-json\/wp\/v2\/product_tag?post=10051"}],"curies":[{"name":"wp","href":"https:\/\/api.w.org\/{rel}","templated":true}]}}