{"id":10064,"date":"2019-07-24T15:08:59","date_gmt":"2019-07-24T15:09:01","guid":{"rendered":"https:\/\/spiritofpolo.com\/?post_type=product&#038;p=10064"},"modified":"2019-07-24T21:56:19","modified_gmt":"2019-07-24T21:56:19","slug":"demi-chaps-en-daim-nubuck","status":"publish","type":"product","link":"https:\/\/www.spiritofpolo.com\/fr\/produit\/demi-chaps-en-daim-nubuck","title":{"rendered":"Demi Chaps en daim \/ nubuck"},"content":{"rendered":"","protected":false},"excerpt":{"rendered":"<p>Les demi-chaps sont fabriqu\u00e9s \u00e0 partir de daim \/ nubuck de haute qualit\u00e9 avec des fermetures velcro. Con\u00e7u pour s&rsquo;adapter \u00e0 une grande vari\u00e9t\u00e9 de tailles de jambes afin d&rsquo;assurer un ajustement s\u00fbr et confortable. Des demi-chaps sont port\u00e9es pour l&rsquo;entrainement afin de prot\u00e9ger les jambes du cavalier.<\/p>\n<p>Ces demi chaps sont confortables, douces et legeres.<\/p>\n<p>Tailles: XS &#8211; S &#8211; M &#8211; L &#8211; XL<\/p>\n","protected":false},"featured_media":10078,"comment_status":"open","ping_status":"closed","template":"","meta":[],"product_cat":[160,2042,2036,2032,2210,2227,94],"product_tag":[2250,1903,2249,2248],"acf":[],"yoast_head":"<!-- This site is optimized with the Yoast SEO plugin v19.14 - https:\/\/yoast.com\/wordpress\/plugins\/seo\/ -->\n<title>Demi Chaps en daim \/ nubuck - Spirit of Polo - Spirit of Jumping<\/title>\n<meta name=\"description\" content=\"Les demi-chaps sont fabriqu\u00e9s \u00e0 partir de daim \/ nubuck de haute qualit\u00e9 avec des fermetures velcro.\" \/>\n<meta name=\"robots\" content=\"index, follow, max-snippet:-1, max-image-preview:large, max-video-preview:-1\" \/>\n<link rel=\"canonical\" href=\"https:\/\/www.spiritofpolo.com\/fr\/produit\/demi-chaps-en-daim-nubuck\" \/>\n<meta property=\"og:locale\" content=\"fr_FR\" \/>\n<meta property=\"og:type\" content=\"article\" \/>\n<meta property=\"og:title\" content=\"Demi Chaps en daim \/ nubuck - Spirit of Polo - Spirit of Jumping\" \/>\n<meta property=\"og:description\" content=\"Les demi-chaps sont fabriqu\u00e9s \u00e0 partir de daim \/ nubuck de haute qualit\u00e9 avec des fermetures velcro.\" \/>\n<meta property=\"og:url\" content=\"https:\/\/www.spiritofpolo.com\/fr\/produit\/demi-chaps-en-daim-nubuck\" \/>\n<meta property=\"og:site_name\" content=\"Spirit of Polo - Spirit of Jumping\" \/>\n<meta property=\"article:modified_time\" content=\"2019-07-24T21:56:19+00:00\" \/>\n<meta property=\"og:image\" content=\"https:\/\/www.spiritofpolo.com\/wp-content\/uploads\/Polainas-Gamuza-1.jpg\" \/>\n\t<meta property=\"og:image:width\" content=\"555\" \/>\n\t<meta property=\"og:image:height\" content=\"710\" \/>\n\t<meta property=\"og:image:type\" content=\"image\/jpeg\" \/>\n<meta name=\"twitter:card\" content=\"summary_large_image\" \/>\n<script type=\"application\/ld+json\" class=\"yoast-schema-graph\">{\"@context\":\"https:\/\/schema.org\",\"@graph\":[{\"@type\":\"WebPage\",\"@id\":\"https:\/\/www.spiritofpolo.com\/fr\/produit\/demi-chaps-en-daim-nubuck\",\"url\":\"https:\/\/www.spiritofpolo.com\/fr\/produit\/demi-chaps-en-daim-nubuck\",\"name\":\"Demi Chaps en daim \/ nubuck - Spirit of Polo - Spirit of Jumping\",\"isPartOf\":{\"@id\":\"https:\/\/www.spiritofpolo.com\/fr#website\"},\"datePublished\":\"2019-07-24T15:09:01+00:00\",\"dateModified\":\"2019-07-24T21:56:19+00:00\",\"description\":\"Les demi-chaps sont fabriqu\u00e9s \u00e0 partir de daim \/ nubuck de haute qualit\u00e9 avec des fermetures velcro.\",\"breadcrumb\":{\"@id\":\"https:\/\/www.spiritofpolo.com\/fr\/produit\/demi-chaps-en-daim-nubuck#breadcrumb\"},\"inLanguage\":\"fr-FR\",\"potentialAction\":[{\"@type\":\"ReadAction\",\"target\":[\"https:\/\/www.spiritofpolo.com\/fr\/produit\/demi-chaps-en-daim-nubuck\"]}]},{\"@type\":\"BreadcrumbList\",\"@id\":\"https:\/\/www.spiritofpolo.com\/fr\/produit\/demi-chaps-en-daim-nubuck#breadcrumb\",\"itemListElement\":[{\"@type\":\"ListItem\",\"position\":1,\"name\":\"Home\",\"item\":\"https:\/\/www.spiritofpolo.com\/fr\"},{\"@type\":\"ListItem\",\"position\":2,\"name\":\"Boutique\",\"item\":\"https:\/\/www.spiritofpolo.com\/fr\/boutique\"},{\"@type\":\"ListItem\",\"position\":3,\"name\":\"Demi Chaps en daim \/ nubuck\"}]},{\"@type\":\"WebSite\",\"@id\":\"https:\/\/www.spiritofpolo.com\/fr#website\",\"url\":\"https:\/\/www.spiritofpolo.com\/fr\",\"name\":\"Spirit of Polo - Spirit of Jumping\",\"description\":\"Argentine Polo Products\",\"publisher\":{\"@id\":\"https:\/\/www.spiritofpolo.com\/fr#organization\"},\"potentialAction\":[{\"@type\":\"SearchAction\",\"target\":{\"@type\":\"EntryPoint\",\"urlTemplate\":\"https:\/\/www.spiritofpolo.com\/fr?s={search_term_string}\"},\"query-input\":\"required name=search_term_string\"}],\"inLanguage\":\"fr-FR\"},{\"@type\":\"Organization\",\"@id\":\"https:\/\/www.spiritofpolo.com\/fr#organization\",\"name\":\"Spirit of Polo - Spirit of Jumping\",\"url\":\"https:\/\/www.spiritofpolo.com\/fr\",\"logo\":{\"@type\":\"ImageObject\",\"inLanguage\":\"fr-FR\",\"@id\":\"https:\/\/www.spiritofpolo.com\/fr#\/schema\/logo\/image\/\",\"url\":\"\",\"contentUrl\":\"\",\"caption\":\"Spirit of Polo - Spirit of Jumping\"},\"image\":{\"@id\":\"https:\/\/www.spiritofpolo.com\/fr#\/schema\/logo\/image\/\"}}]}<\/script>\n<!-- \/ Yoast SEO plugin. -->","yoast_head_json":{"title":"Demi Chaps en daim \/ nubuck - Spirit of Polo - Spirit of Jumping","description":"Les demi-chaps sont fabriqu\u00e9s \u00e0 partir de daim \/ nubuck de haute qualit\u00e9 avec des fermetures velcro.","robots":{"index":"index","follow":"follow","max-snippet":"max-snippet:-1","max-image-preview":"max-image-preview:large","max-video-preview":"max-video-preview:-1"},"canonical":"https:\/\/www.spiritofpolo.com\/fr\/produit\/demi-chaps-en-daim-nubuck","og_locale":"fr_FR","og_type":"article","og_title":"Demi Chaps en daim \/ nubuck - Spirit of Polo - Spirit of Jumping","og_description":"Les demi-chaps sont fabriqu\u00e9s \u00e0 partir de daim \/ nubuck de haute qualit\u00e9 avec des fermetures velcro.","og_url":"https:\/\/www.spiritofpolo.com\/fr\/produit\/demi-chaps-en-daim-nubuck","og_site_name":"Spirit of Polo - Spirit of Jumping","article_modified_time":"2019-07-24T21:56:19+00:00","og_image":[{"width":555,"height":710,"url":"https:\/\/www.spiritofpolo.com\/wp-content\/uploads\/Polainas-Gamuza-1.jpg","type":"image\/jpeg"}],"twitter_card":"summary_large_image","schema":{"@context":"https:\/\/schema.org","@graph":[{"@type":"WebPage","@id":"https:\/\/www.spiritofpolo.com\/fr\/produit\/demi-chaps-en-daim-nubuck","url":"https:\/\/www.spiritofpolo.com\/fr\/produit\/demi-chaps-en-daim-nubuck","name":"Demi Chaps en daim \/ nubuck - Spirit of Polo - Spirit of Jumping","isPartOf":{"@id":"https:\/\/www.spiritofpolo.com\/fr#website"},"datePublished":"2019-07-24T15:09:01+00:00","dateModified":"2019-07-24T21:56:19+00:00","description":"Les demi-chaps sont fabriqu\u00e9s \u00e0 partir de daim \/ nubuck de haute qualit\u00e9 avec des fermetures velcro.","breadcrumb":{"@id":"https:\/\/www.spiritofpolo.com\/fr\/produit\/demi-chaps-en-daim-nubuck#breadcrumb"},"inLanguage":"fr-FR","potentialAction":[{"@type":"ReadAction","target":["https:\/\/www.spiritofpolo.com\/fr\/produit\/demi-chaps-en-daim-nubuck"]}]},{"@type":"BreadcrumbList","@id":"https:\/\/www.spiritofpolo.com\/fr\/produit\/demi-chaps-en-daim-nubuck#breadcrumb","itemListElement":[{"@type":"ListItem","position":1,"name":"Home","item":"https:\/\/www.spiritofpolo.com\/fr"},{"@type":"ListItem","position":2,"name":"Boutique","item":"https:\/\/www.spiritofpolo.com\/fr\/boutique"},{"@type":"ListItem","position":3,"name":"Demi Chaps en daim \/ nubuck"}]},{"@type":"WebSite","@id":"https:\/\/www.spiritofpolo.com\/fr#website","url":"https:\/\/www.spiritofpolo.com\/fr","name":"Spirit of Polo - Spirit of Jumping","description":"Argentine Polo Products","publisher":{"@id":"https:\/\/www.spiritofpolo.com\/fr#organization"},"potentialAction":[{"@type":"SearchAction","target":{"@type":"EntryPoint","urlTemplate":"https:\/\/www.spiritofpolo.com\/fr?s={search_term_string}"},"query-input":"required name=search_term_string"}],"inLanguage":"fr-FR"},{"@type":"Organization","@id":"https:\/\/www.spiritofpolo.com\/fr#organization","name":"Spirit of Polo - Spirit of Jumping","url":"https:\/\/www.spiritofpolo.com\/fr","logo":{"@type":"ImageObject","inLanguage":"fr-FR","@id":"https:\/\/www.spiritofpolo.com\/fr#\/schema\/logo\/image\/","url":"","contentUrl":"","caption":"Spirit of Polo - Spirit of Jumping"},"image":{"@id":"https:\/\/www.spiritofpolo.com\/fr#\/schema\/logo\/image\/"}}]}},"tiered_pricing_type":"fixed","tiered_pricing_fixed_rules":[],"tiered_pricing_product_settings":{"layout":"default","base_unit_name":{"singular":null,"plural":null},"default_variation":null},"tiered_pricing_minimum_quantity":null,"tiered_pricing_roles_data":[],"tiered_pricing_percentage_rules":[],"_links":{"self":[{"href":"https:\/\/www.spiritofpolo.com\/fr\/wp-json\/wp\/v2\/product\/10064"}],"collection":[{"href":"https:\/\/www.spiritofpolo.com\/fr\/wp-json\/wp\/v2\/product"}],"about":[{"href":"https:\/\/www.spiritofpolo.com\/fr\/wp-json\/wp\/v2\/types\/product"}],"replies":[{"embeddable":true,"href":"https:\/\/www.spiritofpolo.com\/fr\/wp-json\/wp\/v2\/comments?post=10064"}],"wp:featuredmedia":[{"embeddable":true,"href":"https:\/\/www.spiritofpolo.com\/fr\/wp-json\/wp\/v2\/media\/10078"}],"wp:attachment":[{"href":"https:\/\/www.spiritofpolo.com\/fr\/wp-json\/wp\/v2\/media?parent=10064"}],"wp:term":[{"taxonomy":"product_cat","embeddable":true,"href":"https:\/\/www.spiritofpolo.com\/fr\/wp-json\/wp\/v2\/product_cat?post=10064"},{"taxonomy":"product_tag","embeddable":true,"href":"https:\/\/www.spiritofpolo.com\/fr\/wp-json\/wp\/v2\/product_tag?post=10064"}],"curies":[{"name":"wp","href":"https:\/\/api.w.org\/{rel}","templated":true}]}}