{"id":10181,"date":"2019-07-29T19:06:25","date_gmt":"2019-07-29T19:06:25","guid":{"rendered":"https:\/\/spiritofpolo.com\/product\/eperon-a-tige-arrondie-courroies-d-eperons"},"modified":"2019-07-29T22:59:53","modified_gmt":"2019-07-29T22:59:53","slug":"eperon-a-tige-arrondie-courroies-d-eperons","status":"publish","type":"product","link":"https:\/\/www.spiritofpolo.com\/fr\/produit\/eperon-a-tige-arrondie-courroies-d-eperons","title":{"rendered":"Eperons \u00e0 tige arrondie + Courroies d&rsquo; Eperons"},"content":{"rendered":"","protected":false},"excerpt":{"rendered":"<div id=\"product.info.description\" class=\"data item content\" role=\"tabpanel\" data-role=\"content\" aria-labelledby=\"tab-label-product.info.description\" aria-hidden=\"false\">\n<div class=\"product attribute description\">\n<div class=\"value\">\n<p>Les \u00e9<strong>perons d&rsquo; equitation<\/strong>\u00a0pour <strong>homme <\/strong>Tosoni sont confortables et fonctionnels. <strong>Caract\u00e9ristiques : <\/strong>En<strong>\u00a0acier<\/strong>\u00a0i<strong>nox<\/strong> super r\u00e9sistant , ces \u00e9perons sont \u00e0 tige arrondie \u00a0et s&rsquo; adaptent parfaitement aux bottes tout en les prot\u00e9gean. <span class=\"tlid-translation translation\" lang=\"fr\"><span class=\"\" title=\"\"><strong>Option<\/strong>: Homme ou Femme &#8211; <strong>Taille<\/strong>: 2cm<\/span><\/span><\/p>\n<div id=\"product.info.description\" class=\"data item content\" role=\"tabpanel\" data-role=\"content\" aria-labelledby=\"tab-label-product.info.description\" aria-hidden=\"false\">\n<div class=\"product attribute description\">\n<div class=\"value\">\n<p>Les <strong>courroies d&rsquo; \u00e9perons<\/strong> \u00e0 l&rsquo; anglaise de Tosoni repr\u00e9sentent \u00a0un produit de qualit\u00e9<\/p>\n<p><strong>Caract\u00e9ristiques:<\/strong><\/p>\n<p>En<strong> cuir<\/strong> souple et r\u00e9sistant<strong> ,\u00a0<\/strong>elles sont tr\u00e9s l\u00e9g\u00e8res et pratiques. La boucle est en inox . <strong>Longueur<\/strong>: 50cm<\/p>\n<\/div>\n<\/div>\n<\/div>\n<\/div>\n<\/div>\n<\/div>\n","protected":false},"featured_media":10175,"comment_status":"open","ping_status":"closed","template":"","meta":[],"product_cat":[160,2042,2036,2032,2227,94,2252],"product_tag":[],"acf":[],"yoast_head":"<!-- This site is optimized with the Yoast SEO plugin v19.14 - https:\/\/yoast.com\/wordpress\/plugins\/seo\/ -->\n<title>Eperons \u00e0 tige arrondie + Courroies d&#039; Eperons - Spirit of Polo - Spirit of Jumping<\/title>\n<meta name=\"robots\" content=\"index, follow, max-snippet:-1, max-image-preview:large, max-video-preview:-1\" \/>\n<link rel=\"canonical\" href=\"https:\/\/www.spiritofpolo.com\/fr\/produit\/eperon-a-tige-arrondie-courroies-d-eperons\" \/>\n<meta property=\"og:locale\" content=\"fr_FR\" \/>\n<meta property=\"og:type\" content=\"article\" \/>\n<meta property=\"og:title\" content=\"Eperons \u00e0 tige arrondie + Courroies d&#039; Eperons - Spirit of Polo - Spirit of Jumping\" \/>\n<meta property=\"og:description\" content=\"Les \u00e9perons d&#039; equitation\u00a0pour homme Tosoni sont confortables et fonctionnels. Caract\u00e9ristiques : En\u00a0acier\u00a0inox super r\u00e9sistant , ces \u00e9perons sont \u00e0 tige arrondie \u00a0et s&#039; adaptent parfaitement aux bottes tout en les prot\u00e9gean. Option: Homme ou Femme - Taille: 2cm     Les courroies d&#039; \u00e9perons \u00e0 l&#039; anglaise de Tosoni repr\u00e9sentent \u00a0un produit de qualit\u00e9  Caract\u00e9ristiques:  En cuir souple et r\u00e9sistant ,\u00a0elles sont tr\u00e9s l\u00e9g\u00e8res et pratiques. La boucle est en inox . Longueur: 50cm\" \/>\n<meta property=\"og:url\" content=\"https:\/\/www.spiritofpolo.com\/fr\/produit\/eperon-a-tige-arrondie-courroies-d-eperons\" \/>\n<meta property=\"og:site_name\" content=\"Spirit of Polo - Spirit of Jumping\" \/>\n<meta property=\"article:modified_time\" content=\"2019-07-29T22:59:53+00:00\" \/>\n<meta property=\"og:image\" content=\"https:\/\/www.spiritofpolo.com\/wp-content\/uploads\/TOSONI_espuela.jpg\" \/>\n\t<meta property=\"og:image:width\" content=\"555\" \/>\n\t<meta property=\"og:image:height\" content=\"710\" \/>\n\t<meta property=\"og:image:type\" content=\"image\/jpeg\" \/>\n<meta name=\"twitter:card\" content=\"summary_large_image\" \/>\n<script type=\"application\/ld+json\" class=\"yoast-schema-graph\">{\"@context\":\"https:\/\/schema.org\",\"@graph\":[{\"@type\":\"WebPage\",\"@id\":\"https:\/\/www.spiritofpolo.com\/fr\/produit\/eperon-a-tige-arrondie-courroies-d-eperons\",\"url\":\"https:\/\/www.spiritofpolo.com\/fr\/produit\/eperon-a-tige-arrondie-courroies-d-eperons\",\"name\":\"Eperons \u00e0 tige arrondie + Courroies d' Eperons - Spirit of Polo - Spirit of Jumping\",\"isPartOf\":{\"@id\":\"https:\/\/www.spiritofpolo.com\/fr#website\"},\"datePublished\":\"2019-07-29T19:06:25+00:00\",\"dateModified\":\"2019-07-29T22:59:53+00:00\",\"breadcrumb\":{\"@id\":\"https:\/\/www.spiritofpolo.com\/fr\/produit\/eperon-a-tige-arrondie-courroies-d-eperons#breadcrumb\"},\"inLanguage\":\"fr-FR\",\"potentialAction\":[{\"@type\":\"ReadAction\",\"target\":[\"https:\/\/www.spiritofpolo.com\/fr\/produit\/eperon-a-tige-arrondie-courroies-d-eperons\"]}]},{\"@type\":\"BreadcrumbList\",\"@id\":\"https:\/\/www.spiritofpolo.com\/fr\/produit\/eperon-a-tige-arrondie-courroies-d-eperons#breadcrumb\",\"itemListElement\":[{\"@type\":\"ListItem\",\"position\":1,\"name\":\"Home\",\"item\":\"https:\/\/www.spiritofpolo.com\/fr\"},{\"@type\":\"ListItem\",\"position\":2,\"name\":\"Boutique\",\"item\":\"https:\/\/www.spiritofpolo.com\/fr\/boutique\"},{\"@type\":\"ListItem\",\"position\":3,\"name\":\"Eperons \u00e0 tige arrondie + Courroies d&#8217; Eperons\"}]},{\"@type\":\"WebSite\",\"@id\":\"https:\/\/www.spiritofpolo.com\/fr#website\",\"url\":\"https:\/\/www.spiritofpolo.com\/fr\",\"name\":\"Spirit of Polo - Spirit of Jumping\",\"description\":\"Argentine Polo Products\",\"publisher\":{\"@id\":\"https:\/\/www.spiritofpolo.com\/fr#organization\"},\"potentialAction\":[{\"@type\":\"SearchAction\",\"target\":{\"@type\":\"EntryPoint\",\"urlTemplate\":\"https:\/\/www.spiritofpolo.com\/fr?s={search_term_string}\"},\"query-input\":\"required name=search_term_string\"}],\"inLanguage\":\"fr-FR\"},{\"@type\":\"Organization\",\"@id\":\"https:\/\/www.spiritofpolo.com\/fr#organization\",\"name\":\"Spirit of Polo - Spirit of Jumping\",\"url\":\"https:\/\/www.spiritofpolo.com\/fr\",\"logo\":{\"@type\":\"ImageObject\",\"inLanguage\":\"fr-FR\",\"@id\":\"https:\/\/www.spiritofpolo.com\/fr#\/schema\/logo\/image\/\",\"url\":\"\",\"contentUrl\":\"\",\"caption\":\"Spirit of Polo - Spirit of Jumping\"},\"image\":{\"@id\":\"https:\/\/www.spiritofpolo.com\/fr#\/schema\/logo\/image\/\"}}]}<\/script>\n<!-- \/ Yoast SEO plugin. -->","yoast_head_json":{"title":"Eperons \u00e0 tige arrondie + Courroies d' Eperons - Spirit of Polo - Spirit of Jumping","robots":{"index":"index","follow":"follow","max-snippet":"max-snippet:-1","max-image-preview":"max-image-preview:large","max-video-preview":"max-video-preview:-1"},"canonical":"https:\/\/www.spiritofpolo.com\/fr\/produit\/eperon-a-tige-arrondie-courroies-d-eperons","og_locale":"fr_FR","og_type":"article","og_title":"Eperons \u00e0 tige arrondie + Courroies d' Eperons - Spirit of Polo - Spirit of Jumping","og_description":"Les \u00e9perons d' equitation\u00a0pour homme Tosoni sont confortables et fonctionnels. Caract\u00e9ristiques : En\u00a0acier\u00a0inox super r\u00e9sistant , ces \u00e9perons sont \u00e0 tige arrondie \u00a0et s' adaptent parfaitement aux bottes tout en les prot\u00e9gean. Option: Homme ou Femme - Taille: 2cm     Les courroies d' \u00e9perons \u00e0 l' anglaise de Tosoni repr\u00e9sentent \u00a0un produit de qualit\u00e9  Caract\u00e9ristiques:  En cuir souple et r\u00e9sistant ,\u00a0elles sont tr\u00e9s l\u00e9g\u00e8res et pratiques. La boucle est en inox . Longueur: 50cm","og_url":"https:\/\/www.spiritofpolo.com\/fr\/produit\/eperon-a-tige-arrondie-courroies-d-eperons","og_site_name":"Spirit of Polo - Spirit of Jumping","article_modified_time":"2019-07-29T22:59:53+00:00","og_image":[{"width":555,"height":710,"url":"https:\/\/www.spiritofpolo.com\/wp-content\/uploads\/TOSONI_espuela.jpg","type":"image\/jpeg"}],"twitter_card":"summary_large_image","schema":{"@context":"https:\/\/schema.org","@graph":[{"@type":"WebPage","@id":"https:\/\/www.spiritofpolo.com\/fr\/produit\/eperon-a-tige-arrondie-courroies-d-eperons","url":"https:\/\/www.spiritofpolo.com\/fr\/produit\/eperon-a-tige-arrondie-courroies-d-eperons","name":"Eperons \u00e0 tige arrondie + Courroies d' Eperons - Spirit of Polo - Spirit of Jumping","isPartOf":{"@id":"https:\/\/www.spiritofpolo.com\/fr#website"},"datePublished":"2019-07-29T19:06:25+00:00","dateModified":"2019-07-29T22:59:53+00:00","breadcrumb":{"@id":"https:\/\/www.spiritofpolo.com\/fr\/produit\/eperon-a-tige-arrondie-courroies-d-eperons#breadcrumb"},"inLanguage":"fr-FR","potentialAction":[{"@type":"ReadAction","target":["https:\/\/www.spiritofpolo.com\/fr\/produit\/eperon-a-tige-arrondie-courroies-d-eperons"]}]},{"@type":"BreadcrumbList","@id":"https:\/\/www.spiritofpolo.com\/fr\/produit\/eperon-a-tige-arrondie-courroies-d-eperons#breadcrumb","itemListElement":[{"@type":"ListItem","position":1,"name":"Home","item":"https:\/\/www.spiritofpolo.com\/fr"},{"@type":"ListItem","position":2,"name":"Boutique","item":"https:\/\/www.spiritofpolo.com\/fr\/boutique"},{"@type":"ListItem","position":3,"name":"Eperons \u00e0 tige arrondie + Courroies d&#8217; Eperons"}]},{"@type":"WebSite","@id":"https:\/\/www.spiritofpolo.com\/fr#website","url":"https:\/\/www.spiritofpolo.com\/fr","name":"Spirit of Polo - Spirit of Jumping","description":"Argentine Polo Products","publisher":{"@id":"https:\/\/www.spiritofpolo.com\/fr#organization"},"potentialAction":[{"@type":"SearchAction","target":{"@type":"EntryPoint","urlTemplate":"https:\/\/www.spiritofpolo.com\/fr?s={search_term_string}"},"query-input":"required name=search_term_string"}],"inLanguage":"fr-FR"},{"@type":"Organization","@id":"https:\/\/www.spiritofpolo.com\/fr#organization","name":"Spirit of Polo - Spirit of Jumping","url":"https:\/\/www.spiritofpolo.com\/fr","logo":{"@type":"ImageObject","inLanguage":"fr-FR","@id":"https:\/\/www.spiritofpolo.com\/fr#\/schema\/logo\/image\/","url":"","contentUrl":"","caption":"Spirit of Polo - Spirit of Jumping"},"image":{"@id":"https:\/\/www.spiritofpolo.com\/fr#\/schema\/logo\/image\/"}}]}},"tiered_pricing_type":"fixed","tiered_pricing_fixed_rules":[],"tiered_pricing_product_settings":{"layout":"default","base_unit_name":{"singular":null,"plural":null},"default_variation":null},"tiered_pricing_minimum_quantity":null,"tiered_pricing_roles_data":[],"tiered_pricing_percentage_rules":[],"_links":{"self":[{"href":"https:\/\/www.spiritofpolo.com\/fr\/wp-json\/wp\/v2\/product\/10181"}],"collection":[{"href":"https:\/\/www.spiritofpolo.com\/fr\/wp-json\/wp\/v2\/product"}],"about":[{"href":"https:\/\/www.spiritofpolo.com\/fr\/wp-json\/wp\/v2\/types\/product"}],"replies":[{"embeddable":true,"href":"https:\/\/www.spiritofpolo.com\/fr\/wp-json\/wp\/v2\/comments?post=10181"}],"wp:featuredmedia":[{"embeddable":true,"href":"https:\/\/www.spiritofpolo.com\/fr\/wp-json\/wp\/v2\/media\/10175"}],"wp:attachment":[{"href":"https:\/\/www.spiritofpolo.com\/fr\/wp-json\/wp\/v2\/media?parent=10181"}],"wp:term":[{"taxonomy":"product_cat","embeddable":true,"href":"https:\/\/www.spiritofpolo.com\/fr\/wp-json\/wp\/v2\/product_cat?post=10181"},{"taxonomy":"product_tag","embeddable":true,"href":"https:\/\/www.spiritofpolo.com\/fr\/wp-json\/wp\/v2\/product_tag?post=10181"}],"curies":[{"name":"wp","href":"https:\/\/api.w.org\/{rel}","templated":true}]}}