{"id":10408,"date":"2019-07-31T14:48:00","date_gmt":"2019-07-31T14:48:00","guid":{"rendered":"https:\/\/spiritofpolo.com\/product\/casque-dequitation-avec-drapeau-en-tissu"},"modified":"2019-08-07T15:08:21","modified_gmt":"2019-08-07T15:08:21","slug":"casque-dequitation-avec-drapeau-en-tissu","status":"publish","type":"product","link":"https:\/\/www.spiritofpolo.com\/fr\/produit\/casque-dequitation-avec-drapeau-en-tissu","title":{"rendered":"Casque d\u2019\u00e9quitation avec drapeau en Tissu"},"content":{"rendered":"","protected":false},"excerpt":{"rendered":"<p>Pour monter ou pour d\u00e9corer, choisissez votre drapeau pr\u00e9f\u00e9r\u00e9 et portez-le sur votre casque.<\/p>\n<p>Fabriqu\u00e9 en Argentine<\/p>\n","protected":false},"featured_media":10209,"comment_status":"open","ping_status":"closed","template":"","meta":[],"product_cat":[2040,2036,2032,2224],"product_tag":[],"acf":[],"yoast_head":"<!-- This site is optimized with the Yoast SEO plugin v19.14 - https:\/\/yoast.com\/wordpress\/plugins\/seo\/ -->\n<title>Casque d\u2019\u00e9quitation avec drapeau en Tissu -<\/title>\n<meta name=\"description\" content=\"Pour monter ou pour d\u00e9corer, choisissez votre drapeau pr\u00e9f\u00e9r\u00e9 et portez-le sur votre casque.\" \/>\n<meta name=\"robots\" content=\"index, follow, max-snippet:-1, max-image-preview:large, max-video-preview:-1\" \/>\n<link rel=\"canonical\" href=\"https:\/\/www.spiritofpolo.com\/fr\/produit\/casque-dequitation-avec-drapeau-en-tissu\" \/>\n<meta property=\"og:locale\" content=\"fr_FR\" \/>\n<meta property=\"og:type\" content=\"article\" \/>\n<meta property=\"og:title\" content=\"Casque d\u2019\u00e9quitation avec drapeau en Tissu -\" \/>\n<meta property=\"og:description\" content=\"Pour monter ou pour d\u00e9corer, choisissez votre drapeau pr\u00e9f\u00e9r\u00e9 et portez-le sur votre casque.\" \/>\n<meta property=\"og:url\" content=\"https:\/\/www.spiritofpolo.com\/fr\/produit\/casque-dequitation-avec-drapeau-en-tissu\" \/>\n<meta property=\"og:site_name\" content=\"Spirit of Polo - Spirit of Jumping\" \/>\n<meta property=\"article:modified_time\" content=\"2019-08-07T15:08:21+00:00\" \/>\n<meta property=\"og:image\" content=\"https:\/\/www.spiritofpolo.com\/wp-content\/uploads\/EQUI_Casco_ADELANTE-1.jpg\" \/>\n\t<meta property=\"og:image:width\" content=\"555\" \/>\n\t<meta property=\"og:image:height\" content=\"710\" \/>\n\t<meta property=\"og:image:type\" content=\"image\/jpeg\" \/>\n<meta name=\"twitter:card\" content=\"summary_large_image\" \/>\n<script type=\"application\/ld+json\" class=\"yoast-schema-graph\">{\"@context\":\"https:\/\/schema.org\",\"@graph\":[{\"@type\":\"WebPage\",\"@id\":\"https:\/\/www.spiritofpolo.com\/fr\/produit\/casque-dequitation-avec-drapeau-en-tissu\",\"url\":\"https:\/\/www.spiritofpolo.com\/fr\/produit\/casque-dequitation-avec-drapeau-en-tissu\",\"name\":\"Casque d\u2019\u00e9quitation avec drapeau en Tissu -\",\"isPartOf\":{\"@id\":\"https:\/\/www.spiritofpolo.com\/fr#website\"},\"datePublished\":\"2019-07-31T14:48:00+00:00\",\"dateModified\":\"2019-08-07T15:08:21+00:00\",\"description\":\"Pour monter ou pour d\u00e9corer, choisissez votre drapeau pr\u00e9f\u00e9r\u00e9 et portez-le sur votre casque.\",\"breadcrumb\":{\"@id\":\"https:\/\/www.spiritofpolo.com\/fr\/produit\/casque-dequitation-avec-drapeau-en-tissu#breadcrumb\"},\"inLanguage\":\"fr-FR\",\"potentialAction\":[{\"@type\":\"ReadAction\",\"target\":[\"https:\/\/www.spiritofpolo.com\/fr\/produit\/casque-dequitation-avec-drapeau-en-tissu\"]}]},{\"@type\":\"BreadcrumbList\",\"@id\":\"https:\/\/www.spiritofpolo.com\/fr\/produit\/casque-dequitation-avec-drapeau-en-tissu#breadcrumb\",\"itemListElement\":[{\"@type\":\"ListItem\",\"position\":1,\"name\":\"Home\",\"item\":\"https:\/\/www.spiritofpolo.com\/fr\"},{\"@type\":\"ListItem\",\"position\":2,\"name\":\"Boutique\",\"item\":\"https:\/\/www.spiritofpolo.com\/fr\/boutique\"},{\"@type\":\"ListItem\",\"position\":3,\"name\":\"Casque d\u2019\u00e9quitation avec drapeau en Tissu\"}]},{\"@type\":\"WebSite\",\"@id\":\"https:\/\/www.spiritofpolo.com\/fr#website\",\"url\":\"https:\/\/www.spiritofpolo.com\/fr\",\"name\":\"Spirit of Polo - Spirit of Jumping\",\"description\":\"Argentine Polo Products\",\"publisher\":{\"@id\":\"https:\/\/www.spiritofpolo.com\/fr#organization\"},\"potentialAction\":[{\"@type\":\"SearchAction\",\"target\":{\"@type\":\"EntryPoint\",\"urlTemplate\":\"https:\/\/www.spiritofpolo.com\/fr?s={search_term_string}\"},\"query-input\":\"required name=search_term_string\"}],\"inLanguage\":\"fr-FR\"},{\"@type\":\"Organization\",\"@id\":\"https:\/\/www.spiritofpolo.com\/fr#organization\",\"name\":\"Spirit of Polo - Spirit of Jumping\",\"url\":\"https:\/\/www.spiritofpolo.com\/fr\",\"logo\":{\"@type\":\"ImageObject\",\"inLanguage\":\"fr-FR\",\"@id\":\"https:\/\/www.spiritofpolo.com\/fr#\/schema\/logo\/image\/\",\"url\":\"\",\"contentUrl\":\"\",\"caption\":\"Spirit of Polo - Spirit of Jumping\"},\"image\":{\"@id\":\"https:\/\/www.spiritofpolo.com\/fr#\/schema\/logo\/image\/\"}}]}<\/script>\n<!-- \/ Yoast SEO plugin. -->","yoast_head_json":{"title":"Casque d\u2019\u00e9quitation avec drapeau en Tissu -","description":"Pour monter ou pour d\u00e9corer, choisissez votre drapeau pr\u00e9f\u00e9r\u00e9 et portez-le sur votre casque.","robots":{"index":"index","follow":"follow","max-snippet":"max-snippet:-1","max-image-preview":"max-image-preview:large","max-video-preview":"max-video-preview:-1"},"canonical":"https:\/\/www.spiritofpolo.com\/fr\/produit\/casque-dequitation-avec-drapeau-en-tissu","og_locale":"fr_FR","og_type":"article","og_title":"Casque d\u2019\u00e9quitation avec drapeau en Tissu -","og_description":"Pour monter ou pour d\u00e9corer, choisissez votre drapeau pr\u00e9f\u00e9r\u00e9 et portez-le sur votre casque.","og_url":"https:\/\/www.spiritofpolo.com\/fr\/produit\/casque-dequitation-avec-drapeau-en-tissu","og_site_name":"Spirit of Polo - Spirit of Jumping","article_modified_time":"2019-08-07T15:08:21+00:00","og_image":[{"width":555,"height":710,"url":"https:\/\/www.spiritofpolo.com\/wp-content\/uploads\/EQUI_Casco_ADELANTE-1.jpg","type":"image\/jpeg"}],"twitter_card":"summary_large_image","schema":{"@context":"https:\/\/schema.org","@graph":[{"@type":"WebPage","@id":"https:\/\/www.spiritofpolo.com\/fr\/produit\/casque-dequitation-avec-drapeau-en-tissu","url":"https:\/\/www.spiritofpolo.com\/fr\/produit\/casque-dequitation-avec-drapeau-en-tissu","name":"Casque d\u2019\u00e9quitation avec drapeau en Tissu -","isPartOf":{"@id":"https:\/\/www.spiritofpolo.com\/fr#website"},"datePublished":"2019-07-31T14:48:00+00:00","dateModified":"2019-08-07T15:08:21+00:00","description":"Pour monter ou pour d\u00e9corer, choisissez votre drapeau pr\u00e9f\u00e9r\u00e9 et portez-le sur votre casque.","breadcrumb":{"@id":"https:\/\/www.spiritofpolo.com\/fr\/produit\/casque-dequitation-avec-drapeau-en-tissu#breadcrumb"},"inLanguage":"fr-FR","potentialAction":[{"@type":"ReadAction","target":["https:\/\/www.spiritofpolo.com\/fr\/produit\/casque-dequitation-avec-drapeau-en-tissu"]}]},{"@type":"BreadcrumbList","@id":"https:\/\/www.spiritofpolo.com\/fr\/produit\/casque-dequitation-avec-drapeau-en-tissu#breadcrumb","itemListElement":[{"@type":"ListItem","position":1,"name":"Home","item":"https:\/\/www.spiritofpolo.com\/fr"},{"@type":"ListItem","position":2,"name":"Boutique","item":"https:\/\/www.spiritofpolo.com\/fr\/boutique"},{"@type":"ListItem","position":3,"name":"Casque d\u2019\u00e9quitation avec drapeau en Tissu"}]},{"@type":"WebSite","@id":"https:\/\/www.spiritofpolo.com\/fr#website","url":"https:\/\/www.spiritofpolo.com\/fr","name":"Spirit of Polo - Spirit of Jumping","description":"Argentine Polo Products","publisher":{"@id":"https:\/\/www.spiritofpolo.com\/fr#organization"},"potentialAction":[{"@type":"SearchAction","target":{"@type":"EntryPoint","urlTemplate":"https:\/\/www.spiritofpolo.com\/fr?s={search_term_string}"},"query-input":"required name=search_term_string"}],"inLanguage":"fr-FR"},{"@type":"Organization","@id":"https:\/\/www.spiritofpolo.com\/fr#organization","name":"Spirit of Polo - Spirit of Jumping","url":"https:\/\/www.spiritofpolo.com\/fr","logo":{"@type":"ImageObject","inLanguage":"fr-FR","@id":"https:\/\/www.spiritofpolo.com\/fr#\/schema\/logo\/image\/","url":"","contentUrl":"","caption":"Spirit of Polo - Spirit of Jumping"},"image":{"@id":"https:\/\/www.spiritofpolo.com\/fr#\/schema\/logo\/image\/"}}]}},"tiered_pricing_type":"fixed","tiered_pricing_fixed_rules":[],"tiered_pricing_product_settings":{"layout":"default","base_unit_name":{"singular":null,"plural":null},"default_variation":null},"tiered_pricing_minimum_quantity":null,"tiered_pricing_roles_data":[],"tiered_pricing_percentage_rules":[],"_links":{"self":[{"href":"https:\/\/www.spiritofpolo.com\/fr\/wp-json\/wp\/v2\/product\/10408"}],"collection":[{"href":"https:\/\/www.spiritofpolo.com\/fr\/wp-json\/wp\/v2\/product"}],"about":[{"href":"https:\/\/www.spiritofpolo.com\/fr\/wp-json\/wp\/v2\/types\/product"}],"replies":[{"embeddable":true,"href":"https:\/\/www.spiritofpolo.com\/fr\/wp-json\/wp\/v2\/comments?post=10408"}],"wp:featuredmedia":[{"embeddable":true,"href":"https:\/\/www.spiritofpolo.com\/fr\/wp-json\/wp\/v2\/media\/10209"}],"wp:attachment":[{"href":"https:\/\/www.spiritofpolo.com\/fr\/wp-json\/wp\/v2\/media?parent=10408"}],"wp:term":[{"taxonomy":"product_cat","embeddable":true,"href":"https:\/\/www.spiritofpolo.com\/fr\/wp-json\/wp\/v2\/product_cat?post=10408"},{"taxonomy":"product_tag","embeddable":true,"href":"https:\/\/www.spiritofpolo.com\/fr\/wp-json\/wp\/v2\/product_tag?post=10408"}],"curies":[{"name":"wp","href":"https:\/\/api.w.org\/{rel}","templated":true}]}}