{"id":1064,"date":"2015-09-23T14:46:26","date_gmt":"2015-09-23T14:46:26","guid":{"rendered":"http:\/\/www.spiritofpolo.com\/product\/taille-m-genouillieres-en-cuir-double-attaches"},"modified":"2019-09-24T16:32:04","modified_gmt":"2019-09-24T16:32:04","slug":"genouilleres-en-cuir-double-attaches","status":"publish","type":"product","link":"https:\/\/www.spiritofpolo.com\/fr\/produit\/genouilleres-en-cuir-double-attaches","title":{"rendered":"Genouill\u00e8res polo, en cuir avec 2 velcro"},"content":{"rendered":"","protected":false},"excerpt":{"rendered":"<div class=\"text-wrap tlid-copy-target\">\n<div class=\"result-shield-container tlid-copy-target\" tabindex=\"0\"><span class=\"tlid-translation translation\" lang=\"fr\"><span class=\"\" title=\"\">Genouill\u00e8res polo en cuir avec 2 velcro (avec boucles sur demande)<\/span><\/p>\n<p><span class=\"\" title=\"\">Fabriqu\u00e9 en cuir de haute qualit\u00e9 &#8211; Fabrication artisanale argentine &#8211; 1 paire de genouill\u00e8res (droite et gauche) &#8211; Design unisexe<\/span><\/p>\n<p><span class=\"\" title=\"\">\u2022 Taille S = 20 cm (partie int\u00e9rieure) &#8211; Id\u00e9al pour les joueurs jusqu\u2019\u00e0 1,40 m de hauteur<\/span><br \/>\n<span class=\"\" title=\"\">\u2022 Taille M = 22 cm (partie interne) &#8211; Id\u00e9al pour les joueurs jusqu\u2019\u00e0 1,60 m de hauteur<\/span><br \/>\n<span class=\"\" title=\"\">\u2022 Taille L = 24 cm (partie int\u00e9rieure) &#8211; Id\u00e9al pour les joueurs de plus de 1,60 m de haut<\/span><\/p>\n<p><span title=\"\">Couleurs disponibles:<\/span><br \/>\n<span title=\"\">\u2022 Chocolat<\/span><br \/>\n<span title=\"\">\u2022 Marron<\/span><br \/>\n<span title=\"\">\u2022 Noir<\/span><\/span><\/div>\n<\/div>\n<div class=\"tlid-result-transliteration-container result-transliteration-container transliteration-container\">\n<div class=\"tlid-transliteration-content transliteration-content full\"><\/div>\n<\/div>\n<div class=\"result-footer source-or-target-footer tlid-copy-target\"><\/div>\n<div class=\"tlid-source-target main-header small-font\">\n<div class=\"source-target-row\">\n<div class=\"tlid-results-container results-container\">\n<div class=\"tlid-result result-dict-wrapper\"><\/div>\n<\/div>\n<\/div>\n<div class=\"tlid-select-file-page-container\"><\/div>\n<\/div>\n<div class=\"tlid-result-view cllist\">\n<div class=\"cp-promo-wrapper\"><\/div>\n<\/div>\n<div class=\"feedback-link\"><\/div>\n","protected":false},"featured_media":1054,"comment_status":"open","ping_status":"closed","template":"","meta":[],"product_cat":[163,94],"product_tag":[164,284,2824,124,1723],"acf":[],"yoast_head":"<!-- This site is optimized with the Yoast SEO plugin v19.14 - https:\/\/yoast.com\/wordpress\/plugins\/seo\/ -->\n<title>Genouill\u00e8res polo, en cuir avec 2 velcro - Spirit of Polo - Spirit of Jumping<\/title>\n<meta name=\"description\" content=\"Fabriqu\u00e9 en cuir de haute qualit\u00e9 - Fabrication artisanale argentine - 1 paire de genouill\u00e8res (droite et gauche) - Design unisexe\" \/>\n<meta name=\"robots\" content=\"index, follow, max-snippet:-1, max-image-preview:large, max-video-preview:-1\" \/>\n<link rel=\"canonical\" href=\"https:\/\/www.spiritofpolo.com\/fr\/produit\/genouilleres-en-cuir-double-attaches\" \/>\n<meta property=\"og:locale\" content=\"fr_FR\" \/>\n<meta property=\"og:type\" content=\"article\" \/>\n<meta property=\"og:title\" content=\"Genouill\u00e8res polo, en cuir avec 2 velcro - Spirit of Polo - Spirit of Jumping\" \/>\n<meta property=\"og:description\" content=\"Fabriqu\u00e9 en cuir de haute qualit\u00e9 - Fabrication artisanale argentine - 1 paire de genouill\u00e8res (droite et gauche) - Design unisexe\" \/>\n<meta property=\"og:url\" content=\"https:\/\/www.spiritofpolo.com\/fr\/produit\/genouilleres-en-cuir-double-attaches\" \/>\n<meta property=\"og:site_name\" content=\"Spirit of Polo - Spirit of Jumping\" \/>\n<meta property=\"article:modified_time\" content=\"2019-09-24T16:32:04+00:00\" \/>\n<meta property=\"og:image\" content=\"https:\/\/www.spiritofpolo.com\/wp-content\/uploads\/2015\/09\/kneepad_leather1_resultat.jpg\" \/>\n\t<meta property=\"og:image:width\" content=\"555\" \/>\n\t<meta property=\"og:image:height\" content=\"710\" \/>\n\t<meta property=\"og:image:type\" content=\"image\/jpeg\" \/>\n<meta name=\"twitter:card\" content=\"summary_large_image\" \/>\n<script type=\"application\/ld+json\" class=\"yoast-schema-graph\">{\"@context\":\"https:\/\/schema.org\",\"@graph\":[{\"@type\":\"WebPage\",\"@id\":\"https:\/\/www.spiritofpolo.com\/fr\/produit\/genouilleres-en-cuir-double-attaches\",\"url\":\"https:\/\/www.spiritofpolo.com\/fr\/produit\/genouilleres-en-cuir-double-attaches\",\"name\":\"Genouill\u00e8res polo, en cuir avec 2 velcro - Spirit of Polo - Spirit of Jumping\",\"isPartOf\":{\"@id\":\"https:\/\/www.spiritofpolo.com\/fr#website\"},\"datePublished\":\"2015-09-23T14:46:26+00:00\",\"dateModified\":\"2019-09-24T16:32:04+00:00\",\"description\":\"Fabriqu\u00e9 en cuir de haute qualit\u00e9 - Fabrication artisanale argentine - 1 paire de genouill\u00e8res (droite et gauche) - Design unisexe\",\"breadcrumb\":{\"@id\":\"https:\/\/www.spiritofpolo.com\/fr\/produit\/genouilleres-en-cuir-double-attaches#breadcrumb\"},\"inLanguage\":\"fr-FR\",\"potentialAction\":[{\"@type\":\"ReadAction\",\"target\":[\"https:\/\/www.spiritofpolo.com\/fr\/produit\/genouilleres-en-cuir-double-attaches\"]}]},{\"@type\":\"BreadcrumbList\",\"@id\":\"https:\/\/www.spiritofpolo.com\/fr\/produit\/genouilleres-en-cuir-double-attaches#breadcrumb\",\"itemListElement\":[{\"@type\":\"ListItem\",\"position\":1,\"name\":\"Home\",\"item\":\"https:\/\/www.spiritofpolo.com\/fr\"},{\"@type\":\"ListItem\",\"position\":2,\"name\":\"Boutique\",\"item\":\"https:\/\/www.spiritofpolo.com\/fr\/boutique\"},{\"@type\":\"ListItem\",\"position\":3,\"name\":\"Genouill\u00e8res polo, en cuir avec 2 velcro\"}]},{\"@type\":\"WebSite\",\"@id\":\"https:\/\/www.spiritofpolo.com\/fr#website\",\"url\":\"https:\/\/www.spiritofpolo.com\/fr\",\"name\":\"Spirit of Polo - Spirit of Jumping\",\"description\":\"Argentine Polo Products\",\"publisher\":{\"@id\":\"https:\/\/www.spiritofpolo.com\/fr#organization\"},\"potentialAction\":[{\"@type\":\"SearchAction\",\"target\":{\"@type\":\"EntryPoint\",\"urlTemplate\":\"https:\/\/www.spiritofpolo.com\/fr?s={search_term_string}\"},\"query-input\":\"required name=search_term_string\"}],\"inLanguage\":\"fr-FR\"},{\"@type\":\"Organization\",\"@id\":\"https:\/\/www.spiritofpolo.com\/fr#organization\",\"name\":\"Spirit of Polo - Spirit of Jumping\",\"url\":\"https:\/\/www.spiritofpolo.com\/fr\",\"logo\":{\"@type\":\"ImageObject\",\"inLanguage\":\"fr-FR\",\"@id\":\"https:\/\/www.spiritofpolo.com\/fr#\/schema\/logo\/image\/\",\"url\":\"\",\"contentUrl\":\"\",\"caption\":\"Spirit of Polo - Spirit of Jumping\"},\"image\":{\"@id\":\"https:\/\/www.spiritofpolo.com\/fr#\/schema\/logo\/image\/\"}}]}<\/script>\n<!-- \/ Yoast SEO plugin. -->","yoast_head_json":{"title":"Genouill\u00e8res polo, en cuir avec 2 velcro - Spirit of Polo - Spirit of Jumping","description":"Fabriqu\u00e9 en cuir de haute qualit\u00e9 - Fabrication artisanale argentine - 1 paire de genouill\u00e8res (droite et gauche) - Design unisexe","robots":{"index":"index","follow":"follow","max-snippet":"max-snippet:-1","max-image-preview":"max-image-preview:large","max-video-preview":"max-video-preview:-1"},"canonical":"https:\/\/www.spiritofpolo.com\/fr\/produit\/genouilleres-en-cuir-double-attaches","og_locale":"fr_FR","og_type":"article","og_title":"Genouill\u00e8res polo, en cuir avec 2 velcro - Spirit of Polo - Spirit of Jumping","og_description":"Fabriqu\u00e9 en cuir de haute qualit\u00e9 - Fabrication artisanale argentine - 1 paire de genouill\u00e8res (droite et gauche) - Design unisexe","og_url":"https:\/\/www.spiritofpolo.com\/fr\/produit\/genouilleres-en-cuir-double-attaches","og_site_name":"Spirit of Polo - Spirit of Jumping","article_modified_time":"2019-09-24T16:32:04+00:00","og_image":[{"width":555,"height":710,"url":"https:\/\/www.spiritofpolo.com\/wp-content\/uploads\/2015\/09\/kneepad_leather1_resultat.jpg","type":"image\/jpeg"}],"twitter_card":"summary_large_image","schema":{"@context":"https:\/\/schema.org","@graph":[{"@type":"WebPage","@id":"https:\/\/www.spiritofpolo.com\/fr\/produit\/genouilleres-en-cuir-double-attaches","url":"https:\/\/www.spiritofpolo.com\/fr\/produit\/genouilleres-en-cuir-double-attaches","name":"Genouill\u00e8res polo, en cuir avec 2 velcro - Spirit of Polo - Spirit of Jumping","isPartOf":{"@id":"https:\/\/www.spiritofpolo.com\/fr#website"},"datePublished":"2015-09-23T14:46:26+00:00","dateModified":"2019-09-24T16:32:04+00:00","description":"Fabriqu\u00e9 en cuir de haute qualit\u00e9 - Fabrication artisanale argentine - 1 paire de genouill\u00e8res (droite et gauche) - Design unisexe","breadcrumb":{"@id":"https:\/\/www.spiritofpolo.com\/fr\/produit\/genouilleres-en-cuir-double-attaches#breadcrumb"},"inLanguage":"fr-FR","potentialAction":[{"@type":"ReadAction","target":["https:\/\/www.spiritofpolo.com\/fr\/produit\/genouilleres-en-cuir-double-attaches"]}]},{"@type":"BreadcrumbList","@id":"https:\/\/www.spiritofpolo.com\/fr\/produit\/genouilleres-en-cuir-double-attaches#breadcrumb","itemListElement":[{"@type":"ListItem","position":1,"name":"Home","item":"https:\/\/www.spiritofpolo.com\/fr"},{"@type":"ListItem","position":2,"name":"Boutique","item":"https:\/\/www.spiritofpolo.com\/fr\/boutique"},{"@type":"ListItem","position":3,"name":"Genouill\u00e8res polo, en cuir avec 2 velcro"}]},{"@type":"WebSite","@id":"https:\/\/www.spiritofpolo.com\/fr#website","url":"https:\/\/www.spiritofpolo.com\/fr","name":"Spirit of Polo - Spirit of Jumping","description":"Argentine Polo Products","publisher":{"@id":"https:\/\/www.spiritofpolo.com\/fr#organization"},"potentialAction":[{"@type":"SearchAction","target":{"@type":"EntryPoint","urlTemplate":"https:\/\/www.spiritofpolo.com\/fr?s={search_term_string}"},"query-input":"required name=search_term_string"}],"inLanguage":"fr-FR"},{"@type":"Organization","@id":"https:\/\/www.spiritofpolo.com\/fr#organization","name":"Spirit of Polo - Spirit of Jumping","url":"https:\/\/www.spiritofpolo.com\/fr","logo":{"@type":"ImageObject","inLanguage":"fr-FR","@id":"https:\/\/www.spiritofpolo.com\/fr#\/schema\/logo\/image\/","url":"","contentUrl":"","caption":"Spirit of Polo - Spirit of Jumping"},"image":{"@id":"https:\/\/www.spiritofpolo.com\/fr#\/schema\/logo\/image\/"}}]}},"tiered_pricing_type":"fixed","tiered_pricing_fixed_rules":[],"tiered_pricing_product_settings":{"layout":"default","base_unit_name":{"singular":null,"plural":null},"default_variation":null},"tiered_pricing_minimum_quantity":null,"tiered_pricing_roles_data":[],"tiered_pricing_percentage_rules":[],"_links":{"self":[{"href":"https:\/\/www.spiritofpolo.com\/fr\/wp-json\/wp\/v2\/product\/1064"}],"collection":[{"href":"https:\/\/www.spiritofpolo.com\/fr\/wp-json\/wp\/v2\/product"}],"about":[{"href":"https:\/\/www.spiritofpolo.com\/fr\/wp-json\/wp\/v2\/types\/product"}],"replies":[{"embeddable":true,"href":"https:\/\/www.spiritofpolo.com\/fr\/wp-json\/wp\/v2\/comments?post=1064"}],"wp:featuredmedia":[{"embeddable":true,"href":"https:\/\/www.spiritofpolo.com\/fr\/wp-json\/wp\/v2\/media\/1054"}],"wp:attachment":[{"href":"https:\/\/www.spiritofpolo.com\/fr\/wp-json\/wp\/v2\/media?parent=1064"}],"wp:term":[{"taxonomy":"product_cat","embeddable":true,"href":"https:\/\/www.spiritofpolo.com\/fr\/wp-json\/wp\/v2\/product_cat?post=1064"},{"taxonomy":"product_tag","embeddable":true,"href":"https:\/\/www.spiritofpolo.com\/fr\/wp-json\/wp\/v2\/product_tag?post=1064"}],"curies":[{"name":"wp","href":"https:\/\/api.w.org\/{rel}","templated":true}]}}