{"id":10816,"date":"2019-10-07T14:31:12","date_gmt":"2019-10-07T14:31:12","guid":{"rendered":"https:\/\/spiritofpolo.com\/product\/t-shirt-polo-equitation-dry-fit-femme"},"modified":"2019-10-07T14:31:12","modified_gmt":"2019-10-07T14:31:12","slug":"t-shirt-polo-equitation-dry-fit-femme","status":"publish","type":"product","link":"https:\/\/www.spiritofpolo.com\/fr\/produit\/t-shirt-polo-equitation-dry-fit-femme","title":{"rendered":"T-shirt Polo Equitation Dry-Fit Femme"},"content":{"rendered":"","protected":false},"excerpt":{"rendered":"<div class=\"sl-wrap\"><\/div>\n<div class=\"result-shield-container tlid-copy-target\" tabindex=\"0\"><span class=\"tlid-translation translation\" lang=\"fr\"><span title=\"\">Les tissus DRY-FIT absorbent l&rsquo;humidit\u00e9 et les r\u00e9partissent sur une large zone pour s&rsquo;\u00e9vaporer rapidement.<\/span> <span class=\"\" title=\"\">Cette \u00e9limination de la transpiration est due \u00e0 l&rsquo;action de deux couches: la premi\u00e8re est en contact avec la peau, absorbe toute l&rsquo;humidit\u00e9 et la transporte rapidement vers la seconde (ext\u00e9rieure) o\u00f9 elle se r\u00e9pand et s&rsquo;\u00e9vapore donc imm\u00e9diatement.<\/span> <span class=\"\" title=\"\">La performance physique est am\u00e9lior\u00e9e car le corps reste sec.<\/span><\/span><\/div>\n","protected":false},"featured_media":10810,"comment_status":"open","ping_status":"closed","template":"","meta":[],"product_cat":[2036,2032,2045],"product_tag":[],"acf":[],"yoast_head":"<!-- This site is optimized with the Yoast SEO plugin v19.14 - https:\/\/yoast.com\/wordpress\/plugins\/seo\/ -->\n<title>T-shirt Polo Equitation Dry-Fit Femme - Spirit of Polo - Spirit of Jumping<\/title>\n<meta name=\"robots\" content=\"index, follow, max-snippet:-1, max-image-preview:large, max-video-preview:-1\" \/>\n<link rel=\"canonical\" href=\"https:\/\/www.spiritofpolo.com\/fr\/produit\/t-shirt-polo-equitation-dry-fit-femme\" \/>\n<meta property=\"og:locale\" content=\"fr_FR\" \/>\n<meta property=\"og:type\" content=\"article\" \/>\n<meta property=\"og:title\" content=\"T-shirt Polo Equitation Dry-Fit Femme - Spirit of Polo - Spirit of Jumping\" \/>\n<meta property=\"og:description\" content=\"Les tissus DRY-FIT absorbent l&#039;humidit\u00e9 et les r\u00e9partissent sur une large zone pour s&#039;\u00e9vaporer rapidement. Cette \u00e9limination de la transpiration est due \u00e0 l&#039;action de deux couches: la premi\u00e8re est en contact avec la peau, absorbe toute l&#039;humidit\u00e9 et la transporte rapidement vers la seconde (ext\u00e9rieure) o\u00f9 elle se r\u00e9pand et s&#039;\u00e9vapore donc imm\u00e9diatement. La performance physique est am\u00e9lior\u00e9e car le corps reste sec.\" \/>\n<meta property=\"og:url\" content=\"https:\/\/www.spiritofpolo.com\/fr\/produit\/t-shirt-polo-equitation-dry-fit-femme\" \/>\n<meta property=\"og:site_name\" content=\"Spirit of Polo - Spirit of Jumping\" \/>\n<meta property=\"og:image\" content=\"https:\/\/www.spiritofpolo.com\/wp-content\/uploads\/Remera_dry-fit_dama_concurso_blanca.jpg\" \/>\n\t<meta property=\"og:image:width\" content=\"555\" \/>\n\t<meta property=\"og:image:height\" content=\"710\" \/>\n\t<meta property=\"og:image:type\" content=\"image\/jpeg\" \/>\n<meta name=\"twitter:card\" content=\"summary_large_image\" \/>\n<script type=\"application\/ld+json\" class=\"yoast-schema-graph\">{\"@context\":\"https:\/\/schema.org\",\"@graph\":[{\"@type\":\"WebPage\",\"@id\":\"https:\/\/www.spiritofpolo.com\/fr\/produit\/t-shirt-polo-equitation-dry-fit-femme\",\"url\":\"https:\/\/www.spiritofpolo.com\/fr\/produit\/t-shirt-polo-equitation-dry-fit-femme\",\"name\":\"T-shirt Polo Equitation Dry-Fit Femme - Spirit of Polo - Spirit of Jumping\",\"isPartOf\":{\"@id\":\"https:\/\/www.spiritofpolo.com\/fr#website\"},\"datePublished\":\"2019-10-07T14:31:12+00:00\",\"dateModified\":\"2019-10-07T14:31:12+00:00\",\"breadcrumb\":{\"@id\":\"https:\/\/www.spiritofpolo.com\/fr\/produit\/t-shirt-polo-equitation-dry-fit-femme#breadcrumb\"},\"inLanguage\":\"fr-FR\",\"potentialAction\":[{\"@type\":\"ReadAction\",\"target\":[\"https:\/\/www.spiritofpolo.com\/fr\/produit\/t-shirt-polo-equitation-dry-fit-femme\"]}]},{\"@type\":\"BreadcrumbList\",\"@id\":\"https:\/\/www.spiritofpolo.com\/fr\/produit\/t-shirt-polo-equitation-dry-fit-femme#breadcrumb\",\"itemListElement\":[{\"@type\":\"ListItem\",\"position\":1,\"name\":\"Home\",\"item\":\"https:\/\/www.spiritofpolo.com\/fr\"},{\"@type\":\"ListItem\",\"position\":2,\"name\":\"Boutique\",\"item\":\"https:\/\/www.spiritofpolo.com\/fr\/boutique\"},{\"@type\":\"ListItem\",\"position\":3,\"name\":\"T-shirt Polo Equitation Dry-Fit Femme\"}]},{\"@type\":\"WebSite\",\"@id\":\"https:\/\/www.spiritofpolo.com\/fr#website\",\"url\":\"https:\/\/www.spiritofpolo.com\/fr\",\"name\":\"Spirit of Polo - Spirit of Jumping\",\"description\":\"Argentine Polo Products\",\"publisher\":{\"@id\":\"https:\/\/www.spiritofpolo.com\/fr#organization\"},\"potentialAction\":[{\"@type\":\"SearchAction\",\"target\":{\"@type\":\"EntryPoint\",\"urlTemplate\":\"https:\/\/www.spiritofpolo.com\/fr?s={search_term_string}\"},\"query-input\":\"required name=search_term_string\"}],\"inLanguage\":\"fr-FR\"},{\"@type\":\"Organization\",\"@id\":\"https:\/\/www.spiritofpolo.com\/fr#organization\",\"name\":\"Spirit of Polo - Spirit of Jumping\",\"url\":\"https:\/\/www.spiritofpolo.com\/fr\",\"logo\":{\"@type\":\"ImageObject\",\"inLanguage\":\"fr-FR\",\"@id\":\"https:\/\/www.spiritofpolo.com\/fr#\/schema\/logo\/image\/\",\"url\":\"\",\"contentUrl\":\"\",\"caption\":\"Spirit of Polo - Spirit of Jumping\"},\"image\":{\"@id\":\"https:\/\/www.spiritofpolo.com\/fr#\/schema\/logo\/image\/\"}}]}<\/script>\n<!-- \/ Yoast SEO plugin. -->","yoast_head_json":{"title":"T-shirt Polo Equitation Dry-Fit Femme - Spirit of Polo - Spirit of Jumping","robots":{"index":"index","follow":"follow","max-snippet":"max-snippet:-1","max-image-preview":"max-image-preview:large","max-video-preview":"max-video-preview:-1"},"canonical":"https:\/\/www.spiritofpolo.com\/fr\/produit\/t-shirt-polo-equitation-dry-fit-femme","og_locale":"fr_FR","og_type":"article","og_title":"T-shirt Polo Equitation Dry-Fit Femme - Spirit of Polo - Spirit of Jumping","og_description":"Les tissus DRY-FIT absorbent l'humidit\u00e9 et les r\u00e9partissent sur une large zone pour s'\u00e9vaporer rapidement. Cette \u00e9limination de la transpiration est due \u00e0 l'action de deux couches: la premi\u00e8re est en contact avec la peau, absorbe toute l'humidit\u00e9 et la transporte rapidement vers la seconde (ext\u00e9rieure) o\u00f9 elle se r\u00e9pand et s'\u00e9vapore donc imm\u00e9diatement. La performance physique est am\u00e9lior\u00e9e car le corps reste sec.","og_url":"https:\/\/www.spiritofpolo.com\/fr\/produit\/t-shirt-polo-equitation-dry-fit-femme","og_site_name":"Spirit of Polo - Spirit of Jumping","og_image":[{"width":555,"height":710,"url":"https:\/\/www.spiritofpolo.com\/wp-content\/uploads\/Remera_dry-fit_dama_concurso_blanca.jpg","type":"image\/jpeg"}],"twitter_card":"summary_large_image","schema":{"@context":"https:\/\/schema.org","@graph":[{"@type":"WebPage","@id":"https:\/\/www.spiritofpolo.com\/fr\/produit\/t-shirt-polo-equitation-dry-fit-femme","url":"https:\/\/www.spiritofpolo.com\/fr\/produit\/t-shirt-polo-equitation-dry-fit-femme","name":"T-shirt Polo Equitation Dry-Fit Femme - Spirit of Polo - Spirit of Jumping","isPartOf":{"@id":"https:\/\/www.spiritofpolo.com\/fr#website"},"datePublished":"2019-10-07T14:31:12+00:00","dateModified":"2019-10-07T14:31:12+00:00","breadcrumb":{"@id":"https:\/\/www.spiritofpolo.com\/fr\/produit\/t-shirt-polo-equitation-dry-fit-femme#breadcrumb"},"inLanguage":"fr-FR","potentialAction":[{"@type":"ReadAction","target":["https:\/\/www.spiritofpolo.com\/fr\/produit\/t-shirt-polo-equitation-dry-fit-femme"]}]},{"@type":"BreadcrumbList","@id":"https:\/\/www.spiritofpolo.com\/fr\/produit\/t-shirt-polo-equitation-dry-fit-femme#breadcrumb","itemListElement":[{"@type":"ListItem","position":1,"name":"Home","item":"https:\/\/www.spiritofpolo.com\/fr"},{"@type":"ListItem","position":2,"name":"Boutique","item":"https:\/\/www.spiritofpolo.com\/fr\/boutique"},{"@type":"ListItem","position":3,"name":"T-shirt Polo Equitation Dry-Fit Femme"}]},{"@type":"WebSite","@id":"https:\/\/www.spiritofpolo.com\/fr#website","url":"https:\/\/www.spiritofpolo.com\/fr","name":"Spirit of Polo - Spirit of Jumping","description":"Argentine Polo Products","publisher":{"@id":"https:\/\/www.spiritofpolo.com\/fr#organization"},"potentialAction":[{"@type":"SearchAction","target":{"@type":"EntryPoint","urlTemplate":"https:\/\/www.spiritofpolo.com\/fr?s={search_term_string}"},"query-input":"required name=search_term_string"}],"inLanguage":"fr-FR"},{"@type":"Organization","@id":"https:\/\/www.spiritofpolo.com\/fr#organization","name":"Spirit of Polo - Spirit of Jumping","url":"https:\/\/www.spiritofpolo.com\/fr","logo":{"@type":"ImageObject","inLanguage":"fr-FR","@id":"https:\/\/www.spiritofpolo.com\/fr#\/schema\/logo\/image\/","url":"","contentUrl":"","caption":"Spirit of Polo - Spirit of Jumping"},"image":{"@id":"https:\/\/www.spiritofpolo.com\/fr#\/schema\/logo\/image\/"}}]}},"tiered_pricing_type":"fixed","tiered_pricing_fixed_rules":[],"tiered_pricing_product_settings":{"layout":"default","base_unit_name":{"singular":null,"plural":null},"default_variation":null},"tiered_pricing_minimum_quantity":null,"tiered_pricing_roles_data":[],"tiered_pricing_percentage_rules":[],"_links":{"self":[{"href":"https:\/\/www.spiritofpolo.com\/fr\/wp-json\/wp\/v2\/product\/10816"}],"collection":[{"href":"https:\/\/www.spiritofpolo.com\/fr\/wp-json\/wp\/v2\/product"}],"about":[{"href":"https:\/\/www.spiritofpolo.com\/fr\/wp-json\/wp\/v2\/types\/product"}],"replies":[{"embeddable":true,"href":"https:\/\/www.spiritofpolo.com\/fr\/wp-json\/wp\/v2\/comments?post=10816"}],"wp:featuredmedia":[{"embeddable":true,"href":"https:\/\/www.spiritofpolo.com\/fr\/wp-json\/wp\/v2\/media\/10810"}],"wp:attachment":[{"href":"https:\/\/www.spiritofpolo.com\/fr\/wp-json\/wp\/v2\/media?parent=10816"}],"wp:term":[{"taxonomy":"product_cat","embeddable":true,"href":"https:\/\/www.spiritofpolo.com\/fr\/wp-json\/wp\/v2\/product_cat?post=10816"},{"taxonomy":"product_tag","embeddable":true,"href":"https:\/\/www.spiritofpolo.com\/fr\/wp-json\/wp\/v2\/product_tag?post=10816"}],"curies":[{"name":"wp","href":"https:\/\/api.w.org\/{rel}","templated":true}]}}