{"id":11325,"date":"2020-01-06T14:33:42","date_gmt":"2020-01-06T14:33:42","guid":{"rendered":"https:\/\/spiritofpolo.com\/?post_type=product&#038;p=11325"},"modified":"2022-08-15T12:17:00","modified_gmt":"2022-08-15T12:17:00","slug":"sejour-equitation","status":"publish","type":"product","link":"https:\/\/www.spiritofpolo.com\/fr\/produit\/sejour-equitation","title":{"rendered":"SEJOUR EQUITATION"},"content":{"rendered":"","protected":false},"excerpt":{"rendered":"<p>Cours et balades et initiation polo (si d\u00e9sir\u00e9e), en pension compl\u00e8te.<br \/>\nPar personne, la semaine. Transport inclus.<\/p>\n<p>Situ\u00e9e \u00e0 70 kms au sud de Buenos Aires, ce club est tenu par une famille de cavaliers et joueurs du polo !<br \/>\nIls vous aideront \u00e0 vous perfectionner avec les cours du matin et les les balades de l\u2019apres-midi.<br \/>\nAppr\u00e9ciez la nuit au campo apr\u00e8s un asado au feu de bois, accompagn\u00e9 d\u2019un bon Malbec argentin! 2 \u00e0 6 cavaliers maximum.<\/p>\n<p>Inclus:\u20287 jours de Stage Equitation \u00e0 70 km de Buenos Aires, en pension compl\u00e8te.<br \/>\nTransport Aeroport &#8211; Club, Club-Aeroport.<br \/>\nPetit-d\u00e9jeuner, d\u00e9jeuner, go\u00fbter et d\u00eeners typiques argentins inclus<\/p>\n","protected":false},"featured_media":11327,"comment_status":"open","ping_status":"closed","template":"","meta":[],"product_cat":[2230,2234,1759,97],"product_tag":[1199,124,1296],"acf":[],"yoast_head":"<!-- This site is optimized with the Yoast SEO plugin v19.14 - https:\/\/yoast.com\/wordpress\/plugins\/seo\/ -->\n<title>SEJOUR EQUITATION - Spirit of Polo - Spirit of Jumping<\/title>\n<meta name=\"description\" content=\"7 jours de cours intensifs avec stick &amp; ball chaque matin, suivi d\u2019un match de 2\/4-chukkers l\u2019apr\u00e8s-midi\" \/>\n<meta name=\"robots\" content=\"index, follow, max-snippet:-1, max-image-preview:large, max-video-preview:-1\" \/>\n<link rel=\"canonical\" href=\"https:\/\/www.spiritofpolo.com\/fr\/produit\/sejour-equitation\" \/>\n<meta property=\"og:locale\" content=\"fr_FR\" \/>\n<meta property=\"og:type\" content=\"article\" \/>\n<meta property=\"og:title\" content=\"SEJOUR EQUITATION - Spirit of Polo - Spirit of Jumping\" \/>\n<meta property=\"og:description\" content=\"7 jours de cours intensifs avec stick &amp; ball chaque matin, suivi d\u2019un match de 2\/4-chukkers l\u2019apr\u00e8s-midi\" \/>\n<meta property=\"og:url\" content=\"https:\/\/www.spiritofpolo.com\/fr\/produit\/sejour-equitation\" \/>\n<meta property=\"og:site_name\" content=\"Spirit of Polo - Spirit of Jumping\" \/>\n<meta property=\"article:modified_time\" content=\"2022-08-15T12:17:00+00:00\" \/>\n<meta property=\"og:image\" content=\"https:\/\/www.spiritofpolo.com\/wp-content\/uploads\/Hores-back-riding-Week.jpg\" \/>\n\t<meta property=\"og:image:width\" content=\"555\" \/>\n\t<meta property=\"og:image:height\" content=\"710\" \/>\n\t<meta property=\"og:image:type\" content=\"image\/jpeg\" \/>\n<meta name=\"twitter:card\" content=\"summary_large_image\" \/>\n<script type=\"application\/ld+json\" class=\"yoast-schema-graph\">{\"@context\":\"https:\/\/schema.org\",\"@graph\":[{\"@type\":\"WebPage\",\"@id\":\"https:\/\/www.spiritofpolo.com\/fr\/produit\/sejour-equitation\",\"url\":\"https:\/\/www.spiritofpolo.com\/fr\/produit\/sejour-equitation\",\"name\":\"SEJOUR EQUITATION - Spirit of Polo - Spirit of Jumping\",\"isPartOf\":{\"@id\":\"https:\/\/www.spiritofpolo.com\/fr#website\"},\"datePublished\":\"2020-01-06T14:33:42+00:00\",\"dateModified\":\"2022-08-15T12:17:00+00:00\",\"description\":\"7 jours de cours intensifs avec stick & ball chaque matin, suivi d\u2019un match de 2\/4-chukkers l\u2019apr\u00e8s-midi\",\"breadcrumb\":{\"@id\":\"https:\/\/www.spiritofpolo.com\/fr\/produit\/sejour-equitation#breadcrumb\"},\"inLanguage\":\"fr-FR\",\"potentialAction\":[{\"@type\":\"ReadAction\",\"target\":[\"https:\/\/www.spiritofpolo.com\/fr\/produit\/sejour-equitation\"]}]},{\"@type\":\"BreadcrumbList\",\"@id\":\"https:\/\/www.spiritofpolo.com\/fr\/produit\/sejour-equitation#breadcrumb\",\"itemListElement\":[{\"@type\":\"ListItem\",\"position\":1,\"name\":\"Home\",\"item\":\"https:\/\/www.spiritofpolo.com\/fr\"},{\"@type\":\"ListItem\",\"position\":2,\"name\":\"Boutique\",\"item\":\"https:\/\/www.spiritofpolo.com\/fr\/boutique\"},{\"@type\":\"ListItem\",\"position\":3,\"name\":\"SEJOUR EQUITATION\"}]},{\"@type\":\"WebSite\",\"@id\":\"https:\/\/www.spiritofpolo.com\/fr#website\",\"url\":\"https:\/\/www.spiritofpolo.com\/fr\",\"name\":\"Spirit of Polo - Spirit of Jumping\",\"description\":\"Argentine Polo Products\",\"publisher\":{\"@id\":\"https:\/\/www.spiritofpolo.com\/fr#organization\"},\"potentialAction\":[{\"@type\":\"SearchAction\",\"target\":{\"@type\":\"EntryPoint\",\"urlTemplate\":\"https:\/\/www.spiritofpolo.com\/fr?s={search_term_string}\"},\"query-input\":\"required name=search_term_string\"}],\"inLanguage\":\"fr-FR\"},{\"@type\":\"Organization\",\"@id\":\"https:\/\/www.spiritofpolo.com\/fr#organization\",\"name\":\"Spirit of Polo - Spirit of Jumping\",\"url\":\"https:\/\/www.spiritofpolo.com\/fr\",\"logo\":{\"@type\":\"ImageObject\",\"inLanguage\":\"fr-FR\",\"@id\":\"https:\/\/www.spiritofpolo.com\/fr#\/schema\/logo\/image\/\",\"url\":\"\",\"contentUrl\":\"\",\"caption\":\"Spirit of Polo - Spirit of Jumping\"},\"image\":{\"@id\":\"https:\/\/www.spiritofpolo.com\/fr#\/schema\/logo\/image\/\"}}]}<\/script>\n<!-- \/ Yoast SEO plugin. -->","yoast_head_json":{"title":"SEJOUR EQUITATION - Spirit of Polo - Spirit of Jumping","description":"7 jours de cours intensifs avec stick & ball chaque matin, suivi d\u2019un match de 2\/4-chukkers l\u2019apr\u00e8s-midi","robots":{"index":"index","follow":"follow","max-snippet":"max-snippet:-1","max-image-preview":"max-image-preview:large","max-video-preview":"max-video-preview:-1"},"canonical":"https:\/\/www.spiritofpolo.com\/fr\/produit\/sejour-equitation","og_locale":"fr_FR","og_type":"article","og_title":"SEJOUR EQUITATION - Spirit of Polo - Spirit of Jumping","og_description":"7 jours de cours intensifs avec stick & ball chaque matin, suivi d\u2019un match de 2\/4-chukkers l\u2019apr\u00e8s-midi","og_url":"https:\/\/www.spiritofpolo.com\/fr\/produit\/sejour-equitation","og_site_name":"Spirit of Polo - Spirit of Jumping","article_modified_time":"2022-08-15T12:17:00+00:00","og_image":[{"width":555,"height":710,"url":"https:\/\/www.spiritofpolo.com\/wp-content\/uploads\/Hores-back-riding-Week.jpg","type":"image\/jpeg"}],"twitter_card":"summary_large_image","schema":{"@context":"https:\/\/schema.org","@graph":[{"@type":"WebPage","@id":"https:\/\/www.spiritofpolo.com\/fr\/produit\/sejour-equitation","url":"https:\/\/www.spiritofpolo.com\/fr\/produit\/sejour-equitation","name":"SEJOUR EQUITATION - Spirit of Polo - Spirit of Jumping","isPartOf":{"@id":"https:\/\/www.spiritofpolo.com\/fr#website"},"datePublished":"2020-01-06T14:33:42+00:00","dateModified":"2022-08-15T12:17:00+00:00","description":"7 jours de cours intensifs avec stick & ball chaque matin, suivi d\u2019un match de 2\/4-chukkers l\u2019apr\u00e8s-midi","breadcrumb":{"@id":"https:\/\/www.spiritofpolo.com\/fr\/produit\/sejour-equitation#breadcrumb"},"inLanguage":"fr-FR","potentialAction":[{"@type":"ReadAction","target":["https:\/\/www.spiritofpolo.com\/fr\/produit\/sejour-equitation"]}]},{"@type":"BreadcrumbList","@id":"https:\/\/www.spiritofpolo.com\/fr\/produit\/sejour-equitation#breadcrumb","itemListElement":[{"@type":"ListItem","position":1,"name":"Home","item":"https:\/\/www.spiritofpolo.com\/fr"},{"@type":"ListItem","position":2,"name":"Boutique","item":"https:\/\/www.spiritofpolo.com\/fr\/boutique"},{"@type":"ListItem","position":3,"name":"SEJOUR EQUITATION"}]},{"@type":"WebSite","@id":"https:\/\/www.spiritofpolo.com\/fr#website","url":"https:\/\/www.spiritofpolo.com\/fr","name":"Spirit of Polo - Spirit of Jumping","description":"Argentine Polo Products","publisher":{"@id":"https:\/\/www.spiritofpolo.com\/fr#organization"},"potentialAction":[{"@type":"SearchAction","target":{"@type":"EntryPoint","urlTemplate":"https:\/\/www.spiritofpolo.com\/fr?s={search_term_string}"},"query-input":"required name=search_term_string"}],"inLanguage":"fr-FR"},{"@type":"Organization","@id":"https:\/\/www.spiritofpolo.com\/fr#organization","name":"Spirit of Polo - Spirit of Jumping","url":"https:\/\/www.spiritofpolo.com\/fr","logo":{"@type":"ImageObject","inLanguage":"fr-FR","@id":"https:\/\/www.spiritofpolo.com\/fr#\/schema\/logo\/image\/","url":"","contentUrl":"","caption":"Spirit of Polo - Spirit of Jumping"},"image":{"@id":"https:\/\/www.spiritofpolo.com\/fr#\/schema\/logo\/image\/"}}]}},"tiered_pricing_type":"fixed","tiered_pricing_fixed_rules":[],"tiered_pricing_product_settings":{"layout":"default","base_unit_name":{"singular":null,"plural":null},"default_variation":null},"tiered_pricing_minimum_quantity":null,"tiered_pricing_roles_data":[],"tiered_pricing_percentage_rules":[],"_links":{"self":[{"href":"https:\/\/www.spiritofpolo.com\/fr\/wp-json\/wp\/v2\/product\/11325"}],"collection":[{"href":"https:\/\/www.spiritofpolo.com\/fr\/wp-json\/wp\/v2\/product"}],"about":[{"href":"https:\/\/www.spiritofpolo.com\/fr\/wp-json\/wp\/v2\/types\/product"}],"replies":[{"embeddable":true,"href":"https:\/\/www.spiritofpolo.com\/fr\/wp-json\/wp\/v2\/comments?post=11325"}],"wp:featuredmedia":[{"embeddable":true,"href":"https:\/\/www.spiritofpolo.com\/fr\/wp-json\/wp\/v2\/media\/11327"}],"wp:attachment":[{"href":"https:\/\/www.spiritofpolo.com\/fr\/wp-json\/wp\/v2\/media?parent=11325"}],"wp:term":[{"taxonomy":"product_cat","embeddable":true,"href":"https:\/\/www.spiritofpolo.com\/fr\/wp-json\/wp\/v2\/product_cat?post=11325"},{"taxonomy":"product_tag","embeddable":true,"href":"https:\/\/www.spiritofpolo.com\/fr\/wp-json\/wp\/v2\/product_tag?post=11325"}],"curies":[{"name":"wp","href":"https:\/\/api.w.org\/{rel}","templated":true}]}}