{"id":113617,"date":"2023-12-27T17:30:19","date_gmt":"2023-12-27T17:30:19","guid":{"rendered":"https:\/\/www.spiritofpolo.com\/?post_type=product&#038;p=113617"},"modified":"2023-12-27T17:44:00","modified_gmt":"2023-12-27T17:44:00","slug":"polo-officiel-la-dolfina-polo-team-2024","status":"publish","type":"product","link":"https:\/\/www.spiritofpolo.com\/fr\/produit\/polo-officiel-la-dolfina-polo-team-2024","title":{"rendered":"Polo Officiel La Dolfina Polo Team 2024"},"content":{"rendered":"<p><img loading=\"lazy\" src=\"https:\/\/www.spiritofpolo.com\/wp-content\/uploads\/\/Captura-de-pantalla-2023-12-27-a-las-14.36.39-300x172.png\" alt=\"\" width=\"300\" height=\"172\" class=\"alignnone size-medium wp-image-113644\" srcset=\"https:\/\/www.spiritofpolo.com\/wp-content\/uploads\/\/Captura-de-pantalla-2023-12-27-a-las-14.36.39-300x172.png 300w, https:\/\/www.spiritofpolo.com\/wp-content\/uploads\/\/Captura-de-pantalla-2023-12-27-a-las-14.36.39-1024x587.png 1024w, https:\/\/www.spiritofpolo.com\/wp-content\/uploads\/\/Captura-de-pantalla-2023-12-27-a-las-14.36.39-768x440.png 768w, https:\/\/www.spiritofpolo.com\/wp-content\/uploads\/\/Captura-de-pantalla-2023-12-27-a-las-14.36.39-1536x880.png 1536w, https:\/\/www.spiritofpolo.com\/wp-content\/uploads\/\/Captura-de-pantalla-2023-12-27-a-las-14.36.39-680x390.png 680w, https:\/\/www.spiritofpolo.com\/wp-content\/uploads\/\/Captura-de-pantalla-2023-12-27-a-las-14.36.39.png 1752w\" sizes=\"(max-width: 300px) 100vw, 300px\" \/><\/p>\n","protected":false},"excerpt":{"rendered":"<p>Technologie Heatgear \u00e0 s\u00e9chage rapide<br \/>\nImpressions des logos Under Armour et La Dolfina<br \/>\n100% Polyester<br \/>\nCol en V<\/p>\n<p>Lavage en machine \u00e0 froid avec des couleurs semblables<br \/>\nNe pas repasser<br \/>\nNe pas utiliser d&rsquo;assouplissant<br \/>\nNe pas nettoyer \u00e0 sec<\/p>\n","protected":false},"featured_media":113622,"comment_status":"closed","ping_status":"closed","template":"","meta":[],"product_cat":[2266,94,336],"product_tag":[575,584,1435,124],"acf":[],"yoast_head":"<!-- This site is optimized with the Yoast SEO plugin v19.14 - https:\/\/yoast.com\/wordpress\/plugins\/seo\/ -->\n<title>Polo Officiel La Dolfina Polo Team 2024 - Spirit of Polo - Spirit of Jumping<\/title>\n<meta name=\"robots\" content=\"index, follow, max-snippet:-1, max-image-preview:large, max-video-preview:-1\" \/>\n<link rel=\"canonical\" href=\"https:\/\/www.spiritofpolo.com\/fr\/produit\/polo-officiel-la-dolfina-polo-team-2024\" \/>\n<meta property=\"og:locale\" content=\"fr_FR\" \/>\n<meta property=\"og:type\" content=\"article\" \/>\n<meta property=\"og:title\" content=\"Polo Officiel La Dolfina Polo Team 2024 - Spirit of Polo - Spirit of Jumping\" \/>\n<meta property=\"og:description\" content=\"Technologie Heatgear \u00e0 s\u00e9chage rapide Impressions des logos Under Armour et La Dolfina 100% Polyester Col en V  Lavage en machine \u00e0 froid avec des couleurs semblables Ne pas repasser Ne pas utiliser d&#039;assouplissant Ne pas nettoyer \u00e0 sec\" \/>\n<meta property=\"og:url\" content=\"https:\/\/www.spiritofpolo.com\/fr\/produit\/polo-officiel-la-dolfina-polo-team-2024\" \/>\n<meta property=\"og:site_name\" content=\"Spirit of Polo - Spirit of Jumping\" \/>\n<meta property=\"article:modified_time\" content=\"2023-12-27T17:44:00+00:00\" \/>\n<meta property=\"og:image\" content=\"https:\/\/www.spiritofpolo.com\/wp-content\/uploads\/Captura-de-pantalla-2023-12-27-a-las-14.30.10-780x1024.png\" \/>\n\t<meta property=\"og:image:width\" content=\"780\" \/>\n\t<meta property=\"og:image:height\" content=\"1024\" \/>\n\t<meta property=\"og:image:type\" content=\"image\/png\" \/>\n<meta name=\"twitter:card\" content=\"summary_large_image\" \/>\n<script type=\"application\/ld+json\" class=\"yoast-schema-graph\">{\"@context\":\"https:\/\/schema.org\",\"@graph\":[{\"@type\":\"WebPage\",\"@id\":\"https:\/\/www.spiritofpolo.com\/fr\/produit\/polo-officiel-la-dolfina-polo-team-2024\",\"url\":\"https:\/\/www.spiritofpolo.com\/fr\/produit\/polo-officiel-la-dolfina-polo-team-2024\",\"name\":\"Polo Officiel La Dolfina Polo Team 2024 - Spirit of Polo - Spirit of Jumping\",\"isPartOf\":{\"@id\":\"https:\/\/www.spiritofpolo.com\/fr#website\"},\"datePublished\":\"2023-12-27T17:30:19+00:00\",\"dateModified\":\"2023-12-27T17:44:00+00:00\",\"breadcrumb\":{\"@id\":\"https:\/\/www.spiritofpolo.com\/fr\/produit\/polo-officiel-la-dolfina-polo-team-2024#breadcrumb\"},\"inLanguage\":\"fr-FR\",\"potentialAction\":[{\"@type\":\"ReadAction\",\"target\":[\"https:\/\/www.spiritofpolo.com\/fr\/produit\/polo-officiel-la-dolfina-polo-team-2024\"]}]},{\"@type\":\"BreadcrumbList\",\"@id\":\"https:\/\/www.spiritofpolo.com\/fr\/produit\/polo-officiel-la-dolfina-polo-team-2024#breadcrumb\",\"itemListElement\":[{\"@type\":\"ListItem\",\"position\":1,\"name\":\"Home\",\"item\":\"https:\/\/www.spiritofpolo.com\/fr\"},{\"@type\":\"ListItem\",\"position\":2,\"name\":\"Boutique\",\"item\":\"https:\/\/www.spiritofpolo.com\/fr\/boutique\"},{\"@type\":\"ListItem\",\"position\":3,\"name\":\"Polo Officiel La Dolfina Polo Team 2024\"}]},{\"@type\":\"WebSite\",\"@id\":\"https:\/\/www.spiritofpolo.com\/fr#website\",\"url\":\"https:\/\/www.spiritofpolo.com\/fr\",\"name\":\"Spirit of Polo - Spirit of Jumping\",\"description\":\"Argentine Polo Products\",\"publisher\":{\"@id\":\"https:\/\/www.spiritofpolo.com\/fr#organization\"},\"potentialAction\":[{\"@type\":\"SearchAction\",\"target\":{\"@type\":\"EntryPoint\",\"urlTemplate\":\"https:\/\/www.spiritofpolo.com\/fr?s={search_term_string}\"},\"query-input\":\"required name=search_term_string\"}],\"inLanguage\":\"fr-FR\"},{\"@type\":\"Organization\",\"@id\":\"https:\/\/www.spiritofpolo.com\/fr#organization\",\"name\":\"Spirit of Polo - Spirit of Jumping\",\"url\":\"https:\/\/www.spiritofpolo.com\/fr\",\"logo\":{\"@type\":\"ImageObject\",\"inLanguage\":\"fr-FR\",\"@id\":\"https:\/\/www.spiritofpolo.com\/fr#\/schema\/logo\/image\/\",\"url\":\"\",\"contentUrl\":\"\",\"caption\":\"Spirit of Polo - Spirit of Jumping\"},\"image\":{\"@id\":\"https:\/\/www.spiritofpolo.com\/fr#\/schema\/logo\/image\/\"}}]}<\/script>\n<!-- \/ Yoast SEO plugin. -->","yoast_head_json":{"title":"Polo Officiel La Dolfina Polo Team 2024 - Spirit of Polo - Spirit of Jumping","robots":{"index":"index","follow":"follow","max-snippet":"max-snippet:-1","max-image-preview":"max-image-preview:large","max-video-preview":"max-video-preview:-1"},"canonical":"https:\/\/www.spiritofpolo.com\/fr\/produit\/polo-officiel-la-dolfina-polo-team-2024","og_locale":"fr_FR","og_type":"article","og_title":"Polo Officiel La Dolfina Polo Team 2024 - Spirit of Polo - Spirit of Jumping","og_description":"Technologie Heatgear \u00e0 s\u00e9chage rapide Impressions des logos Under Armour et La Dolfina 100% Polyester Col en V  Lavage en machine \u00e0 froid avec des couleurs semblables Ne pas repasser Ne pas utiliser d'assouplissant Ne pas nettoyer \u00e0 sec","og_url":"https:\/\/www.spiritofpolo.com\/fr\/produit\/polo-officiel-la-dolfina-polo-team-2024","og_site_name":"Spirit of Polo - Spirit of Jumping","article_modified_time":"2023-12-27T17:44:00+00:00","og_image":[{"width":780,"height":1024,"url":"https:\/\/www.spiritofpolo.com\/wp-content\/uploads\/Captura-de-pantalla-2023-12-27-a-las-14.30.10-780x1024.png","type":"image\/png"}],"twitter_card":"summary_large_image","schema":{"@context":"https:\/\/schema.org","@graph":[{"@type":"WebPage","@id":"https:\/\/www.spiritofpolo.com\/fr\/produit\/polo-officiel-la-dolfina-polo-team-2024","url":"https:\/\/www.spiritofpolo.com\/fr\/produit\/polo-officiel-la-dolfina-polo-team-2024","name":"Polo Officiel La Dolfina Polo Team 2024 - Spirit of Polo - Spirit of Jumping","isPartOf":{"@id":"https:\/\/www.spiritofpolo.com\/fr#website"},"datePublished":"2023-12-27T17:30:19+00:00","dateModified":"2023-12-27T17:44:00+00:00","breadcrumb":{"@id":"https:\/\/www.spiritofpolo.com\/fr\/produit\/polo-officiel-la-dolfina-polo-team-2024#breadcrumb"},"inLanguage":"fr-FR","potentialAction":[{"@type":"ReadAction","target":["https:\/\/www.spiritofpolo.com\/fr\/produit\/polo-officiel-la-dolfina-polo-team-2024"]}]},{"@type":"BreadcrumbList","@id":"https:\/\/www.spiritofpolo.com\/fr\/produit\/polo-officiel-la-dolfina-polo-team-2024#breadcrumb","itemListElement":[{"@type":"ListItem","position":1,"name":"Home","item":"https:\/\/www.spiritofpolo.com\/fr"},{"@type":"ListItem","position":2,"name":"Boutique","item":"https:\/\/www.spiritofpolo.com\/fr\/boutique"},{"@type":"ListItem","position":3,"name":"Polo Officiel La Dolfina Polo Team 2024"}]},{"@type":"WebSite","@id":"https:\/\/www.spiritofpolo.com\/fr#website","url":"https:\/\/www.spiritofpolo.com\/fr","name":"Spirit of Polo - Spirit of Jumping","description":"Argentine Polo Products","publisher":{"@id":"https:\/\/www.spiritofpolo.com\/fr#organization"},"potentialAction":[{"@type":"SearchAction","target":{"@type":"EntryPoint","urlTemplate":"https:\/\/www.spiritofpolo.com\/fr?s={search_term_string}"},"query-input":"required name=search_term_string"}],"inLanguage":"fr-FR"},{"@type":"Organization","@id":"https:\/\/www.spiritofpolo.com\/fr#organization","name":"Spirit of Polo - Spirit of Jumping","url":"https:\/\/www.spiritofpolo.com\/fr","logo":{"@type":"ImageObject","inLanguage":"fr-FR","@id":"https:\/\/www.spiritofpolo.com\/fr#\/schema\/logo\/image\/","url":"","contentUrl":"","caption":"Spirit of Polo - Spirit of Jumping"},"image":{"@id":"https:\/\/www.spiritofpolo.com\/fr#\/schema\/logo\/image\/"}}]}},"tiered_pricing_type":"fixed","tiered_pricing_fixed_rules":[],"tiered_pricing_product_settings":{"layout":"default","base_unit_name":{"singular":null,"plural":null},"default_variation":null},"tiered_pricing_minimum_quantity":null,"tiered_pricing_roles_data":[],"tiered_pricing_percentage_rules":[],"_links":{"self":[{"href":"https:\/\/www.spiritofpolo.com\/fr\/wp-json\/wp\/v2\/product\/113617"}],"collection":[{"href":"https:\/\/www.spiritofpolo.com\/fr\/wp-json\/wp\/v2\/product"}],"about":[{"href":"https:\/\/www.spiritofpolo.com\/fr\/wp-json\/wp\/v2\/types\/product"}],"replies":[{"embeddable":true,"href":"https:\/\/www.spiritofpolo.com\/fr\/wp-json\/wp\/v2\/comments?post=113617"}],"wp:featuredmedia":[{"embeddable":true,"href":"https:\/\/www.spiritofpolo.com\/fr\/wp-json\/wp\/v2\/media\/113622"}],"wp:attachment":[{"href":"https:\/\/www.spiritofpolo.com\/fr\/wp-json\/wp\/v2\/media?parent=113617"}],"wp:term":[{"taxonomy":"product_cat","embeddable":true,"href":"https:\/\/www.spiritofpolo.com\/fr\/wp-json\/wp\/v2\/product_cat?post=113617"},{"taxonomy":"product_tag","embeddable":true,"href":"https:\/\/www.spiritofpolo.com\/fr\/wp-json\/wp\/v2\/product_tag?post=113617"}],"curies":[{"name":"wp","href":"https:\/\/api.w.org\/{rel}","templated":true}]}}