{"id":11442,"date":"2020-03-16T14:39:39","date_gmt":"2020-03-16T14:39:40","guid":{"rendered":"https:\/\/spiritofpolo.com\/?post_type=product&#038;p=11442"},"modified":"2020-03-16T14:43:10","modified_gmt":"2020-03-16T14:43:10","slug":"sac-de-voyage-personnalisable-polo-equitation-2","status":"publish","type":"product","link":"https:\/\/www.spiritofpolo.com\/fr\/produit\/sac-de-voyage-personnalisable-polo-equitation-2","title":{"rendered":"Sac de voyage personnalisable Polo\/Equitation"},"content":{"rendered":"<p>Sac de voyage en toile, brod\u00e9. Longueur 70 cm ou 50 cm. Id\u00e9al pour vous accompagner lors de matchs de Polo, de comp\u00e9tition \u00e9questre ou de vos voyages. Choix de couleurs de toile, personnalis\u00e9 avec vos broderies.<\/p>\n","protected":false},"excerpt":{"rendered":"<p>Sac de voyage en toile, brod\u00e9. Longueur 70 cm ou 50 cm. Id\u00e9al pour vous accompagner lors de matchs de Polo, de comp\u00e9tition \u00e9questre ou de vos voyages. Choix de couleurs de toile, personnalis\u00e9 avec vos broderies.<\/p>\n","protected":false},"featured_media":11450,"comment_status":"open","ping_status":"closed","template":"","meta":[],"product_cat":[2036,2032,2227,94,337,2224,2221],"product_tag":[1187,194],"acf":[],"yoast_head":"<!-- This site is optimized with the Yoast SEO plugin v19.14 - https:\/\/yoast.com\/wordpress\/plugins\/seo\/ -->\n<title>Sac de voyage personnalisable Polo\/Equitation - Spirit of Polo - Spirit of Jumping<\/title>\n<meta name=\"robots\" content=\"index, follow, max-snippet:-1, max-image-preview:large, max-video-preview:-1\" \/>\n<link rel=\"canonical\" href=\"https:\/\/www.spiritofpolo.com\/fr\/produit\/sac-de-voyage-personnalisable-polo-equitation-2\" \/>\n<meta property=\"og:locale\" content=\"fr_FR\" \/>\n<meta property=\"og:type\" content=\"article\" \/>\n<meta property=\"og:title\" content=\"Sac de voyage personnalisable Polo\/Equitation - Spirit of Polo - Spirit of Jumping\" \/>\n<meta property=\"og:description\" content=\"Sac de voyage en toile, brod\u00e9. Longueur 70 cm ou 50 cm. Id\u00e9al pour vous accompagner lors de matchs de Polo, de comp\u00e9tition \u00e9questre ou de vos voyages. Choix de couleurs de toile, personnalis\u00e9 avec vos broderies.\" \/>\n<meta property=\"og:url\" content=\"https:\/\/www.spiritofpolo.com\/fr\/produit\/sac-de-voyage-personnalisable-polo-equitation-2\" \/>\n<meta property=\"og:site_name\" content=\"Spirit of Polo - Spirit of Jumping\" \/>\n<meta property=\"article:modified_time\" content=\"2020-03-16T14:43:10+00:00\" \/>\n<meta property=\"og:image\" content=\"https:\/\/www.spiritofpolo.com\/wp-content\/uploads\/bolsos.jpg\" \/>\n\t<meta property=\"og:image:width\" content=\"555\" \/>\n\t<meta property=\"og:image:height\" content=\"710\" \/>\n\t<meta property=\"og:image:type\" content=\"image\/jpeg\" \/>\n<meta name=\"twitter:card\" content=\"summary_large_image\" \/>\n<script type=\"application\/ld+json\" class=\"yoast-schema-graph\">{\"@context\":\"https:\/\/schema.org\",\"@graph\":[{\"@type\":\"WebPage\",\"@id\":\"https:\/\/www.spiritofpolo.com\/fr\/produit\/sac-de-voyage-personnalisable-polo-equitation-2\",\"url\":\"https:\/\/www.spiritofpolo.com\/fr\/produit\/sac-de-voyage-personnalisable-polo-equitation-2\",\"name\":\"Sac de voyage personnalisable Polo\/Equitation - Spirit of Polo - Spirit of Jumping\",\"isPartOf\":{\"@id\":\"https:\/\/www.spiritofpolo.com\/fr#website\"},\"datePublished\":\"2020-03-16T14:39:40+00:00\",\"dateModified\":\"2020-03-16T14:43:10+00:00\",\"breadcrumb\":{\"@id\":\"https:\/\/www.spiritofpolo.com\/fr\/produit\/sac-de-voyage-personnalisable-polo-equitation-2#breadcrumb\"},\"inLanguage\":\"fr-FR\",\"potentialAction\":[{\"@type\":\"ReadAction\",\"target\":[\"https:\/\/www.spiritofpolo.com\/fr\/produit\/sac-de-voyage-personnalisable-polo-equitation-2\"]}]},{\"@type\":\"BreadcrumbList\",\"@id\":\"https:\/\/www.spiritofpolo.com\/fr\/produit\/sac-de-voyage-personnalisable-polo-equitation-2#breadcrumb\",\"itemListElement\":[{\"@type\":\"ListItem\",\"position\":1,\"name\":\"Home\",\"item\":\"https:\/\/www.spiritofpolo.com\/fr\"},{\"@type\":\"ListItem\",\"position\":2,\"name\":\"Boutique\",\"item\":\"https:\/\/www.spiritofpolo.com\/fr\/boutique\"},{\"@type\":\"ListItem\",\"position\":3,\"name\":\"Sac de voyage personnalisable Polo\/Equitation\"}]},{\"@type\":\"WebSite\",\"@id\":\"https:\/\/www.spiritofpolo.com\/fr#website\",\"url\":\"https:\/\/www.spiritofpolo.com\/fr\",\"name\":\"Spirit of Polo - Spirit of Jumping\",\"description\":\"Argentine Polo Products\",\"publisher\":{\"@id\":\"https:\/\/www.spiritofpolo.com\/fr#organization\"},\"potentialAction\":[{\"@type\":\"SearchAction\",\"target\":{\"@type\":\"EntryPoint\",\"urlTemplate\":\"https:\/\/www.spiritofpolo.com\/fr?s={search_term_string}\"},\"query-input\":\"required name=search_term_string\"}],\"inLanguage\":\"fr-FR\"},{\"@type\":\"Organization\",\"@id\":\"https:\/\/www.spiritofpolo.com\/fr#organization\",\"name\":\"Spirit of Polo - Spirit of Jumping\",\"url\":\"https:\/\/www.spiritofpolo.com\/fr\",\"logo\":{\"@type\":\"ImageObject\",\"inLanguage\":\"fr-FR\",\"@id\":\"https:\/\/www.spiritofpolo.com\/fr#\/schema\/logo\/image\/\",\"url\":\"\",\"contentUrl\":\"\",\"caption\":\"Spirit of Polo - Spirit of Jumping\"},\"image\":{\"@id\":\"https:\/\/www.spiritofpolo.com\/fr#\/schema\/logo\/image\/\"}}]}<\/script>\n<!-- \/ Yoast SEO plugin. -->","yoast_head_json":{"title":"Sac de voyage personnalisable Polo\/Equitation - Spirit of Polo - Spirit of Jumping","robots":{"index":"index","follow":"follow","max-snippet":"max-snippet:-1","max-image-preview":"max-image-preview:large","max-video-preview":"max-video-preview:-1"},"canonical":"https:\/\/www.spiritofpolo.com\/fr\/produit\/sac-de-voyage-personnalisable-polo-equitation-2","og_locale":"fr_FR","og_type":"article","og_title":"Sac de voyage personnalisable Polo\/Equitation - Spirit of Polo - Spirit of Jumping","og_description":"Sac de voyage en toile, brod\u00e9. Longueur 70 cm ou 50 cm. Id\u00e9al pour vous accompagner lors de matchs de Polo, de comp\u00e9tition \u00e9questre ou de vos voyages. Choix de couleurs de toile, personnalis\u00e9 avec vos broderies.","og_url":"https:\/\/www.spiritofpolo.com\/fr\/produit\/sac-de-voyage-personnalisable-polo-equitation-2","og_site_name":"Spirit of Polo - Spirit of Jumping","article_modified_time":"2020-03-16T14:43:10+00:00","og_image":[{"width":555,"height":710,"url":"https:\/\/www.spiritofpolo.com\/wp-content\/uploads\/bolsos.jpg","type":"image\/jpeg"}],"twitter_card":"summary_large_image","schema":{"@context":"https:\/\/schema.org","@graph":[{"@type":"WebPage","@id":"https:\/\/www.spiritofpolo.com\/fr\/produit\/sac-de-voyage-personnalisable-polo-equitation-2","url":"https:\/\/www.spiritofpolo.com\/fr\/produit\/sac-de-voyage-personnalisable-polo-equitation-2","name":"Sac de voyage personnalisable Polo\/Equitation - Spirit of Polo - Spirit of Jumping","isPartOf":{"@id":"https:\/\/www.spiritofpolo.com\/fr#website"},"datePublished":"2020-03-16T14:39:40+00:00","dateModified":"2020-03-16T14:43:10+00:00","breadcrumb":{"@id":"https:\/\/www.spiritofpolo.com\/fr\/produit\/sac-de-voyage-personnalisable-polo-equitation-2#breadcrumb"},"inLanguage":"fr-FR","potentialAction":[{"@type":"ReadAction","target":["https:\/\/www.spiritofpolo.com\/fr\/produit\/sac-de-voyage-personnalisable-polo-equitation-2"]}]},{"@type":"BreadcrumbList","@id":"https:\/\/www.spiritofpolo.com\/fr\/produit\/sac-de-voyage-personnalisable-polo-equitation-2#breadcrumb","itemListElement":[{"@type":"ListItem","position":1,"name":"Home","item":"https:\/\/www.spiritofpolo.com\/fr"},{"@type":"ListItem","position":2,"name":"Boutique","item":"https:\/\/www.spiritofpolo.com\/fr\/boutique"},{"@type":"ListItem","position":3,"name":"Sac de voyage personnalisable Polo\/Equitation"}]},{"@type":"WebSite","@id":"https:\/\/www.spiritofpolo.com\/fr#website","url":"https:\/\/www.spiritofpolo.com\/fr","name":"Spirit of Polo - Spirit of Jumping","description":"Argentine Polo Products","publisher":{"@id":"https:\/\/www.spiritofpolo.com\/fr#organization"},"potentialAction":[{"@type":"SearchAction","target":{"@type":"EntryPoint","urlTemplate":"https:\/\/www.spiritofpolo.com\/fr?s={search_term_string}"},"query-input":"required name=search_term_string"}],"inLanguage":"fr-FR"},{"@type":"Organization","@id":"https:\/\/www.spiritofpolo.com\/fr#organization","name":"Spirit of Polo - Spirit of Jumping","url":"https:\/\/www.spiritofpolo.com\/fr","logo":{"@type":"ImageObject","inLanguage":"fr-FR","@id":"https:\/\/www.spiritofpolo.com\/fr#\/schema\/logo\/image\/","url":"","contentUrl":"","caption":"Spirit of Polo - Spirit of Jumping"},"image":{"@id":"https:\/\/www.spiritofpolo.com\/fr#\/schema\/logo\/image\/"}}]}},"tiered_pricing_type":"fixed","tiered_pricing_fixed_rules":[],"tiered_pricing_product_settings":{"layout":"default","base_unit_name":{"singular":null,"plural":null},"default_variation":null},"tiered_pricing_minimum_quantity":null,"tiered_pricing_roles_data":[],"tiered_pricing_percentage_rules":[],"_links":{"self":[{"href":"https:\/\/www.spiritofpolo.com\/fr\/wp-json\/wp\/v2\/product\/11442"}],"collection":[{"href":"https:\/\/www.spiritofpolo.com\/fr\/wp-json\/wp\/v2\/product"}],"about":[{"href":"https:\/\/www.spiritofpolo.com\/fr\/wp-json\/wp\/v2\/types\/product"}],"replies":[{"embeddable":true,"href":"https:\/\/www.spiritofpolo.com\/fr\/wp-json\/wp\/v2\/comments?post=11442"}],"wp:featuredmedia":[{"embeddable":true,"href":"https:\/\/www.spiritofpolo.com\/fr\/wp-json\/wp\/v2\/media\/11450"}],"wp:attachment":[{"href":"https:\/\/www.spiritofpolo.com\/fr\/wp-json\/wp\/v2\/media?parent=11442"}],"wp:term":[{"taxonomy":"product_cat","embeddable":true,"href":"https:\/\/www.spiritofpolo.com\/fr\/wp-json\/wp\/v2\/product_cat?post=11442"},{"taxonomy":"product_tag","embeddable":true,"href":"https:\/\/www.spiritofpolo.com\/fr\/wp-json\/wp\/v2\/product_tag?post=11442"}],"curies":[{"name":"wp","href":"https:\/\/api.w.org\/{rel}","templated":true}]}}