{"id":11479,"date":"2020-03-16T20:10:27","date_gmt":"2020-03-16T20:10:27","guid":{"rendered":"https:\/\/spiritofpolo.com\/?post_type=product&#038;p=11479"},"modified":"2020-03-16T20:19:11","modified_gmt":"2020-03-16T20:19:11","slug":"selle-professionnel-palermo","status":"publish","type":"product","link":"https:\/\/www.spiritofpolo.com\/fr\/produit\/selle-professionnel-palermo","title":{"rendered":"Selle Professionnel Palermo"},"content":{"rendered":"","protected":false},"excerpt":{"rendered":"<div id=\"idTab1\" class=\"\">\n<p>R\u00e9alis\u00e9es par un des meilleurs selliers argentins, nos selles sont connues pour leur grande qualit\u00e9. Notre artisan utilise le meilleur des cuirs argentins et cr\u00e9e des selles pour les grandes \u00e9quipes de polo.<\/p>\n<p>La selle Palermo est cr\u00e9\u00e9e pour les chevaux de polo et est tr\u00e8s confortable pour le cavalier. Avec son si\u00e8ge large, elle vous assure une bonne stabilit\u00e9 pendant le jeu.<\/p>\n<p>Toutes nos selles sont faites en Argentine, elles sont \u00e9quip\u00e9es de couteaux d&rsquo;\u00e9trivi\u00e8res, sanglons&#8230; (mod\u00e8le am\u00e9ricain)<\/p>\n<\/div>\n","protected":false},"featured_media":13366,"comment_status":"open","ping_status":"closed","template":"","meta":[],"product_cat":[93,158],"product_tag":[169,167,1401,171],"acf":[],"yoast_head":"<!-- This site is optimized with the Yoast SEO plugin v19.14 - https:\/\/yoast.com\/wordpress\/plugins\/seo\/ -->\n<title>Selle Professionnel Palermo - Spirit of Polo - Spirit of Jumping<\/title>\n<meta name=\"robots\" content=\"index, follow, max-snippet:-1, max-image-preview:large, max-video-preview:-1\" \/>\n<link rel=\"canonical\" href=\"https:\/\/www.spiritofpolo.com\/fr\/produit\/selle-professionnel-palermo\" \/>\n<meta property=\"og:locale\" content=\"fr_FR\" \/>\n<meta property=\"og:type\" content=\"article\" \/>\n<meta property=\"og:title\" content=\"Selle Professionnel Palermo - Spirit of Polo - Spirit of Jumping\" \/>\n<meta property=\"og:description\" content=\"R\u00e9alis\u00e9es par un des meilleurs selliers argentins, nos selles sont connues pour leur grande qualit\u00e9. Notre artisan utilise le meilleur des cuirs argentins et cr\u00e9e des selles pour les grandes \u00e9quipes de polo.  La selle Palermo est cr\u00e9\u00e9e pour les chevaux de polo et est tr\u00e8s confortable pour le cavalier. Avec son si\u00e8ge large, elle vous assure une bonne stabilit\u00e9 pendant le jeu.  Toutes nos selles sont faites en Argentine, elles sont \u00e9quip\u00e9es de couteaux d&#039;\u00e9trivi\u00e8res, sanglons... (mod\u00e8le am\u00e9ricain)\" \/>\n<meta property=\"og:url\" content=\"https:\/\/www.spiritofpolo.com\/fr\/produit\/selle-professionnel-palermo\" \/>\n<meta property=\"og:site_name\" content=\"Spirit of Polo - Spirit of Jumping\" \/>\n<meta property=\"article:modified_time\" content=\"2020-03-16T20:19:11+00:00\" \/>\n<meta property=\"og:image\" content=\"https:\/\/www.spiritofpolo.com\/wp-content\/uploads\/SOP_Montura-Polo-Patagonia-3-1.jpg\" \/>\n\t<meta property=\"og:image:width\" content=\"555\" \/>\n\t<meta property=\"og:image:height\" content=\"710\" \/>\n\t<meta property=\"og:image:type\" content=\"image\/jpeg\" \/>\n<meta name=\"twitter:card\" content=\"summary_large_image\" \/>\n<script type=\"application\/ld+json\" class=\"yoast-schema-graph\">{\"@context\":\"https:\/\/schema.org\",\"@graph\":[{\"@type\":\"WebPage\",\"@id\":\"https:\/\/www.spiritofpolo.com\/fr\/produit\/selle-professionnel-palermo\",\"url\":\"https:\/\/www.spiritofpolo.com\/fr\/produit\/selle-professionnel-palermo\",\"name\":\"Selle Professionnel Palermo - Spirit of Polo - Spirit of Jumping\",\"isPartOf\":{\"@id\":\"https:\/\/www.spiritofpolo.com\/fr#website\"},\"datePublished\":\"2020-03-16T20:10:27+00:00\",\"dateModified\":\"2020-03-16T20:19:11+00:00\",\"breadcrumb\":{\"@id\":\"https:\/\/www.spiritofpolo.com\/fr\/produit\/selle-professionnel-palermo#breadcrumb\"},\"inLanguage\":\"fr-FR\",\"potentialAction\":[{\"@type\":\"ReadAction\",\"target\":[\"https:\/\/www.spiritofpolo.com\/fr\/produit\/selle-professionnel-palermo\"]}]},{\"@type\":\"BreadcrumbList\",\"@id\":\"https:\/\/www.spiritofpolo.com\/fr\/produit\/selle-professionnel-palermo#breadcrumb\",\"itemListElement\":[{\"@type\":\"ListItem\",\"position\":1,\"name\":\"Home\",\"item\":\"https:\/\/www.spiritofpolo.com\/fr\"},{\"@type\":\"ListItem\",\"position\":2,\"name\":\"Boutique\",\"item\":\"https:\/\/www.spiritofpolo.com\/fr\/boutique\"},{\"@type\":\"ListItem\",\"position\":3,\"name\":\"Selle Professionnel Palermo\"}]},{\"@type\":\"WebSite\",\"@id\":\"https:\/\/www.spiritofpolo.com\/fr#website\",\"url\":\"https:\/\/www.spiritofpolo.com\/fr\",\"name\":\"Spirit of Polo - Spirit of Jumping\",\"description\":\"Argentine Polo Products\",\"publisher\":{\"@id\":\"https:\/\/www.spiritofpolo.com\/fr#organization\"},\"potentialAction\":[{\"@type\":\"SearchAction\",\"target\":{\"@type\":\"EntryPoint\",\"urlTemplate\":\"https:\/\/www.spiritofpolo.com\/fr?s={search_term_string}\"},\"query-input\":\"required name=search_term_string\"}],\"inLanguage\":\"fr-FR\"},{\"@type\":\"Organization\",\"@id\":\"https:\/\/www.spiritofpolo.com\/fr#organization\",\"name\":\"Spirit of Polo - Spirit of Jumping\",\"url\":\"https:\/\/www.spiritofpolo.com\/fr\",\"logo\":{\"@type\":\"ImageObject\",\"inLanguage\":\"fr-FR\",\"@id\":\"https:\/\/www.spiritofpolo.com\/fr#\/schema\/logo\/image\/\",\"url\":\"\",\"contentUrl\":\"\",\"caption\":\"Spirit of Polo - Spirit of Jumping\"},\"image\":{\"@id\":\"https:\/\/www.spiritofpolo.com\/fr#\/schema\/logo\/image\/\"}}]}<\/script>\n<!-- \/ Yoast SEO plugin. -->","yoast_head_json":{"title":"Selle Professionnel Palermo - Spirit of Polo - Spirit of Jumping","robots":{"index":"index","follow":"follow","max-snippet":"max-snippet:-1","max-image-preview":"max-image-preview:large","max-video-preview":"max-video-preview:-1"},"canonical":"https:\/\/www.spiritofpolo.com\/fr\/produit\/selle-professionnel-palermo","og_locale":"fr_FR","og_type":"article","og_title":"Selle Professionnel Palermo - Spirit of Polo - Spirit of Jumping","og_description":"R\u00e9alis\u00e9es par un des meilleurs selliers argentins, nos selles sont connues pour leur grande qualit\u00e9. Notre artisan utilise le meilleur des cuirs argentins et cr\u00e9e des selles pour les grandes \u00e9quipes de polo.  La selle Palermo est cr\u00e9\u00e9e pour les chevaux de polo et est tr\u00e8s confortable pour le cavalier. Avec son si\u00e8ge large, elle vous assure une bonne stabilit\u00e9 pendant le jeu.  Toutes nos selles sont faites en Argentine, elles sont \u00e9quip\u00e9es de couteaux d'\u00e9trivi\u00e8res, sanglons... (mod\u00e8le am\u00e9ricain)","og_url":"https:\/\/www.spiritofpolo.com\/fr\/produit\/selle-professionnel-palermo","og_site_name":"Spirit of Polo - Spirit of Jumping","article_modified_time":"2020-03-16T20:19:11+00:00","og_image":[{"width":555,"height":710,"url":"https:\/\/www.spiritofpolo.com\/wp-content\/uploads\/SOP_Montura-Polo-Patagonia-3-1.jpg","type":"image\/jpeg"}],"twitter_card":"summary_large_image","schema":{"@context":"https:\/\/schema.org","@graph":[{"@type":"WebPage","@id":"https:\/\/www.spiritofpolo.com\/fr\/produit\/selle-professionnel-palermo","url":"https:\/\/www.spiritofpolo.com\/fr\/produit\/selle-professionnel-palermo","name":"Selle Professionnel Palermo - Spirit of Polo - Spirit of Jumping","isPartOf":{"@id":"https:\/\/www.spiritofpolo.com\/fr#website"},"datePublished":"2020-03-16T20:10:27+00:00","dateModified":"2020-03-16T20:19:11+00:00","breadcrumb":{"@id":"https:\/\/www.spiritofpolo.com\/fr\/produit\/selle-professionnel-palermo#breadcrumb"},"inLanguage":"fr-FR","potentialAction":[{"@type":"ReadAction","target":["https:\/\/www.spiritofpolo.com\/fr\/produit\/selle-professionnel-palermo"]}]},{"@type":"BreadcrumbList","@id":"https:\/\/www.spiritofpolo.com\/fr\/produit\/selle-professionnel-palermo#breadcrumb","itemListElement":[{"@type":"ListItem","position":1,"name":"Home","item":"https:\/\/www.spiritofpolo.com\/fr"},{"@type":"ListItem","position":2,"name":"Boutique","item":"https:\/\/www.spiritofpolo.com\/fr\/boutique"},{"@type":"ListItem","position":3,"name":"Selle Professionnel Palermo"}]},{"@type":"WebSite","@id":"https:\/\/www.spiritofpolo.com\/fr#website","url":"https:\/\/www.spiritofpolo.com\/fr","name":"Spirit of Polo - Spirit of Jumping","description":"Argentine Polo Products","publisher":{"@id":"https:\/\/www.spiritofpolo.com\/fr#organization"},"potentialAction":[{"@type":"SearchAction","target":{"@type":"EntryPoint","urlTemplate":"https:\/\/www.spiritofpolo.com\/fr?s={search_term_string}"},"query-input":"required name=search_term_string"}],"inLanguage":"fr-FR"},{"@type":"Organization","@id":"https:\/\/www.spiritofpolo.com\/fr#organization","name":"Spirit of Polo - Spirit of Jumping","url":"https:\/\/www.spiritofpolo.com\/fr","logo":{"@type":"ImageObject","inLanguage":"fr-FR","@id":"https:\/\/www.spiritofpolo.com\/fr#\/schema\/logo\/image\/","url":"","contentUrl":"","caption":"Spirit of Polo - Spirit of Jumping"},"image":{"@id":"https:\/\/www.spiritofpolo.com\/fr#\/schema\/logo\/image\/"}}]}},"tiered_pricing_type":"fixed","tiered_pricing_fixed_rules":[],"tiered_pricing_product_settings":{"layout":"default","base_unit_name":{"singular":null,"plural":null},"default_variation":null},"tiered_pricing_minimum_quantity":null,"tiered_pricing_roles_data":[],"tiered_pricing_percentage_rules":[],"_links":{"self":[{"href":"https:\/\/www.spiritofpolo.com\/fr\/wp-json\/wp\/v2\/product\/11479"}],"collection":[{"href":"https:\/\/www.spiritofpolo.com\/fr\/wp-json\/wp\/v2\/product"}],"about":[{"href":"https:\/\/www.spiritofpolo.com\/fr\/wp-json\/wp\/v2\/types\/product"}],"replies":[{"embeddable":true,"href":"https:\/\/www.spiritofpolo.com\/fr\/wp-json\/wp\/v2\/comments?post=11479"}],"wp:featuredmedia":[{"embeddable":true,"href":"https:\/\/www.spiritofpolo.com\/fr\/wp-json\/wp\/v2\/media\/13366"}],"wp:attachment":[{"href":"https:\/\/www.spiritofpolo.com\/fr\/wp-json\/wp\/v2\/media?parent=11479"}],"wp:term":[{"taxonomy":"product_cat","embeddable":true,"href":"https:\/\/www.spiritofpolo.com\/fr\/wp-json\/wp\/v2\/product_cat?post=11479"},{"taxonomy":"product_tag","embeddable":true,"href":"https:\/\/www.spiritofpolo.com\/fr\/wp-json\/wp\/v2\/product_tag?post=11479"}],"curies":[{"name":"wp","href":"https:\/\/api.w.org\/{rel}","templated":true}]}}