{"id":116646,"date":"2024-02-26T15:49:06","date_gmt":"2024-02-26T15:49:06","guid":{"rendered":"https:\/\/www.spiritofpolo.com\/?post_type=product&#038;p=116646"},"modified":"2026-03-16T18:45:22","modified_gmt":"2026-03-16T18:45:22","slug":"casque-de-polo-en-tissu-en-stock-copy","status":"publish","type":"product","link":"https:\/\/www.spiritofpolo.com\/fr\/produit\/casque-de-polo-en-tissu-en-stock-copy","title":{"rendered":"Casque de polo personnalis\u00e9 certifi\u00e9"},"content":{"rendered":"","protected":false},"excerpt":{"rendered":"<p><strong>SPIRIT OF POLO vous pr\u00e9sente :<br \/>\nCasque homologu\u00e9 H1<\/strong><\/p>\n<p><strong>CASQUE APPROUV\u00c9<\/strong><br \/>\n<strong>PAS 015-2011<\/strong><br \/>\n<strong>INTI<\/p>\n<p>JMG Polo (PAS 015)<\/strong><\/p>\n<p><strong>FICHE TECHNIQUE:<\/strong><\/p>\n<p>\u2013 Le casque est fabriqu\u00e9 avec les derni\u00e8res technologies, la coque est en carbone et Kevlar, unique sur le march\u00e9<br \/>\n\u2013 Le coussin est en EPP haute densit\u00e9 et jusqu\u2019\u00e0 3 cm d\u2019\u00e9paisseur<br \/>\n\u2013 Les boucles sont import\u00e9es, de haute r\u00e9sistance et qualit\u00e9<br \/>\n\u2013 Le harnais de fixation est r\u00e9alis\u00e9 sp\u00e9cialement pour ce casque et supporte plus de poids que les sangles que l&rsquo;on trouve sur le march\u00e9<br \/>\n\u2013 Il poss\u00e8de un int\u00e9rieur amovible, qui permet de le laver, de le remplacer et r\u00e9gule la taille du casque<br \/>\n\u2013 Les coques sont en 3 tailles : taille S : 51-54, taille M : 55-57 et taille L : 58-60<br \/>\nLa taille exterieure du casque est superieure \u00e0 la taille normale<\/p>\n<p><strong>ESTH\u00c9TIQUE:<\/strong><\/p>\n<p>\u2013 Le casque est disponible dans toutes les versions du casque commun<br \/>\n\u2013 Il est doubl\u00e9 et se d\u00e9cline en mod\u00e8le classique ou lock ou anglais, et peut \u00eatre doubl\u00e9 de tissu ou de cuir et est \u00e9galement r\u00e9alis\u00e9 en tissu sublim\u00e9.<\/p>\n<p>Ils sont pay\u00e9s d&rsquo;avance<br \/>\nCela prend environ 10 jours<\/p>\n","protected":false},"featured_media":116650,"comment_status":"closed","ping_status":"closed","template":"","meta":[],"product_cat":[95,2213,94,2221],"product_tag":[126,122,124,121,129],"acf":[],"yoast_head":"<!-- This site is optimized with the Yoast SEO plugin v19.14 - https:\/\/yoast.com\/wordpress\/plugins\/seo\/ -->\n<title>Casque de polo personnalis\u00e9 certifi\u00e9 - Spirit of Polo - Spirit of Jumping<\/title>\n<meta name=\"robots\" content=\"index, follow, max-snippet:-1, max-image-preview:large, max-video-preview:-1\" \/>\n<link rel=\"canonical\" href=\"https:\/\/www.spiritofpolo.com\/fr\/produit\/casque-de-polo-en-tissu-en-stock-copy\" \/>\n<meta property=\"og:locale\" content=\"fr_FR\" \/>\n<meta property=\"og:type\" content=\"article\" \/>\n<meta property=\"og:title\" content=\"Casque de polo personnalis\u00e9 certifi\u00e9 - Spirit of Polo - Spirit of Jumping\" \/>\n<meta property=\"og:description\" content=\"SPIRIT OF POLO vous pr\u00e9sente : Casque homologu\u00e9 H1  CASQUE APPROUV\u00c9 PAS 015-2011 INTI  JMG Polo (PAS 015)  FICHE TECHNIQUE:  \u2013 Le casque est fabriqu\u00e9 avec les derni\u00e8res technologies, la coque est en carbone et Kevlar, unique sur le march\u00e9 \u2013 Le coussin est en EPP haute densit\u00e9 et jusqu\u2019\u00e0 3 cm d\u2019\u00e9paisseur \u2013 Les boucles sont import\u00e9es, de haute r\u00e9sistance et qualit\u00e9 \u2013 Le harnais de fixation est r\u00e9alis\u00e9 sp\u00e9cialement pour ce casque et supporte plus de poids que les sangles que l&#039;on trouve sur le march\u00e9 \u2013 Il poss\u00e8de un int\u00e9rieur amovible, qui permet de le laver, de le remplacer et r\u00e9gule la taille du casque \u2013 Les coques sont en 3 tailles : taille S : 51-54, taille M : 55-57 et taille L : 58-60 La taille exterieure du casque est superieure \u00e0 la taille normale  ESTH\u00c9TIQUE:  \u2013 Le casque est disponible dans toutes les versions du casque commun \u2013 Il est doubl\u00e9 et se d\u00e9cline en mod\u00e8le classique ou lock ou anglais, et peut \u00eatre doubl\u00e9 de tissu ou de cuir et est \u00e9galement r\u00e9alis\u00e9 en tissu sublim\u00e9.  Ils sont pay\u00e9s d&#039;avance Cela prend environ 10 jours\" \/>\n<meta property=\"og:url\" content=\"https:\/\/www.spiritofpolo.com\/fr\/produit\/casque-de-polo-en-tissu-en-stock-copy\" \/>\n<meta property=\"og:site_name\" content=\"Spirit of Polo - Spirit of Jumping\" \/>\n<meta property=\"article:modified_time\" content=\"2026-03-16T18:45:22+00:00\" \/>\n<meta property=\"og:image\" content=\"https:\/\/www.spiritofpolo.com\/wp-content\/uploads\/Polo-casco-homologado.jpg\" \/>\n\t<meta property=\"og:image:width\" content=\"555\" \/>\n\t<meta property=\"og:image:height\" content=\"710\" \/>\n\t<meta property=\"og:image:type\" content=\"image\/jpeg\" \/>\n<meta name=\"twitter:card\" content=\"summary_large_image\" \/>\n<script type=\"application\/ld+json\" class=\"yoast-schema-graph\">{\"@context\":\"https:\/\/schema.org\",\"@graph\":[{\"@type\":\"WebPage\",\"@id\":\"https:\/\/www.spiritofpolo.com\/fr\/produit\/casque-de-polo-en-tissu-en-stock-copy\",\"url\":\"https:\/\/www.spiritofpolo.com\/fr\/produit\/casque-de-polo-en-tissu-en-stock-copy\",\"name\":\"Casque de polo personnalis\u00e9 certifi\u00e9 - Spirit of Polo - Spirit of Jumping\",\"isPartOf\":{\"@id\":\"https:\/\/www.spiritofpolo.com\/fr#website\"},\"datePublished\":\"2024-02-26T15:49:06+00:00\",\"dateModified\":\"2026-03-16T18:45:22+00:00\",\"breadcrumb\":{\"@id\":\"https:\/\/www.spiritofpolo.com\/fr\/produit\/casque-de-polo-en-tissu-en-stock-copy#breadcrumb\"},\"inLanguage\":\"fr-FR\",\"potentialAction\":[{\"@type\":\"ReadAction\",\"target\":[\"https:\/\/www.spiritofpolo.com\/fr\/produit\/casque-de-polo-en-tissu-en-stock-copy\"]}]},{\"@type\":\"BreadcrumbList\",\"@id\":\"https:\/\/www.spiritofpolo.com\/fr\/produit\/casque-de-polo-en-tissu-en-stock-copy#breadcrumb\",\"itemListElement\":[{\"@type\":\"ListItem\",\"position\":1,\"name\":\"Home\",\"item\":\"https:\/\/www.spiritofpolo.com\/fr\"},{\"@type\":\"ListItem\",\"position\":2,\"name\":\"Boutique\",\"item\":\"https:\/\/www.spiritofpolo.com\/fr\/boutique\"},{\"@type\":\"ListItem\",\"position\":3,\"name\":\"Casque de polo personnalis\u00e9 certifi\u00e9\"}]},{\"@type\":\"WebSite\",\"@id\":\"https:\/\/www.spiritofpolo.com\/fr#website\",\"url\":\"https:\/\/www.spiritofpolo.com\/fr\",\"name\":\"Spirit of Polo - Spirit of Jumping\",\"description\":\"Argentine Polo Products\",\"publisher\":{\"@id\":\"https:\/\/www.spiritofpolo.com\/fr#organization\"},\"potentialAction\":[{\"@type\":\"SearchAction\",\"target\":{\"@type\":\"EntryPoint\",\"urlTemplate\":\"https:\/\/www.spiritofpolo.com\/fr?s={search_term_string}\"},\"query-input\":\"required name=search_term_string\"}],\"inLanguage\":\"fr-FR\"},{\"@type\":\"Organization\",\"@id\":\"https:\/\/www.spiritofpolo.com\/fr#organization\",\"name\":\"Spirit of Polo - Spirit of Jumping\",\"url\":\"https:\/\/www.spiritofpolo.com\/fr\",\"logo\":{\"@type\":\"ImageObject\",\"inLanguage\":\"fr-FR\",\"@id\":\"https:\/\/www.spiritofpolo.com\/fr#\/schema\/logo\/image\/\",\"url\":\"\",\"contentUrl\":\"\",\"caption\":\"Spirit of Polo - Spirit of Jumping\"},\"image\":{\"@id\":\"https:\/\/www.spiritofpolo.com\/fr#\/schema\/logo\/image\/\"}}]}<\/script>\n<!-- \/ Yoast SEO plugin. -->","yoast_head_json":{"title":"Casque de polo personnalis\u00e9 certifi\u00e9 - Spirit of Polo - Spirit of Jumping","robots":{"index":"index","follow":"follow","max-snippet":"max-snippet:-1","max-image-preview":"max-image-preview:large","max-video-preview":"max-video-preview:-1"},"canonical":"https:\/\/www.spiritofpolo.com\/fr\/produit\/casque-de-polo-en-tissu-en-stock-copy","og_locale":"fr_FR","og_type":"article","og_title":"Casque de polo personnalis\u00e9 certifi\u00e9 - Spirit of Polo - Spirit of Jumping","og_description":"SPIRIT OF POLO vous pr\u00e9sente : Casque homologu\u00e9 H1  CASQUE APPROUV\u00c9 PAS 015-2011 INTI  JMG Polo (PAS 015)  FICHE TECHNIQUE:  \u2013 Le casque est fabriqu\u00e9 avec les derni\u00e8res technologies, la coque est en carbone et Kevlar, unique sur le march\u00e9 \u2013 Le coussin est en EPP haute densit\u00e9 et jusqu\u2019\u00e0 3 cm d\u2019\u00e9paisseur \u2013 Les boucles sont import\u00e9es, de haute r\u00e9sistance et qualit\u00e9 \u2013 Le harnais de fixation est r\u00e9alis\u00e9 sp\u00e9cialement pour ce casque et supporte plus de poids que les sangles que l'on trouve sur le march\u00e9 \u2013 Il poss\u00e8de un int\u00e9rieur amovible, qui permet de le laver, de le remplacer et r\u00e9gule la taille du casque \u2013 Les coques sont en 3 tailles : taille S : 51-54, taille M : 55-57 et taille L : 58-60 La taille exterieure du casque est superieure \u00e0 la taille normale  ESTH\u00c9TIQUE:  \u2013 Le casque est disponible dans toutes les versions du casque commun \u2013 Il est doubl\u00e9 et se d\u00e9cline en mod\u00e8le classique ou lock ou anglais, et peut \u00eatre doubl\u00e9 de tissu ou de cuir et est \u00e9galement r\u00e9alis\u00e9 en tissu sublim\u00e9.  Ils sont pay\u00e9s d'avance Cela prend environ 10 jours","og_url":"https:\/\/www.spiritofpolo.com\/fr\/produit\/casque-de-polo-en-tissu-en-stock-copy","og_site_name":"Spirit of Polo - Spirit of Jumping","article_modified_time":"2026-03-16T18:45:22+00:00","og_image":[{"width":555,"height":710,"url":"https:\/\/www.spiritofpolo.com\/wp-content\/uploads\/Polo-casco-homologado.jpg","type":"image\/jpeg"}],"twitter_card":"summary_large_image","schema":{"@context":"https:\/\/schema.org","@graph":[{"@type":"WebPage","@id":"https:\/\/www.spiritofpolo.com\/fr\/produit\/casque-de-polo-en-tissu-en-stock-copy","url":"https:\/\/www.spiritofpolo.com\/fr\/produit\/casque-de-polo-en-tissu-en-stock-copy","name":"Casque de polo personnalis\u00e9 certifi\u00e9 - Spirit of Polo - Spirit of Jumping","isPartOf":{"@id":"https:\/\/www.spiritofpolo.com\/fr#website"},"datePublished":"2024-02-26T15:49:06+00:00","dateModified":"2026-03-16T18:45:22+00:00","breadcrumb":{"@id":"https:\/\/www.spiritofpolo.com\/fr\/produit\/casque-de-polo-en-tissu-en-stock-copy#breadcrumb"},"inLanguage":"fr-FR","potentialAction":[{"@type":"ReadAction","target":["https:\/\/www.spiritofpolo.com\/fr\/produit\/casque-de-polo-en-tissu-en-stock-copy"]}]},{"@type":"BreadcrumbList","@id":"https:\/\/www.spiritofpolo.com\/fr\/produit\/casque-de-polo-en-tissu-en-stock-copy#breadcrumb","itemListElement":[{"@type":"ListItem","position":1,"name":"Home","item":"https:\/\/www.spiritofpolo.com\/fr"},{"@type":"ListItem","position":2,"name":"Boutique","item":"https:\/\/www.spiritofpolo.com\/fr\/boutique"},{"@type":"ListItem","position":3,"name":"Casque de polo personnalis\u00e9 certifi\u00e9"}]},{"@type":"WebSite","@id":"https:\/\/www.spiritofpolo.com\/fr#website","url":"https:\/\/www.spiritofpolo.com\/fr","name":"Spirit of Polo - Spirit of Jumping","description":"Argentine Polo Products","publisher":{"@id":"https:\/\/www.spiritofpolo.com\/fr#organization"},"potentialAction":[{"@type":"SearchAction","target":{"@type":"EntryPoint","urlTemplate":"https:\/\/www.spiritofpolo.com\/fr?s={search_term_string}"},"query-input":"required name=search_term_string"}],"inLanguage":"fr-FR"},{"@type":"Organization","@id":"https:\/\/www.spiritofpolo.com\/fr#organization","name":"Spirit of Polo - Spirit of Jumping","url":"https:\/\/www.spiritofpolo.com\/fr","logo":{"@type":"ImageObject","inLanguage":"fr-FR","@id":"https:\/\/www.spiritofpolo.com\/fr#\/schema\/logo\/image\/","url":"","contentUrl":"","caption":"Spirit of Polo - Spirit of Jumping"},"image":{"@id":"https:\/\/www.spiritofpolo.com\/fr#\/schema\/logo\/image\/"}}]}},"tiered_pricing_type":"fixed","tiered_pricing_fixed_rules":[],"tiered_pricing_product_settings":{"layout":"default","base_unit_name":{"singular":null,"plural":null},"default_variation":null},"tiered_pricing_minimum_quantity":null,"tiered_pricing_roles_data":[],"tiered_pricing_percentage_rules":[],"_links":{"self":[{"href":"https:\/\/www.spiritofpolo.com\/fr\/wp-json\/wp\/v2\/product\/116646"}],"collection":[{"href":"https:\/\/www.spiritofpolo.com\/fr\/wp-json\/wp\/v2\/product"}],"about":[{"href":"https:\/\/www.spiritofpolo.com\/fr\/wp-json\/wp\/v2\/types\/product"}],"replies":[{"embeddable":true,"href":"https:\/\/www.spiritofpolo.com\/fr\/wp-json\/wp\/v2\/comments?post=116646"}],"wp:featuredmedia":[{"embeddable":true,"href":"https:\/\/www.spiritofpolo.com\/fr\/wp-json\/wp\/v2\/media\/116650"}],"wp:attachment":[{"href":"https:\/\/www.spiritofpolo.com\/fr\/wp-json\/wp\/v2\/media?parent=116646"}],"wp:term":[{"taxonomy":"product_cat","embeddable":true,"href":"https:\/\/www.spiritofpolo.com\/fr\/wp-json\/wp\/v2\/product_cat?post=116646"},{"taxonomy":"product_tag","embeddable":true,"href":"https:\/\/www.spiritofpolo.com\/fr\/wp-json\/wp\/v2\/product_tag?post=116646"}],"curies":[{"name":"wp","href":"https:\/\/api.w.org\/{rel}","templated":true}]}}