{"id":116870,"date":"2024-06-12T11:08:01","date_gmt":"2024-06-12T11:08:10","guid":{"rendered":"https:\/\/www.spiritofpolo.com\/?post_type=product&#038;p=116870"},"modified":"2024-10-21T19:38:54","modified_gmt":"2024-10-21T19:38:54","slug":"casque-de-polo-en-tissu-sur-mesure","status":"publish","type":"product","link":"https:\/\/www.spiritofpolo.com\/fr\/produit\/casque-de-polo-en-tissu-sur-mesure","title":{"rendered":"Casque de Polo en Tissu Sur Mesure"},"content":{"rendered":"<p>Casque de haute qualit\u00e9, vous pouvez le personnaliser sans frais suppl\u00e9mentaire.<\/p>\n","protected":false},"excerpt":{"rendered":"<p>Casque de polo haut de gamme, con\u00e7u pour prot\u00e9ger la t\u00eate et offrir un maximum de s\u00e9curit\u00e9 et de confort. Choisissez votre propre design et ayez un casque unique !<br \/>\n\u2013 Mod\u00e8le : Classique ou Anglais<br \/>\n\u2013 Coloris : tissu, a\u00e9rations, bandeau, jugulaire<br \/>\n\u2013 Broderie : nom, initiales, logo ou le dessin que vous pr\u00e9f\u00e9rez<br \/>\n\u2013 Fixations : 2 ou 4 points<\/p>\n<p>Nous brodons votre nom, initiales, logo avec la couleur de votre choix, inclus.<br \/>\nFabriqu\u00e9 en Argentine &#8211; N&rsquo;h\u00e9sitez pas \u00e0 nous contacter !<\/p>\n","protected":false},"featured_media":343,"comment_status":"open","ping_status":"closed","template":"","meta":[],"product_cat":[95,94],"product_tag":[202,200,1903,1897,2824,118,124,121],"acf":[],"yoast_head":"<!-- This site is optimized with the Yoast SEO plugin v19.14 - https:\/\/yoast.com\/wordpress\/plugins\/seo\/ -->\n<title>Casque de Polo en Tissu Sur Mesure - Spirit of Polo - Spirit of Jumping<\/title>\n<meta name=\"robots\" content=\"index, follow, max-snippet:-1, max-image-preview:large, max-video-preview:-1\" \/>\n<link rel=\"canonical\" href=\"https:\/\/www.spiritofpolo.com\/fr\/produit\/casque-de-polo-en-tissu-sur-mesure\" \/>\n<meta property=\"og:locale\" content=\"fr_FR\" \/>\n<meta property=\"og:type\" content=\"article\" \/>\n<meta property=\"og:title\" content=\"Casque de Polo en Tissu Sur Mesure - Spirit of Polo - Spirit of Jumping\" \/>\n<meta property=\"og:description\" content=\"Casque de polo haut de gamme, con\u00e7u pour prot\u00e9ger la t\u00eate et offrir un maximum de s\u00e9curit\u00e9 et de confort. Choisissez votre propre design et ayez un casque unique ! \u2013 Mod\u00e8le : Classique ou Anglais \u2013 Coloris : tissu, a\u00e9rations, bandeau, jugulaire \u2013 Broderie : nom, initiales, logo ou le dessin que vous pr\u00e9f\u00e9rez \u2013 Fixations : 2 ou 4 points  Nous brodons votre nom, initiales, logo avec la couleur de votre choix, inclus. Fabriqu\u00e9 en Argentine - N&#039;h\u00e9sitez pas \u00e0 nous contacter !\" \/>\n<meta property=\"og:url\" content=\"https:\/\/www.spiritofpolo.com\/fr\/produit\/casque-de-polo-en-tissu-sur-mesure\" \/>\n<meta property=\"og:site_name\" content=\"Spirit of Polo - Spirit of Jumping\" \/>\n<meta property=\"article:modified_time\" content=\"2024-10-21T19:38:54+00:00\" \/>\n<meta property=\"og:image\" content=\"https:\/\/www.spiritofpolo.com\/wp-content\/uploads\/2015\/09\/polo_helmet_1_b.jpg\" \/>\n\t<meta property=\"og:image:width\" content=\"555\" \/>\n\t<meta property=\"og:image:height\" content=\"710\" \/>\n\t<meta property=\"og:image:type\" content=\"image\/jpeg\" \/>\n<meta name=\"twitter:card\" content=\"summary_large_image\" \/>\n<meta name=\"twitter:label1\" content=\"Dur\u00e9e de lecture estim\u00e9e\" \/>\n\t<meta name=\"twitter:data1\" content=\"1 minute\" \/>\n<script type=\"application\/ld+json\" class=\"yoast-schema-graph\">{\"@context\":\"https:\/\/schema.org\",\"@graph\":[{\"@type\":\"WebPage\",\"@id\":\"https:\/\/www.spiritofpolo.com\/fr\/produit\/casque-de-polo-en-tissu-sur-mesure\",\"url\":\"https:\/\/www.spiritofpolo.com\/fr\/produit\/casque-de-polo-en-tissu-sur-mesure\",\"name\":\"Casque de Polo en Tissu Sur Mesure - Spirit of Polo - Spirit of Jumping\",\"isPartOf\":{\"@id\":\"https:\/\/www.spiritofpolo.com\/fr#website\"},\"datePublished\":\"2024-06-12T11:08:10+00:00\",\"dateModified\":\"2024-10-21T19:38:54+00:00\",\"breadcrumb\":{\"@id\":\"https:\/\/www.spiritofpolo.com\/fr\/produit\/casque-de-polo-en-tissu-sur-mesure#breadcrumb\"},\"inLanguage\":\"fr-FR\",\"potentialAction\":[{\"@type\":\"ReadAction\",\"target\":[\"https:\/\/www.spiritofpolo.com\/fr\/produit\/casque-de-polo-en-tissu-sur-mesure\"]}]},{\"@type\":\"BreadcrumbList\",\"@id\":\"https:\/\/www.spiritofpolo.com\/fr\/produit\/casque-de-polo-en-tissu-sur-mesure#breadcrumb\",\"itemListElement\":[{\"@type\":\"ListItem\",\"position\":1,\"name\":\"Home\",\"item\":\"https:\/\/www.spiritofpolo.com\/fr\"},{\"@type\":\"ListItem\",\"position\":2,\"name\":\"Boutique\",\"item\":\"https:\/\/www.spiritofpolo.com\/fr\/boutique\"},{\"@type\":\"ListItem\",\"position\":3,\"name\":\"Casque de Polo en Tissu Sur Mesure\"}]},{\"@type\":\"WebSite\",\"@id\":\"https:\/\/www.spiritofpolo.com\/fr#website\",\"url\":\"https:\/\/www.spiritofpolo.com\/fr\",\"name\":\"Spirit of Polo - Spirit of Jumping\",\"description\":\"Argentine Polo Products\",\"publisher\":{\"@id\":\"https:\/\/www.spiritofpolo.com\/fr#organization\"},\"potentialAction\":[{\"@type\":\"SearchAction\",\"target\":{\"@type\":\"EntryPoint\",\"urlTemplate\":\"https:\/\/www.spiritofpolo.com\/fr?s={search_term_string}\"},\"query-input\":\"required name=search_term_string\"}],\"inLanguage\":\"fr-FR\"},{\"@type\":\"Organization\",\"@id\":\"https:\/\/www.spiritofpolo.com\/fr#organization\",\"name\":\"Spirit of Polo - Spirit of Jumping\",\"url\":\"https:\/\/www.spiritofpolo.com\/fr\",\"logo\":{\"@type\":\"ImageObject\",\"inLanguage\":\"fr-FR\",\"@id\":\"https:\/\/www.spiritofpolo.com\/fr#\/schema\/logo\/image\/\",\"url\":\"\",\"contentUrl\":\"\",\"caption\":\"Spirit of Polo - Spirit of Jumping\"},\"image\":{\"@id\":\"https:\/\/www.spiritofpolo.com\/fr#\/schema\/logo\/image\/\"}}]}<\/script>\n<!-- \/ Yoast SEO plugin. -->","yoast_head_json":{"title":"Casque de Polo en Tissu Sur Mesure - Spirit of Polo - Spirit of Jumping","robots":{"index":"index","follow":"follow","max-snippet":"max-snippet:-1","max-image-preview":"max-image-preview:large","max-video-preview":"max-video-preview:-1"},"canonical":"https:\/\/www.spiritofpolo.com\/fr\/produit\/casque-de-polo-en-tissu-sur-mesure","og_locale":"fr_FR","og_type":"article","og_title":"Casque de Polo en Tissu Sur Mesure - Spirit of Polo - Spirit of Jumping","og_description":"Casque de polo haut de gamme, con\u00e7u pour prot\u00e9ger la t\u00eate et offrir un maximum de s\u00e9curit\u00e9 et de confort. Choisissez votre propre design et ayez un casque unique ! \u2013 Mod\u00e8le : Classique ou Anglais \u2013 Coloris : tissu, a\u00e9rations, bandeau, jugulaire \u2013 Broderie : nom, initiales, logo ou le dessin que vous pr\u00e9f\u00e9rez \u2013 Fixations : 2 ou 4 points  Nous brodons votre nom, initiales, logo avec la couleur de votre choix, inclus. Fabriqu\u00e9 en Argentine - N'h\u00e9sitez pas \u00e0 nous contacter !","og_url":"https:\/\/www.spiritofpolo.com\/fr\/produit\/casque-de-polo-en-tissu-sur-mesure","og_site_name":"Spirit of Polo - Spirit of Jumping","article_modified_time":"2024-10-21T19:38:54+00:00","og_image":[{"width":555,"height":710,"url":"https:\/\/www.spiritofpolo.com\/wp-content\/uploads\/2015\/09\/polo_helmet_1_b.jpg","type":"image\/jpeg"}],"twitter_card":"summary_large_image","twitter_misc":{"Dur\u00e9e de lecture estim\u00e9e":"1 minute"},"schema":{"@context":"https:\/\/schema.org","@graph":[{"@type":"WebPage","@id":"https:\/\/www.spiritofpolo.com\/fr\/produit\/casque-de-polo-en-tissu-sur-mesure","url":"https:\/\/www.spiritofpolo.com\/fr\/produit\/casque-de-polo-en-tissu-sur-mesure","name":"Casque de Polo en Tissu Sur Mesure - Spirit of Polo - Spirit of Jumping","isPartOf":{"@id":"https:\/\/www.spiritofpolo.com\/fr#website"},"datePublished":"2024-06-12T11:08:10+00:00","dateModified":"2024-10-21T19:38:54+00:00","breadcrumb":{"@id":"https:\/\/www.spiritofpolo.com\/fr\/produit\/casque-de-polo-en-tissu-sur-mesure#breadcrumb"},"inLanguage":"fr-FR","potentialAction":[{"@type":"ReadAction","target":["https:\/\/www.spiritofpolo.com\/fr\/produit\/casque-de-polo-en-tissu-sur-mesure"]}]},{"@type":"BreadcrumbList","@id":"https:\/\/www.spiritofpolo.com\/fr\/produit\/casque-de-polo-en-tissu-sur-mesure#breadcrumb","itemListElement":[{"@type":"ListItem","position":1,"name":"Home","item":"https:\/\/www.spiritofpolo.com\/fr"},{"@type":"ListItem","position":2,"name":"Boutique","item":"https:\/\/www.spiritofpolo.com\/fr\/boutique"},{"@type":"ListItem","position":3,"name":"Casque de Polo en Tissu Sur Mesure"}]},{"@type":"WebSite","@id":"https:\/\/www.spiritofpolo.com\/fr#website","url":"https:\/\/www.spiritofpolo.com\/fr","name":"Spirit of Polo - Spirit of Jumping","description":"Argentine Polo Products","publisher":{"@id":"https:\/\/www.spiritofpolo.com\/fr#organization"},"potentialAction":[{"@type":"SearchAction","target":{"@type":"EntryPoint","urlTemplate":"https:\/\/www.spiritofpolo.com\/fr?s={search_term_string}"},"query-input":"required name=search_term_string"}],"inLanguage":"fr-FR"},{"@type":"Organization","@id":"https:\/\/www.spiritofpolo.com\/fr#organization","name":"Spirit of Polo - Spirit of Jumping","url":"https:\/\/www.spiritofpolo.com\/fr","logo":{"@type":"ImageObject","inLanguage":"fr-FR","@id":"https:\/\/www.spiritofpolo.com\/fr#\/schema\/logo\/image\/","url":"","contentUrl":"","caption":"Spirit of Polo - Spirit of Jumping"},"image":{"@id":"https:\/\/www.spiritofpolo.com\/fr#\/schema\/logo\/image\/"}}]}},"tiered_pricing_type":"fixed","tiered_pricing_fixed_rules":[],"tiered_pricing_product_settings":{"layout":"default","base_unit_name":{"singular":null,"plural":null},"default_variation":null},"tiered_pricing_minimum_quantity":null,"tiered_pricing_roles_data":[],"tiered_pricing_percentage_rules":[],"_links":{"self":[{"href":"https:\/\/www.spiritofpolo.com\/fr\/wp-json\/wp\/v2\/product\/116870"}],"collection":[{"href":"https:\/\/www.spiritofpolo.com\/fr\/wp-json\/wp\/v2\/product"}],"about":[{"href":"https:\/\/www.spiritofpolo.com\/fr\/wp-json\/wp\/v2\/types\/product"}],"replies":[{"embeddable":true,"href":"https:\/\/www.spiritofpolo.com\/fr\/wp-json\/wp\/v2\/comments?post=116870"}],"wp:featuredmedia":[{"embeddable":true,"href":"https:\/\/www.spiritofpolo.com\/fr\/wp-json\/wp\/v2\/media\/343"}],"wp:attachment":[{"href":"https:\/\/www.spiritofpolo.com\/fr\/wp-json\/wp\/v2\/media?parent=116870"}],"wp:term":[{"taxonomy":"product_cat","embeddable":true,"href":"https:\/\/www.spiritofpolo.com\/fr\/wp-json\/wp\/v2\/product_cat?post=116870"},{"taxonomy":"product_tag","embeddable":true,"href":"https:\/\/www.spiritofpolo.com\/fr\/wp-json\/wp\/v2\/product_tag?post=116870"}],"curies":[{"name":"wp","href":"https:\/\/api.w.org\/{rel}","templated":true}]}}