{"id":118858,"date":"2024-12-30T22:05:31","date_gmt":"2024-12-30T22:05:31","guid":{"rendered":"https:\/\/www.spiritofpolo.com\/?post_type=product&#038;p=118858"},"modified":"2024-12-30T22:17:44","modified_gmt":"2024-12-30T22:17:44","slug":"lasso-long-en-cuir-brut-4-brins-12mts-copy","status":"publish","type":"product","link":"https:\/\/www.spiritofpolo.com\/fr\/produit\/lasso-long-en-cuir-brut-4-brins-12mts-copy","title":{"rendered":"Bol\u00e9adoras en cuir cru"},"content":{"rendered":"","protected":false},"excerpt":{"rendered":"<p>&#8211; Boleadora traditionnelle gaucho<br \/>\n&#8211; Boleadoras en cuir cru avec cordes tress\u00e9es<br \/>\n&#8211; Longueur totale approximative : 75 cm<br \/>\n&#8211; Utilisation : La forme d&rsquo;utilisation la plus courante est appel\u00e9e \u00ab\u00a0rebolearlas\u00a0\u00bb, et consiste \u00e0 faire tourner les pierres rapidement au-dessus de la t\u00eate avec une grande pr\u00e9cision et \u00e0 les lancer sur l&rsquo;animal avec une grande pr\u00e9cision.<\/p>\n<p>Contactez-nous pour confirmer le prix du transport<\/p>\n","protected":false},"featured_media":118861,"comment_status":"open","ping_status":"closed","template":"","meta":[],"product_cat":[2230,2234,2227,94],"product_tag":[],"acf":[],"yoast_head":"<!-- This site is optimized with the Yoast SEO plugin v19.14 - https:\/\/yoast.com\/wordpress\/plugins\/seo\/ -->\n<title>Bol\u00e9adoras en cuir cru - Spirit of Polo - Spirit of Jumping<\/title>\n<meta name=\"robots\" content=\"index, follow, max-snippet:-1, max-image-preview:large, max-video-preview:-1\" \/>\n<link rel=\"canonical\" href=\"https:\/\/www.spiritofpolo.com\/fr\/produit\/lasso-long-en-cuir-brut-4-brins-12mts-copy\" \/>\n<meta property=\"og:locale\" content=\"fr_FR\" \/>\n<meta property=\"og:type\" content=\"article\" \/>\n<meta property=\"og:title\" content=\"Bol\u00e9adoras en cuir cru - Spirit of Polo - Spirit of Jumping\" \/>\n<meta property=\"og:description\" content=\"- Boleadora traditionnelle gaucho - Boleadoras en cuir cru avec cordes tress\u00e9es - Longueur totale approximative : 75 cm - Utilisation : La forme d&#039;utilisation la plus courante est appel\u00e9e &quot;rebolearlas&quot;, et consiste \u00e0 faire tourner les pierres rapidement au-dessus de la t\u00eate avec une grande pr\u00e9cision et \u00e0 les lancer sur l&#039;animal avec une grande pr\u00e9cision.  Contactez-nous pour confirmer le prix du transport\" \/>\n<meta property=\"og:url\" content=\"https:\/\/www.spiritofpolo.com\/fr\/produit\/lasso-long-en-cuir-brut-4-brins-12mts-copy\" \/>\n<meta property=\"og:site_name\" content=\"Spirit of Polo - Spirit of Jumping\" \/>\n<meta property=\"article:modified_time\" content=\"2024-12-30T22:17:44+00:00\" \/>\n<meta property=\"og:image\" content=\"https:\/\/www.spiritofpolo.com\/wp-content\/uploads\/Captura-de-pantalla-2024-12-30-a-las-18.52.47.png\" \/>\n\t<meta property=\"og:image:width\" content=\"944\" \/>\n\t<meta property=\"og:image:height\" content=\"1388\" \/>\n\t<meta property=\"og:image:type\" content=\"image\/png\" \/>\n<meta name=\"twitter:card\" content=\"summary_large_image\" \/>\n<script type=\"application\/ld+json\" class=\"yoast-schema-graph\">{\"@context\":\"https:\/\/schema.org\",\"@graph\":[{\"@type\":\"WebPage\",\"@id\":\"https:\/\/www.spiritofpolo.com\/fr\/produit\/lasso-long-en-cuir-brut-4-brins-12mts-copy\",\"url\":\"https:\/\/www.spiritofpolo.com\/fr\/produit\/lasso-long-en-cuir-brut-4-brins-12mts-copy\",\"name\":\"Bol\u00e9adoras en cuir cru - Spirit of Polo - Spirit of Jumping\",\"isPartOf\":{\"@id\":\"https:\/\/www.spiritofpolo.com\/fr#website\"},\"datePublished\":\"2024-12-30T22:05:31+00:00\",\"dateModified\":\"2024-12-30T22:17:44+00:00\",\"breadcrumb\":{\"@id\":\"https:\/\/www.spiritofpolo.com\/fr\/produit\/lasso-long-en-cuir-brut-4-brins-12mts-copy#breadcrumb\"},\"inLanguage\":\"fr-FR\",\"potentialAction\":[{\"@type\":\"ReadAction\",\"target\":[\"https:\/\/www.spiritofpolo.com\/fr\/produit\/lasso-long-en-cuir-brut-4-brins-12mts-copy\"]}]},{\"@type\":\"BreadcrumbList\",\"@id\":\"https:\/\/www.spiritofpolo.com\/fr\/produit\/lasso-long-en-cuir-brut-4-brins-12mts-copy#breadcrumb\",\"itemListElement\":[{\"@type\":\"ListItem\",\"position\":1,\"name\":\"Home\",\"item\":\"https:\/\/www.spiritofpolo.com\/fr\"},{\"@type\":\"ListItem\",\"position\":2,\"name\":\"Boutique\",\"item\":\"https:\/\/www.spiritofpolo.com\/fr\/boutique\"},{\"@type\":\"ListItem\",\"position\":3,\"name\":\"Bol\u00e9adoras en cuir cru\"}]},{\"@type\":\"WebSite\",\"@id\":\"https:\/\/www.spiritofpolo.com\/fr#website\",\"url\":\"https:\/\/www.spiritofpolo.com\/fr\",\"name\":\"Spirit of Polo - Spirit of Jumping\",\"description\":\"Argentine Polo Products\",\"publisher\":{\"@id\":\"https:\/\/www.spiritofpolo.com\/fr#organization\"},\"potentialAction\":[{\"@type\":\"SearchAction\",\"target\":{\"@type\":\"EntryPoint\",\"urlTemplate\":\"https:\/\/www.spiritofpolo.com\/fr?s={search_term_string}\"},\"query-input\":\"required name=search_term_string\"}],\"inLanguage\":\"fr-FR\"},{\"@type\":\"Organization\",\"@id\":\"https:\/\/www.spiritofpolo.com\/fr#organization\",\"name\":\"Spirit of Polo - Spirit of Jumping\",\"url\":\"https:\/\/www.spiritofpolo.com\/fr\",\"logo\":{\"@type\":\"ImageObject\",\"inLanguage\":\"fr-FR\",\"@id\":\"https:\/\/www.spiritofpolo.com\/fr#\/schema\/logo\/image\/\",\"url\":\"\",\"contentUrl\":\"\",\"caption\":\"Spirit of Polo - Spirit of Jumping\"},\"image\":{\"@id\":\"https:\/\/www.spiritofpolo.com\/fr#\/schema\/logo\/image\/\"}}]}<\/script>\n<!-- \/ Yoast SEO plugin. -->","yoast_head_json":{"title":"Bol\u00e9adoras en cuir cru - Spirit of Polo - Spirit of Jumping","robots":{"index":"index","follow":"follow","max-snippet":"max-snippet:-1","max-image-preview":"max-image-preview:large","max-video-preview":"max-video-preview:-1"},"canonical":"https:\/\/www.spiritofpolo.com\/fr\/produit\/lasso-long-en-cuir-brut-4-brins-12mts-copy","og_locale":"fr_FR","og_type":"article","og_title":"Bol\u00e9adoras en cuir cru - Spirit of Polo - Spirit of Jumping","og_description":"- Boleadora traditionnelle gaucho - Boleadoras en cuir cru avec cordes tress\u00e9es - Longueur totale approximative : 75 cm - Utilisation : La forme d'utilisation la plus courante est appel\u00e9e \"rebolearlas\", et consiste \u00e0 faire tourner les pierres rapidement au-dessus de la t\u00eate avec une grande pr\u00e9cision et \u00e0 les lancer sur l'animal avec une grande pr\u00e9cision.  Contactez-nous pour confirmer le prix du transport","og_url":"https:\/\/www.spiritofpolo.com\/fr\/produit\/lasso-long-en-cuir-brut-4-brins-12mts-copy","og_site_name":"Spirit of Polo - Spirit of Jumping","article_modified_time":"2024-12-30T22:17:44+00:00","og_image":[{"width":944,"height":1388,"url":"https:\/\/www.spiritofpolo.com\/wp-content\/uploads\/Captura-de-pantalla-2024-12-30-a-las-18.52.47.png","type":"image\/png"}],"twitter_card":"summary_large_image","schema":{"@context":"https:\/\/schema.org","@graph":[{"@type":"WebPage","@id":"https:\/\/www.spiritofpolo.com\/fr\/produit\/lasso-long-en-cuir-brut-4-brins-12mts-copy","url":"https:\/\/www.spiritofpolo.com\/fr\/produit\/lasso-long-en-cuir-brut-4-brins-12mts-copy","name":"Bol\u00e9adoras en cuir cru - Spirit of Polo - Spirit of Jumping","isPartOf":{"@id":"https:\/\/www.spiritofpolo.com\/fr#website"},"datePublished":"2024-12-30T22:05:31+00:00","dateModified":"2024-12-30T22:17:44+00:00","breadcrumb":{"@id":"https:\/\/www.spiritofpolo.com\/fr\/produit\/lasso-long-en-cuir-brut-4-brins-12mts-copy#breadcrumb"},"inLanguage":"fr-FR","potentialAction":[{"@type":"ReadAction","target":["https:\/\/www.spiritofpolo.com\/fr\/produit\/lasso-long-en-cuir-brut-4-brins-12mts-copy"]}]},{"@type":"BreadcrumbList","@id":"https:\/\/www.spiritofpolo.com\/fr\/produit\/lasso-long-en-cuir-brut-4-brins-12mts-copy#breadcrumb","itemListElement":[{"@type":"ListItem","position":1,"name":"Home","item":"https:\/\/www.spiritofpolo.com\/fr"},{"@type":"ListItem","position":2,"name":"Boutique","item":"https:\/\/www.spiritofpolo.com\/fr\/boutique"},{"@type":"ListItem","position":3,"name":"Bol\u00e9adoras en cuir cru"}]},{"@type":"WebSite","@id":"https:\/\/www.spiritofpolo.com\/fr#website","url":"https:\/\/www.spiritofpolo.com\/fr","name":"Spirit of Polo - Spirit of Jumping","description":"Argentine Polo Products","publisher":{"@id":"https:\/\/www.spiritofpolo.com\/fr#organization"},"potentialAction":[{"@type":"SearchAction","target":{"@type":"EntryPoint","urlTemplate":"https:\/\/www.spiritofpolo.com\/fr?s={search_term_string}"},"query-input":"required name=search_term_string"}],"inLanguage":"fr-FR"},{"@type":"Organization","@id":"https:\/\/www.spiritofpolo.com\/fr#organization","name":"Spirit of Polo - Spirit of Jumping","url":"https:\/\/www.spiritofpolo.com\/fr","logo":{"@type":"ImageObject","inLanguage":"fr-FR","@id":"https:\/\/www.spiritofpolo.com\/fr#\/schema\/logo\/image\/","url":"","contentUrl":"","caption":"Spirit of Polo - Spirit of Jumping"},"image":{"@id":"https:\/\/www.spiritofpolo.com\/fr#\/schema\/logo\/image\/"}}]}},"tiered_pricing_type":"fixed","tiered_pricing_fixed_rules":[],"tiered_pricing_product_settings":{"layout":"default","base_unit_name":{"singular":null,"plural":null},"default_variation":null},"tiered_pricing_minimum_quantity":null,"tiered_pricing_roles_data":[],"tiered_pricing_percentage_rules":[],"_links":{"self":[{"href":"https:\/\/www.spiritofpolo.com\/fr\/wp-json\/wp\/v2\/product\/118858"}],"collection":[{"href":"https:\/\/www.spiritofpolo.com\/fr\/wp-json\/wp\/v2\/product"}],"about":[{"href":"https:\/\/www.spiritofpolo.com\/fr\/wp-json\/wp\/v2\/types\/product"}],"replies":[{"embeddable":true,"href":"https:\/\/www.spiritofpolo.com\/fr\/wp-json\/wp\/v2\/comments?post=118858"}],"wp:featuredmedia":[{"embeddable":true,"href":"https:\/\/www.spiritofpolo.com\/fr\/wp-json\/wp\/v2\/media\/118861"}],"wp:attachment":[{"href":"https:\/\/www.spiritofpolo.com\/fr\/wp-json\/wp\/v2\/media?parent=118858"}],"wp:term":[{"taxonomy":"product_cat","embeddable":true,"href":"https:\/\/www.spiritofpolo.com\/fr\/wp-json\/wp\/v2\/product_cat?post=118858"},{"taxonomy":"product_tag","embeddable":true,"href":"https:\/\/www.spiritofpolo.com\/fr\/wp-json\/wp\/v2\/product_tag?post=118858"}],"curies":[{"name":"wp","href":"https:\/\/api.w.org\/{rel}","templated":true}]}}