{"id":118946,"date":"2025-03-21T11:12:00","date_gmt":"2025-03-21T11:12:05","guid":{"rendered":"https:\/\/www.spiritofpolo.com\/?post_type=product&#038;p=118946"},"modified":"2025-07-28T21:14:15","modified_gmt":"2025-07-28T21:14:15","slug":"casquette-la-dolfina-saudi-copy","status":"publish","type":"product","link":"https:\/\/www.spiritofpolo.com\/fr\/produit\/casquette-la-dolfina-saudi-copy","title":{"rendered":"CASQUETTE EN DAIM La Dolfina"},"content":{"rendered":"","protected":false},"excerpt":{"rendered":"<p>Casquette LD en daim et mesh. Casquette en tissu su\u00e9d\u00e9 avec r\u00e9glage par boucle m\u00e9tallique. Il est dot\u00e9 d&rsquo;un logo LD brod\u00e9 contrastant.<\/p>\n","protected":false},"featured_media":118956,"comment_status":"closed","ping_status":"closed","template":"","meta":[],"product_cat":[2266,94,336],"product_tag":[1333,308],"acf":[],"yoast_head":"<!-- This site is optimized with the Yoast SEO plugin v19.14 - https:\/\/yoast.com\/wordpress\/plugins\/seo\/ -->\n<title>CASQUETTE EN DAIM La Dolfina - Spirit of Polo - Spirit of Jumping<\/title>\n<meta name=\"description\" content=\"Casquette Polo avec broderies \u00e0 l&#039;avant et \u00e0 l&#039;arri\u00e8re, fermeture r\u00e9glable.\" \/>\n<meta name=\"robots\" content=\"index, follow, max-snippet:-1, max-image-preview:large, max-video-preview:-1\" \/>\n<link rel=\"canonical\" href=\"https:\/\/www.spiritofpolo.com\/fr\/produit\/casquette-la-dolfina-saudi-copy\" \/>\n<meta property=\"og:locale\" content=\"fr_FR\" \/>\n<meta property=\"og:type\" content=\"article\" \/>\n<meta property=\"og:title\" content=\"CASQUETTE EN DAIM La Dolfina - Spirit of Polo - Spirit of Jumping\" \/>\n<meta property=\"og:description\" content=\"Casquette Polo avec broderies \u00e0 l&#039;avant et \u00e0 l&#039;arri\u00e8re, fermeture r\u00e9glable.\" \/>\n<meta property=\"og:url\" content=\"https:\/\/www.spiritofpolo.com\/fr\/produit\/casquette-la-dolfina-saudi-copy\" \/>\n<meta property=\"og:site_name\" content=\"Spirit of Polo - Spirit of Jumping\" \/>\n<meta property=\"article:modified_time\" content=\"2025-07-28T21:14:15+00:00\" \/>\n<meta property=\"og:image\" content=\"https:\/\/www.spiritofpolo.com\/wp-content\/uploads\/LA-DOLFINA-gamuzada.jpg\" \/>\n\t<meta property=\"og:image:width\" content=\"1024\" \/>\n\t<meta property=\"og:image:height\" content=\"1024\" \/>\n\t<meta property=\"og:image:type\" content=\"image\/jpeg\" \/>\n<meta name=\"twitter:card\" content=\"summary_large_image\" \/>\n<script type=\"application\/ld+json\" class=\"yoast-schema-graph\">{\"@context\":\"https:\/\/schema.org\",\"@graph\":[{\"@type\":\"WebPage\",\"@id\":\"https:\/\/www.spiritofpolo.com\/fr\/produit\/casquette-la-dolfina-saudi-copy\",\"url\":\"https:\/\/www.spiritofpolo.com\/fr\/produit\/casquette-la-dolfina-saudi-copy\",\"name\":\"CASQUETTE EN DAIM La Dolfina - Spirit of Polo - Spirit of Jumping\",\"isPartOf\":{\"@id\":\"https:\/\/www.spiritofpolo.com\/fr#website\"},\"datePublished\":\"2025-03-21T11:12:05+00:00\",\"dateModified\":\"2025-07-28T21:14:15+00:00\",\"description\":\"Casquette Polo avec broderies \u00e0 l'avant et \u00e0 l'arri\u00e8re, fermeture r\u00e9glable.\",\"breadcrumb\":{\"@id\":\"https:\/\/www.spiritofpolo.com\/fr\/produit\/casquette-la-dolfina-saudi-copy#breadcrumb\"},\"inLanguage\":\"fr-FR\",\"potentialAction\":[{\"@type\":\"ReadAction\",\"target\":[\"https:\/\/www.spiritofpolo.com\/fr\/produit\/casquette-la-dolfina-saudi-copy\"]}]},{\"@type\":\"BreadcrumbList\",\"@id\":\"https:\/\/www.spiritofpolo.com\/fr\/produit\/casquette-la-dolfina-saudi-copy#breadcrumb\",\"itemListElement\":[{\"@type\":\"ListItem\",\"position\":1,\"name\":\"Home\",\"item\":\"https:\/\/www.spiritofpolo.com\/fr\"},{\"@type\":\"ListItem\",\"position\":2,\"name\":\"Boutique\",\"item\":\"https:\/\/www.spiritofpolo.com\/fr\/boutique\"},{\"@type\":\"ListItem\",\"position\":3,\"name\":\"CASQUETTE EN DAIM La Dolfina\"}]},{\"@type\":\"WebSite\",\"@id\":\"https:\/\/www.spiritofpolo.com\/fr#website\",\"url\":\"https:\/\/www.spiritofpolo.com\/fr\",\"name\":\"Spirit of Polo - Spirit of Jumping\",\"description\":\"Argentine Polo Products\",\"publisher\":{\"@id\":\"https:\/\/www.spiritofpolo.com\/fr#organization\"},\"potentialAction\":[{\"@type\":\"SearchAction\",\"target\":{\"@type\":\"EntryPoint\",\"urlTemplate\":\"https:\/\/www.spiritofpolo.com\/fr?s={search_term_string}\"},\"query-input\":\"required name=search_term_string\"}],\"inLanguage\":\"fr-FR\"},{\"@type\":\"Organization\",\"@id\":\"https:\/\/www.spiritofpolo.com\/fr#organization\",\"name\":\"Spirit of Polo - Spirit of Jumping\",\"url\":\"https:\/\/www.spiritofpolo.com\/fr\",\"logo\":{\"@type\":\"ImageObject\",\"inLanguage\":\"fr-FR\",\"@id\":\"https:\/\/www.spiritofpolo.com\/fr#\/schema\/logo\/image\/\",\"url\":\"\",\"contentUrl\":\"\",\"caption\":\"Spirit of Polo - Spirit of Jumping\"},\"image\":{\"@id\":\"https:\/\/www.spiritofpolo.com\/fr#\/schema\/logo\/image\/\"}}]}<\/script>\n<!-- \/ Yoast SEO plugin. -->","yoast_head_json":{"title":"CASQUETTE EN DAIM La Dolfina - Spirit of Polo - Spirit of Jumping","description":"Casquette Polo avec broderies \u00e0 l'avant et \u00e0 l'arri\u00e8re, fermeture r\u00e9glable.","robots":{"index":"index","follow":"follow","max-snippet":"max-snippet:-1","max-image-preview":"max-image-preview:large","max-video-preview":"max-video-preview:-1"},"canonical":"https:\/\/www.spiritofpolo.com\/fr\/produit\/casquette-la-dolfina-saudi-copy","og_locale":"fr_FR","og_type":"article","og_title":"CASQUETTE EN DAIM La Dolfina - Spirit of Polo - Spirit of Jumping","og_description":"Casquette Polo avec broderies \u00e0 l'avant et \u00e0 l'arri\u00e8re, fermeture r\u00e9glable.","og_url":"https:\/\/www.spiritofpolo.com\/fr\/produit\/casquette-la-dolfina-saudi-copy","og_site_name":"Spirit of Polo - Spirit of Jumping","article_modified_time":"2025-07-28T21:14:15+00:00","og_image":[{"width":1024,"height":1024,"url":"https:\/\/www.spiritofpolo.com\/wp-content\/uploads\/LA-DOLFINA-gamuzada.jpg","type":"image\/jpeg"}],"twitter_card":"summary_large_image","schema":{"@context":"https:\/\/schema.org","@graph":[{"@type":"WebPage","@id":"https:\/\/www.spiritofpolo.com\/fr\/produit\/casquette-la-dolfina-saudi-copy","url":"https:\/\/www.spiritofpolo.com\/fr\/produit\/casquette-la-dolfina-saudi-copy","name":"CASQUETTE EN DAIM La Dolfina - Spirit of Polo - Spirit of Jumping","isPartOf":{"@id":"https:\/\/www.spiritofpolo.com\/fr#website"},"datePublished":"2025-03-21T11:12:05+00:00","dateModified":"2025-07-28T21:14:15+00:00","description":"Casquette Polo avec broderies \u00e0 l'avant et \u00e0 l'arri\u00e8re, fermeture r\u00e9glable.","breadcrumb":{"@id":"https:\/\/www.spiritofpolo.com\/fr\/produit\/casquette-la-dolfina-saudi-copy#breadcrumb"},"inLanguage":"fr-FR","potentialAction":[{"@type":"ReadAction","target":["https:\/\/www.spiritofpolo.com\/fr\/produit\/casquette-la-dolfina-saudi-copy"]}]},{"@type":"BreadcrumbList","@id":"https:\/\/www.spiritofpolo.com\/fr\/produit\/casquette-la-dolfina-saudi-copy#breadcrumb","itemListElement":[{"@type":"ListItem","position":1,"name":"Home","item":"https:\/\/www.spiritofpolo.com\/fr"},{"@type":"ListItem","position":2,"name":"Boutique","item":"https:\/\/www.spiritofpolo.com\/fr\/boutique"},{"@type":"ListItem","position":3,"name":"CASQUETTE EN DAIM La Dolfina"}]},{"@type":"WebSite","@id":"https:\/\/www.spiritofpolo.com\/fr#website","url":"https:\/\/www.spiritofpolo.com\/fr","name":"Spirit of Polo - Spirit of Jumping","description":"Argentine Polo Products","publisher":{"@id":"https:\/\/www.spiritofpolo.com\/fr#organization"},"potentialAction":[{"@type":"SearchAction","target":{"@type":"EntryPoint","urlTemplate":"https:\/\/www.spiritofpolo.com\/fr?s={search_term_string}"},"query-input":"required name=search_term_string"}],"inLanguage":"fr-FR"},{"@type":"Organization","@id":"https:\/\/www.spiritofpolo.com\/fr#organization","name":"Spirit of Polo - Spirit of Jumping","url":"https:\/\/www.spiritofpolo.com\/fr","logo":{"@type":"ImageObject","inLanguage":"fr-FR","@id":"https:\/\/www.spiritofpolo.com\/fr#\/schema\/logo\/image\/","url":"","contentUrl":"","caption":"Spirit of Polo - Spirit of Jumping"},"image":{"@id":"https:\/\/www.spiritofpolo.com\/fr#\/schema\/logo\/image\/"}}]}},"tiered_pricing_type":"fixed","tiered_pricing_fixed_rules":[],"tiered_pricing_product_settings":{"layout":"default","base_unit_name":{"singular":null,"plural":null},"default_variation":null},"tiered_pricing_minimum_quantity":null,"tiered_pricing_roles_data":[],"tiered_pricing_percentage_rules":[],"_links":{"self":[{"href":"https:\/\/www.spiritofpolo.com\/fr\/wp-json\/wp\/v2\/product\/118946"}],"collection":[{"href":"https:\/\/www.spiritofpolo.com\/fr\/wp-json\/wp\/v2\/product"}],"about":[{"href":"https:\/\/www.spiritofpolo.com\/fr\/wp-json\/wp\/v2\/types\/product"}],"replies":[{"embeddable":true,"href":"https:\/\/www.spiritofpolo.com\/fr\/wp-json\/wp\/v2\/comments?post=118946"}],"wp:featuredmedia":[{"embeddable":true,"href":"https:\/\/www.spiritofpolo.com\/fr\/wp-json\/wp\/v2\/media\/118956"}],"wp:attachment":[{"href":"https:\/\/www.spiritofpolo.com\/fr\/wp-json\/wp\/v2\/media?parent=118946"}],"wp:term":[{"taxonomy":"product_cat","embeddable":true,"href":"https:\/\/www.spiritofpolo.com\/fr\/wp-json\/wp\/v2\/product_cat?post=118946"},{"taxonomy":"product_tag","embeddable":true,"href":"https:\/\/www.spiritofpolo.com\/fr\/wp-json\/wp\/v2\/product_tag?post=118946"}],"curies":[{"name":"wp","href":"https:\/\/api.w.org\/{rel}","templated":true}]}}