{"id":12206,"date":"2020-06-22T15:50:32","date_gmt":"2020-06-22T15:50:32","guid":{"rendered":"https:\/\/www.spiritofpolo.com\/?post_type=product&#038;p=12206"},"modified":"2020-07-03T15:02:34","modified_gmt":"2020-07-03T15:02:34","slug":"juli-light-selle-dendurance-4kg","status":"publish","type":"product","link":"https:\/\/www.spiritofpolo.com\/fr\/produit\/juli-light-selle-dendurance-4kg","title":{"rendered":"JULI Light \u2013 Selle d&rsquo;Endurance 4Kg."},"content":{"rendered":"","protected":false},"excerpt":{"rendered":"<div class=\"woocommerce-product-details__short-description\">\n<p><span class=\"tlid-translation translation\" lang=\"fr\"><span class=\"\" title=\"\"><strong>Mat\u00e9riel:<\/strong> cuir l\u00e9ger<\/span><br \/>\n<span title=\"\"><strong>Poids:<\/strong> 4kg<\/span><\/span><\/p>\n<p><strong>Vous pouvez choisir la taille et 3 si\u00e8ges diff\u00e9rents:<\/strong><br \/>\n&#8211; <strong>Plat :<\/strong> libert\u00e9 pour le cavalier<br \/>\n&#8211; <strong>Semi creuse :<\/strong> l\u00e9g\u00e8ret\u00e9 et libert\u00e9 de sortir de la selle pour l\u2019obstacle<br \/>\n&#8211; <strong>Creuse :<\/strong> dressage, plat, ext\u00e9rieur, bon maintient, on est bien install\u00e9 dans sa selle (inspir\u00e9e du polo, maintien et confort dans un sport \u00e0 grande vitesse et mouvement\u00e9)<\/p>\n<p><span class=\"tlid-translation translation\" lang=\"fr\"><strong><span title=\"\">Vous pouvez choisir 3 diff\u00e9rents sanglons :<\/span><\/strong><br \/>\n&#8211; <strong>3 <\/strong>Sanglons en <strong>cuir<\/strong> &#8211; 30cm<br \/>\n&#8211; <strong>2\u00a0<\/strong>Sanglons en <strong>cuir<\/strong> &#8211; 30cm<br \/>\n&#8211; <strong>2\u00a0<\/strong>Sanglons <strong><span class=\"\" title=\"\">synth\u00e9tique<\/span><\/strong> &#8211; 65cm<br \/>\n<\/span><\/p>\n<p><span class=\"tlid-translation translation\" lang=\"fr\" tabindex=\"-1\"><span class=\"\" title=\"\"><strong>Comprend:<\/strong> porte-<\/span><\/span><span class=\"tlid-translation translation\" lang=\"fr\" tabindex=\"-1\"><span class=\"\" title=\"\">\u00e9trivi\u00e8re en m\u00e9tal ET passage ar\u00e7on<br \/>\n<\/span><\/span><\/p>\n<p>Vous pouvez \u00e9galement cr\u00e9er votre propre selle, type de cuir, couleurs (noir, gris, marron, bleu, rouge, jaune,\u2026), simples ou doubles quartiers, initiales.<\/p>\n<hr \/>\n<p>Nous produisons les meilleures selles argentines, avec le c\u00e9l\u00e8bre cuir argentin, consid\u00e9r\u00e9 comme la plus haute qualit\u00e9 au monde. L\u2019\u00e9paisseur et la souplesse du cuir procurent plaisir et durabilit\u00e9 \u00e0 nos selles, elles ne bougent pas !<br \/>\nNotre exp\u00e9rience de l\u2019obstacle, du dressage, du cross, de l\u2019endurance et du polo, offre le meilleur \u00e9quilibre pour le confort du cavalier et du cheval.<\/p>\n<p>Cette selle s\u2019adapte parfaitement \u00e0 votre cheval et est tr\u00e8s confortable pour le cavalier. Elle vous assure une bonne stabilit\u00e9 en promenade, dressage, saut d\u2019obstacles ou cross.<\/p>\n<p>Fabriqu\u00e9 en Argentine<\/p>\n<\/div>\n","protected":false},"featured_media":12787,"comment_status":"open","ping_status":"closed","template":"","meta":[],"product_cat":[2034,2032,2053,2282,2224],"product_tag":[],"acf":[],"yoast_head":"<!-- This site is optimized with the Yoast SEO plugin v19.14 - https:\/\/yoast.com\/wordpress\/plugins\/seo\/ -->\n<title>JULI Light \u2013 Selle d&#039;Endurance 4Kg. - Spirit of Polo - Spirit of Jumping<\/title>\n<meta name=\"robots\" content=\"index, follow, max-snippet:-1, max-image-preview:large, max-video-preview:-1\" \/>\n<link rel=\"canonical\" href=\"https:\/\/www.spiritofpolo.com\/fr\/produit\/juli-light-selle-dendurance-4kg\" \/>\n<meta property=\"og:locale\" content=\"fr_FR\" \/>\n<meta property=\"og:type\" content=\"article\" \/>\n<meta property=\"og:title\" content=\"JULI Light \u2013 Selle d&#039;Endurance 4Kg. - Spirit of Polo - Spirit of Jumping\" \/>\n<meta property=\"og:description\" content=\"Mat\u00e9riel: cuir l\u00e9ger Poids: 4kg  Vous pouvez choisir la taille et 3 si\u00e8ges diff\u00e9rents: - Plat : libert\u00e9 pour le cavalier - Semi creuse : l\u00e9g\u00e8ret\u00e9 et libert\u00e9 de sortir de la selle pour l\u2019obstacle - Creuse : dressage, plat, ext\u00e9rieur, bon maintient, on est bien install\u00e9 dans sa selle (inspir\u00e9e du polo, maintien et confort dans un sport \u00e0 grande vitesse et mouvement\u00e9)  Vous pouvez choisir 3 diff\u00e9rents sanglons : - 3 Sanglons en cuir - 30cm - 2\u00a0Sanglons en cuir - 30cm - 2\u00a0Sanglons synth\u00e9tique - 65cm   Comprend: porte-\u00e9trivi\u00e8re en m\u00e9tal ET passage ar\u00e7on   Vous pouvez \u00e9galement cr\u00e9er votre propre selle, type de cuir, couleurs (noir, gris, marron, bleu, rouge, jaune,\u2026), simples ou doubles quartiers, initiales.    Nous produisons les meilleures selles argentines, avec le c\u00e9l\u00e8bre cuir argentin, consid\u00e9r\u00e9 comme la plus haute qualit\u00e9 au monde. L\u2019\u00e9paisseur et la souplesse du cuir procurent plaisir et durabilit\u00e9 \u00e0 nos selles, elles ne bougent pas ! Notre exp\u00e9rience de l\u2019obstacle, du dressage, du cross, de l\u2019endurance et du polo, offre le meilleur \u00e9quilibre pour le confort du cavalier et du cheval.  Cette selle s\u2019adapte parfaitement \u00e0 votre cheval et est tr\u00e8s confortable pour le cavalier. Elle vous assure une bonne stabilit\u00e9 en promenade, dressage, saut d\u2019obstacles ou cross.  Fabriqu\u00e9 en Argentine\" \/>\n<meta property=\"og:url\" content=\"https:\/\/www.spiritofpolo.com\/fr\/produit\/juli-light-selle-dendurance-4kg\" \/>\n<meta property=\"og:site_name\" content=\"Spirit of Polo - Spirit of Jumping\" \/>\n<meta property=\"article:modified_time\" content=\"2020-07-03T15:02:34+00:00\" \/>\n<meta property=\"og:image\" content=\"https:\/\/www.spiritofpolo.com\/wp-content\/uploads\/Endurance-saddle-Spirit-of-Polo.jpg\" \/>\n\t<meta property=\"og:image:width\" content=\"555\" \/>\n\t<meta property=\"og:image:height\" content=\"710\" \/>\n\t<meta property=\"og:image:type\" content=\"image\/jpeg\" \/>\n<meta name=\"twitter:card\" content=\"summary_large_image\" \/>\n<script type=\"application\/ld+json\" class=\"yoast-schema-graph\">{\"@context\":\"https:\/\/schema.org\",\"@graph\":[{\"@type\":\"WebPage\",\"@id\":\"https:\/\/www.spiritofpolo.com\/fr\/produit\/juli-light-selle-dendurance-4kg\",\"url\":\"https:\/\/www.spiritofpolo.com\/fr\/produit\/juli-light-selle-dendurance-4kg\",\"name\":\"JULI Light \u2013 Selle d'Endurance 4Kg. - Spirit of Polo - Spirit of Jumping\",\"isPartOf\":{\"@id\":\"https:\/\/www.spiritofpolo.com\/fr#website\"},\"datePublished\":\"2020-06-22T15:50:32+00:00\",\"dateModified\":\"2020-07-03T15:02:34+00:00\",\"breadcrumb\":{\"@id\":\"https:\/\/www.spiritofpolo.com\/fr\/produit\/juli-light-selle-dendurance-4kg#breadcrumb\"},\"inLanguage\":\"fr-FR\",\"potentialAction\":[{\"@type\":\"ReadAction\",\"target\":[\"https:\/\/www.spiritofpolo.com\/fr\/produit\/juli-light-selle-dendurance-4kg\"]}]},{\"@type\":\"BreadcrumbList\",\"@id\":\"https:\/\/www.spiritofpolo.com\/fr\/produit\/juli-light-selle-dendurance-4kg#breadcrumb\",\"itemListElement\":[{\"@type\":\"ListItem\",\"position\":1,\"name\":\"Home\",\"item\":\"https:\/\/www.spiritofpolo.com\/fr\"},{\"@type\":\"ListItem\",\"position\":2,\"name\":\"Boutique\",\"item\":\"https:\/\/www.spiritofpolo.com\/fr\/boutique\"},{\"@type\":\"ListItem\",\"position\":3,\"name\":\"JULI Light \u2013 Selle d&#8217;Endurance 4Kg.\"}]},{\"@type\":\"WebSite\",\"@id\":\"https:\/\/www.spiritofpolo.com\/fr#website\",\"url\":\"https:\/\/www.spiritofpolo.com\/fr\",\"name\":\"Spirit of Polo - Spirit of Jumping\",\"description\":\"Argentine Polo Products\",\"publisher\":{\"@id\":\"https:\/\/www.spiritofpolo.com\/fr#organization\"},\"potentialAction\":[{\"@type\":\"SearchAction\",\"target\":{\"@type\":\"EntryPoint\",\"urlTemplate\":\"https:\/\/www.spiritofpolo.com\/fr?s={search_term_string}\"},\"query-input\":\"required name=search_term_string\"}],\"inLanguage\":\"fr-FR\"},{\"@type\":\"Organization\",\"@id\":\"https:\/\/www.spiritofpolo.com\/fr#organization\",\"name\":\"Spirit of Polo - Spirit of Jumping\",\"url\":\"https:\/\/www.spiritofpolo.com\/fr\",\"logo\":{\"@type\":\"ImageObject\",\"inLanguage\":\"fr-FR\",\"@id\":\"https:\/\/www.spiritofpolo.com\/fr#\/schema\/logo\/image\/\",\"url\":\"\",\"contentUrl\":\"\",\"caption\":\"Spirit of Polo - Spirit of Jumping\"},\"image\":{\"@id\":\"https:\/\/www.spiritofpolo.com\/fr#\/schema\/logo\/image\/\"}}]}<\/script>\n<!-- \/ Yoast SEO plugin. -->","yoast_head_json":{"title":"JULI Light \u2013 Selle d'Endurance 4Kg. - Spirit of Polo - Spirit of Jumping","robots":{"index":"index","follow":"follow","max-snippet":"max-snippet:-1","max-image-preview":"max-image-preview:large","max-video-preview":"max-video-preview:-1"},"canonical":"https:\/\/www.spiritofpolo.com\/fr\/produit\/juli-light-selle-dendurance-4kg","og_locale":"fr_FR","og_type":"article","og_title":"JULI Light \u2013 Selle d'Endurance 4Kg. - Spirit of Polo - Spirit of Jumping","og_description":"Mat\u00e9riel: cuir l\u00e9ger Poids: 4kg  Vous pouvez choisir la taille et 3 si\u00e8ges diff\u00e9rents: - Plat : libert\u00e9 pour le cavalier - Semi creuse : l\u00e9g\u00e8ret\u00e9 et libert\u00e9 de sortir de la selle pour l\u2019obstacle - Creuse : dressage, plat, ext\u00e9rieur, bon maintient, on est bien install\u00e9 dans sa selle (inspir\u00e9e du polo, maintien et confort dans un sport \u00e0 grande vitesse et mouvement\u00e9)  Vous pouvez choisir 3 diff\u00e9rents sanglons : - 3 Sanglons en cuir - 30cm - 2\u00a0Sanglons en cuir - 30cm - 2\u00a0Sanglons synth\u00e9tique - 65cm   Comprend: porte-\u00e9trivi\u00e8re en m\u00e9tal ET passage ar\u00e7on   Vous pouvez \u00e9galement cr\u00e9er votre propre selle, type de cuir, couleurs (noir, gris, marron, bleu, rouge, jaune,\u2026), simples ou doubles quartiers, initiales.    Nous produisons les meilleures selles argentines, avec le c\u00e9l\u00e8bre cuir argentin, consid\u00e9r\u00e9 comme la plus haute qualit\u00e9 au monde. L\u2019\u00e9paisseur et la souplesse du cuir procurent plaisir et durabilit\u00e9 \u00e0 nos selles, elles ne bougent pas ! Notre exp\u00e9rience de l\u2019obstacle, du dressage, du cross, de l\u2019endurance et du polo, offre le meilleur \u00e9quilibre pour le confort du cavalier et du cheval.  Cette selle s\u2019adapte parfaitement \u00e0 votre cheval et est tr\u00e8s confortable pour le cavalier. Elle vous assure une bonne stabilit\u00e9 en promenade, dressage, saut d\u2019obstacles ou cross.  Fabriqu\u00e9 en Argentine","og_url":"https:\/\/www.spiritofpolo.com\/fr\/produit\/juli-light-selle-dendurance-4kg","og_site_name":"Spirit of Polo - Spirit of Jumping","article_modified_time":"2020-07-03T15:02:34+00:00","og_image":[{"width":555,"height":710,"url":"https:\/\/www.spiritofpolo.com\/wp-content\/uploads\/Endurance-saddle-Spirit-of-Polo.jpg","type":"image\/jpeg"}],"twitter_card":"summary_large_image","schema":{"@context":"https:\/\/schema.org","@graph":[{"@type":"WebPage","@id":"https:\/\/www.spiritofpolo.com\/fr\/produit\/juli-light-selle-dendurance-4kg","url":"https:\/\/www.spiritofpolo.com\/fr\/produit\/juli-light-selle-dendurance-4kg","name":"JULI Light \u2013 Selle d'Endurance 4Kg. - Spirit of Polo - Spirit of Jumping","isPartOf":{"@id":"https:\/\/www.spiritofpolo.com\/fr#website"},"datePublished":"2020-06-22T15:50:32+00:00","dateModified":"2020-07-03T15:02:34+00:00","breadcrumb":{"@id":"https:\/\/www.spiritofpolo.com\/fr\/produit\/juli-light-selle-dendurance-4kg#breadcrumb"},"inLanguage":"fr-FR","potentialAction":[{"@type":"ReadAction","target":["https:\/\/www.spiritofpolo.com\/fr\/produit\/juli-light-selle-dendurance-4kg"]}]},{"@type":"BreadcrumbList","@id":"https:\/\/www.spiritofpolo.com\/fr\/produit\/juli-light-selle-dendurance-4kg#breadcrumb","itemListElement":[{"@type":"ListItem","position":1,"name":"Home","item":"https:\/\/www.spiritofpolo.com\/fr"},{"@type":"ListItem","position":2,"name":"Boutique","item":"https:\/\/www.spiritofpolo.com\/fr\/boutique"},{"@type":"ListItem","position":3,"name":"JULI Light \u2013 Selle d&#8217;Endurance 4Kg."}]},{"@type":"WebSite","@id":"https:\/\/www.spiritofpolo.com\/fr#website","url":"https:\/\/www.spiritofpolo.com\/fr","name":"Spirit of Polo - Spirit of Jumping","description":"Argentine Polo Products","publisher":{"@id":"https:\/\/www.spiritofpolo.com\/fr#organization"},"potentialAction":[{"@type":"SearchAction","target":{"@type":"EntryPoint","urlTemplate":"https:\/\/www.spiritofpolo.com\/fr?s={search_term_string}"},"query-input":"required name=search_term_string"}],"inLanguage":"fr-FR"},{"@type":"Organization","@id":"https:\/\/www.spiritofpolo.com\/fr#organization","name":"Spirit of Polo - Spirit of Jumping","url":"https:\/\/www.spiritofpolo.com\/fr","logo":{"@type":"ImageObject","inLanguage":"fr-FR","@id":"https:\/\/www.spiritofpolo.com\/fr#\/schema\/logo\/image\/","url":"","contentUrl":"","caption":"Spirit of Polo - Spirit of Jumping"},"image":{"@id":"https:\/\/www.spiritofpolo.com\/fr#\/schema\/logo\/image\/"}}]}},"tiered_pricing_type":"fixed","tiered_pricing_fixed_rules":[],"tiered_pricing_product_settings":{"layout":"default","base_unit_name":{"singular":null,"plural":null},"default_variation":null},"tiered_pricing_minimum_quantity":null,"tiered_pricing_roles_data":[],"tiered_pricing_percentage_rules":[],"_links":{"self":[{"href":"https:\/\/www.spiritofpolo.com\/fr\/wp-json\/wp\/v2\/product\/12206"}],"collection":[{"href":"https:\/\/www.spiritofpolo.com\/fr\/wp-json\/wp\/v2\/product"}],"about":[{"href":"https:\/\/www.spiritofpolo.com\/fr\/wp-json\/wp\/v2\/types\/product"}],"replies":[{"embeddable":true,"href":"https:\/\/www.spiritofpolo.com\/fr\/wp-json\/wp\/v2\/comments?post=12206"}],"wp:featuredmedia":[{"embeddable":true,"href":"https:\/\/www.spiritofpolo.com\/fr\/wp-json\/wp\/v2\/media\/12787"}],"wp:attachment":[{"href":"https:\/\/www.spiritofpolo.com\/fr\/wp-json\/wp\/v2\/media?parent=12206"}],"wp:term":[{"taxonomy":"product_cat","embeddable":true,"href":"https:\/\/www.spiritofpolo.com\/fr\/wp-json\/wp\/v2\/product_cat?post=12206"},{"taxonomy":"product_tag","embeddable":true,"href":"https:\/\/www.spiritofpolo.com\/fr\/wp-json\/wp\/v2\/product_tag?post=12206"}],"curies":[{"name":"wp","href":"https:\/\/api.w.org\/{rel}","templated":true}]}}