{"id":12604,"date":"2020-09-02T16:36:05","date_gmt":"2020-09-02T16:36:05","guid":{"rendered":"https:\/\/www.spiritofpolo.com\/product\/maindroite-gant-de-polo-millarville-taille-m"},"modified":"2020-09-02T16:49:52","modified_gmt":"2020-09-02T16:49:52","slug":"main-droite-gant-de-polo-millarville-taille-m","status":"publish","type":"product","link":"https:\/\/www.spiritofpolo.com\/fr\/produit\/main-droite-gant-de-polo-millarville-taille-m","title":{"rendered":"Main Droite Gant de Polo Millarville &#8211; Taille M"},"content":{"rendered":"","protected":false},"excerpt":{"rendered":"<p><span class=\"tlid-translation translation\" lang=\"fr\"><span class=\"\" title=\"\">Gant de polo Main Droite con\u00e7u pour le jeu.<\/span> <span class=\"\" title=\"\">Fabriqu\u00e9s avec une paume en cuir textur\u00e9 pour une adh\u00e9rence exceptionnelle et un panneau arri\u00e8re en tissu extensible pour une facilit\u00e9 de mouvement, ces gants de polo Millarville sont id\u00e9aux pour tout joueur.<\/span><\/span><\/p>\n<p><span title=\"\">&#8211; 98% coton \/ 2% \u00e9lasthanne<\/span><br \/>\n<span title=\"\">&#8211; Lavage des mains<\/span><br \/>\n<span title=\"\">&#8211; Ne pas javelliser<\/span><br \/>\n<span class=\"\" title=\"\">&#8211; Ne pas s\u00e9cher en machine<\/span><br \/>\n<span title=\"\">&#8211; Ne pas nettoyer \u00e0 sec<\/span><\/p>\n","protected":false},"featured_media":12598,"comment_status":"open","ping_status":"closed","template":"","meta":[],"product_cat":[1893],"product_tag":[],"acf":[],"yoast_head":"<!-- This site is optimized with the Yoast SEO plugin v19.14 - https:\/\/yoast.com\/wordpress\/plugins\/seo\/ -->\n<title>Main Droite Gant de Polo Millarville - Taille M - Spirit of Polo - Spirit of Jumping<\/title>\n<meta name=\"robots\" content=\"index, follow, max-snippet:-1, max-image-preview:large, max-video-preview:-1\" \/>\n<link rel=\"canonical\" href=\"https:\/\/www.spiritofpolo.com\/fr\/produit\/main-droite-gant-de-polo-millarville-taille-m\" \/>\n<meta property=\"og:locale\" content=\"fr_FR\" \/>\n<meta property=\"og:type\" content=\"article\" \/>\n<meta property=\"og:title\" content=\"Main Droite Gant de Polo Millarville - Taille M - Spirit of Polo - Spirit of Jumping\" \/>\n<meta property=\"og:description\" content=\"Gant de polo Main Droite con\u00e7u pour le jeu. Fabriqu\u00e9s avec une paume en cuir textur\u00e9 pour une adh\u00e9rence exceptionnelle et un panneau arri\u00e8re en tissu extensible pour une facilit\u00e9 de mouvement, ces gants de polo Millarville sont id\u00e9aux pour tout joueur.  - 98% coton \/ 2% \u00e9lasthanne - Lavage des mains - Ne pas javelliser - Ne pas s\u00e9cher en machine - Ne pas nettoyer \u00e0 sec\" \/>\n<meta property=\"og:url\" content=\"https:\/\/www.spiritofpolo.com\/fr\/produit\/main-droite-gant-de-polo-millarville-taille-m\" \/>\n<meta property=\"og:site_name\" content=\"Spirit of Polo - Spirit of Jumping\" \/>\n<meta property=\"article:modified_time\" content=\"2020-09-02T16:49:52+00:00\" \/>\n<meta property=\"og:image\" content=\"https:\/\/www.spiritofpolo.com\/wp-content\/uploads\/Right-Hand-Polo-Glove-Millarville.jpg\" \/>\n\t<meta property=\"og:image:width\" content=\"555\" \/>\n\t<meta property=\"og:image:height\" content=\"710\" \/>\n\t<meta property=\"og:image:type\" content=\"image\/jpeg\" \/>\n<meta name=\"twitter:card\" content=\"summary_large_image\" \/>\n<script type=\"application\/ld+json\" class=\"yoast-schema-graph\">{\"@context\":\"https:\/\/schema.org\",\"@graph\":[{\"@type\":\"WebPage\",\"@id\":\"https:\/\/www.spiritofpolo.com\/fr\/produit\/main-droite-gant-de-polo-millarville-taille-m\",\"url\":\"https:\/\/www.spiritofpolo.com\/fr\/produit\/main-droite-gant-de-polo-millarville-taille-m\",\"name\":\"Main Droite Gant de Polo Millarville - Taille M - Spirit of Polo - Spirit of Jumping\",\"isPartOf\":{\"@id\":\"https:\/\/www.spiritofpolo.com\/fr#website\"},\"datePublished\":\"2020-09-02T16:36:05+00:00\",\"dateModified\":\"2020-09-02T16:49:52+00:00\",\"breadcrumb\":{\"@id\":\"https:\/\/www.spiritofpolo.com\/fr\/produit\/main-droite-gant-de-polo-millarville-taille-m#breadcrumb\"},\"inLanguage\":\"fr-FR\",\"potentialAction\":[{\"@type\":\"ReadAction\",\"target\":[\"https:\/\/www.spiritofpolo.com\/fr\/produit\/main-droite-gant-de-polo-millarville-taille-m\"]}]},{\"@type\":\"BreadcrumbList\",\"@id\":\"https:\/\/www.spiritofpolo.com\/fr\/produit\/main-droite-gant-de-polo-millarville-taille-m#breadcrumb\",\"itemListElement\":[{\"@type\":\"ListItem\",\"position\":1,\"name\":\"Home\",\"item\":\"https:\/\/www.spiritofpolo.com\/fr\"},{\"@type\":\"ListItem\",\"position\":2,\"name\":\"Boutique\",\"item\":\"https:\/\/www.spiritofpolo.com\/fr\/boutique\"},{\"@type\":\"ListItem\",\"position\":3,\"name\":\"Main Droite Gant de Polo Millarville &#8211; Taille M\"}]},{\"@type\":\"WebSite\",\"@id\":\"https:\/\/www.spiritofpolo.com\/fr#website\",\"url\":\"https:\/\/www.spiritofpolo.com\/fr\",\"name\":\"Spirit of Polo - Spirit of Jumping\",\"description\":\"Argentine Polo Products\",\"publisher\":{\"@id\":\"https:\/\/www.spiritofpolo.com\/fr#organization\"},\"potentialAction\":[{\"@type\":\"SearchAction\",\"target\":{\"@type\":\"EntryPoint\",\"urlTemplate\":\"https:\/\/www.spiritofpolo.com\/fr?s={search_term_string}\"},\"query-input\":\"required name=search_term_string\"}],\"inLanguage\":\"fr-FR\"},{\"@type\":\"Organization\",\"@id\":\"https:\/\/www.spiritofpolo.com\/fr#organization\",\"name\":\"Spirit of Polo - Spirit of Jumping\",\"url\":\"https:\/\/www.spiritofpolo.com\/fr\",\"logo\":{\"@type\":\"ImageObject\",\"inLanguage\":\"fr-FR\",\"@id\":\"https:\/\/www.spiritofpolo.com\/fr#\/schema\/logo\/image\/\",\"url\":\"\",\"contentUrl\":\"\",\"caption\":\"Spirit of Polo - Spirit of Jumping\"},\"image\":{\"@id\":\"https:\/\/www.spiritofpolo.com\/fr#\/schema\/logo\/image\/\"}}]}<\/script>\n<!-- \/ Yoast SEO plugin. -->","yoast_head_json":{"title":"Main Droite Gant de Polo Millarville - Taille M - Spirit of Polo - Spirit of Jumping","robots":{"index":"index","follow":"follow","max-snippet":"max-snippet:-1","max-image-preview":"max-image-preview:large","max-video-preview":"max-video-preview:-1"},"canonical":"https:\/\/www.spiritofpolo.com\/fr\/produit\/main-droite-gant-de-polo-millarville-taille-m","og_locale":"fr_FR","og_type":"article","og_title":"Main Droite Gant de Polo Millarville - Taille M - Spirit of Polo - Spirit of Jumping","og_description":"Gant de polo Main Droite con\u00e7u pour le jeu. Fabriqu\u00e9s avec une paume en cuir textur\u00e9 pour une adh\u00e9rence exceptionnelle et un panneau arri\u00e8re en tissu extensible pour une facilit\u00e9 de mouvement, ces gants de polo Millarville sont id\u00e9aux pour tout joueur.  - 98% coton \/ 2% \u00e9lasthanne - Lavage des mains - Ne pas javelliser - Ne pas s\u00e9cher en machine - Ne pas nettoyer \u00e0 sec","og_url":"https:\/\/www.spiritofpolo.com\/fr\/produit\/main-droite-gant-de-polo-millarville-taille-m","og_site_name":"Spirit of Polo - Spirit of Jumping","article_modified_time":"2020-09-02T16:49:52+00:00","og_image":[{"width":555,"height":710,"url":"https:\/\/www.spiritofpolo.com\/wp-content\/uploads\/Right-Hand-Polo-Glove-Millarville.jpg","type":"image\/jpeg"}],"twitter_card":"summary_large_image","schema":{"@context":"https:\/\/schema.org","@graph":[{"@type":"WebPage","@id":"https:\/\/www.spiritofpolo.com\/fr\/produit\/main-droite-gant-de-polo-millarville-taille-m","url":"https:\/\/www.spiritofpolo.com\/fr\/produit\/main-droite-gant-de-polo-millarville-taille-m","name":"Main Droite Gant de Polo Millarville - Taille M - Spirit of Polo - Spirit of Jumping","isPartOf":{"@id":"https:\/\/www.spiritofpolo.com\/fr#website"},"datePublished":"2020-09-02T16:36:05+00:00","dateModified":"2020-09-02T16:49:52+00:00","breadcrumb":{"@id":"https:\/\/www.spiritofpolo.com\/fr\/produit\/main-droite-gant-de-polo-millarville-taille-m#breadcrumb"},"inLanguage":"fr-FR","potentialAction":[{"@type":"ReadAction","target":["https:\/\/www.spiritofpolo.com\/fr\/produit\/main-droite-gant-de-polo-millarville-taille-m"]}]},{"@type":"BreadcrumbList","@id":"https:\/\/www.spiritofpolo.com\/fr\/produit\/main-droite-gant-de-polo-millarville-taille-m#breadcrumb","itemListElement":[{"@type":"ListItem","position":1,"name":"Home","item":"https:\/\/www.spiritofpolo.com\/fr"},{"@type":"ListItem","position":2,"name":"Boutique","item":"https:\/\/www.spiritofpolo.com\/fr\/boutique"},{"@type":"ListItem","position":3,"name":"Main Droite Gant de Polo Millarville &#8211; Taille M"}]},{"@type":"WebSite","@id":"https:\/\/www.spiritofpolo.com\/fr#website","url":"https:\/\/www.spiritofpolo.com\/fr","name":"Spirit of Polo - Spirit of Jumping","description":"Argentine Polo Products","publisher":{"@id":"https:\/\/www.spiritofpolo.com\/fr#organization"},"potentialAction":[{"@type":"SearchAction","target":{"@type":"EntryPoint","urlTemplate":"https:\/\/www.spiritofpolo.com\/fr?s={search_term_string}"},"query-input":"required name=search_term_string"}],"inLanguage":"fr-FR"},{"@type":"Organization","@id":"https:\/\/www.spiritofpolo.com\/fr#organization","name":"Spirit of Polo - Spirit of Jumping","url":"https:\/\/www.spiritofpolo.com\/fr","logo":{"@type":"ImageObject","inLanguage":"fr-FR","@id":"https:\/\/www.spiritofpolo.com\/fr#\/schema\/logo\/image\/","url":"","contentUrl":"","caption":"Spirit of Polo - Spirit of Jumping"},"image":{"@id":"https:\/\/www.spiritofpolo.com\/fr#\/schema\/logo\/image\/"}}]}},"tiered_pricing_type":"fixed","tiered_pricing_fixed_rules":[],"tiered_pricing_product_settings":{"layout":"default","base_unit_name":{"singular":null,"plural":null},"default_variation":null},"tiered_pricing_minimum_quantity":null,"tiered_pricing_roles_data":[],"tiered_pricing_percentage_rules":[],"_links":{"self":[{"href":"https:\/\/www.spiritofpolo.com\/fr\/wp-json\/wp\/v2\/product\/12604"}],"collection":[{"href":"https:\/\/www.spiritofpolo.com\/fr\/wp-json\/wp\/v2\/product"}],"about":[{"href":"https:\/\/www.spiritofpolo.com\/fr\/wp-json\/wp\/v2\/types\/product"}],"replies":[{"embeddable":true,"href":"https:\/\/www.spiritofpolo.com\/fr\/wp-json\/wp\/v2\/comments?post=12604"}],"wp:featuredmedia":[{"embeddable":true,"href":"https:\/\/www.spiritofpolo.com\/fr\/wp-json\/wp\/v2\/media\/12598"}],"wp:attachment":[{"href":"https:\/\/www.spiritofpolo.com\/fr\/wp-json\/wp\/v2\/media?parent=12604"}],"wp:term":[{"taxonomy":"product_cat","embeddable":true,"href":"https:\/\/www.spiritofpolo.com\/fr\/wp-json\/wp\/v2\/product_cat?post=12604"},{"taxonomy":"product_tag","embeddable":true,"href":"https:\/\/www.spiritofpolo.com\/fr\/wp-json\/wp\/v2\/product_tag?post=12604"}],"curies":[{"name":"wp","href":"https:\/\/api.w.org\/{rel}","templated":true}]}}