{"id":12830,"date":"2020-10-19T17:24:11","date_gmt":"2020-10-19T17:24:12","guid":{"rendered":"https:\/\/www.spiritofpolo.com\/?post_type=product&#038;p=12830"},"modified":"2020-10-19T17:32:16","modified_gmt":"2020-10-19T17:32:16","slug":"makila-s-devoucoux-dressage","status":"publish","type":"product","link":"https:\/\/www.spiritofpolo.com\/fr\/produit\/makila-s-devoucoux-dressage","title":{"rendered":"Makila S &#8211; Devoucoux &#8211; Dressage"},"content":{"rendered":"<p><img loading=\"lazy\" class=\"alignnone size-medium wp-image-12810\" src=\"https:\/\/www.spiritofpolo.com\/wp-content\/uploads\/\/Captura-de-pantalla-2020-10-19-a-las-13.41.52-300x176.png\" alt=\"\" width=\"300\" height=\"176\" srcset=\"https:\/\/www.spiritofpolo.com\/wp-content\/uploads\/Captura-de-pantalla-2020-10-19-a-las-13.41.52-300x176.png 300w, https:\/\/www.spiritofpolo.com\/wp-content\/uploads\/Captura-de-pantalla-2020-10-19-a-las-13.41.52-680x399.png 680w, https:\/\/www.spiritofpolo.com\/wp-content\/uploads\/Captura-de-pantalla-2020-10-19-a-las-13.41.52-768x451.png 768w, https:\/\/www.spiritofpolo.com\/wp-content\/uploads\/Captura-de-pantalla-2020-10-19-a-las-13.41.52.png 876w\" sizes=\"(max-width: 300px) 100vw, 300px\" \/> <img loading=\"lazy\" class=\"alignnone size-medium wp-image-12813\" src=\"https:\/\/www.spiritofpolo.com\/wp-content\/uploads\/\/Captura-de-pantalla-2020-10-19-a-las-13.42.00-300x178.png\" alt=\"\" width=\"300\" height=\"178\" srcset=\"https:\/\/www.spiritofpolo.com\/wp-content\/uploads\/Captura-de-pantalla-2020-10-19-a-las-13.42.00-300x178.png 300w, https:\/\/www.spiritofpolo.com\/wp-content\/uploads\/Captura-de-pantalla-2020-10-19-a-las-13.42.00-680x403.png 680w, https:\/\/www.spiritofpolo.com\/wp-content\/uploads\/Captura-de-pantalla-2020-10-19-a-las-13.42.00-768x456.png 768w, https:\/\/www.spiritofpolo.com\/wp-content\/uploads\/Captura-de-pantalla-2020-10-19-a-las-13.42.00.png 890w\" sizes=\"(max-width: 300px) 100vw, 300px\" \/><\/p>\n","protected":false},"excerpt":{"rendered":"<p>Selle de dressage mono quartier. Selle de dressage dont les formes, l\u2019architecture et la texture subliment l\u2019harmonie du cavalier et du cheval. De conception mono quartier, avec des taquets pro\u00e9minents et des couteaux d\u2019\u00e9trivi\u00e8res recul\u00e9s, la selle Makila S garantit une parfaite fixit\u00e9 du cavalier dans les allures relev\u00e9es et les transitions. Son si\u00e8ge profond la destine davantage aux cavaliers de dressage exp\u00e9riment\u00e9s. En veau ou en buffle fa\u00e7on nubuck pour une meilleure fixit\u00e9 des jambes et du bassin. Mod\u00e8le d\u00e9pos\u00e9.<\/p>\n<p>Coloris: Havana ou Noir<br \/>\nFinition: Doubl\u00e9 veau, Doubl\u00e9 buffle<\/p>\n","protected":false},"featured_media":12832,"comment_status":"open","ping_status":"closed","template":"","meta":[],"product_cat":[2034,2310,2032],"product_tag":[],"acf":[],"yoast_head":"<!-- This site is optimized with the Yoast SEO plugin v19.14 - https:\/\/yoast.com\/wordpress\/plugins\/seo\/ -->\n<title>Makila S - Devoucoux - Dressage - Spirit of Polo - Spirit of Jumping<\/title>\n<meta name=\"robots\" content=\"index, follow, max-snippet:-1, max-image-preview:large, max-video-preview:-1\" \/>\n<link rel=\"canonical\" href=\"https:\/\/www.spiritofpolo.com\/fr\/produit\/makila-s-devoucoux-dressage\" \/>\n<meta property=\"og:locale\" content=\"fr_FR\" \/>\n<meta property=\"og:type\" content=\"article\" \/>\n<meta property=\"og:title\" content=\"Makila S - Devoucoux - Dressage - Spirit of Polo - Spirit of Jumping\" \/>\n<meta property=\"og:description\" content=\"Selle de dressage mono quartier. Selle de dressage dont les formes, l\u2019architecture et la texture subliment l\u2019harmonie du cavalier et du cheval. De conception mono quartier, avec des taquets pro\u00e9minents et des couteaux d\u2019\u00e9trivi\u00e8res recul\u00e9s, la selle Makila S garantit une parfaite fixit\u00e9 du cavalier dans les allures relev\u00e9es et les transitions. Son si\u00e8ge profond la destine davantage aux cavaliers de dressage exp\u00e9riment\u00e9s. En veau ou en buffle fa\u00e7on nubuck pour une meilleure fixit\u00e9 des jambes et du bassin. Mod\u00e8le d\u00e9pos\u00e9.  Coloris: Havana ou Noir Finition: Doubl\u00e9 veau, Doubl\u00e9 buffle\" \/>\n<meta property=\"og:url\" content=\"https:\/\/www.spiritofpolo.com\/fr\/produit\/makila-s-devoucoux-dressage\" \/>\n<meta property=\"og:site_name\" content=\"Spirit of Polo - Spirit of Jumping\" \/>\n<meta property=\"article:modified_time\" content=\"2020-10-19T17:32:16+00:00\" \/>\n<meta property=\"og:image\" content=\"https:\/\/www.spiritofpolo.com\/wp-content\/uploads\/Makila-S-Devoucoux-1.jpg\" \/>\n\t<meta property=\"og:image:width\" content=\"555\" \/>\n\t<meta property=\"og:image:height\" content=\"710\" \/>\n\t<meta property=\"og:image:type\" content=\"image\/jpeg\" \/>\n<meta name=\"twitter:card\" content=\"summary_large_image\" \/>\n<script type=\"application\/ld+json\" class=\"yoast-schema-graph\">{\"@context\":\"https:\/\/schema.org\",\"@graph\":[{\"@type\":\"WebPage\",\"@id\":\"https:\/\/www.spiritofpolo.com\/fr\/produit\/makila-s-devoucoux-dressage\",\"url\":\"https:\/\/www.spiritofpolo.com\/fr\/produit\/makila-s-devoucoux-dressage\",\"name\":\"Makila S - Devoucoux - Dressage - Spirit of Polo - Spirit of Jumping\",\"isPartOf\":{\"@id\":\"https:\/\/www.spiritofpolo.com\/fr#website\"},\"datePublished\":\"2020-10-19T17:24:12+00:00\",\"dateModified\":\"2020-10-19T17:32:16+00:00\",\"breadcrumb\":{\"@id\":\"https:\/\/www.spiritofpolo.com\/fr\/produit\/makila-s-devoucoux-dressage#breadcrumb\"},\"inLanguage\":\"fr-FR\",\"potentialAction\":[{\"@type\":\"ReadAction\",\"target\":[\"https:\/\/www.spiritofpolo.com\/fr\/produit\/makila-s-devoucoux-dressage\"]}]},{\"@type\":\"BreadcrumbList\",\"@id\":\"https:\/\/www.spiritofpolo.com\/fr\/produit\/makila-s-devoucoux-dressage#breadcrumb\",\"itemListElement\":[{\"@type\":\"ListItem\",\"position\":1,\"name\":\"Home\",\"item\":\"https:\/\/www.spiritofpolo.com\/fr\"},{\"@type\":\"ListItem\",\"position\":2,\"name\":\"Boutique\",\"item\":\"https:\/\/www.spiritofpolo.com\/fr\/boutique\"},{\"@type\":\"ListItem\",\"position\":3,\"name\":\"Makila S &#8211; Devoucoux &#8211; Dressage\"}]},{\"@type\":\"WebSite\",\"@id\":\"https:\/\/www.spiritofpolo.com\/fr#website\",\"url\":\"https:\/\/www.spiritofpolo.com\/fr\",\"name\":\"Spirit of Polo - Spirit of Jumping\",\"description\":\"Argentine Polo Products\",\"publisher\":{\"@id\":\"https:\/\/www.spiritofpolo.com\/fr#organization\"},\"potentialAction\":[{\"@type\":\"SearchAction\",\"target\":{\"@type\":\"EntryPoint\",\"urlTemplate\":\"https:\/\/www.spiritofpolo.com\/fr?s={search_term_string}\"},\"query-input\":\"required name=search_term_string\"}],\"inLanguage\":\"fr-FR\"},{\"@type\":\"Organization\",\"@id\":\"https:\/\/www.spiritofpolo.com\/fr#organization\",\"name\":\"Spirit of Polo - Spirit of Jumping\",\"url\":\"https:\/\/www.spiritofpolo.com\/fr\",\"logo\":{\"@type\":\"ImageObject\",\"inLanguage\":\"fr-FR\",\"@id\":\"https:\/\/www.spiritofpolo.com\/fr#\/schema\/logo\/image\/\",\"url\":\"\",\"contentUrl\":\"\",\"caption\":\"Spirit of Polo - Spirit of Jumping\"},\"image\":{\"@id\":\"https:\/\/www.spiritofpolo.com\/fr#\/schema\/logo\/image\/\"}}]}<\/script>\n<!-- \/ Yoast SEO plugin. -->","yoast_head_json":{"title":"Makila S - Devoucoux - Dressage - Spirit of Polo - Spirit of Jumping","robots":{"index":"index","follow":"follow","max-snippet":"max-snippet:-1","max-image-preview":"max-image-preview:large","max-video-preview":"max-video-preview:-1"},"canonical":"https:\/\/www.spiritofpolo.com\/fr\/produit\/makila-s-devoucoux-dressage","og_locale":"fr_FR","og_type":"article","og_title":"Makila S - Devoucoux - Dressage - Spirit of Polo - Spirit of Jumping","og_description":"Selle de dressage mono quartier. Selle de dressage dont les formes, l\u2019architecture et la texture subliment l\u2019harmonie du cavalier et du cheval. De conception mono quartier, avec des taquets pro\u00e9minents et des couteaux d\u2019\u00e9trivi\u00e8res recul\u00e9s, la selle Makila S garantit une parfaite fixit\u00e9 du cavalier dans les allures relev\u00e9es et les transitions. Son si\u00e8ge profond la destine davantage aux cavaliers de dressage exp\u00e9riment\u00e9s. En veau ou en buffle fa\u00e7on nubuck pour une meilleure fixit\u00e9 des jambes et du bassin. Mod\u00e8le d\u00e9pos\u00e9.  Coloris: Havana ou Noir Finition: Doubl\u00e9 veau, Doubl\u00e9 buffle","og_url":"https:\/\/www.spiritofpolo.com\/fr\/produit\/makila-s-devoucoux-dressage","og_site_name":"Spirit of Polo - Spirit of Jumping","article_modified_time":"2020-10-19T17:32:16+00:00","og_image":[{"width":555,"height":710,"url":"https:\/\/www.spiritofpolo.com\/wp-content\/uploads\/Makila-S-Devoucoux-1.jpg","type":"image\/jpeg"}],"twitter_card":"summary_large_image","schema":{"@context":"https:\/\/schema.org","@graph":[{"@type":"WebPage","@id":"https:\/\/www.spiritofpolo.com\/fr\/produit\/makila-s-devoucoux-dressage","url":"https:\/\/www.spiritofpolo.com\/fr\/produit\/makila-s-devoucoux-dressage","name":"Makila S - Devoucoux - Dressage - Spirit of Polo - Spirit of Jumping","isPartOf":{"@id":"https:\/\/www.spiritofpolo.com\/fr#website"},"datePublished":"2020-10-19T17:24:12+00:00","dateModified":"2020-10-19T17:32:16+00:00","breadcrumb":{"@id":"https:\/\/www.spiritofpolo.com\/fr\/produit\/makila-s-devoucoux-dressage#breadcrumb"},"inLanguage":"fr-FR","potentialAction":[{"@type":"ReadAction","target":["https:\/\/www.spiritofpolo.com\/fr\/produit\/makila-s-devoucoux-dressage"]}]},{"@type":"BreadcrumbList","@id":"https:\/\/www.spiritofpolo.com\/fr\/produit\/makila-s-devoucoux-dressage#breadcrumb","itemListElement":[{"@type":"ListItem","position":1,"name":"Home","item":"https:\/\/www.spiritofpolo.com\/fr"},{"@type":"ListItem","position":2,"name":"Boutique","item":"https:\/\/www.spiritofpolo.com\/fr\/boutique"},{"@type":"ListItem","position":3,"name":"Makila S &#8211; Devoucoux &#8211; Dressage"}]},{"@type":"WebSite","@id":"https:\/\/www.spiritofpolo.com\/fr#website","url":"https:\/\/www.spiritofpolo.com\/fr","name":"Spirit of Polo - Spirit of Jumping","description":"Argentine Polo Products","publisher":{"@id":"https:\/\/www.spiritofpolo.com\/fr#organization"},"potentialAction":[{"@type":"SearchAction","target":{"@type":"EntryPoint","urlTemplate":"https:\/\/www.spiritofpolo.com\/fr?s={search_term_string}"},"query-input":"required name=search_term_string"}],"inLanguage":"fr-FR"},{"@type":"Organization","@id":"https:\/\/www.spiritofpolo.com\/fr#organization","name":"Spirit of Polo - Spirit of Jumping","url":"https:\/\/www.spiritofpolo.com\/fr","logo":{"@type":"ImageObject","inLanguage":"fr-FR","@id":"https:\/\/www.spiritofpolo.com\/fr#\/schema\/logo\/image\/","url":"","contentUrl":"","caption":"Spirit of Polo - Spirit of Jumping"},"image":{"@id":"https:\/\/www.spiritofpolo.com\/fr#\/schema\/logo\/image\/"}}]}},"tiered_pricing_type":"fixed","tiered_pricing_fixed_rules":[],"tiered_pricing_product_settings":{"layout":"default","base_unit_name":{"singular":null,"plural":null},"default_variation":null},"tiered_pricing_minimum_quantity":null,"tiered_pricing_roles_data":[],"tiered_pricing_percentage_rules":[],"_links":{"self":[{"href":"https:\/\/www.spiritofpolo.com\/fr\/wp-json\/wp\/v2\/product\/12830"}],"collection":[{"href":"https:\/\/www.spiritofpolo.com\/fr\/wp-json\/wp\/v2\/product"}],"about":[{"href":"https:\/\/www.spiritofpolo.com\/fr\/wp-json\/wp\/v2\/types\/product"}],"replies":[{"embeddable":true,"href":"https:\/\/www.spiritofpolo.com\/fr\/wp-json\/wp\/v2\/comments?post=12830"}],"wp:featuredmedia":[{"embeddable":true,"href":"https:\/\/www.spiritofpolo.com\/fr\/wp-json\/wp\/v2\/media\/12832"}],"wp:attachment":[{"href":"https:\/\/www.spiritofpolo.com\/fr\/wp-json\/wp\/v2\/media?parent=12830"}],"wp:term":[{"taxonomy":"product_cat","embeddable":true,"href":"https:\/\/www.spiritofpolo.com\/fr\/wp-json\/wp\/v2\/product_cat?post=12830"},{"taxonomy":"product_tag","embeddable":true,"href":"https:\/\/www.spiritofpolo.com\/fr\/wp-json\/wp\/v2\/product_tag?post=12830"}],"curies":[{"name":"wp","href":"https:\/\/api.w.org\/{rel}","templated":true}]}}