{"id":12879,"date":"2020-10-20T16:47:13","date_gmt":"2020-10-20T16:47:14","guid":{"rendered":"https:\/\/www.spiritofpolo.com\/?post_type=product&#038;p=12879"},"modified":"2020-10-20T16:56:48","modified_gmt":"2020-10-20T16:56:48","slug":"korrika-o-devoucoux-endurance","status":"publish","type":"product","link":"https:\/\/www.spiritofpolo.com\/fr\/produit\/korrika-o-devoucoux-endurance","title":{"rendered":"Korrika O &#8211; Devoucoux &#8211; Endurance"},"content":{"rendered":"<p><img loading=\"lazy\" class=\"alignnone size-medium wp-image-12810\" src=\"https:\/\/www.spiritofpolo.com\/wp-content\/uploads\/\/Captura-de-pantalla-2020-10-19-a-las-13.41.52-300x176.png\" alt=\"\" width=\"300\" height=\"176\" srcset=\"https:\/\/www.spiritofpolo.com\/wp-content\/uploads\/Captura-de-pantalla-2020-10-19-a-las-13.41.52-300x176.png 300w, https:\/\/www.spiritofpolo.com\/wp-content\/uploads\/Captura-de-pantalla-2020-10-19-a-las-13.41.52-680x399.png 680w, https:\/\/www.spiritofpolo.com\/wp-content\/uploads\/Captura-de-pantalla-2020-10-19-a-las-13.41.52-768x451.png 768w, https:\/\/www.spiritofpolo.com\/wp-content\/uploads\/Captura-de-pantalla-2020-10-19-a-las-13.41.52.png 876w\" sizes=\"(max-width: 300px) 100vw, 300px\" \/> <img loading=\"lazy\" class=\"alignnone size-medium wp-image-12813\" src=\"https:\/\/www.spiritofpolo.com\/wp-content\/uploads\/\/Captura-de-pantalla-2020-10-19-a-las-13.42.00-300x178.png\" alt=\"\" width=\"300\" height=\"178\" srcset=\"https:\/\/www.spiritofpolo.com\/wp-content\/uploads\/Captura-de-pantalla-2020-10-19-a-las-13.42.00-300x178.png 300w, https:\/\/www.spiritofpolo.com\/wp-content\/uploads\/Captura-de-pantalla-2020-10-19-a-las-13.42.00-680x403.png 680w, https:\/\/www.spiritofpolo.com\/wp-content\/uploads\/Captura-de-pantalla-2020-10-19-a-las-13.42.00-768x456.png 768w, https:\/\/www.spiritofpolo.com\/wp-content\/uploads\/Captura-de-pantalla-2020-10-19-a-las-13.42.00.png 890w\" sizes=\"(max-width: 300px) 100vw, 300px\" \/><\/p>\n","protected":false},"excerpt":{"rendered":"<p>Selle d&rsquo;endurance \u00e0 si\u00e8ge creux et large avec couteaux d&rsquo;\u00e9trivi\u00e8res recul\u00e9s. Selle d\u2019endurance, v\u00e9ritable innovation technique, elle pr\u00e9sente un si\u00e8ge creux et relativement large, gage de confort sur les longs parcours. Elle est \u00e9quip\u00e9e de couteaux d\u2019\u00e9trivi\u00e8res recul\u00e9s, qui lib\u00e8rent l\u2019avant-main du cheval et d&rsquo;un syst\u00e8me de sanglage mobile. L\u2019absence de petits quartiers favorise la descente de la jambe. Mod\u00e8le d\u00e9pos\u00e9. Troph\u00e9e de l&rsquo;innovation lors du Salon du Cheval \u00e0 Paris (2002).<\/p>\n<p>Coloris: Havana ou Noir<br \/>\nFinition: Doubl\u00e9 veau, Doubl\u00e9 buffle<\/p>\n","protected":false},"featured_media":12881,"comment_status":"open","ping_status":"closed","template":"","meta":[],"product_cat":[2034,2310,2032],"product_tag":[],"acf":[],"yoast_head":"<!-- This site is optimized with the Yoast SEO plugin v19.14 - https:\/\/yoast.com\/wordpress\/plugins\/seo\/ -->\n<title>Korrika O - Devoucoux - Endurance - Spirit of Polo - Spirit of Jumping<\/title>\n<meta name=\"robots\" content=\"index, follow, max-snippet:-1, max-image-preview:large, max-video-preview:-1\" \/>\n<link rel=\"canonical\" href=\"https:\/\/www.spiritofpolo.com\/fr\/produit\/korrika-o-devoucoux-endurance\" \/>\n<meta property=\"og:locale\" content=\"fr_FR\" \/>\n<meta property=\"og:type\" content=\"article\" \/>\n<meta property=\"og:title\" content=\"Korrika O - Devoucoux - Endurance - Spirit of Polo - Spirit of Jumping\" \/>\n<meta property=\"og:description\" content=\"Selle d&#039;endurance \u00e0 si\u00e8ge creux et large avec couteaux d&#039;\u00e9trivi\u00e8res recul\u00e9s. Selle d\u2019endurance, v\u00e9ritable innovation technique, elle pr\u00e9sente un si\u00e8ge creux et relativement large, gage de confort sur les longs parcours. Elle est \u00e9quip\u00e9e de couteaux d\u2019\u00e9trivi\u00e8res recul\u00e9s, qui lib\u00e8rent l\u2019avant-main du cheval et d&#039;un syst\u00e8me de sanglage mobile. L\u2019absence de petits quartiers favorise la descente de la jambe. Mod\u00e8le d\u00e9pos\u00e9. Troph\u00e9e de l&#039;innovation lors du Salon du Cheval \u00e0 Paris (2002).  Coloris: Havana ou Noir Finition: Doubl\u00e9 veau, Doubl\u00e9 buffle\" \/>\n<meta property=\"og:url\" content=\"https:\/\/www.spiritofpolo.com\/fr\/produit\/korrika-o-devoucoux-endurance\" \/>\n<meta property=\"og:site_name\" content=\"Spirit of Polo - Spirit of Jumping\" \/>\n<meta property=\"article:modified_time\" content=\"2020-10-20T16:56:48+00:00\" \/>\n<meta property=\"og:image\" content=\"https:\/\/www.spiritofpolo.com\/wp-content\/uploads\/Korrika-O-Devoucoux-1.jpg\" \/>\n\t<meta property=\"og:image:width\" content=\"555\" \/>\n\t<meta property=\"og:image:height\" content=\"710\" \/>\n\t<meta property=\"og:image:type\" content=\"image\/jpeg\" \/>\n<meta name=\"twitter:card\" content=\"summary_large_image\" \/>\n<script type=\"application\/ld+json\" class=\"yoast-schema-graph\">{\"@context\":\"https:\/\/schema.org\",\"@graph\":[{\"@type\":\"WebPage\",\"@id\":\"https:\/\/www.spiritofpolo.com\/fr\/produit\/korrika-o-devoucoux-endurance\",\"url\":\"https:\/\/www.spiritofpolo.com\/fr\/produit\/korrika-o-devoucoux-endurance\",\"name\":\"Korrika O - Devoucoux - Endurance - Spirit of Polo - Spirit of Jumping\",\"isPartOf\":{\"@id\":\"https:\/\/www.spiritofpolo.com\/fr#website\"},\"datePublished\":\"2020-10-20T16:47:14+00:00\",\"dateModified\":\"2020-10-20T16:56:48+00:00\",\"breadcrumb\":{\"@id\":\"https:\/\/www.spiritofpolo.com\/fr\/produit\/korrika-o-devoucoux-endurance#breadcrumb\"},\"inLanguage\":\"fr-FR\",\"potentialAction\":[{\"@type\":\"ReadAction\",\"target\":[\"https:\/\/www.spiritofpolo.com\/fr\/produit\/korrika-o-devoucoux-endurance\"]}]},{\"@type\":\"BreadcrumbList\",\"@id\":\"https:\/\/www.spiritofpolo.com\/fr\/produit\/korrika-o-devoucoux-endurance#breadcrumb\",\"itemListElement\":[{\"@type\":\"ListItem\",\"position\":1,\"name\":\"Home\",\"item\":\"https:\/\/www.spiritofpolo.com\/fr\"},{\"@type\":\"ListItem\",\"position\":2,\"name\":\"Boutique\",\"item\":\"https:\/\/www.spiritofpolo.com\/fr\/boutique\"},{\"@type\":\"ListItem\",\"position\":3,\"name\":\"Korrika O &#8211; Devoucoux &#8211; Endurance\"}]},{\"@type\":\"WebSite\",\"@id\":\"https:\/\/www.spiritofpolo.com\/fr#website\",\"url\":\"https:\/\/www.spiritofpolo.com\/fr\",\"name\":\"Spirit of Polo - Spirit of Jumping\",\"description\":\"Argentine Polo Products\",\"publisher\":{\"@id\":\"https:\/\/www.spiritofpolo.com\/fr#organization\"},\"potentialAction\":[{\"@type\":\"SearchAction\",\"target\":{\"@type\":\"EntryPoint\",\"urlTemplate\":\"https:\/\/www.spiritofpolo.com\/fr?s={search_term_string}\"},\"query-input\":\"required name=search_term_string\"}],\"inLanguage\":\"fr-FR\"},{\"@type\":\"Organization\",\"@id\":\"https:\/\/www.spiritofpolo.com\/fr#organization\",\"name\":\"Spirit of Polo - Spirit of Jumping\",\"url\":\"https:\/\/www.spiritofpolo.com\/fr\",\"logo\":{\"@type\":\"ImageObject\",\"inLanguage\":\"fr-FR\",\"@id\":\"https:\/\/www.spiritofpolo.com\/fr#\/schema\/logo\/image\/\",\"url\":\"\",\"contentUrl\":\"\",\"caption\":\"Spirit of Polo - Spirit of Jumping\"},\"image\":{\"@id\":\"https:\/\/www.spiritofpolo.com\/fr#\/schema\/logo\/image\/\"}}]}<\/script>\n<!-- \/ Yoast SEO plugin. -->","yoast_head_json":{"title":"Korrika O - Devoucoux - Endurance - Spirit of Polo - Spirit of Jumping","robots":{"index":"index","follow":"follow","max-snippet":"max-snippet:-1","max-image-preview":"max-image-preview:large","max-video-preview":"max-video-preview:-1"},"canonical":"https:\/\/www.spiritofpolo.com\/fr\/produit\/korrika-o-devoucoux-endurance","og_locale":"fr_FR","og_type":"article","og_title":"Korrika O - Devoucoux - Endurance - Spirit of Polo - Spirit of Jumping","og_description":"Selle d'endurance \u00e0 si\u00e8ge creux et large avec couteaux d'\u00e9trivi\u00e8res recul\u00e9s. Selle d\u2019endurance, v\u00e9ritable innovation technique, elle pr\u00e9sente un si\u00e8ge creux et relativement large, gage de confort sur les longs parcours. Elle est \u00e9quip\u00e9e de couteaux d\u2019\u00e9trivi\u00e8res recul\u00e9s, qui lib\u00e8rent l\u2019avant-main du cheval et d'un syst\u00e8me de sanglage mobile. L\u2019absence de petits quartiers favorise la descente de la jambe. Mod\u00e8le d\u00e9pos\u00e9. Troph\u00e9e de l'innovation lors du Salon du Cheval \u00e0 Paris (2002).  Coloris: Havana ou Noir Finition: Doubl\u00e9 veau, Doubl\u00e9 buffle","og_url":"https:\/\/www.spiritofpolo.com\/fr\/produit\/korrika-o-devoucoux-endurance","og_site_name":"Spirit of Polo - Spirit of Jumping","article_modified_time":"2020-10-20T16:56:48+00:00","og_image":[{"width":555,"height":710,"url":"https:\/\/www.spiritofpolo.com\/wp-content\/uploads\/Korrika-O-Devoucoux-1.jpg","type":"image\/jpeg"}],"twitter_card":"summary_large_image","schema":{"@context":"https:\/\/schema.org","@graph":[{"@type":"WebPage","@id":"https:\/\/www.spiritofpolo.com\/fr\/produit\/korrika-o-devoucoux-endurance","url":"https:\/\/www.spiritofpolo.com\/fr\/produit\/korrika-o-devoucoux-endurance","name":"Korrika O - Devoucoux - Endurance - Spirit of Polo - Spirit of Jumping","isPartOf":{"@id":"https:\/\/www.spiritofpolo.com\/fr#website"},"datePublished":"2020-10-20T16:47:14+00:00","dateModified":"2020-10-20T16:56:48+00:00","breadcrumb":{"@id":"https:\/\/www.spiritofpolo.com\/fr\/produit\/korrika-o-devoucoux-endurance#breadcrumb"},"inLanguage":"fr-FR","potentialAction":[{"@type":"ReadAction","target":["https:\/\/www.spiritofpolo.com\/fr\/produit\/korrika-o-devoucoux-endurance"]}]},{"@type":"BreadcrumbList","@id":"https:\/\/www.spiritofpolo.com\/fr\/produit\/korrika-o-devoucoux-endurance#breadcrumb","itemListElement":[{"@type":"ListItem","position":1,"name":"Home","item":"https:\/\/www.spiritofpolo.com\/fr"},{"@type":"ListItem","position":2,"name":"Boutique","item":"https:\/\/www.spiritofpolo.com\/fr\/boutique"},{"@type":"ListItem","position":3,"name":"Korrika O &#8211; Devoucoux &#8211; Endurance"}]},{"@type":"WebSite","@id":"https:\/\/www.spiritofpolo.com\/fr#website","url":"https:\/\/www.spiritofpolo.com\/fr","name":"Spirit of Polo - Spirit of Jumping","description":"Argentine Polo Products","publisher":{"@id":"https:\/\/www.spiritofpolo.com\/fr#organization"},"potentialAction":[{"@type":"SearchAction","target":{"@type":"EntryPoint","urlTemplate":"https:\/\/www.spiritofpolo.com\/fr?s={search_term_string}"},"query-input":"required name=search_term_string"}],"inLanguage":"fr-FR"},{"@type":"Organization","@id":"https:\/\/www.spiritofpolo.com\/fr#organization","name":"Spirit of Polo - Spirit of Jumping","url":"https:\/\/www.spiritofpolo.com\/fr","logo":{"@type":"ImageObject","inLanguage":"fr-FR","@id":"https:\/\/www.spiritofpolo.com\/fr#\/schema\/logo\/image\/","url":"","contentUrl":"","caption":"Spirit of Polo - Spirit of Jumping"},"image":{"@id":"https:\/\/www.spiritofpolo.com\/fr#\/schema\/logo\/image\/"}}]}},"tiered_pricing_type":"fixed","tiered_pricing_fixed_rules":[],"tiered_pricing_product_settings":{"layout":"default","base_unit_name":{"singular":null,"plural":null},"default_variation":null},"tiered_pricing_minimum_quantity":null,"tiered_pricing_roles_data":[],"tiered_pricing_percentage_rules":[],"_links":{"self":[{"href":"https:\/\/www.spiritofpolo.com\/fr\/wp-json\/wp\/v2\/product\/12879"}],"collection":[{"href":"https:\/\/www.spiritofpolo.com\/fr\/wp-json\/wp\/v2\/product"}],"about":[{"href":"https:\/\/www.spiritofpolo.com\/fr\/wp-json\/wp\/v2\/types\/product"}],"replies":[{"embeddable":true,"href":"https:\/\/www.spiritofpolo.com\/fr\/wp-json\/wp\/v2\/comments?post=12879"}],"wp:featuredmedia":[{"embeddable":true,"href":"https:\/\/www.spiritofpolo.com\/fr\/wp-json\/wp\/v2\/media\/12881"}],"wp:attachment":[{"href":"https:\/\/www.spiritofpolo.com\/fr\/wp-json\/wp\/v2\/media?parent=12879"}],"wp:term":[{"taxonomy":"product_cat","embeddable":true,"href":"https:\/\/www.spiritofpolo.com\/fr\/wp-json\/wp\/v2\/product_cat?post=12879"},{"taxonomy":"product_tag","embeddable":true,"href":"https:\/\/www.spiritofpolo.com\/fr\/wp-json\/wp\/v2\/product_tag?post=12879"}],"curies":[{"name":"wp","href":"https:\/\/api.w.org\/{rel}","templated":true}]}}