{"id":13177,"date":"2020-11-12T22:28:22","date_gmt":"2020-11-12T22:28:22","guid":{"rendered":"https:\/\/www.spiritofpolo.com\/?post_type=product&#038;p=13177"},"modified":"2020-11-19T16:04:23","modified_gmt":"2020-11-19T16:04:23","slug":"vos-polos-dequipe-votre-design-ou-drapeau-x-8-deux-versions-de-couleur-meme-design","status":"publish","type":"product","link":"https:\/\/www.spiritofpolo.com\/fr\/produit\/vos-polos-dequipe-votre-design-ou-drapeau-x-8-deux-versions-de-couleur-meme-design","title":{"rendered":"Vos Polos d&rsquo;\u00e9quipe, votre design ou drapeau x 8 (deux versions de couleur &#8211; m\u00eame design)"},"content":{"rendered":"<p><img loading=\"lazy\" class=\"alignnone size-medium wp-image-13217\" src=\"https:\/\/www.spiritofpolo.com\/wp-content\/uploads\/\/Womans-Size-Table-235x300.jpg\" alt=\"\" width=\"235\" height=\"300\" srcset=\"https:\/\/www.spiritofpolo.com\/wp-content\/uploads\/Womans-Size-Table-235x300.jpg 235w, https:\/\/www.spiritofpolo.com\/wp-content\/uploads\/Womans-Size-Table-70x90.jpg 70w, https:\/\/www.spiritofpolo.com\/wp-content\/uploads\/Womans-Size-Table.jpg 555w\" sizes=\"(max-width: 235px) 100vw, 235px\" \/> <img loading=\"lazy\" class=\"alignnone size-medium wp-image-13214\" src=\"https:\/\/www.spiritofpolo.com\/wp-content\/uploads\/\/Mens-Size-Table-235x300.jpg\" alt=\"\" width=\"235\" height=\"300\" srcset=\"https:\/\/www.spiritofpolo.com\/wp-content\/uploads\/Mens-Size-Table-235x300.jpg 235w, https:\/\/www.spiritofpolo.com\/wp-content\/uploads\/Mens-Size-Table-70x90.jpg 70w, https:\/\/www.spiritofpolo.com\/wp-content\/uploads\/Mens-Size-Table.jpg 555w\" sizes=\"(max-width: 235px) 100vw, 235px\" \/><\/p>\n","protected":false},"excerpt":{"rendered":"<p><span class=\"tlid-translation translation\" lang=\"fr\"><span class=\"\" title=\"\">Vos polos d&rsquo;\u00e9quipe personnalis\u00e9s avec votre design ou un drapeau.<\/span> <span class=\"\" title=\"\">Nous pouvons les concevoir comme vous voulez!<\/span> <br \/><span class=\"\" title=\"\">Sublim\u00e9s \/ Dry-fit anti-humidit\u00e9 <br \/>4 polos + 4 polos <span class=\"VIiyi\" lang=\"fr\"><span class=\"JLqJ4b ChMk0b\" data-language-for-alternatives=\"fr\" data-language-to-translate-into=\"auto\" data-phrase-index=\"0\">couleur invers\u00e9e, m\u00eame design<\/span><\/span><br \/>Fabriqu\u00e9s en Argentine &#8211; Temps de production: 4 semaines<\/span><\/span><\/p>\n<div class=\"woocommerce-product-details__short-description\">\n<p>Notre moule est semi-ajust\u00e9. \u2028Consid\u00e9rez cela en plus des mesures pour choisir votre taille.<\/p>\n<p>Les mesures doivent \u00eatre prises de l\u2019extr\u00e9mit\u00e9 du cou au bas du v\u00eatement et de aisselle \u00e0 aisselle. Les mesures peuvent varier entre 1 et 2% \u2028<br \/>Pour une mesure correcte, elle doit \u00eatre prise sur une surface plane et non sur votre corps.<\/p>\n<p>Laver \u00e0 l\u2019eau froide dans une machine \u00e0 laver ou \u00e0 la main. Vous n\u2019avez pas besoin d\u2019un fer \u00e0 repasser. Ne pas repasser le col.<\/p>\n<\/div>\n","protected":false},"featured_media":10300,"comment_status":"open","ping_status":"closed","template":"","meta":[],"product_cat":[545,2227,94,2221,336],"product_tag":[575,2188,2187],"acf":[],"yoast_head":"<!-- This site is optimized with the Yoast SEO plugin v19.14 - https:\/\/yoast.com\/wordpress\/plugins\/seo\/ -->\n<title>Vos Polos d&#039;\u00e9quipe, votre design ou drapeau x 8 (deux versions de couleur - m\u00eame design) - Spirit of Polo - Spirit of Jumping<\/title>\n<meta name=\"description\" content=\"Votre polo personnalis\u00e9 avec votre design d&#039;\u00e9quipe ou un drapeau. Nous pouvons les concevoir comme vous voulez!\" \/>\n<meta name=\"robots\" content=\"index, follow, max-snippet:-1, max-image-preview:large, max-video-preview:-1\" \/>\n<link rel=\"canonical\" href=\"https:\/\/www.spiritofpolo.com\/fr\/produit\/vos-polos-dequipe-votre-design-ou-drapeau-x-8-deux-versions-de-couleur-meme-design\" \/>\n<meta property=\"og:locale\" content=\"fr_FR\" \/>\n<meta property=\"og:type\" content=\"article\" \/>\n<meta property=\"og:title\" content=\"Vos Polos d&#039;\u00e9quipe, votre design ou drapeau x 8 (deux versions de couleur - m\u00eame design) - Spirit of Polo - Spirit of Jumping\" \/>\n<meta property=\"og:description\" content=\"Votre polo personnalis\u00e9 avec votre design d&#039;\u00e9quipe ou un drapeau. Nous pouvons les concevoir comme vous voulez!\" \/>\n<meta property=\"og:url\" content=\"https:\/\/www.spiritofpolo.com\/fr\/produit\/vos-polos-dequipe-votre-design-ou-drapeau-x-8-deux-versions-de-couleur-meme-design\" \/>\n<meta property=\"og:site_name\" content=\"Spirit of Polo - Spirit of Jumping\" \/>\n<meta property=\"article:modified_time\" content=\"2020-11-19T16:04:23+00:00\" \/>\n<meta property=\"og:image\" content=\"https:\/\/www.spiritofpolo.com\/wp-content\/uploads\/Nuestra-tierra-2.jpg\" \/>\n\t<meta property=\"og:image:width\" content=\"555\" \/>\n\t<meta property=\"og:image:height\" content=\"710\" \/>\n\t<meta property=\"og:image:type\" content=\"image\/jpeg\" \/>\n<meta name=\"twitter:card\" content=\"summary_large_image\" \/>\n<script type=\"application\/ld+json\" class=\"yoast-schema-graph\">{\"@context\":\"https:\/\/schema.org\",\"@graph\":[{\"@type\":\"WebPage\",\"@id\":\"https:\/\/www.spiritofpolo.com\/fr\/produit\/vos-polos-dequipe-votre-design-ou-drapeau-x-8-deux-versions-de-couleur-meme-design\",\"url\":\"https:\/\/www.spiritofpolo.com\/fr\/produit\/vos-polos-dequipe-votre-design-ou-drapeau-x-8-deux-versions-de-couleur-meme-design\",\"name\":\"Vos Polos d'\u00e9quipe, votre design ou drapeau x 8 (deux versions de couleur - m\u00eame design) - Spirit of Polo - Spirit of Jumping\",\"isPartOf\":{\"@id\":\"https:\/\/www.spiritofpolo.com\/fr#website\"},\"datePublished\":\"2020-11-12T22:28:22+00:00\",\"dateModified\":\"2020-11-19T16:04:23+00:00\",\"description\":\"Votre polo personnalis\u00e9 avec votre design d'\u00e9quipe ou un drapeau. Nous pouvons les concevoir comme vous voulez!\",\"breadcrumb\":{\"@id\":\"https:\/\/www.spiritofpolo.com\/fr\/produit\/vos-polos-dequipe-votre-design-ou-drapeau-x-8-deux-versions-de-couleur-meme-design#breadcrumb\"},\"inLanguage\":\"fr-FR\",\"potentialAction\":[{\"@type\":\"ReadAction\",\"target\":[\"https:\/\/www.spiritofpolo.com\/fr\/produit\/vos-polos-dequipe-votre-design-ou-drapeau-x-8-deux-versions-de-couleur-meme-design\"]}]},{\"@type\":\"BreadcrumbList\",\"@id\":\"https:\/\/www.spiritofpolo.com\/fr\/produit\/vos-polos-dequipe-votre-design-ou-drapeau-x-8-deux-versions-de-couleur-meme-design#breadcrumb\",\"itemListElement\":[{\"@type\":\"ListItem\",\"position\":1,\"name\":\"Home\",\"item\":\"https:\/\/www.spiritofpolo.com\/fr\"},{\"@type\":\"ListItem\",\"position\":2,\"name\":\"Boutique\",\"item\":\"https:\/\/www.spiritofpolo.com\/fr\/boutique\"},{\"@type\":\"ListItem\",\"position\":3,\"name\":\"Vos Polos d&#8217;\u00e9quipe, votre design ou drapeau x 8 (deux versions de couleur &#8211; m\u00eame design)\"}]},{\"@type\":\"WebSite\",\"@id\":\"https:\/\/www.spiritofpolo.com\/fr#website\",\"url\":\"https:\/\/www.spiritofpolo.com\/fr\",\"name\":\"Spirit of Polo - Spirit of Jumping\",\"description\":\"Argentine Polo Products\",\"publisher\":{\"@id\":\"https:\/\/www.spiritofpolo.com\/fr#organization\"},\"potentialAction\":[{\"@type\":\"SearchAction\",\"target\":{\"@type\":\"EntryPoint\",\"urlTemplate\":\"https:\/\/www.spiritofpolo.com\/fr?s={search_term_string}\"},\"query-input\":\"required name=search_term_string\"}],\"inLanguage\":\"fr-FR\"},{\"@type\":\"Organization\",\"@id\":\"https:\/\/www.spiritofpolo.com\/fr#organization\",\"name\":\"Spirit of Polo - Spirit of Jumping\",\"url\":\"https:\/\/www.spiritofpolo.com\/fr\",\"logo\":{\"@type\":\"ImageObject\",\"inLanguage\":\"fr-FR\",\"@id\":\"https:\/\/www.spiritofpolo.com\/fr#\/schema\/logo\/image\/\",\"url\":\"\",\"contentUrl\":\"\",\"caption\":\"Spirit of Polo - Spirit of Jumping\"},\"image\":{\"@id\":\"https:\/\/www.spiritofpolo.com\/fr#\/schema\/logo\/image\/\"}}]}<\/script>\n<!-- \/ Yoast SEO plugin. -->","yoast_head_json":{"title":"Vos Polos d'\u00e9quipe, votre design ou drapeau x 8 (deux versions de couleur - m\u00eame design) - Spirit of Polo - Spirit of Jumping","description":"Votre polo personnalis\u00e9 avec votre design d'\u00e9quipe ou un drapeau. Nous pouvons les concevoir comme vous voulez!","robots":{"index":"index","follow":"follow","max-snippet":"max-snippet:-1","max-image-preview":"max-image-preview:large","max-video-preview":"max-video-preview:-1"},"canonical":"https:\/\/www.spiritofpolo.com\/fr\/produit\/vos-polos-dequipe-votre-design-ou-drapeau-x-8-deux-versions-de-couleur-meme-design","og_locale":"fr_FR","og_type":"article","og_title":"Vos Polos d'\u00e9quipe, votre design ou drapeau x 8 (deux versions de couleur - m\u00eame design) - Spirit of Polo - Spirit of Jumping","og_description":"Votre polo personnalis\u00e9 avec votre design d'\u00e9quipe ou un drapeau. Nous pouvons les concevoir comme vous voulez!","og_url":"https:\/\/www.spiritofpolo.com\/fr\/produit\/vos-polos-dequipe-votre-design-ou-drapeau-x-8-deux-versions-de-couleur-meme-design","og_site_name":"Spirit of Polo - Spirit of Jumping","article_modified_time":"2020-11-19T16:04:23+00:00","og_image":[{"width":555,"height":710,"url":"https:\/\/www.spiritofpolo.com\/wp-content\/uploads\/Nuestra-tierra-2.jpg","type":"image\/jpeg"}],"twitter_card":"summary_large_image","schema":{"@context":"https:\/\/schema.org","@graph":[{"@type":"WebPage","@id":"https:\/\/www.spiritofpolo.com\/fr\/produit\/vos-polos-dequipe-votre-design-ou-drapeau-x-8-deux-versions-de-couleur-meme-design","url":"https:\/\/www.spiritofpolo.com\/fr\/produit\/vos-polos-dequipe-votre-design-ou-drapeau-x-8-deux-versions-de-couleur-meme-design","name":"Vos Polos d'\u00e9quipe, votre design ou drapeau x 8 (deux versions de couleur - m\u00eame design) - Spirit of Polo - Spirit of Jumping","isPartOf":{"@id":"https:\/\/www.spiritofpolo.com\/fr#website"},"datePublished":"2020-11-12T22:28:22+00:00","dateModified":"2020-11-19T16:04:23+00:00","description":"Votre polo personnalis\u00e9 avec votre design d'\u00e9quipe ou un drapeau. Nous pouvons les concevoir comme vous voulez!","breadcrumb":{"@id":"https:\/\/www.spiritofpolo.com\/fr\/produit\/vos-polos-dequipe-votre-design-ou-drapeau-x-8-deux-versions-de-couleur-meme-design#breadcrumb"},"inLanguage":"fr-FR","potentialAction":[{"@type":"ReadAction","target":["https:\/\/www.spiritofpolo.com\/fr\/produit\/vos-polos-dequipe-votre-design-ou-drapeau-x-8-deux-versions-de-couleur-meme-design"]}]},{"@type":"BreadcrumbList","@id":"https:\/\/www.spiritofpolo.com\/fr\/produit\/vos-polos-dequipe-votre-design-ou-drapeau-x-8-deux-versions-de-couleur-meme-design#breadcrumb","itemListElement":[{"@type":"ListItem","position":1,"name":"Home","item":"https:\/\/www.spiritofpolo.com\/fr"},{"@type":"ListItem","position":2,"name":"Boutique","item":"https:\/\/www.spiritofpolo.com\/fr\/boutique"},{"@type":"ListItem","position":3,"name":"Vos Polos d&#8217;\u00e9quipe, votre design ou drapeau x 8 (deux versions de couleur &#8211; m\u00eame design)"}]},{"@type":"WebSite","@id":"https:\/\/www.spiritofpolo.com\/fr#website","url":"https:\/\/www.spiritofpolo.com\/fr","name":"Spirit of Polo - Spirit of Jumping","description":"Argentine Polo Products","publisher":{"@id":"https:\/\/www.spiritofpolo.com\/fr#organization"},"potentialAction":[{"@type":"SearchAction","target":{"@type":"EntryPoint","urlTemplate":"https:\/\/www.spiritofpolo.com\/fr?s={search_term_string}"},"query-input":"required name=search_term_string"}],"inLanguage":"fr-FR"},{"@type":"Organization","@id":"https:\/\/www.spiritofpolo.com\/fr#organization","name":"Spirit of Polo - Spirit of Jumping","url":"https:\/\/www.spiritofpolo.com\/fr","logo":{"@type":"ImageObject","inLanguage":"fr-FR","@id":"https:\/\/www.spiritofpolo.com\/fr#\/schema\/logo\/image\/","url":"","contentUrl":"","caption":"Spirit of Polo - Spirit of Jumping"},"image":{"@id":"https:\/\/www.spiritofpolo.com\/fr#\/schema\/logo\/image\/"}}]}},"tiered_pricing_type":"fixed","tiered_pricing_fixed_rules":[],"tiered_pricing_product_settings":{"layout":"default","base_unit_name":{"singular":null,"plural":null},"default_variation":null},"tiered_pricing_minimum_quantity":null,"tiered_pricing_roles_data":[],"tiered_pricing_percentage_rules":[],"_links":{"self":[{"href":"https:\/\/www.spiritofpolo.com\/fr\/wp-json\/wp\/v2\/product\/13177"}],"collection":[{"href":"https:\/\/www.spiritofpolo.com\/fr\/wp-json\/wp\/v2\/product"}],"about":[{"href":"https:\/\/www.spiritofpolo.com\/fr\/wp-json\/wp\/v2\/types\/product"}],"replies":[{"embeddable":true,"href":"https:\/\/www.spiritofpolo.com\/fr\/wp-json\/wp\/v2\/comments?post=13177"}],"wp:featuredmedia":[{"embeddable":true,"href":"https:\/\/www.spiritofpolo.com\/fr\/wp-json\/wp\/v2\/media\/10300"}],"wp:attachment":[{"href":"https:\/\/www.spiritofpolo.com\/fr\/wp-json\/wp\/v2\/media?parent=13177"}],"wp:term":[{"taxonomy":"product_cat","embeddable":true,"href":"https:\/\/www.spiritofpolo.com\/fr\/wp-json\/wp\/v2\/product_cat?post=13177"},{"taxonomy":"product_tag","embeddable":true,"href":"https:\/\/www.spiritofpolo.com\/fr\/wp-json\/wp\/v2\/product_tag?post=13177"}],"curies":[{"name":"wp","href":"https:\/\/api.w.org\/{rel}","templated":true}]}}