{"id":14160,"date":"2021-03-25T15:53:23","date_gmt":"2021-03-25T15:53:23","guid":{"rendered":"https:\/\/www.spiritofpolo.com\/product\/plage-deserte-eau-de-parfum"},"modified":"2021-09-13T21:50:11","modified_gmt":"2021-09-13T21:50:11","slug":"plage-deserte-eau-de-parfum","status":"publish","type":"product","link":"https:\/\/www.spiritofpolo.com\/fr\/produit\/plage-deserte-eau-de-parfum","title":{"rendered":"Plage D\u00e9serte &#8211; Eau de Parfum"},"content":{"rendered":"","protected":false},"excerpt":{"rendered":"<p>Plage D\u00e9serte:<br \/>\nAr\u00f4me d&rsquo;agrumes maritime et ensoleill\u00e9. Pamplemousse rose am\u00e9ricain avec des notes d&rsquo;orange naine. <\/p>\n<p>Nous avons imagin\u00e9 un endroit o\u00f9 nous allions avec nos chevaux et qui est grav\u00e9 \u00e0 jamais dans nos m\u00e9moires.<br \/>\nEt nos parfums sont n\u00e9s.<\/p>\n<p>Vaporisateur spray x 100\/50 \/ 30ml <\/p>\n","protected":false},"featured_media":14150,"comment_status":"open","ping_status":"closed","template":"","meta":[],"product_cat":[2230,2213,2381,2224],"product_tag":[],"acf":[],"yoast_head":"<!-- This site is optimized with the Yoast SEO plugin v19.14 - https:\/\/yoast.com\/wordpress\/plugins\/seo\/ -->\n<title>Plage D\u00e9serte - Eau de Parfum - Spirit of Polo - Spirit of Jumping<\/title>\n<meta name=\"robots\" content=\"index, follow, max-snippet:-1, max-image-preview:large, max-video-preview:-1\" \/>\n<link rel=\"canonical\" href=\"https:\/\/www.spiritofpolo.com\/fr\/produit\/plage-deserte-eau-de-parfum\" \/>\n<meta property=\"og:locale\" content=\"fr_FR\" \/>\n<meta property=\"og:type\" content=\"article\" \/>\n<meta property=\"og:title\" content=\"Plage D\u00e9serte - Eau de Parfum - Spirit of Polo - Spirit of Jumping\" \/>\n<meta property=\"og:description\" content=\"Plage D\u00e9serte: Ar\u00f4me d&#039;agrumes maritime et ensoleill\u00e9. Pamplemousse rose am\u00e9ricain avec des notes d&#039;orange naine.   Nous avons imagin\u00e9 un endroit o\u00f9 nous allions avec nos chevaux et qui est grav\u00e9 \u00e0 jamais dans nos m\u00e9moires. Et nos parfums sont n\u00e9s.  Vaporisateur spray x 100\/50 \/ 30ml\" \/>\n<meta property=\"og:url\" content=\"https:\/\/www.spiritofpolo.com\/fr\/produit\/plage-deserte-eau-de-parfum\" \/>\n<meta property=\"og:site_name\" content=\"Spirit of Polo - Spirit of Jumping\" \/>\n<meta property=\"article:modified_time\" content=\"2021-09-13T21:50:11+00:00\" \/>\n<meta property=\"og:image\" content=\"https:\/\/www.spiritofpolo.com\/wp-content\/uploads\/Spirit-of-Jumping-Eau-de-Parfum-Plage-De\u0301serte.jpg\" \/>\n\t<meta property=\"og:image:width\" content=\"555\" \/>\n\t<meta property=\"og:image:height\" content=\"710\" \/>\n\t<meta property=\"og:image:type\" content=\"image\/jpeg\" \/>\n<meta name=\"twitter:card\" content=\"summary_large_image\" \/>\n<script type=\"application\/ld+json\" class=\"yoast-schema-graph\">{\"@context\":\"https:\/\/schema.org\",\"@graph\":[{\"@type\":\"WebPage\",\"@id\":\"https:\/\/www.spiritofpolo.com\/fr\/produit\/plage-deserte-eau-de-parfum\",\"url\":\"https:\/\/www.spiritofpolo.com\/fr\/produit\/plage-deserte-eau-de-parfum\",\"name\":\"Plage D\u00e9serte - Eau de Parfum - Spirit of Polo - Spirit of Jumping\",\"isPartOf\":{\"@id\":\"https:\/\/www.spiritofpolo.com\/fr#website\"},\"datePublished\":\"2021-03-25T15:53:23+00:00\",\"dateModified\":\"2021-09-13T21:50:11+00:00\",\"breadcrumb\":{\"@id\":\"https:\/\/www.spiritofpolo.com\/fr\/produit\/plage-deserte-eau-de-parfum#breadcrumb\"},\"inLanguage\":\"fr-FR\",\"potentialAction\":[{\"@type\":\"ReadAction\",\"target\":[\"https:\/\/www.spiritofpolo.com\/fr\/produit\/plage-deserte-eau-de-parfum\"]}]},{\"@type\":\"BreadcrumbList\",\"@id\":\"https:\/\/www.spiritofpolo.com\/fr\/produit\/plage-deserte-eau-de-parfum#breadcrumb\",\"itemListElement\":[{\"@type\":\"ListItem\",\"position\":1,\"name\":\"Home\",\"item\":\"https:\/\/www.spiritofpolo.com\/fr\"},{\"@type\":\"ListItem\",\"position\":2,\"name\":\"Boutique\",\"item\":\"https:\/\/www.spiritofpolo.com\/fr\/boutique\"},{\"@type\":\"ListItem\",\"position\":3,\"name\":\"Plage D\u00e9serte &#8211; Eau de Parfum\"}]},{\"@type\":\"WebSite\",\"@id\":\"https:\/\/www.spiritofpolo.com\/fr#website\",\"url\":\"https:\/\/www.spiritofpolo.com\/fr\",\"name\":\"Spirit of Polo - Spirit of Jumping\",\"description\":\"Argentine Polo Products\",\"publisher\":{\"@id\":\"https:\/\/www.spiritofpolo.com\/fr#organization\"},\"potentialAction\":[{\"@type\":\"SearchAction\",\"target\":{\"@type\":\"EntryPoint\",\"urlTemplate\":\"https:\/\/www.spiritofpolo.com\/fr?s={search_term_string}\"},\"query-input\":\"required name=search_term_string\"}],\"inLanguage\":\"fr-FR\"},{\"@type\":\"Organization\",\"@id\":\"https:\/\/www.spiritofpolo.com\/fr#organization\",\"name\":\"Spirit of Polo - Spirit of Jumping\",\"url\":\"https:\/\/www.spiritofpolo.com\/fr\",\"logo\":{\"@type\":\"ImageObject\",\"inLanguage\":\"fr-FR\",\"@id\":\"https:\/\/www.spiritofpolo.com\/fr#\/schema\/logo\/image\/\",\"url\":\"\",\"contentUrl\":\"\",\"caption\":\"Spirit of Polo - Spirit of Jumping\"},\"image\":{\"@id\":\"https:\/\/www.spiritofpolo.com\/fr#\/schema\/logo\/image\/\"}}]}<\/script>\n<!-- \/ Yoast SEO plugin. -->","yoast_head_json":{"title":"Plage D\u00e9serte - Eau de Parfum - Spirit of Polo - Spirit of Jumping","robots":{"index":"index","follow":"follow","max-snippet":"max-snippet:-1","max-image-preview":"max-image-preview:large","max-video-preview":"max-video-preview:-1"},"canonical":"https:\/\/www.spiritofpolo.com\/fr\/produit\/plage-deserte-eau-de-parfum","og_locale":"fr_FR","og_type":"article","og_title":"Plage D\u00e9serte - Eau de Parfum - Spirit of Polo - Spirit of Jumping","og_description":"Plage D\u00e9serte: Ar\u00f4me d'agrumes maritime et ensoleill\u00e9. Pamplemousse rose am\u00e9ricain avec des notes d'orange naine.   Nous avons imagin\u00e9 un endroit o\u00f9 nous allions avec nos chevaux et qui est grav\u00e9 \u00e0 jamais dans nos m\u00e9moires. Et nos parfums sont n\u00e9s.  Vaporisateur spray x 100\/50 \/ 30ml","og_url":"https:\/\/www.spiritofpolo.com\/fr\/produit\/plage-deserte-eau-de-parfum","og_site_name":"Spirit of Polo - Spirit of Jumping","article_modified_time":"2021-09-13T21:50:11+00:00","og_image":[{"width":555,"height":710,"url":"https:\/\/www.spiritofpolo.com\/wp-content\/uploads\/Spirit-of-Jumping-Eau-de-Parfum-Plage-De\u0301serte.jpg","type":"image\/jpeg"}],"twitter_card":"summary_large_image","schema":{"@context":"https:\/\/schema.org","@graph":[{"@type":"WebPage","@id":"https:\/\/www.spiritofpolo.com\/fr\/produit\/plage-deserte-eau-de-parfum","url":"https:\/\/www.spiritofpolo.com\/fr\/produit\/plage-deserte-eau-de-parfum","name":"Plage D\u00e9serte - Eau de Parfum - Spirit of Polo - Spirit of Jumping","isPartOf":{"@id":"https:\/\/www.spiritofpolo.com\/fr#website"},"datePublished":"2021-03-25T15:53:23+00:00","dateModified":"2021-09-13T21:50:11+00:00","breadcrumb":{"@id":"https:\/\/www.spiritofpolo.com\/fr\/produit\/plage-deserte-eau-de-parfum#breadcrumb"},"inLanguage":"fr-FR","potentialAction":[{"@type":"ReadAction","target":["https:\/\/www.spiritofpolo.com\/fr\/produit\/plage-deserte-eau-de-parfum"]}]},{"@type":"BreadcrumbList","@id":"https:\/\/www.spiritofpolo.com\/fr\/produit\/plage-deserte-eau-de-parfum#breadcrumb","itemListElement":[{"@type":"ListItem","position":1,"name":"Home","item":"https:\/\/www.spiritofpolo.com\/fr"},{"@type":"ListItem","position":2,"name":"Boutique","item":"https:\/\/www.spiritofpolo.com\/fr\/boutique"},{"@type":"ListItem","position":3,"name":"Plage D\u00e9serte &#8211; Eau de Parfum"}]},{"@type":"WebSite","@id":"https:\/\/www.spiritofpolo.com\/fr#website","url":"https:\/\/www.spiritofpolo.com\/fr","name":"Spirit of Polo - Spirit of Jumping","description":"Argentine Polo Products","publisher":{"@id":"https:\/\/www.spiritofpolo.com\/fr#organization"},"potentialAction":[{"@type":"SearchAction","target":{"@type":"EntryPoint","urlTemplate":"https:\/\/www.spiritofpolo.com\/fr?s={search_term_string}"},"query-input":"required name=search_term_string"}],"inLanguage":"fr-FR"},{"@type":"Organization","@id":"https:\/\/www.spiritofpolo.com\/fr#organization","name":"Spirit of Polo - Spirit of Jumping","url":"https:\/\/www.spiritofpolo.com\/fr","logo":{"@type":"ImageObject","inLanguage":"fr-FR","@id":"https:\/\/www.spiritofpolo.com\/fr#\/schema\/logo\/image\/","url":"","contentUrl":"","caption":"Spirit of Polo - Spirit of Jumping"},"image":{"@id":"https:\/\/www.spiritofpolo.com\/fr#\/schema\/logo\/image\/"}}]}},"tiered_pricing_type":"fixed","tiered_pricing_fixed_rules":[],"tiered_pricing_product_settings":{"layout":"default","base_unit_name":{"singular":null,"plural":null},"default_variation":null},"tiered_pricing_minimum_quantity":null,"tiered_pricing_roles_data":[],"tiered_pricing_percentage_rules":[],"_links":{"self":[{"href":"https:\/\/www.spiritofpolo.com\/fr\/wp-json\/wp\/v2\/product\/14160"}],"collection":[{"href":"https:\/\/www.spiritofpolo.com\/fr\/wp-json\/wp\/v2\/product"}],"about":[{"href":"https:\/\/www.spiritofpolo.com\/fr\/wp-json\/wp\/v2\/types\/product"}],"replies":[{"embeddable":true,"href":"https:\/\/www.spiritofpolo.com\/fr\/wp-json\/wp\/v2\/comments?post=14160"}],"wp:featuredmedia":[{"embeddable":true,"href":"https:\/\/www.spiritofpolo.com\/fr\/wp-json\/wp\/v2\/media\/14150"}],"wp:attachment":[{"href":"https:\/\/www.spiritofpolo.com\/fr\/wp-json\/wp\/v2\/media?parent=14160"}],"wp:term":[{"taxonomy":"product_cat","embeddable":true,"href":"https:\/\/www.spiritofpolo.com\/fr\/wp-json\/wp\/v2\/product_cat?post=14160"},{"taxonomy":"product_tag","embeddable":true,"href":"https:\/\/www.spiritofpolo.com\/fr\/wp-json\/wp\/v2\/product_tag?post=14160"}],"curies":[{"name":"wp","href":"https:\/\/api.w.org\/{rel}","templated":true}]}}