{"id":14342,"date":"2021-06-23T19:22:57","date_gmt":"2021-06-23T19:22:57","guid":{"rendered":"https:\/\/www.spiritofpolo.com\/?post_type=product&#038;p=14342"},"modified":"2026-02-12T11:18:33","modified_gmt":"2026-02-12T11:18:33","slug":"spirit-of-polo-maillet-48-53%c2%a8","status":"publish","type":"product","link":"https:\/\/www.spiritofpolo.com\/fr\/produit\/spirit-of-polo-maillet-48-53%c2%a8","title":{"rendered":"Spirit of Polo Maillet 48-53\u00a8"},"content":{"rendered":"<p>Frais de livraison en Europe avec notre service de livraison global (voire dates) : 25 % du prix d\u2019achat<\/p>\n<p>Frais de livraison par FedEx pour 1 \u00e0 5 maillets<br \/>\nUSA : 250 USD<br \/>\nEUROPE : 300 USD<br \/>\nASIE : 350 USD<\/p>\n","protected":false},"excerpt":{"rendered":"<p>POUR LE TRANSPORT EN DEHORS DE L&rsquo;ARGENTINE ET DE L&rsquo;EUROPE, VEUILLEZ V\u00c9RIFIER LE CO\u00dbT DU TRANSPORT<\/p>\n<p>Nos maillets sont fabriqu\u00e9s par les meilleurs artisans argentins. Fabriqu\u00e9 en canne originale de Malaisie et en cigares Tippa d&rsquo;Argentine.<br \/>\nDemandez vos initiales sur les maillets &#x1f609;<\/p>\n","protected":false},"featured_media":14636,"comment_status":"open","ping_status":"closed","template":"","meta":[],"product_cat":[174,94],"product_tag":[300,308],"acf":[],"yoast_head":"<!-- This site is optimized with the Yoast SEO plugin v19.14 - https:\/\/yoast.com\/wordpress\/plugins\/seo\/ -->\n<title>Spirit of Polo Maillet 48-53\u00a8 - Spirit of Polo - Spirit of Jumping<\/title>\n<meta name=\"robots\" content=\"index, follow, max-snippet:-1, max-image-preview:large, max-video-preview:-1\" \/>\n<link rel=\"canonical\" href=\"https:\/\/www.spiritofpolo.com\/fr\/produit\/spirit-of-polo-maillet-48-53%c2%a8\" \/>\n<meta property=\"og:locale\" content=\"fr_FR\" \/>\n<meta property=\"og:type\" content=\"article\" \/>\n<meta property=\"og:title\" content=\"Spirit of Polo Maillet 48-53\u00a8 - Spirit of Polo - Spirit of Jumping\" \/>\n<meta property=\"og:description\" content=\"POUR LE TRANSPORT EN DEHORS DE L&#039;ARGENTINE ET DE L&#039;EUROPE, VEUILLEZ V\u00c9RIFIER LE CO\u00dbT DU TRANSPORT  Nos maillets sont fabriqu\u00e9s par les meilleurs artisans argentins. Fabriqu\u00e9 en canne originale de Malaisie et en cigares Tippa d&#039;Argentine. Demandez vos initiales sur les maillets &#x1f609;\" \/>\n<meta property=\"og:url\" content=\"https:\/\/www.spiritofpolo.com\/fr\/produit\/spirit-of-polo-maillet-48-53%c2%a8\" \/>\n<meta property=\"og:site_name\" content=\"Spirit of Polo - Spirit of Jumping\" \/>\n<meta property=\"article:modified_time\" content=\"2026-02-12T11:18:33+00:00\" \/>\n<meta property=\"og:image\" content=\"https:\/\/www.spiritofpolo.com\/wp-content\/uploads\/SPIRIT-OF-POLO-Tacos-chica.jpg\" \/>\n\t<meta property=\"og:image:width\" content=\"555\" \/>\n\t<meta property=\"og:image:height\" content=\"710\" \/>\n\t<meta property=\"og:image:type\" content=\"image\/jpeg\" \/>\n<meta name=\"twitter:card\" content=\"summary_large_image\" \/>\n<script type=\"application\/ld+json\" class=\"yoast-schema-graph\">{\"@context\":\"https:\/\/schema.org\",\"@graph\":[{\"@type\":\"WebPage\",\"@id\":\"https:\/\/www.spiritofpolo.com\/fr\/produit\/spirit-of-polo-maillet-48-53%c2%a8\",\"url\":\"https:\/\/www.spiritofpolo.com\/fr\/produit\/spirit-of-polo-maillet-48-53%c2%a8\",\"name\":\"Spirit of Polo Maillet 48-53\u00a8 - Spirit of Polo - Spirit of Jumping\",\"isPartOf\":{\"@id\":\"https:\/\/www.spiritofpolo.com\/fr#website\"},\"datePublished\":\"2021-06-23T19:22:57+00:00\",\"dateModified\":\"2026-02-12T11:18:33+00:00\",\"breadcrumb\":{\"@id\":\"https:\/\/www.spiritofpolo.com\/fr\/produit\/spirit-of-polo-maillet-48-53%c2%a8#breadcrumb\"},\"inLanguage\":\"fr-FR\",\"potentialAction\":[{\"@type\":\"ReadAction\",\"target\":[\"https:\/\/www.spiritofpolo.com\/fr\/produit\/spirit-of-polo-maillet-48-53%c2%a8\"]}]},{\"@type\":\"BreadcrumbList\",\"@id\":\"https:\/\/www.spiritofpolo.com\/fr\/produit\/spirit-of-polo-maillet-48-53%c2%a8#breadcrumb\",\"itemListElement\":[{\"@type\":\"ListItem\",\"position\":1,\"name\":\"Home\",\"item\":\"https:\/\/www.spiritofpolo.com\/fr\"},{\"@type\":\"ListItem\",\"position\":2,\"name\":\"Boutique\",\"item\":\"https:\/\/www.spiritofpolo.com\/fr\/boutique\"},{\"@type\":\"ListItem\",\"position\":3,\"name\":\"Spirit of Polo Maillet 48-53\u00a8\"}]},{\"@type\":\"WebSite\",\"@id\":\"https:\/\/www.spiritofpolo.com\/fr#website\",\"url\":\"https:\/\/www.spiritofpolo.com\/fr\",\"name\":\"Spirit of Polo - Spirit of Jumping\",\"description\":\"Argentine Polo Products\",\"publisher\":{\"@id\":\"https:\/\/www.spiritofpolo.com\/fr#organization\"},\"potentialAction\":[{\"@type\":\"SearchAction\",\"target\":{\"@type\":\"EntryPoint\",\"urlTemplate\":\"https:\/\/www.spiritofpolo.com\/fr?s={search_term_string}\"},\"query-input\":\"required name=search_term_string\"}],\"inLanguage\":\"fr-FR\"},{\"@type\":\"Organization\",\"@id\":\"https:\/\/www.spiritofpolo.com\/fr#organization\",\"name\":\"Spirit of Polo - Spirit of Jumping\",\"url\":\"https:\/\/www.spiritofpolo.com\/fr\",\"logo\":{\"@type\":\"ImageObject\",\"inLanguage\":\"fr-FR\",\"@id\":\"https:\/\/www.spiritofpolo.com\/fr#\/schema\/logo\/image\/\",\"url\":\"\",\"contentUrl\":\"\",\"caption\":\"Spirit of Polo - Spirit of Jumping\"},\"image\":{\"@id\":\"https:\/\/www.spiritofpolo.com\/fr#\/schema\/logo\/image\/\"}}]}<\/script>\n<!-- \/ Yoast SEO plugin. -->","yoast_head_json":{"title":"Spirit of Polo Maillet 48-53\u00a8 - Spirit of Polo - Spirit of Jumping","robots":{"index":"index","follow":"follow","max-snippet":"max-snippet:-1","max-image-preview":"max-image-preview:large","max-video-preview":"max-video-preview:-1"},"canonical":"https:\/\/www.spiritofpolo.com\/fr\/produit\/spirit-of-polo-maillet-48-53%c2%a8","og_locale":"fr_FR","og_type":"article","og_title":"Spirit of Polo Maillet 48-53\u00a8 - Spirit of Polo - Spirit of Jumping","og_description":"POUR LE TRANSPORT EN DEHORS DE L'ARGENTINE ET DE L'EUROPE, VEUILLEZ V\u00c9RIFIER LE CO\u00dbT DU TRANSPORT  Nos maillets sont fabriqu\u00e9s par les meilleurs artisans argentins. Fabriqu\u00e9 en canne originale de Malaisie et en cigares Tippa d'Argentine. Demandez vos initiales sur les maillets &#x1f609;","og_url":"https:\/\/www.spiritofpolo.com\/fr\/produit\/spirit-of-polo-maillet-48-53%c2%a8","og_site_name":"Spirit of Polo - Spirit of Jumping","article_modified_time":"2026-02-12T11:18:33+00:00","og_image":[{"width":555,"height":710,"url":"https:\/\/www.spiritofpolo.com\/wp-content\/uploads\/SPIRIT-OF-POLO-Tacos-chica.jpg","type":"image\/jpeg"}],"twitter_card":"summary_large_image","schema":{"@context":"https:\/\/schema.org","@graph":[{"@type":"WebPage","@id":"https:\/\/www.spiritofpolo.com\/fr\/produit\/spirit-of-polo-maillet-48-53%c2%a8","url":"https:\/\/www.spiritofpolo.com\/fr\/produit\/spirit-of-polo-maillet-48-53%c2%a8","name":"Spirit of Polo Maillet 48-53\u00a8 - Spirit of Polo - Spirit of Jumping","isPartOf":{"@id":"https:\/\/www.spiritofpolo.com\/fr#website"},"datePublished":"2021-06-23T19:22:57+00:00","dateModified":"2026-02-12T11:18:33+00:00","breadcrumb":{"@id":"https:\/\/www.spiritofpolo.com\/fr\/produit\/spirit-of-polo-maillet-48-53%c2%a8#breadcrumb"},"inLanguage":"fr-FR","potentialAction":[{"@type":"ReadAction","target":["https:\/\/www.spiritofpolo.com\/fr\/produit\/spirit-of-polo-maillet-48-53%c2%a8"]}]},{"@type":"BreadcrumbList","@id":"https:\/\/www.spiritofpolo.com\/fr\/produit\/spirit-of-polo-maillet-48-53%c2%a8#breadcrumb","itemListElement":[{"@type":"ListItem","position":1,"name":"Home","item":"https:\/\/www.spiritofpolo.com\/fr"},{"@type":"ListItem","position":2,"name":"Boutique","item":"https:\/\/www.spiritofpolo.com\/fr\/boutique"},{"@type":"ListItem","position":3,"name":"Spirit of Polo Maillet 48-53\u00a8"}]},{"@type":"WebSite","@id":"https:\/\/www.spiritofpolo.com\/fr#website","url":"https:\/\/www.spiritofpolo.com\/fr","name":"Spirit of Polo - Spirit of Jumping","description":"Argentine Polo Products","publisher":{"@id":"https:\/\/www.spiritofpolo.com\/fr#organization"},"potentialAction":[{"@type":"SearchAction","target":{"@type":"EntryPoint","urlTemplate":"https:\/\/www.spiritofpolo.com\/fr?s={search_term_string}"},"query-input":"required name=search_term_string"}],"inLanguage":"fr-FR"},{"@type":"Organization","@id":"https:\/\/www.spiritofpolo.com\/fr#organization","name":"Spirit of Polo - Spirit of Jumping","url":"https:\/\/www.spiritofpolo.com\/fr","logo":{"@type":"ImageObject","inLanguage":"fr-FR","@id":"https:\/\/www.spiritofpolo.com\/fr#\/schema\/logo\/image\/","url":"","contentUrl":"","caption":"Spirit of Polo - Spirit of Jumping"},"image":{"@id":"https:\/\/www.spiritofpolo.com\/fr#\/schema\/logo\/image\/"}}]}},"tiered_pricing_type":"fixed","tiered_pricing_fixed_rules":[],"tiered_pricing_product_settings":{"layout":"default","base_unit_name":{"singular":null,"plural":null},"default_variation":null},"tiered_pricing_minimum_quantity":null,"tiered_pricing_roles_data":[],"tiered_pricing_percentage_rules":[],"_links":{"self":[{"href":"https:\/\/www.spiritofpolo.com\/fr\/wp-json\/wp\/v2\/product\/14342"}],"collection":[{"href":"https:\/\/www.spiritofpolo.com\/fr\/wp-json\/wp\/v2\/product"}],"about":[{"href":"https:\/\/www.spiritofpolo.com\/fr\/wp-json\/wp\/v2\/types\/product"}],"replies":[{"embeddable":true,"href":"https:\/\/www.spiritofpolo.com\/fr\/wp-json\/wp\/v2\/comments?post=14342"}],"wp:featuredmedia":[{"embeddable":true,"href":"https:\/\/www.spiritofpolo.com\/fr\/wp-json\/wp\/v2\/media\/14636"}],"wp:attachment":[{"href":"https:\/\/www.spiritofpolo.com\/fr\/wp-json\/wp\/v2\/media?parent=14342"}],"wp:term":[{"taxonomy":"product_cat","embeddable":true,"href":"https:\/\/www.spiritofpolo.com\/fr\/wp-json\/wp\/v2\/product_cat?post=14342"},{"taxonomy":"product_tag","embeddable":true,"href":"https:\/\/www.spiritofpolo.com\/fr\/wp-json\/wp\/v2\/product_tag?post=14342"}],"curies":[{"name":"wp","href":"https:\/\/api.w.org\/{rel}","templated":true}]}}