{"id":14675,"date":"2021-09-02T13:21:15","date_gmt":"2021-09-02T13:21:18","guid":{"rendered":"https:\/\/www.spiritofpolo.com\/?post_type=product&#038;p=14675"},"modified":"2021-09-02T14:06:49","modified_gmt":"2021-09-02T14:06:49","slug":"spirit-of-polo-sweat-shirt-a-capuche-unisex-gris","status":"publish","type":"product","link":"https:\/\/www.spiritofpolo.com\/fr\/produit\/spirit-of-polo-sweat-shirt-a-capuche-unisex-gris","title":{"rendered":"Spirit of Polo Sweat-shirt \u00e0 Capuche Unisex Gris"},"content":{"rendered":"","protected":false},"excerpt":{"rendered":"<p>Le sweat-shirt \u00e0 capuche unisex Spirit of Polo gris est con\u00e7u avec un tissu en coton tr\u00e8s doux qui offre un confort et une chaleur optimaux. Cette sweat-shirt comprend une fermeture \u00e9clair sur le devant, des manches longues, des poignets et un ourlet c\u00f4tel\u00e9s, une capuche \u00e0 cordon de serrage et une poche kangourou. L&rsquo;int\u00e9rieur de la capuche est en noir. Notre logo Spirit of Polo appara\u00eet dans une belle broderie sur le devant gauche et le dos. <\/p>\n","protected":false},"featured_media":14680,"comment_status":"open","ping_status":"closed","template":"","meta":[],"product_cat":[2230,2227,94,2221,2275,336],"product_tag":[1187,584,124],"acf":[],"yoast_head":"<!-- This site is optimized with the Yoast SEO plugin v19.14 - https:\/\/yoast.com\/wordpress\/plugins\/seo\/ -->\n<title>Spirit of Polo Sweat-shirt \u00e0 Capuche Unisex Gris - Spirit of Polo - Spirit of Jumping<\/title>\n<meta name=\"description\" content=\"Argentina polo shirt for your practices ... or to feel polo anytime!\" \/>\n<meta name=\"robots\" content=\"index, follow, max-snippet:-1, max-image-preview:large, max-video-preview:-1\" \/>\n<link rel=\"canonical\" href=\"https:\/\/www.spiritofpolo.com\/fr\/produit\/spirit-of-polo-sweat-shirt-a-capuche-unisex-gris\" \/>\n<meta property=\"og:locale\" content=\"fr_FR\" \/>\n<meta property=\"og:type\" content=\"article\" \/>\n<meta property=\"og:title\" content=\"Spirit of Polo Sweat-shirt \u00e0 Capuche Unisex Gris - Spirit of Polo - Spirit of Jumping\" \/>\n<meta property=\"og:description\" content=\"Argentina polo shirt for your practices ... or to feel polo anytime!\" \/>\n<meta property=\"og:url\" content=\"https:\/\/www.spiritofpolo.com\/fr\/produit\/spirit-of-polo-sweat-shirt-a-capuche-unisex-gris\" \/>\n<meta property=\"og:site_name\" content=\"Spirit of Polo - Spirit of Jumping\" \/>\n<meta property=\"article:modified_time\" content=\"2021-09-02T14:06:49+00:00\" \/>\n<meta property=\"og:image\" content=\"https:\/\/www.spiritofpolo.com\/wp-content\/uploads\/Spirit-of-Polo-buzo-canguro-1.jpg\" \/>\n\t<meta property=\"og:image:width\" content=\"555\" \/>\n\t<meta property=\"og:image:height\" content=\"710\" \/>\n\t<meta property=\"og:image:type\" content=\"image\/jpeg\" \/>\n<meta name=\"twitter:card\" content=\"summary_large_image\" \/>\n<script type=\"application\/ld+json\" class=\"yoast-schema-graph\">{\"@context\":\"https:\/\/schema.org\",\"@graph\":[{\"@type\":\"WebPage\",\"@id\":\"https:\/\/www.spiritofpolo.com\/fr\/produit\/spirit-of-polo-sweat-shirt-a-capuche-unisex-gris\",\"url\":\"https:\/\/www.spiritofpolo.com\/fr\/produit\/spirit-of-polo-sweat-shirt-a-capuche-unisex-gris\",\"name\":\"Spirit of Polo Sweat-shirt \u00e0 Capuche Unisex Gris - Spirit of Polo - Spirit of Jumping\",\"isPartOf\":{\"@id\":\"https:\/\/www.spiritofpolo.com\/fr#website\"},\"datePublished\":\"2021-09-02T13:21:18+00:00\",\"dateModified\":\"2021-09-02T14:06:49+00:00\",\"description\":\"Argentina polo shirt for your practices ... or to feel polo anytime!\",\"breadcrumb\":{\"@id\":\"https:\/\/www.spiritofpolo.com\/fr\/produit\/spirit-of-polo-sweat-shirt-a-capuche-unisex-gris#breadcrumb\"},\"inLanguage\":\"fr-FR\",\"potentialAction\":[{\"@type\":\"ReadAction\",\"target\":[\"https:\/\/www.spiritofpolo.com\/fr\/produit\/spirit-of-polo-sweat-shirt-a-capuche-unisex-gris\"]}]},{\"@type\":\"BreadcrumbList\",\"@id\":\"https:\/\/www.spiritofpolo.com\/fr\/produit\/spirit-of-polo-sweat-shirt-a-capuche-unisex-gris#breadcrumb\",\"itemListElement\":[{\"@type\":\"ListItem\",\"position\":1,\"name\":\"Home\",\"item\":\"https:\/\/www.spiritofpolo.com\/fr\"},{\"@type\":\"ListItem\",\"position\":2,\"name\":\"Boutique\",\"item\":\"https:\/\/www.spiritofpolo.com\/fr\/boutique\"},{\"@type\":\"ListItem\",\"position\":3,\"name\":\"Spirit of Polo Sweat-shirt \u00e0 Capuche Unisex Gris\"}]},{\"@type\":\"WebSite\",\"@id\":\"https:\/\/www.spiritofpolo.com\/fr#website\",\"url\":\"https:\/\/www.spiritofpolo.com\/fr\",\"name\":\"Spirit of Polo - Spirit of Jumping\",\"description\":\"Argentine Polo Products\",\"publisher\":{\"@id\":\"https:\/\/www.spiritofpolo.com\/fr#organization\"},\"potentialAction\":[{\"@type\":\"SearchAction\",\"target\":{\"@type\":\"EntryPoint\",\"urlTemplate\":\"https:\/\/www.spiritofpolo.com\/fr?s={search_term_string}\"},\"query-input\":\"required name=search_term_string\"}],\"inLanguage\":\"fr-FR\"},{\"@type\":\"Organization\",\"@id\":\"https:\/\/www.spiritofpolo.com\/fr#organization\",\"name\":\"Spirit of Polo - Spirit of Jumping\",\"url\":\"https:\/\/www.spiritofpolo.com\/fr\",\"logo\":{\"@type\":\"ImageObject\",\"inLanguage\":\"fr-FR\",\"@id\":\"https:\/\/www.spiritofpolo.com\/fr#\/schema\/logo\/image\/\",\"url\":\"\",\"contentUrl\":\"\",\"caption\":\"Spirit of Polo - Spirit of Jumping\"},\"image\":{\"@id\":\"https:\/\/www.spiritofpolo.com\/fr#\/schema\/logo\/image\/\"}}]}<\/script>\n<!-- \/ Yoast SEO plugin. -->","yoast_head_json":{"title":"Spirit of Polo Sweat-shirt \u00e0 Capuche Unisex Gris - Spirit of Polo - Spirit of Jumping","description":"Argentina polo shirt for your practices ... or to feel polo anytime!","robots":{"index":"index","follow":"follow","max-snippet":"max-snippet:-1","max-image-preview":"max-image-preview:large","max-video-preview":"max-video-preview:-1"},"canonical":"https:\/\/www.spiritofpolo.com\/fr\/produit\/spirit-of-polo-sweat-shirt-a-capuche-unisex-gris","og_locale":"fr_FR","og_type":"article","og_title":"Spirit of Polo Sweat-shirt \u00e0 Capuche Unisex Gris - Spirit of Polo - Spirit of Jumping","og_description":"Argentina polo shirt for your practices ... or to feel polo anytime!","og_url":"https:\/\/www.spiritofpolo.com\/fr\/produit\/spirit-of-polo-sweat-shirt-a-capuche-unisex-gris","og_site_name":"Spirit of Polo - Spirit of Jumping","article_modified_time":"2021-09-02T14:06:49+00:00","og_image":[{"width":555,"height":710,"url":"https:\/\/www.spiritofpolo.com\/wp-content\/uploads\/Spirit-of-Polo-buzo-canguro-1.jpg","type":"image\/jpeg"}],"twitter_card":"summary_large_image","schema":{"@context":"https:\/\/schema.org","@graph":[{"@type":"WebPage","@id":"https:\/\/www.spiritofpolo.com\/fr\/produit\/spirit-of-polo-sweat-shirt-a-capuche-unisex-gris","url":"https:\/\/www.spiritofpolo.com\/fr\/produit\/spirit-of-polo-sweat-shirt-a-capuche-unisex-gris","name":"Spirit of Polo Sweat-shirt \u00e0 Capuche Unisex Gris - Spirit of Polo - Spirit of Jumping","isPartOf":{"@id":"https:\/\/www.spiritofpolo.com\/fr#website"},"datePublished":"2021-09-02T13:21:18+00:00","dateModified":"2021-09-02T14:06:49+00:00","description":"Argentina polo shirt for your practices ... or to feel polo anytime!","breadcrumb":{"@id":"https:\/\/www.spiritofpolo.com\/fr\/produit\/spirit-of-polo-sweat-shirt-a-capuche-unisex-gris#breadcrumb"},"inLanguage":"fr-FR","potentialAction":[{"@type":"ReadAction","target":["https:\/\/www.spiritofpolo.com\/fr\/produit\/spirit-of-polo-sweat-shirt-a-capuche-unisex-gris"]}]},{"@type":"BreadcrumbList","@id":"https:\/\/www.spiritofpolo.com\/fr\/produit\/spirit-of-polo-sweat-shirt-a-capuche-unisex-gris#breadcrumb","itemListElement":[{"@type":"ListItem","position":1,"name":"Home","item":"https:\/\/www.spiritofpolo.com\/fr"},{"@type":"ListItem","position":2,"name":"Boutique","item":"https:\/\/www.spiritofpolo.com\/fr\/boutique"},{"@type":"ListItem","position":3,"name":"Spirit of Polo Sweat-shirt \u00e0 Capuche Unisex Gris"}]},{"@type":"WebSite","@id":"https:\/\/www.spiritofpolo.com\/fr#website","url":"https:\/\/www.spiritofpolo.com\/fr","name":"Spirit of Polo - Spirit of Jumping","description":"Argentine Polo Products","publisher":{"@id":"https:\/\/www.spiritofpolo.com\/fr#organization"},"potentialAction":[{"@type":"SearchAction","target":{"@type":"EntryPoint","urlTemplate":"https:\/\/www.spiritofpolo.com\/fr?s={search_term_string}"},"query-input":"required name=search_term_string"}],"inLanguage":"fr-FR"},{"@type":"Organization","@id":"https:\/\/www.spiritofpolo.com\/fr#organization","name":"Spirit of Polo - Spirit of Jumping","url":"https:\/\/www.spiritofpolo.com\/fr","logo":{"@type":"ImageObject","inLanguage":"fr-FR","@id":"https:\/\/www.spiritofpolo.com\/fr#\/schema\/logo\/image\/","url":"","contentUrl":"","caption":"Spirit of Polo - Spirit of Jumping"},"image":{"@id":"https:\/\/www.spiritofpolo.com\/fr#\/schema\/logo\/image\/"}}]}},"tiered_pricing_type":"fixed","tiered_pricing_fixed_rules":[],"tiered_pricing_product_settings":{"layout":"default","base_unit_name":{"singular":null,"plural":null},"default_variation":null},"tiered_pricing_minimum_quantity":null,"tiered_pricing_roles_data":[],"tiered_pricing_percentage_rules":[],"_links":{"self":[{"href":"https:\/\/www.spiritofpolo.com\/fr\/wp-json\/wp\/v2\/product\/14675"}],"collection":[{"href":"https:\/\/www.spiritofpolo.com\/fr\/wp-json\/wp\/v2\/product"}],"about":[{"href":"https:\/\/www.spiritofpolo.com\/fr\/wp-json\/wp\/v2\/types\/product"}],"replies":[{"embeddable":true,"href":"https:\/\/www.spiritofpolo.com\/fr\/wp-json\/wp\/v2\/comments?post=14675"}],"wp:featuredmedia":[{"embeddable":true,"href":"https:\/\/www.spiritofpolo.com\/fr\/wp-json\/wp\/v2\/media\/14680"}],"wp:attachment":[{"href":"https:\/\/www.spiritofpolo.com\/fr\/wp-json\/wp\/v2\/media?parent=14675"}],"wp:term":[{"taxonomy":"product_cat","embeddable":true,"href":"https:\/\/www.spiritofpolo.com\/fr\/wp-json\/wp\/v2\/product_cat?post=14675"},{"taxonomy":"product_tag","embeddable":true,"href":"https:\/\/www.spiritofpolo.com\/fr\/wp-json\/wp\/v2\/product_tag?post=14675"}],"curies":[{"name":"wp","href":"https:\/\/api.w.org\/{rel}","templated":true}]}}