{"id":1779,"date":"2015-10-08T13:06:28","date_gmt":"2015-10-08T13:06:28","guid":{"rendered":"http:\/\/www.spiritofpolo.com\/product\/kit-polo-cheval"},"modified":"2021-02-09T20:16:58","modified_gmt":"2021-02-09T20:16:58","slug":"kit-complet-cheval-polo-horse-ball-equitation","status":"publish","type":"product","link":"https:\/\/www.spiritofpolo.com\/fr\/produit\/kit-complet-cheval-polo-horse-ball-equitation","title":{"rendered":"Kit Complet Cheval &#8211; Polo, Horse Ball, Equitation"},"content":{"rendered":"","protected":false},"excerpt":{"rendered":"<p>Le kit comprend<\/p>\n<p>un filet complet,<br \/>\nun mors (pelham ou releveur),<br \/>\nune selle Spirit of Polo Pro,<br \/>\nun tapis de selle argentin,<br \/>\nun collier de chasse,<br \/>\nune sangle (en laine et cuir),<br \/>\nune sursangle (en nylon et cuir),<br \/>\nune paire d&rsquo;\u00e9triers<br \/>\ndes \u00e9trivi\u00e8res<br \/>\n4 bandes polaires<br \/>\net un sac \u00e0 selle en cordura.<\/p>\n","protected":false},"featured_media":1906,"comment_status":"open","ping_status":"closed","template":"","meta":[],"product_cat":[2034,2032,2279,1502,2227,93],"product_tag":[1240,1430],"acf":[],"yoast_head":"<!-- This site is optimized with the Yoast SEO plugin v19.14 - https:\/\/yoast.com\/wordpress\/plugins\/seo\/ -->\n<title>Kit Complet Cheval - Polo, Horse Ball, Equitation - Spirit of Polo - Spirit of Jumping<\/title>\n<meta name=\"robots\" content=\"index, follow, max-snippet:-1, max-image-preview:large, max-video-preview:-1\" \/>\n<link rel=\"canonical\" href=\"https:\/\/www.spiritofpolo.com\/fr\/produit\/kit-complet-cheval-polo-horse-ball-equitation\" \/>\n<meta property=\"og:locale\" content=\"fr_FR\" \/>\n<meta property=\"og:type\" content=\"article\" \/>\n<meta property=\"og:title\" content=\"Kit Complet Cheval - Polo, Horse Ball, Equitation - Spirit of Polo - Spirit of Jumping\" \/>\n<meta property=\"og:description\" content=\"Le kit comprend  un filet complet, un mors (pelham ou releveur), une selle Spirit of Polo Pro, un tapis de selle argentin, un collier de chasse, une sangle (en laine et cuir), une sursangle (en nylon et cuir), une paire d&#039;\u00e9triers des \u00e9trivi\u00e8res 4 bandes polaires et un sac \u00e0 selle en cordura.\" \/>\n<meta property=\"og:url\" content=\"https:\/\/www.spiritofpolo.com\/fr\/produit\/kit-complet-cheval-polo-horse-ball-equitation\" \/>\n<meta property=\"og:site_name\" content=\"Spirit of Polo - Spirit of Jumping\" \/>\n<meta property=\"article:modified_time\" content=\"2021-02-09T20:16:58+00:00\" \/>\n<meta property=\"og:image\" content=\"https:\/\/www.spiritofpolo.com\/wp-content\/uploads\/2015\/10\/kit_horse.jpg\" \/>\n\t<meta property=\"og:image:width\" content=\"555\" \/>\n\t<meta property=\"og:image:height\" content=\"710\" \/>\n\t<meta property=\"og:image:type\" content=\"image\/jpeg\" \/>\n<meta name=\"twitter:card\" content=\"summary_large_image\" \/>\n<script type=\"application\/ld+json\" class=\"yoast-schema-graph\">{\"@context\":\"https:\/\/schema.org\",\"@graph\":[{\"@type\":\"WebPage\",\"@id\":\"https:\/\/www.spiritofpolo.com\/fr\/produit\/kit-complet-cheval-polo-horse-ball-equitation\",\"url\":\"https:\/\/www.spiritofpolo.com\/fr\/produit\/kit-complet-cheval-polo-horse-ball-equitation\",\"name\":\"Kit Complet Cheval - Polo, Horse Ball, Equitation - Spirit of Polo - Spirit of Jumping\",\"isPartOf\":{\"@id\":\"https:\/\/www.spiritofpolo.com\/fr#website\"},\"datePublished\":\"2015-10-08T13:06:28+00:00\",\"dateModified\":\"2021-02-09T20:16:58+00:00\",\"breadcrumb\":{\"@id\":\"https:\/\/www.spiritofpolo.com\/fr\/produit\/kit-complet-cheval-polo-horse-ball-equitation#breadcrumb\"},\"inLanguage\":\"fr-FR\",\"potentialAction\":[{\"@type\":\"ReadAction\",\"target\":[\"https:\/\/www.spiritofpolo.com\/fr\/produit\/kit-complet-cheval-polo-horse-ball-equitation\"]}]},{\"@type\":\"BreadcrumbList\",\"@id\":\"https:\/\/www.spiritofpolo.com\/fr\/produit\/kit-complet-cheval-polo-horse-ball-equitation#breadcrumb\",\"itemListElement\":[{\"@type\":\"ListItem\",\"position\":1,\"name\":\"Home\",\"item\":\"https:\/\/www.spiritofpolo.com\/fr\"},{\"@type\":\"ListItem\",\"position\":2,\"name\":\"Boutique\",\"item\":\"https:\/\/www.spiritofpolo.com\/fr\/boutique\"},{\"@type\":\"ListItem\",\"position\":3,\"name\":\"Kit Complet Cheval &#8211; Polo, Horse Ball, Equitation\"}]},{\"@type\":\"WebSite\",\"@id\":\"https:\/\/www.spiritofpolo.com\/fr#website\",\"url\":\"https:\/\/www.spiritofpolo.com\/fr\",\"name\":\"Spirit of Polo - Spirit of Jumping\",\"description\":\"Argentine Polo Products\",\"publisher\":{\"@id\":\"https:\/\/www.spiritofpolo.com\/fr#organization\"},\"potentialAction\":[{\"@type\":\"SearchAction\",\"target\":{\"@type\":\"EntryPoint\",\"urlTemplate\":\"https:\/\/www.spiritofpolo.com\/fr?s={search_term_string}\"},\"query-input\":\"required name=search_term_string\"}],\"inLanguage\":\"fr-FR\"},{\"@type\":\"Organization\",\"@id\":\"https:\/\/www.spiritofpolo.com\/fr#organization\",\"name\":\"Spirit of Polo - Spirit of Jumping\",\"url\":\"https:\/\/www.spiritofpolo.com\/fr\",\"logo\":{\"@type\":\"ImageObject\",\"inLanguage\":\"fr-FR\",\"@id\":\"https:\/\/www.spiritofpolo.com\/fr#\/schema\/logo\/image\/\",\"url\":\"\",\"contentUrl\":\"\",\"caption\":\"Spirit of Polo - Spirit of Jumping\"},\"image\":{\"@id\":\"https:\/\/www.spiritofpolo.com\/fr#\/schema\/logo\/image\/\"}}]}<\/script>\n<!-- \/ Yoast SEO plugin. -->","yoast_head_json":{"title":"Kit Complet Cheval - Polo, Horse Ball, Equitation - Spirit of Polo - Spirit of Jumping","robots":{"index":"index","follow":"follow","max-snippet":"max-snippet:-1","max-image-preview":"max-image-preview:large","max-video-preview":"max-video-preview:-1"},"canonical":"https:\/\/www.spiritofpolo.com\/fr\/produit\/kit-complet-cheval-polo-horse-ball-equitation","og_locale":"fr_FR","og_type":"article","og_title":"Kit Complet Cheval - Polo, Horse Ball, Equitation - Spirit of Polo - Spirit of Jumping","og_description":"Le kit comprend  un filet complet, un mors (pelham ou releveur), une selle Spirit of Polo Pro, un tapis de selle argentin, un collier de chasse, une sangle (en laine et cuir), une sursangle (en nylon et cuir), une paire d'\u00e9triers des \u00e9trivi\u00e8res 4 bandes polaires et un sac \u00e0 selle en cordura.","og_url":"https:\/\/www.spiritofpolo.com\/fr\/produit\/kit-complet-cheval-polo-horse-ball-equitation","og_site_name":"Spirit of Polo - Spirit of Jumping","article_modified_time":"2021-02-09T20:16:58+00:00","og_image":[{"width":555,"height":710,"url":"https:\/\/www.spiritofpolo.com\/wp-content\/uploads\/2015\/10\/kit_horse.jpg","type":"image\/jpeg"}],"twitter_card":"summary_large_image","schema":{"@context":"https:\/\/schema.org","@graph":[{"@type":"WebPage","@id":"https:\/\/www.spiritofpolo.com\/fr\/produit\/kit-complet-cheval-polo-horse-ball-equitation","url":"https:\/\/www.spiritofpolo.com\/fr\/produit\/kit-complet-cheval-polo-horse-ball-equitation","name":"Kit Complet Cheval - Polo, Horse Ball, Equitation - Spirit of Polo - Spirit of Jumping","isPartOf":{"@id":"https:\/\/www.spiritofpolo.com\/fr#website"},"datePublished":"2015-10-08T13:06:28+00:00","dateModified":"2021-02-09T20:16:58+00:00","breadcrumb":{"@id":"https:\/\/www.spiritofpolo.com\/fr\/produit\/kit-complet-cheval-polo-horse-ball-equitation#breadcrumb"},"inLanguage":"fr-FR","potentialAction":[{"@type":"ReadAction","target":["https:\/\/www.spiritofpolo.com\/fr\/produit\/kit-complet-cheval-polo-horse-ball-equitation"]}]},{"@type":"BreadcrumbList","@id":"https:\/\/www.spiritofpolo.com\/fr\/produit\/kit-complet-cheval-polo-horse-ball-equitation#breadcrumb","itemListElement":[{"@type":"ListItem","position":1,"name":"Home","item":"https:\/\/www.spiritofpolo.com\/fr"},{"@type":"ListItem","position":2,"name":"Boutique","item":"https:\/\/www.spiritofpolo.com\/fr\/boutique"},{"@type":"ListItem","position":3,"name":"Kit Complet Cheval &#8211; Polo, Horse Ball, Equitation"}]},{"@type":"WebSite","@id":"https:\/\/www.spiritofpolo.com\/fr#website","url":"https:\/\/www.spiritofpolo.com\/fr","name":"Spirit of Polo - Spirit of Jumping","description":"Argentine Polo Products","publisher":{"@id":"https:\/\/www.spiritofpolo.com\/fr#organization"},"potentialAction":[{"@type":"SearchAction","target":{"@type":"EntryPoint","urlTemplate":"https:\/\/www.spiritofpolo.com\/fr?s={search_term_string}"},"query-input":"required name=search_term_string"}],"inLanguage":"fr-FR"},{"@type":"Organization","@id":"https:\/\/www.spiritofpolo.com\/fr#organization","name":"Spirit of Polo - Spirit of Jumping","url":"https:\/\/www.spiritofpolo.com\/fr","logo":{"@type":"ImageObject","inLanguage":"fr-FR","@id":"https:\/\/www.spiritofpolo.com\/fr#\/schema\/logo\/image\/","url":"","contentUrl":"","caption":"Spirit of Polo - Spirit of Jumping"},"image":{"@id":"https:\/\/www.spiritofpolo.com\/fr#\/schema\/logo\/image\/"}}]}},"tiered_pricing_type":"fixed","tiered_pricing_fixed_rules":[],"tiered_pricing_product_settings":{"layout":"default","base_unit_name":{"singular":null,"plural":null},"default_variation":null},"tiered_pricing_minimum_quantity":null,"tiered_pricing_roles_data":[],"tiered_pricing_percentage_rules":[],"_links":{"self":[{"href":"https:\/\/www.spiritofpolo.com\/fr\/wp-json\/wp\/v2\/product\/1779"}],"collection":[{"href":"https:\/\/www.spiritofpolo.com\/fr\/wp-json\/wp\/v2\/product"}],"about":[{"href":"https:\/\/www.spiritofpolo.com\/fr\/wp-json\/wp\/v2\/types\/product"}],"replies":[{"embeddable":true,"href":"https:\/\/www.spiritofpolo.com\/fr\/wp-json\/wp\/v2\/comments?post=1779"}],"wp:featuredmedia":[{"embeddable":true,"href":"https:\/\/www.spiritofpolo.com\/fr\/wp-json\/wp\/v2\/media\/1906"}],"wp:attachment":[{"href":"https:\/\/www.spiritofpolo.com\/fr\/wp-json\/wp\/v2\/media?parent=1779"}],"wp:term":[{"taxonomy":"product_cat","embeddable":true,"href":"https:\/\/www.spiritofpolo.com\/fr\/wp-json\/wp\/v2\/product_cat?post=1779"},{"taxonomy":"product_tag","embeddable":true,"href":"https:\/\/www.spiritofpolo.com\/fr\/wp-json\/wp\/v2\/product_tag?post=1779"}],"curies":[{"name":"wp","href":"https:\/\/api.w.org\/{rel}","templated":true}]}}