{"id":1917,"date":"2015-10-08T15:06:43","date_gmt":"2015-10-08T15:06:43","guid":{"rendered":"http:\/\/www.spiritofpolo.com\/product\/palermo-open-polo-week-single-classique"},"modified":"2019-03-28T20:51:02","modified_gmt":"2019-03-28T20:51:02","slug":"palermo-open-stage-polo-spirit-of-polo","status":"publish","type":"product","link":"https:\/\/www.spiritofpolo.com\/fr\/produit\/palermo-open-stage-polo-spirit-of-polo","title":{"rendered":"Palermo Open &#038; Stage Polo &#8211; Spirit of Polo"},"content":{"rendered":"<p>Merci Spirit of polo pour cette excellente polo clinic. Alexis a fait preuve d\u2019une grande flexibilit\u00e9 quant aux dates et adaptations aux conditions m\u00e9t\u00e9o pour optimiser note s\u00e9jour entre finale de l Abierto de Palermo, visite de Buenos Aires et practice de polo. Le club dispose d\u2019un magnifique terrain rien que pour nous ! L\u2019encadrement familial est aux petits soins: Sofia nous a fait perfectionner l\u2019\u00e9quitation polo et Tomi la frappe sans oublier les s\u00e9ances de practice avec les autres joueurs du Club. C\u00f4t\u00e9 intendance, Laura et son mari sont \u00e0 la man\u0153uvre et s\u2019occupent de tout ! Merci pour l\u2019excellente cuisine et l Asado maison !Un stage \u00e0 la fois sympathique et professionnel\u2026 Nous reviendrons avec plaisir !Damien R. (Bordeaux)<\/p>\n<p>Spirit of Polo offre une exp\u00e9rience et des moments absolument exceptionnels au club de polo familial situ\u00e9 pr\u00e8s de Buenos Aires. J\u2019ai pass\u00e9 une semaine \u00e0 la clinique de polo organis\u00e9e par Spirit of Polo et ce fut pour moi une excellente occasion d\u2019apprendre beaucoup de choses sur la pratique du polo. J\u2019ai eu de brillants professeurs de polo et j\u2019ai eu l\u2019occasion de monter d\u2019excellents chevaux pour tous les niveaux. Ambiance familiale, repas d\u00e9licieux et personnes charmantes, tout le monde \u00e9tait tr\u00e8s accueillant et se mettait en quatre pour assurer un s\u00e9jour agr\u00e9able. Ce fut l\u2019une des meilleures vacances de notre vie, merci encore!<br \/>\nJoanna (Pologne)<\/p>\n<p>C\u2019\u00e9tait la chimie instantan\u00e9e du premier jour et la vida de campo est devenue mon style de vie ultime pour le polo. Dans une atmosph\u00e8re d\u00e9tendue, une excellente cuisine, une famille des plus sympathiques, des bons chevaux de polo et un soleil toujours brillant, vous ne pouvez tout simplement pas vous tromper en vacances de polo! Je le recommande vivement \u00e0 tous ceux qui souhaitent se d\u00e9tendre et profiter du moment ! \u201d<br \/>\nMaggie (Pologne)<\/p>\n<p>2 semaines en famille avec Spirit of Polo : polo piscine farniente repas typique \u2026un accueil comme \u00e0 la maison par une famille enti\u00e8rement au petit soin<br \/>\nCavalerie et jeu tout niveau !<br \/>\nAllez y sans h\u00e9sitez, vous ne serez pas d\u00e9\u00e7u !<br \/>\nMagalie (France)<\/p>\n","protected":false},"excerpt":{"rendered":"<p>Situ\u00e9e dans la pampa \u00e0 70 km au sud de Buenos Aires. Cette authentique polo club est tenue par une famille de joueurs de polo professionnels! Vous perfectionner avec 5 matin\u00e9es de stick &amp; ball et 5 apr\u00e8s-midis de matchs. Appr\u00e9ciez la nuit au campo apr\u00e8s un asado au feu de bois, accompagn\u00e9 d&rsquo;un bon Malbec argentin! Pension compl\u00e8te.<\/p>\n<p><span class=\"Apple-style-span\">Cette semaine comprend \u00e9galement 4 jours \u00e0 la Cath\u00e9drale du Polo Mondial \u00e0 Palermo, dans le centre de Buenos Aires, pour assister \u00e0 8 matchs de l\u2019Open de Palermo (jusqu\u2019\u00e0 40 de Handicap par \u00e9quipe!).<br \/>\nCe tournoi est la plus grande r\u00e9union de joueurs passionn\u00e9s venus du monde entier, 14000 spectateurs. Il est dit qu\u2019il arrive pr\u00e8s de 10 000 chevaux de polo \u00e0 Buenos Aires pendant la saison Argentine, en plus des permanents!!\u2028<\/span><\/p>\n<p>Inclus<br \/>\nTransferts A\/R: a\u00e9roport &#8211; Polo Club et hotel<br \/>\n2 nuit\u00e9es et petits d\u00e9jeuners en hotel Boutique \u00e0 Buenos Aires<br \/>\nTickets pour 4 journ\u00e9es, 8 matchs (5 si finale) , de l\u2019Abierto Argentin de Palermo\u2028\u2028.<\/p>\n<p>5 jours en pensions compl\u00e8te au club<br \/>\n5 cours de polo intensifs<br \/>\n5 matchs de 2 \u00e0 4 chuckers (1 \u00e0 2 chevaux selon le niveau)<\/p>\n","protected":false},"featured_media":2163,"comment_status":"open","ping_status":"closed","template":"","meta":[],"product_cat":[1759,97],"product_tag":[567,1456,124,1296],"acf":[],"yoast_head":"<!-- This site is optimized with the Yoast SEO plugin v19.14 - https:\/\/yoast.com\/wordpress\/plugins\/seo\/ -->\n<title>Palermo Open &amp; Stage Polo - Spirit of Polo - Spirit of Polo - Spirit of Jumping<\/title>\n<meta name=\"robots\" content=\"index, follow, max-snippet:-1, max-image-preview:large, max-video-preview:-1\" \/>\n<link rel=\"canonical\" href=\"https:\/\/www.spiritofpolo.com\/fr\/produit\/palermo-open-stage-polo-spirit-of-polo\" \/>\n<meta property=\"og:locale\" content=\"fr_FR\" \/>\n<meta property=\"og:type\" content=\"article\" \/>\n<meta property=\"og:title\" content=\"Palermo Open &amp; Stage Polo - Spirit of Polo - Spirit of Polo - Spirit of Jumping\" \/>\n<meta property=\"og:description\" content=\"Situ\u00e9e dans la pampa \u00e0 70 km au sud de Buenos Aires. Cette authentique polo club est tenue par une famille de joueurs de polo professionnels! Vous perfectionner avec 5 matin\u00e9es de stick &amp; ball et 5 apr\u00e8s-midis de matchs. Appr\u00e9ciez la nuit au campo apr\u00e8s un asado au feu de bois, accompagn\u00e9 d&#039;un bon Malbec argentin! Pension compl\u00e8te.  Cette semaine comprend \u00e9galement 4 jours \u00e0 la Cath\u00e9drale du Polo Mondial \u00e0 Palermo, dans le centre de Buenos Aires, pour assister \u00e0 8 matchs de l\u2019Open de Palermo (jusqu\u2019\u00e0 40 de Handicap par \u00e9quipe!). Ce tournoi est la plus grande r\u00e9union de joueurs passionn\u00e9s venus du monde entier, 14000 spectateurs. Il est dit qu\u2019il arrive pr\u00e8s de 10 000 chevaux de polo \u00e0 Buenos Aires pendant la saison Argentine, en plus des permanents!!\u2028  Inclus Transferts A\/R: a\u00e9roport - Polo Club et hotel 2 nuit\u00e9es et petits d\u00e9jeuners en hotel Boutique \u00e0 Buenos Aires Tickets pour 4 journ\u00e9es, 8 matchs (5 si finale) , de l\u2019Abierto Argentin de Palermo\u2028\u2028.  5 jours en pensions compl\u00e8te au club 5 cours de polo intensifs 5 matchs de 2 \u00e0 4 chuckers (1 \u00e0 2 chevaux selon le niveau)\" \/>\n<meta property=\"og:url\" content=\"https:\/\/www.spiritofpolo.com\/fr\/produit\/palermo-open-stage-polo-spirit-of-polo\" \/>\n<meta property=\"og:site_name\" content=\"Spirit of Polo - Spirit of Jumping\" \/>\n<meta property=\"article:modified_time\" content=\"2019-03-28T20:51:02+00:00\" \/>\n<meta property=\"og:image\" content=\"https:\/\/www.spiritofpolo.com\/wp-content\/uploads\/2015\/10\/palermo_5.jpg\" \/>\n\t<meta property=\"og:image:width\" content=\"555\" \/>\n\t<meta property=\"og:image:height\" content=\"710\" \/>\n\t<meta property=\"og:image:type\" content=\"image\/jpeg\" \/>\n<meta name=\"twitter:card\" content=\"summary_large_image\" \/>\n<meta name=\"twitter:label1\" content=\"Dur\u00e9e de lecture estim\u00e9e\" \/>\n\t<meta name=\"twitter:data1\" content=\"2 minutes\" \/>\n<script type=\"application\/ld+json\" class=\"yoast-schema-graph\">{\"@context\":\"https:\/\/schema.org\",\"@graph\":[{\"@type\":\"WebPage\",\"@id\":\"https:\/\/www.spiritofpolo.com\/fr\/produit\/palermo-open-stage-polo-spirit-of-polo\",\"url\":\"https:\/\/www.spiritofpolo.com\/fr\/produit\/palermo-open-stage-polo-spirit-of-polo\",\"name\":\"Palermo Open & Stage Polo - Spirit of Polo - Spirit of Polo - Spirit of Jumping\",\"isPartOf\":{\"@id\":\"https:\/\/www.spiritofpolo.com\/fr#website\"},\"datePublished\":\"2015-10-08T15:06:43+00:00\",\"dateModified\":\"2019-03-28T20:51:02+00:00\",\"breadcrumb\":{\"@id\":\"https:\/\/www.spiritofpolo.com\/fr\/produit\/palermo-open-stage-polo-spirit-of-polo#breadcrumb\"},\"inLanguage\":\"fr-FR\",\"potentialAction\":[{\"@type\":\"ReadAction\",\"target\":[\"https:\/\/www.spiritofpolo.com\/fr\/produit\/palermo-open-stage-polo-spirit-of-polo\"]}]},{\"@type\":\"BreadcrumbList\",\"@id\":\"https:\/\/www.spiritofpolo.com\/fr\/produit\/palermo-open-stage-polo-spirit-of-polo#breadcrumb\",\"itemListElement\":[{\"@type\":\"ListItem\",\"position\":1,\"name\":\"Home\",\"item\":\"https:\/\/www.spiritofpolo.com\/fr\"},{\"@type\":\"ListItem\",\"position\":2,\"name\":\"Boutique\",\"item\":\"https:\/\/www.spiritofpolo.com\/fr\/boutique\"},{\"@type\":\"ListItem\",\"position\":3,\"name\":\"Palermo Open &#038; Stage Polo &#8211; Spirit of Polo\"}]},{\"@type\":\"WebSite\",\"@id\":\"https:\/\/www.spiritofpolo.com\/fr#website\",\"url\":\"https:\/\/www.spiritofpolo.com\/fr\",\"name\":\"Spirit of Polo - Spirit of Jumping\",\"description\":\"Argentine Polo Products\",\"publisher\":{\"@id\":\"https:\/\/www.spiritofpolo.com\/fr#organization\"},\"potentialAction\":[{\"@type\":\"SearchAction\",\"target\":{\"@type\":\"EntryPoint\",\"urlTemplate\":\"https:\/\/www.spiritofpolo.com\/fr?s={search_term_string}\"},\"query-input\":\"required name=search_term_string\"}],\"inLanguage\":\"fr-FR\"},{\"@type\":\"Organization\",\"@id\":\"https:\/\/www.spiritofpolo.com\/fr#organization\",\"name\":\"Spirit of Polo - Spirit of Jumping\",\"url\":\"https:\/\/www.spiritofpolo.com\/fr\",\"logo\":{\"@type\":\"ImageObject\",\"inLanguage\":\"fr-FR\",\"@id\":\"https:\/\/www.spiritofpolo.com\/fr#\/schema\/logo\/image\/\",\"url\":\"\",\"contentUrl\":\"\",\"caption\":\"Spirit of Polo - Spirit of Jumping\"},\"image\":{\"@id\":\"https:\/\/www.spiritofpolo.com\/fr#\/schema\/logo\/image\/\"}}]}<\/script>\n<!-- \/ Yoast SEO plugin. -->","yoast_head_json":{"title":"Palermo Open & Stage Polo - Spirit of Polo - Spirit of Polo - Spirit of Jumping","robots":{"index":"index","follow":"follow","max-snippet":"max-snippet:-1","max-image-preview":"max-image-preview:large","max-video-preview":"max-video-preview:-1"},"canonical":"https:\/\/www.spiritofpolo.com\/fr\/produit\/palermo-open-stage-polo-spirit-of-polo","og_locale":"fr_FR","og_type":"article","og_title":"Palermo Open & Stage Polo - Spirit of Polo - Spirit of Polo - Spirit of Jumping","og_description":"Situ\u00e9e dans la pampa \u00e0 70 km au sud de Buenos Aires. Cette authentique polo club est tenue par une famille de joueurs de polo professionnels! Vous perfectionner avec 5 matin\u00e9es de stick &amp; ball et 5 apr\u00e8s-midis de matchs. Appr\u00e9ciez la nuit au campo apr\u00e8s un asado au feu de bois, accompagn\u00e9 d'un bon Malbec argentin! Pension compl\u00e8te.  Cette semaine comprend \u00e9galement 4 jours \u00e0 la Cath\u00e9drale du Polo Mondial \u00e0 Palermo, dans le centre de Buenos Aires, pour assister \u00e0 8 matchs de l\u2019Open de Palermo (jusqu\u2019\u00e0 40 de Handicap par \u00e9quipe!). Ce tournoi est la plus grande r\u00e9union de joueurs passionn\u00e9s venus du monde entier, 14000 spectateurs. Il est dit qu\u2019il arrive pr\u00e8s de 10 000 chevaux de polo \u00e0 Buenos Aires pendant la saison Argentine, en plus des permanents!!\u2028  Inclus Transferts A\/R: a\u00e9roport - Polo Club et hotel 2 nuit\u00e9es et petits d\u00e9jeuners en hotel Boutique \u00e0 Buenos Aires Tickets pour 4 journ\u00e9es, 8 matchs (5 si finale) , de l\u2019Abierto Argentin de Palermo\u2028\u2028.  5 jours en pensions compl\u00e8te au club 5 cours de polo intensifs 5 matchs de 2 \u00e0 4 chuckers (1 \u00e0 2 chevaux selon le niveau)","og_url":"https:\/\/www.spiritofpolo.com\/fr\/produit\/palermo-open-stage-polo-spirit-of-polo","og_site_name":"Spirit of Polo - Spirit of Jumping","article_modified_time":"2019-03-28T20:51:02+00:00","og_image":[{"width":555,"height":710,"url":"https:\/\/www.spiritofpolo.com\/wp-content\/uploads\/2015\/10\/palermo_5.jpg","type":"image\/jpeg"}],"twitter_card":"summary_large_image","twitter_misc":{"Dur\u00e9e de lecture estim\u00e9e":"2 minutes"},"schema":{"@context":"https:\/\/schema.org","@graph":[{"@type":"WebPage","@id":"https:\/\/www.spiritofpolo.com\/fr\/produit\/palermo-open-stage-polo-spirit-of-polo","url":"https:\/\/www.spiritofpolo.com\/fr\/produit\/palermo-open-stage-polo-spirit-of-polo","name":"Palermo Open & Stage Polo - Spirit of Polo - Spirit of Polo - Spirit of Jumping","isPartOf":{"@id":"https:\/\/www.spiritofpolo.com\/fr#website"},"datePublished":"2015-10-08T15:06:43+00:00","dateModified":"2019-03-28T20:51:02+00:00","breadcrumb":{"@id":"https:\/\/www.spiritofpolo.com\/fr\/produit\/palermo-open-stage-polo-spirit-of-polo#breadcrumb"},"inLanguage":"fr-FR","potentialAction":[{"@type":"ReadAction","target":["https:\/\/www.spiritofpolo.com\/fr\/produit\/palermo-open-stage-polo-spirit-of-polo"]}]},{"@type":"BreadcrumbList","@id":"https:\/\/www.spiritofpolo.com\/fr\/produit\/palermo-open-stage-polo-spirit-of-polo#breadcrumb","itemListElement":[{"@type":"ListItem","position":1,"name":"Home","item":"https:\/\/www.spiritofpolo.com\/fr"},{"@type":"ListItem","position":2,"name":"Boutique","item":"https:\/\/www.spiritofpolo.com\/fr\/boutique"},{"@type":"ListItem","position":3,"name":"Palermo Open &#038; Stage Polo &#8211; Spirit of Polo"}]},{"@type":"WebSite","@id":"https:\/\/www.spiritofpolo.com\/fr#website","url":"https:\/\/www.spiritofpolo.com\/fr","name":"Spirit of Polo - Spirit of Jumping","description":"Argentine Polo Products","publisher":{"@id":"https:\/\/www.spiritofpolo.com\/fr#organization"},"potentialAction":[{"@type":"SearchAction","target":{"@type":"EntryPoint","urlTemplate":"https:\/\/www.spiritofpolo.com\/fr?s={search_term_string}"},"query-input":"required name=search_term_string"}],"inLanguage":"fr-FR"},{"@type":"Organization","@id":"https:\/\/www.spiritofpolo.com\/fr#organization","name":"Spirit of Polo - Spirit of Jumping","url":"https:\/\/www.spiritofpolo.com\/fr","logo":{"@type":"ImageObject","inLanguage":"fr-FR","@id":"https:\/\/www.spiritofpolo.com\/fr#\/schema\/logo\/image\/","url":"","contentUrl":"","caption":"Spirit of Polo - Spirit of Jumping"},"image":{"@id":"https:\/\/www.spiritofpolo.com\/fr#\/schema\/logo\/image\/"}}]}},"tiered_pricing_type":"fixed","tiered_pricing_fixed_rules":[],"tiered_pricing_product_settings":{"layout":"default","base_unit_name":{"singular":null,"plural":null},"default_variation":null},"tiered_pricing_minimum_quantity":null,"tiered_pricing_roles_data":[],"tiered_pricing_percentage_rules":[],"_links":{"self":[{"href":"https:\/\/www.spiritofpolo.com\/fr\/wp-json\/wp\/v2\/product\/1917"}],"collection":[{"href":"https:\/\/www.spiritofpolo.com\/fr\/wp-json\/wp\/v2\/product"}],"about":[{"href":"https:\/\/www.spiritofpolo.com\/fr\/wp-json\/wp\/v2\/types\/product"}],"replies":[{"embeddable":true,"href":"https:\/\/www.spiritofpolo.com\/fr\/wp-json\/wp\/v2\/comments?post=1917"}],"wp:featuredmedia":[{"embeddable":true,"href":"https:\/\/www.spiritofpolo.com\/fr\/wp-json\/wp\/v2\/media\/2163"}],"wp:attachment":[{"href":"https:\/\/www.spiritofpolo.com\/fr\/wp-json\/wp\/v2\/media?parent=1917"}],"wp:term":[{"taxonomy":"product_cat","embeddable":true,"href":"https:\/\/www.spiritofpolo.com\/fr\/wp-json\/wp\/v2\/product_cat?post=1917"},{"taxonomy":"product_tag","embeddable":true,"href":"https:\/\/www.spiritofpolo.com\/fr\/wp-json\/wp\/v2\/product_tag?post=1917"}],"curies":[{"name":"wp","href":"https:\/\/api.w.org\/{rel}","templated":true}]}}