{"id":21207,"date":"2021-11-17T15:02:38","date_gmt":"2021-11-17T15:02:39","guid":{"rendered":"https:\/\/www.spiritofpolo.com\/?post_type=product&#038;p=21207"},"modified":"2021-11-17T15:48:36","modified_gmt":"2021-11-17T15:48:36","slug":"selle-dequitherapie","status":"publish","type":"product","link":"https:\/\/www.spiritofpolo.com\/fr\/produit\/selle-dequitherapie","title":{"rendered":"Selle d&rsquo;\u00e9quith\u00e9rapie"},"content":{"rendered":"","protected":false},"excerpt":{"rendered":"<p>Cette selle s&rsquo;adaptera parfaitement \u00e0 votre cheval et est tr\u00e8s confortable pour le cavalier sp\u00e9cial. Il assure une bonne stabilit\u00e9 pendant que le cavalier pratique les exercices. Sa large poign\u00e9e en cuir lui permet de se sentir en s\u00e9curit\u00e9. L&rsquo;assise particuli\u00e8rement profonde donne une grande stabilit\u00e9.<\/p>\n<p>Nous produisons les meilleures selles, avec le c\u00e9l\u00e8bre cuir argentin, consid\u00e9r\u00e9 comme la plus haute qualit\u00e9 au monde. L&rsquo;\u00e9paisseur et la souplesse du cuir offrent durabilit\u00e9 et plaisir \u00e0 nos selles, elles durent \u00e9ternellement !<\/p>\n<p>Vous pouvez \u00e9galement choisir votre propre selle , type de cuir, couleurs (noir, gris, marrons, bleu, rouge, jaune&#8230;) ouverture d&rsquo;arbre, initiales,\u2026 pour le m\u00eame prix.<\/p>\n<p>Fabriqu\u00e9 en Argentine<\/p>\n","protected":false},"featured_media":21209,"comment_status":"open","ping_status":"closed","template":"","meta":[],"product_cat":[2034,2032,2282],"product_tag":[],"acf":[],"yoast_head":"<!-- This site is optimized with the Yoast SEO plugin v19.14 - https:\/\/yoast.com\/wordpress\/plugins\/seo\/ -->\n<title>Selle d&#039;\u00e9quith\u00e9rapie - Spirit of Polo - Spirit of Jumping<\/title>\n<meta name=\"robots\" content=\"index, follow, max-snippet:-1, max-image-preview:large, max-video-preview:-1\" \/>\n<link rel=\"canonical\" href=\"https:\/\/www.spiritofpolo.com\/fr\/produit\/selle-dequitherapie\" \/>\n<meta property=\"og:locale\" content=\"fr_FR\" \/>\n<meta property=\"og:type\" content=\"article\" \/>\n<meta property=\"og:title\" content=\"Selle d&#039;\u00e9quith\u00e9rapie - Spirit of Polo - Spirit of Jumping\" \/>\n<meta property=\"og:description\" content=\"Cette selle s&#039;adaptera parfaitement \u00e0 votre cheval et est tr\u00e8s confortable pour le cavalier sp\u00e9cial. Il assure une bonne stabilit\u00e9 pendant que le cavalier pratique les exercices. Sa large poign\u00e9e en cuir lui permet de se sentir en s\u00e9curit\u00e9. L&#039;assise particuli\u00e8rement profonde donne une grande stabilit\u00e9.  Nous produisons les meilleures selles, avec le c\u00e9l\u00e8bre cuir argentin, consid\u00e9r\u00e9 comme la plus haute qualit\u00e9 au monde. L&#039;\u00e9paisseur et la souplesse du cuir offrent durabilit\u00e9 et plaisir \u00e0 nos selles, elles durent \u00e9ternellement !  Vous pouvez \u00e9galement choisir votre propre selle , type de cuir, couleurs (noir, gris, marrons, bleu, rouge, jaune...) ouverture d&#039;arbre, initiales,\u2026 pour le m\u00eame prix.  Fabriqu\u00e9 en Argentine\" \/>\n<meta property=\"og:url\" content=\"https:\/\/www.spiritofpolo.com\/fr\/produit\/selle-dequitherapie\" \/>\n<meta property=\"og:site_name\" content=\"Spirit of Polo - Spirit of Jumping\" \/>\n<meta property=\"article:modified_time\" content=\"2021-11-17T15:48:36+00:00\" \/>\n<meta property=\"og:image\" content=\"https:\/\/www.spiritofpolo.com\/wp-content\/uploads\/Montura_Equinoterapia-negra.jpg\" \/>\n\t<meta property=\"og:image:width\" content=\"555\" \/>\n\t<meta property=\"og:image:height\" content=\"710\" \/>\n\t<meta property=\"og:image:type\" content=\"image\/jpeg\" \/>\n<meta name=\"twitter:card\" content=\"summary_large_image\" \/>\n<script type=\"application\/ld+json\" class=\"yoast-schema-graph\">{\"@context\":\"https:\/\/schema.org\",\"@graph\":[{\"@type\":\"WebPage\",\"@id\":\"https:\/\/www.spiritofpolo.com\/fr\/produit\/selle-dequitherapie\",\"url\":\"https:\/\/www.spiritofpolo.com\/fr\/produit\/selle-dequitherapie\",\"name\":\"Selle d'\u00e9quith\u00e9rapie - Spirit of Polo - Spirit of Jumping\",\"isPartOf\":{\"@id\":\"https:\/\/www.spiritofpolo.com\/fr#website\"},\"datePublished\":\"2021-11-17T15:02:39+00:00\",\"dateModified\":\"2021-11-17T15:48:36+00:00\",\"breadcrumb\":{\"@id\":\"https:\/\/www.spiritofpolo.com\/fr\/produit\/selle-dequitherapie#breadcrumb\"},\"inLanguage\":\"fr-FR\",\"potentialAction\":[{\"@type\":\"ReadAction\",\"target\":[\"https:\/\/www.spiritofpolo.com\/fr\/produit\/selle-dequitherapie\"]}]},{\"@type\":\"BreadcrumbList\",\"@id\":\"https:\/\/www.spiritofpolo.com\/fr\/produit\/selle-dequitherapie#breadcrumb\",\"itemListElement\":[{\"@type\":\"ListItem\",\"position\":1,\"name\":\"Home\",\"item\":\"https:\/\/www.spiritofpolo.com\/fr\"},{\"@type\":\"ListItem\",\"position\":2,\"name\":\"Boutique\",\"item\":\"https:\/\/www.spiritofpolo.com\/fr\/boutique\"},{\"@type\":\"ListItem\",\"position\":3,\"name\":\"Selle d&#8217;\u00e9quith\u00e9rapie\"}]},{\"@type\":\"WebSite\",\"@id\":\"https:\/\/www.spiritofpolo.com\/fr#website\",\"url\":\"https:\/\/www.spiritofpolo.com\/fr\",\"name\":\"Spirit of Polo - Spirit of Jumping\",\"description\":\"Argentine Polo Products\",\"publisher\":{\"@id\":\"https:\/\/www.spiritofpolo.com\/fr#organization\"},\"potentialAction\":[{\"@type\":\"SearchAction\",\"target\":{\"@type\":\"EntryPoint\",\"urlTemplate\":\"https:\/\/www.spiritofpolo.com\/fr?s={search_term_string}\"},\"query-input\":\"required name=search_term_string\"}],\"inLanguage\":\"fr-FR\"},{\"@type\":\"Organization\",\"@id\":\"https:\/\/www.spiritofpolo.com\/fr#organization\",\"name\":\"Spirit of Polo - Spirit of Jumping\",\"url\":\"https:\/\/www.spiritofpolo.com\/fr\",\"logo\":{\"@type\":\"ImageObject\",\"inLanguage\":\"fr-FR\",\"@id\":\"https:\/\/www.spiritofpolo.com\/fr#\/schema\/logo\/image\/\",\"url\":\"\",\"contentUrl\":\"\",\"caption\":\"Spirit of Polo - Spirit of Jumping\"},\"image\":{\"@id\":\"https:\/\/www.spiritofpolo.com\/fr#\/schema\/logo\/image\/\"}}]}<\/script>\n<!-- \/ Yoast SEO plugin. -->","yoast_head_json":{"title":"Selle d'\u00e9quith\u00e9rapie - Spirit of Polo - Spirit of Jumping","robots":{"index":"index","follow":"follow","max-snippet":"max-snippet:-1","max-image-preview":"max-image-preview:large","max-video-preview":"max-video-preview:-1"},"canonical":"https:\/\/www.spiritofpolo.com\/fr\/produit\/selle-dequitherapie","og_locale":"fr_FR","og_type":"article","og_title":"Selle d'\u00e9quith\u00e9rapie - Spirit of Polo - Spirit of Jumping","og_description":"Cette selle s'adaptera parfaitement \u00e0 votre cheval et est tr\u00e8s confortable pour le cavalier sp\u00e9cial. Il assure une bonne stabilit\u00e9 pendant que le cavalier pratique les exercices. Sa large poign\u00e9e en cuir lui permet de se sentir en s\u00e9curit\u00e9. L'assise particuli\u00e8rement profonde donne une grande stabilit\u00e9.  Nous produisons les meilleures selles, avec le c\u00e9l\u00e8bre cuir argentin, consid\u00e9r\u00e9 comme la plus haute qualit\u00e9 au monde. L'\u00e9paisseur et la souplesse du cuir offrent durabilit\u00e9 et plaisir \u00e0 nos selles, elles durent \u00e9ternellement !  Vous pouvez \u00e9galement choisir votre propre selle , type de cuir, couleurs (noir, gris, marrons, bleu, rouge, jaune...) ouverture d'arbre, initiales,\u2026 pour le m\u00eame prix.  Fabriqu\u00e9 en Argentine","og_url":"https:\/\/www.spiritofpolo.com\/fr\/produit\/selle-dequitherapie","og_site_name":"Spirit of Polo - Spirit of Jumping","article_modified_time":"2021-11-17T15:48:36+00:00","og_image":[{"width":555,"height":710,"url":"https:\/\/www.spiritofpolo.com\/wp-content\/uploads\/Montura_Equinoterapia-negra.jpg","type":"image\/jpeg"}],"twitter_card":"summary_large_image","schema":{"@context":"https:\/\/schema.org","@graph":[{"@type":"WebPage","@id":"https:\/\/www.spiritofpolo.com\/fr\/produit\/selle-dequitherapie","url":"https:\/\/www.spiritofpolo.com\/fr\/produit\/selle-dequitherapie","name":"Selle d'\u00e9quith\u00e9rapie - Spirit of Polo - Spirit of Jumping","isPartOf":{"@id":"https:\/\/www.spiritofpolo.com\/fr#website"},"datePublished":"2021-11-17T15:02:39+00:00","dateModified":"2021-11-17T15:48:36+00:00","breadcrumb":{"@id":"https:\/\/www.spiritofpolo.com\/fr\/produit\/selle-dequitherapie#breadcrumb"},"inLanguage":"fr-FR","potentialAction":[{"@type":"ReadAction","target":["https:\/\/www.spiritofpolo.com\/fr\/produit\/selle-dequitherapie"]}]},{"@type":"BreadcrumbList","@id":"https:\/\/www.spiritofpolo.com\/fr\/produit\/selle-dequitherapie#breadcrumb","itemListElement":[{"@type":"ListItem","position":1,"name":"Home","item":"https:\/\/www.spiritofpolo.com\/fr"},{"@type":"ListItem","position":2,"name":"Boutique","item":"https:\/\/www.spiritofpolo.com\/fr\/boutique"},{"@type":"ListItem","position":3,"name":"Selle d&#8217;\u00e9quith\u00e9rapie"}]},{"@type":"WebSite","@id":"https:\/\/www.spiritofpolo.com\/fr#website","url":"https:\/\/www.spiritofpolo.com\/fr","name":"Spirit of Polo - Spirit of Jumping","description":"Argentine Polo Products","publisher":{"@id":"https:\/\/www.spiritofpolo.com\/fr#organization"},"potentialAction":[{"@type":"SearchAction","target":{"@type":"EntryPoint","urlTemplate":"https:\/\/www.spiritofpolo.com\/fr?s={search_term_string}"},"query-input":"required name=search_term_string"}],"inLanguage":"fr-FR"},{"@type":"Organization","@id":"https:\/\/www.spiritofpolo.com\/fr#organization","name":"Spirit of Polo - Spirit of Jumping","url":"https:\/\/www.spiritofpolo.com\/fr","logo":{"@type":"ImageObject","inLanguage":"fr-FR","@id":"https:\/\/www.spiritofpolo.com\/fr#\/schema\/logo\/image\/","url":"","contentUrl":"","caption":"Spirit of Polo - Spirit of Jumping"},"image":{"@id":"https:\/\/www.spiritofpolo.com\/fr#\/schema\/logo\/image\/"}}]}},"tiered_pricing_type":"fixed","tiered_pricing_fixed_rules":[],"tiered_pricing_product_settings":{"layout":"default","base_unit_name":{"singular":null,"plural":null},"default_variation":null},"tiered_pricing_minimum_quantity":null,"tiered_pricing_roles_data":[],"tiered_pricing_percentage_rules":[],"_links":{"self":[{"href":"https:\/\/www.spiritofpolo.com\/fr\/wp-json\/wp\/v2\/product\/21207"}],"collection":[{"href":"https:\/\/www.spiritofpolo.com\/fr\/wp-json\/wp\/v2\/product"}],"about":[{"href":"https:\/\/www.spiritofpolo.com\/fr\/wp-json\/wp\/v2\/types\/product"}],"replies":[{"embeddable":true,"href":"https:\/\/www.spiritofpolo.com\/fr\/wp-json\/wp\/v2\/comments?post=21207"}],"wp:featuredmedia":[{"embeddable":true,"href":"https:\/\/www.spiritofpolo.com\/fr\/wp-json\/wp\/v2\/media\/21209"}],"wp:attachment":[{"href":"https:\/\/www.spiritofpolo.com\/fr\/wp-json\/wp\/v2\/media?parent=21207"}],"wp:term":[{"taxonomy":"product_cat","embeddable":true,"href":"https:\/\/www.spiritofpolo.com\/fr\/wp-json\/wp\/v2\/product_cat?post=21207"},{"taxonomy":"product_tag","embeddable":true,"href":"https:\/\/www.spiritofpolo.com\/fr\/wp-json\/wp\/v2\/product_tag?post=21207"}],"curies":[{"name":"wp","href":"https:\/\/api.w.org\/{rel}","templated":true}]}}