{"id":2237,"date":"2015-10-09T17:14:24","date_gmt":"2015-10-09T17:14:24","guid":{"rendered":"http:\/\/www.spiritofpolo.com\/product\/sac-argentin"},"modified":"2021-09-26T12:09:02","modified_gmt":"2021-09-26T12:09:02","slug":"sac-de-voyage-personnalisable-polo-equitation","status":"publish","type":"product","link":"https:\/\/www.spiritofpolo.com\/fr\/produit\/sac-de-voyage-personnalisable-polo-equitation","title":{"rendered":"Sac de voyage personnalisable Polo\/Equitation"},"content":{"rendered":"<p>Sac de voyage en toile et cuir, brod\u00e9. Les poign\u00e9es sont en cuir. Longueur 70 cm ou 50 cm. Id\u00e9al pour vous accompagner lors de matchs de Polo, de comp\u00e9tition \u00e9questre ou de vos voyages. Choix de couleurs de toile et de cuir, personnalis\u00e9 avec vos broderies.<\/p>\n","protected":false},"excerpt":{"rendered":"<p>Sac de Polo \/ voyage en toile, brod\u00e9. Les poign\u00e9es sont en cuir. Longueur 70 cm. Id\u00e9al pour vous accompagner lors de matchs de Polo ou de vos voyages. Choix de couleurs de toile et de cuir, personnalis\u00e9 avec vos broderies.<\/p>\n","protected":false},"featured_media":10743,"comment_status":"open","ping_status":"closed","template":"","meta":[],"product_cat":[2230,2036,2032,2227,94,337,2224,2221,2275],"product_tag":[1187,194],"acf":[],"yoast_head":"<!-- This site is optimized with the Yoast SEO plugin v19.14 - https:\/\/yoast.com\/wordpress\/plugins\/seo\/ -->\n<title>Sac de voyage personnalisable Polo\/Equitation - Spirit of Polo - Spirit of Jumping<\/title>\n<meta name=\"description\" content=\"Travel bag in canvas and leather. Ideal to accompany you during Polo games, equestrian competitions or while traveling. Large bag or handbag format for air travel. Choose canvas colors and leathers, choose your embroidery.\" \/>\n<meta name=\"robots\" content=\"index, follow, max-snippet:-1, max-image-preview:large, max-video-preview:-1\" \/>\n<link rel=\"canonical\" href=\"https:\/\/www.spiritofpolo.com\/fr\/produit\/sac-de-voyage-personnalisable-polo-equitation\" \/>\n<meta property=\"og:locale\" content=\"fr_FR\" \/>\n<meta property=\"og:type\" content=\"article\" \/>\n<meta property=\"og:title\" content=\"Sac de voyage personnalisable Polo\/Equitation - Spirit of Polo - Spirit of Jumping\" \/>\n<meta property=\"og:description\" content=\"Travel bag in canvas and leather. Ideal to accompany you during Polo games, equestrian competitions or while traveling. Large bag or handbag format for air travel. Choose canvas colors and leathers, choose your embroidery.\" \/>\n<meta property=\"og:url\" content=\"https:\/\/www.spiritofpolo.com\/fr\/produit\/sac-de-voyage-personnalisable-polo-equitation\" \/>\n<meta property=\"og:site_name\" content=\"Spirit of Polo - Spirit of Jumping\" \/>\n<meta property=\"article:modified_time\" content=\"2021-09-26T12:09:02+00:00\" \/>\n<meta property=\"og:image\" content=\"https:\/\/www.spiritofpolo.com\/wp-content\/uploads\/Bolso-Polero-Spirit-of-Polo_baja.jpg\" \/>\n\t<meta property=\"og:image:width\" content=\"555\" \/>\n\t<meta property=\"og:image:height\" content=\"710\" \/>\n\t<meta property=\"og:image:type\" content=\"image\/jpeg\" \/>\n<meta name=\"twitter:card\" content=\"summary_large_image\" \/>\n<script type=\"application\/ld+json\" class=\"yoast-schema-graph\">{\"@context\":\"https:\/\/schema.org\",\"@graph\":[{\"@type\":\"WebPage\",\"@id\":\"https:\/\/www.spiritofpolo.com\/fr\/produit\/sac-de-voyage-personnalisable-polo-equitation\",\"url\":\"https:\/\/www.spiritofpolo.com\/fr\/produit\/sac-de-voyage-personnalisable-polo-equitation\",\"name\":\"Sac de voyage personnalisable Polo\/Equitation - Spirit of Polo - Spirit of Jumping\",\"isPartOf\":{\"@id\":\"https:\/\/www.spiritofpolo.com\/fr#website\"},\"datePublished\":\"2015-10-09T17:14:24+00:00\",\"dateModified\":\"2021-09-26T12:09:02+00:00\",\"description\":\"Travel bag in canvas and leather. Ideal to accompany you during Polo games, equestrian competitions or while traveling. Large bag or handbag format for air travel. Choose canvas colors and leathers, choose your embroidery.\",\"breadcrumb\":{\"@id\":\"https:\/\/www.spiritofpolo.com\/fr\/produit\/sac-de-voyage-personnalisable-polo-equitation#breadcrumb\"},\"inLanguage\":\"fr-FR\",\"potentialAction\":[{\"@type\":\"ReadAction\",\"target\":[\"https:\/\/www.spiritofpolo.com\/fr\/produit\/sac-de-voyage-personnalisable-polo-equitation\"]}]},{\"@type\":\"BreadcrumbList\",\"@id\":\"https:\/\/www.spiritofpolo.com\/fr\/produit\/sac-de-voyage-personnalisable-polo-equitation#breadcrumb\",\"itemListElement\":[{\"@type\":\"ListItem\",\"position\":1,\"name\":\"Home\",\"item\":\"https:\/\/www.spiritofpolo.com\/fr\"},{\"@type\":\"ListItem\",\"position\":2,\"name\":\"Boutique\",\"item\":\"https:\/\/www.spiritofpolo.com\/fr\/boutique\"},{\"@type\":\"ListItem\",\"position\":3,\"name\":\"Sac de voyage personnalisable Polo\/Equitation\"}]},{\"@type\":\"WebSite\",\"@id\":\"https:\/\/www.spiritofpolo.com\/fr#website\",\"url\":\"https:\/\/www.spiritofpolo.com\/fr\",\"name\":\"Spirit of Polo - Spirit of Jumping\",\"description\":\"Argentine Polo Products\",\"publisher\":{\"@id\":\"https:\/\/www.spiritofpolo.com\/fr#organization\"},\"potentialAction\":[{\"@type\":\"SearchAction\",\"target\":{\"@type\":\"EntryPoint\",\"urlTemplate\":\"https:\/\/www.spiritofpolo.com\/fr?s={search_term_string}\"},\"query-input\":\"required name=search_term_string\"}],\"inLanguage\":\"fr-FR\"},{\"@type\":\"Organization\",\"@id\":\"https:\/\/www.spiritofpolo.com\/fr#organization\",\"name\":\"Spirit of Polo - Spirit of Jumping\",\"url\":\"https:\/\/www.spiritofpolo.com\/fr\",\"logo\":{\"@type\":\"ImageObject\",\"inLanguage\":\"fr-FR\",\"@id\":\"https:\/\/www.spiritofpolo.com\/fr#\/schema\/logo\/image\/\",\"url\":\"\",\"contentUrl\":\"\",\"caption\":\"Spirit of Polo - Spirit of Jumping\"},\"image\":{\"@id\":\"https:\/\/www.spiritofpolo.com\/fr#\/schema\/logo\/image\/\"}}]}<\/script>\n<!-- \/ Yoast SEO plugin. -->","yoast_head_json":{"title":"Sac de voyage personnalisable Polo\/Equitation - Spirit of Polo - Spirit of Jumping","description":"Travel bag in canvas and leather. Ideal to accompany you during Polo games, equestrian competitions or while traveling. Large bag or handbag format for air travel. Choose canvas colors and leathers, choose your embroidery.","robots":{"index":"index","follow":"follow","max-snippet":"max-snippet:-1","max-image-preview":"max-image-preview:large","max-video-preview":"max-video-preview:-1"},"canonical":"https:\/\/www.spiritofpolo.com\/fr\/produit\/sac-de-voyage-personnalisable-polo-equitation","og_locale":"fr_FR","og_type":"article","og_title":"Sac de voyage personnalisable Polo\/Equitation - Spirit of Polo - Spirit of Jumping","og_description":"Travel bag in canvas and leather. Ideal to accompany you during Polo games, equestrian competitions or while traveling. Large bag or handbag format for air travel. Choose canvas colors and leathers, choose your embroidery.","og_url":"https:\/\/www.spiritofpolo.com\/fr\/produit\/sac-de-voyage-personnalisable-polo-equitation","og_site_name":"Spirit of Polo - Spirit of Jumping","article_modified_time":"2021-09-26T12:09:02+00:00","og_image":[{"width":555,"height":710,"url":"https:\/\/www.spiritofpolo.com\/wp-content\/uploads\/Bolso-Polero-Spirit-of-Polo_baja.jpg","type":"image\/jpeg"}],"twitter_card":"summary_large_image","schema":{"@context":"https:\/\/schema.org","@graph":[{"@type":"WebPage","@id":"https:\/\/www.spiritofpolo.com\/fr\/produit\/sac-de-voyage-personnalisable-polo-equitation","url":"https:\/\/www.spiritofpolo.com\/fr\/produit\/sac-de-voyage-personnalisable-polo-equitation","name":"Sac de voyage personnalisable Polo\/Equitation - Spirit of Polo - Spirit of Jumping","isPartOf":{"@id":"https:\/\/www.spiritofpolo.com\/fr#website"},"datePublished":"2015-10-09T17:14:24+00:00","dateModified":"2021-09-26T12:09:02+00:00","description":"Travel bag in canvas and leather. Ideal to accompany you during Polo games, equestrian competitions or while traveling. Large bag or handbag format for air travel. Choose canvas colors and leathers, choose your embroidery.","breadcrumb":{"@id":"https:\/\/www.spiritofpolo.com\/fr\/produit\/sac-de-voyage-personnalisable-polo-equitation#breadcrumb"},"inLanguage":"fr-FR","potentialAction":[{"@type":"ReadAction","target":["https:\/\/www.spiritofpolo.com\/fr\/produit\/sac-de-voyage-personnalisable-polo-equitation"]}]},{"@type":"BreadcrumbList","@id":"https:\/\/www.spiritofpolo.com\/fr\/produit\/sac-de-voyage-personnalisable-polo-equitation#breadcrumb","itemListElement":[{"@type":"ListItem","position":1,"name":"Home","item":"https:\/\/www.spiritofpolo.com\/fr"},{"@type":"ListItem","position":2,"name":"Boutique","item":"https:\/\/www.spiritofpolo.com\/fr\/boutique"},{"@type":"ListItem","position":3,"name":"Sac de voyage personnalisable Polo\/Equitation"}]},{"@type":"WebSite","@id":"https:\/\/www.spiritofpolo.com\/fr#website","url":"https:\/\/www.spiritofpolo.com\/fr","name":"Spirit of Polo - Spirit of Jumping","description":"Argentine Polo Products","publisher":{"@id":"https:\/\/www.spiritofpolo.com\/fr#organization"},"potentialAction":[{"@type":"SearchAction","target":{"@type":"EntryPoint","urlTemplate":"https:\/\/www.spiritofpolo.com\/fr?s={search_term_string}"},"query-input":"required name=search_term_string"}],"inLanguage":"fr-FR"},{"@type":"Organization","@id":"https:\/\/www.spiritofpolo.com\/fr#organization","name":"Spirit of Polo - Spirit of Jumping","url":"https:\/\/www.spiritofpolo.com\/fr","logo":{"@type":"ImageObject","inLanguage":"fr-FR","@id":"https:\/\/www.spiritofpolo.com\/fr#\/schema\/logo\/image\/","url":"","contentUrl":"","caption":"Spirit of Polo - Spirit of Jumping"},"image":{"@id":"https:\/\/www.spiritofpolo.com\/fr#\/schema\/logo\/image\/"}}]}},"tiered_pricing_type":"fixed","tiered_pricing_fixed_rules":[],"tiered_pricing_product_settings":{"layout":"default","base_unit_name":{"singular":null,"plural":null},"default_variation":null},"tiered_pricing_minimum_quantity":null,"tiered_pricing_roles_data":[],"tiered_pricing_percentage_rules":[],"_links":{"self":[{"href":"https:\/\/www.spiritofpolo.com\/fr\/wp-json\/wp\/v2\/product\/2237"}],"collection":[{"href":"https:\/\/www.spiritofpolo.com\/fr\/wp-json\/wp\/v2\/product"}],"about":[{"href":"https:\/\/www.spiritofpolo.com\/fr\/wp-json\/wp\/v2\/types\/product"}],"replies":[{"embeddable":true,"href":"https:\/\/www.spiritofpolo.com\/fr\/wp-json\/wp\/v2\/comments?post=2237"}],"wp:featuredmedia":[{"embeddable":true,"href":"https:\/\/www.spiritofpolo.com\/fr\/wp-json\/wp\/v2\/media\/10743"}],"wp:attachment":[{"href":"https:\/\/www.spiritofpolo.com\/fr\/wp-json\/wp\/v2\/media?parent=2237"}],"wp:term":[{"taxonomy":"product_cat","embeddable":true,"href":"https:\/\/www.spiritofpolo.com\/fr\/wp-json\/wp\/v2\/product_cat?post=2237"},{"taxonomy":"product_tag","embeddable":true,"href":"https:\/\/www.spiritofpolo.com\/fr\/wp-json\/wp\/v2\/product_tag?post=2237"}],"curies":[{"name":"wp","href":"https:\/\/api.w.org\/{rel}","templated":true}]}}