{"id":2240,"date":"2015-10-09T17:16:00","date_gmt":"2015-10-09T17:16:00","guid":{"rendered":"http:\/\/www.spiritofpolo.com\/product\/sac-en-cuir-monaco"},"modified":"2015-10-27T19:19:16","modified_gmt":"2015-10-27T19:19:16","slug":"sac-en-cuir-monaco","status":"publish","type":"product","link":"https:\/\/www.spiritofpolo.com\/fr\/produit\/sac-en-cuir-monaco","title":{"rendered":"Sac en cuir Monaco"},"content":{"rendered":"<p>Classique et intemporel ce sac de voyage en cuir vous accompagnera lors de vos week-ends, vacances ou encore lors de vos tounois de polo.\u00a0 Son cuir de vachette coloris camel r\u00e9alis\u00e9 par le meilleur fabricant argentin s&rsquo;assortira \u00e0 toutes vos tenues.<\/p>\n<p>\u00a0<\/p>\n<div id=\"idTab1\" class=\"\">\n<div>-Bandouli\u00e8re amovible et ajustable<\/div>\n<div>-Poign\u00e9es et angles renforc\u00e9s<\/div>\n<div>-Cuir doux et souple<\/div>\n<div>-Fermetures zipp\u00e9es sur les c\u00f4t\u00e9s et le dessus du sac<\/div>\n<div>-Rangements int\u00e9rieurs<\/div>\n<div>-Taille cabine avion<\/div>\n<div>Hauteur: 31 cm<\/div>\n<div>Largeur: 55 cm<\/div>\n<div>Profondeur: 25 cm<\/div>\n<\/div>\n","protected":false},"excerpt":{"rendered":"<p>Classique et intemporel ce sac de voyage en cuir vous accompagnera lors de vos week-ends, vacances ou encore lors de vos tounois de polo.\u00a0 Son cuir de vachette coloris camel r\u00e9alis\u00e9 par le meilleur fabricant argentin s&rsquo;assortira \u00e0 toutes vos tenues.<\/p>\n<div id=\"idTab1\" class=\"\">\n<div>-Bandouli\u00e8re amovible et ajustable<\/div>\n<div>-Poign\u00e9es et angles renforc\u00e9s<\/div>\n<div>-Cuir doux et souple<\/div>\n<div>-Fermetures zipp\u00e9es sur les c\u00f4t\u00e9s et le dessus du sac<\/div>\n<div>-Rangements int\u00e9rieurs<\/div>\n<div>-Taille cabine avion<\/div>\n<div>Hauteur: 31 cm<\/div>\n<div>Largeur: 55 cm<\/div>\n<\/div>\n","protected":false},"featured_media":2324,"comment_status":"open","ping_status":"closed","template":"","meta":[],"product_cat":[2230,2234],"product_tag":[164,1447,194],"acf":[],"yoast_head":"<!-- This site is optimized with the Yoast SEO plugin v19.14 - https:\/\/yoast.com\/wordpress\/plugins\/seo\/ -->\n<title>Sac en cuir Monaco - Spirit of Polo - Spirit of Jumping<\/title>\n<meta name=\"robots\" content=\"index, follow, max-snippet:-1, max-image-preview:large, max-video-preview:-1\" \/>\n<link rel=\"canonical\" href=\"https:\/\/www.spiritofpolo.com\/fr\/produit\/sac-en-cuir-monaco\" \/>\n<meta property=\"og:locale\" content=\"fr_FR\" \/>\n<meta property=\"og:type\" content=\"article\" \/>\n<meta property=\"og:title\" content=\"Sac en cuir Monaco - Spirit of Polo - Spirit of Jumping\" \/>\n<meta property=\"og:description\" content=\"Classique et intemporel ce sac de voyage en cuir vous accompagnera lors de vos week-ends, vacances ou encore lors de vos tounois de polo.\u00a0 Son cuir de vachette coloris camel r\u00e9alis\u00e9 par le meilleur fabricant argentin s&#039;assortira \u00e0 toutes vos tenues.-Bandouli\u00e8re amovible et ajustable-Poign\u00e9es et angles renforc\u00e9s-Cuir doux et souple-Fermetures zipp\u00e9es sur les c\u00f4t\u00e9s et le dessus du sac-Rangements int\u00e9rieurs-Taille cabine avionHauteur: 31 cmLargeur: 55 cm\" \/>\n<meta property=\"og:url\" content=\"https:\/\/www.spiritofpolo.com\/fr\/produit\/sac-en-cuir-monaco\" \/>\n<meta property=\"og:site_name\" content=\"Spirit of Polo - Spirit of Jumping\" \/>\n<meta property=\"article:modified_time\" content=\"2015-10-27T19:19:16+00:00\" \/>\n<meta property=\"og:image\" content=\"https:\/\/www.spiritofpolo.com\/wp-content\/uploads\/2015\/10\/Sac_cuir_monaco.jpg\" \/>\n\t<meta property=\"og:image:width\" content=\"555\" \/>\n\t<meta property=\"og:image:height\" content=\"710\" \/>\n\t<meta property=\"og:image:type\" content=\"image\/jpeg\" \/>\n<meta name=\"twitter:card\" content=\"summary_large_image\" \/>\n<script type=\"application\/ld+json\" class=\"yoast-schema-graph\">{\"@context\":\"https:\/\/schema.org\",\"@graph\":[{\"@type\":\"WebPage\",\"@id\":\"https:\/\/www.spiritofpolo.com\/fr\/produit\/sac-en-cuir-monaco\",\"url\":\"https:\/\/www.spiritofpolo.com\/fr\/produit\/sac-en-cuir-monaco\",\"name\":\"Sac en cuir Monaco - Spirit of Polo - Spirit of Jumping\",\"isPartOf\":{\"@id\":\"https:\/\/www.spiritofpolo.com\/fr#website\"},\"datePublished\":\"2015-10-09T17:16:00+00:00\",\"dateModified\":\"2015-10-27T19:19:16+00:00\",\"breadcrumb\":{\"@id\":\"https:\/\/www.spiritofpolo.com\/fr\/produit\/sac-en-cuir-monaco#breadcrumb\"},\"inLanguage\":\"fr-FR\",\"potentialAction\":[{\"@type\":\"ReadAction\",\"target\":[\"https:\/\/www.spiritofpolo.com\/fr\/produit\/sac-en-cuir-monaco\"]}]},{\"@type\":\"BreadcrumbList\",\"@id\":\"https:\/\/www.spiritofpolo.com\/fr\/produit\/sac-en-cuir-monaco#breadcrumb\",\"itemListElement\":[{\"@type\":\"ListItem\",\"position\":1,\"name\":\"Home\",\"item\":\"https:\/\/www.spiritofpolo.com\/fr\"},{\"@type\":\"ListItem\",\"position\":2,\"name\":\"Boutique\",\"item\":\"https:\/\/www.spiritofpolo.com\/fr\/boutique\"},{\"@type\":\"ListItem\",\"position\":3,\"name\":\"Sac en cuir Monaco\"}]},{\"@type\":\"WebSite\",\"@id\":\"https:\/\/www.spiritofpolo.com\/fr#website\",\"url\":\"https:\/\/www.spiritofpolo.com\/fr\",\"name\":\"Spirit of Polo - Spirit of Jumping\",\"description\":\"Argentine Polo Products\",\"publisher\":{\"@id\":\"https:\/\/www.spiritofpolo.com\/fr#organization\"},\"potentialAction\":[{\"@type\":\"SearchAction\",\"target\":{\"@type\":\"EntryPoint\",\"urlTemplate\":\"https:\/\/www.spiritofpolo.com\/fr?s={search_term_string}\"},\"query-input\":\"required name=search_term_string\"}],\"inLanguage\":\"fr-FR\"},{\"@type\":\"Organization\",\"@id\":\"https:\/\/www.spiritofpolo.com\/fr#organization\",\"name\":\"Spirit of Polo - Spirit of Jumping\",\"url\":\"https:\/\/www.spiritofpolo.com\/fr\",\"logo\":{\"@type\":\"ImageObject\",\"inLanguage\":\"fr-FR\",\"@id\":\"https:\/\/www.spiritofpolo.com\/fr#\/schema\/logo\/image\/\",\"url\":\"\",\"contentUrl\":\"\",\"caption\":\"Spirit of Polo - Spirit of Jumping\"},\"image\":{\"@id\":\"https:\/\/www.spiritofpolo.com\/fr#\/schema\/logo\/image\/\"}}]}<\/script>\n<!-- \/ Yoast SEO plugin. -->","yoast_head_json":{"title":"Sac en cuir Monaco - Spirit of Polo - Spirit of Jumping","robots":{"index":"index","follow":"follow","max-snippet":"max-snippet:-1","max-image-preview":"max-image-preview:large","max-video-preview":"max-video-preview:-1"},"canonical":"https:\/\/www.spiritofpolo.com\/fr\/produit\/sac-en-cuir-monaco","og_locale":"fr_FR","og_type":"article","og_title":"Sac en cuir Monaco - Spirit of Polo - Spirit of Jumping","og_description":"Classique et intemporel ce sac de voyage en cuir vous accompagnera lors de vos week-ends, vacances ou encore lors de vos tounois de polo.\u00a0 Son cuir de vachette coloris camel r\u00e9alis\u00e9 par le meilleur fabricant argentin s'assortira \u00e0 toutes vos tenues.-Bandouli\u00e8re amovible et ajustable-Poign\u00e9es et angles renforc\u00e9s-Cuir doux et souple-Fermetures zipp\u00e9es sur les c\u00f4t\u00e9s et le dessus du sac-Rangements int\u00e9rieurs-Taille cabine avionHauteur: 31 cmLargeur: 55 cm","og_url":"https:\/\/www.spiritofpolo.com\/fr\/produit\/sac-en-cuir-monaco","og_site_name":"Spirit of Polo - Spirit of Jumping","article_modified_time":"2015-10-27T19:19:16+00:00","og_image":[{"width":555,"height":710,"url":"https:\/\/www.spiritofpolo.com\/wp-content\/uploads\/2015\/10\/Sac_cuir_monaco.jpg","type":"image\/jpeg"}],"twitter_card":"summary_large_image","schema":{"@context":"https:\/\/schema.org","@graph":[{"@type":"WebPage","@id":"https:\/\/www.spiritofpolo.com\/fr\/produit\/sac-en-cuir-monaco","url":"https:\/\/www.spiritofpolo.com\/fr\/produit\/sac-en-cuir-monaco","name":"Sac en cuir Monaco - Spirit of Polo - Spirit of Jumping","isPartOf":{"@id":"https:\/\/www.spiritofpolo.com\/fr#website"},"datePublished":"2015-10-09T17:16:00+00:00","dateModified":"2015-10-27T19:19:16+00:00","breadcrumb":{"@id":"https:\/\/www.spiritofpolo.com\/fr\/produit\/sac-en-cuir-monaco#breadcrumb"},"inLanguage":"fr-FR","potentialAction":[{"@type":"ReadAction","target":["https:\/\/www.spiritofpolo.com\/fr\/produit\/sac-en-cuir-monaco"]}]},{"@type":"BreadcrumbList","@id":"https:\/\/www.spiritofpolo.com\/fr\/produit\/sac-en-cuir-monaco#breadcrumb","itemListElement":[{"@type":"ListItem","position":1,"name":"Home","item":"https:\/\/www.spiritofpolo.com\/fr"},{"@type":"ListItem","position":2,"name":"Boutique","item":"https:\/\/www.spiritofpolo.com\/fr\/boutique"},{"@type":"ListItem","position":3,"name":"Sac en cuir Monaco"}]},{"@type":"WebSite","@id":"https:\/\/www.spiritofpolo.com\/fr#website","url":"https:\/\/www.spiritofpolo.com\/fr","name":"Spirit of Polo - Spirit of Jumping","description":"Argentine Polo Products","publisher":{"@id":"https:\/\/www.spiritofpolo.com\/fr#organization"},"potentialAction":[{"@type":"SearchAction","target":{"@type":"EntryPoint","urlTemplate":"https:\/\/www.spiritofpolo.com\/fr?s={search_term_string}"},"query-input":"required name=search_term_string"}],"inLanguage":"fr-FR"},{"@type":"Organization","@id":"https:\/\/www.spiritofpolo.com\/fr#organization","name":"Spirit of Polo - Spirit of Jumping","url":"https:\/\/www.spiritofpolo.com\/fr","logo":{"@type":"ImageObject","inLanguage":"fr-FR","@id":"https:\/\/www.spiritofpolo.com\/fr#\/schema\/logo\/image\/","url":"","contentUrl":"","caption":"Spirit of Polo - Spirit of Jumping"},"image":{"@id":"https:\/\/www.spiritofpolo.com\/fr#\/schema\/logo\/image\/"}}]}},"tiered_pricing_type":"fixed","tiered_pricing_fixed_rules":[],"tiered_pricing_product_settings":{"layout":"default","base_unit_name":{"singular":null,"plural":null},"default_variation":null},"tiered_pricing_minimum_quantity":null,"tiered_pricing_roles_data":[],"tiered_pricing_percentage_rules":[],"_links":{"self":[{"href":"https:\/\/www.spiritofpolo.com\/fr\/wp-json\/wp\/v2\/product\/2240"}],"collection":[{"href":"https:\/\/www.spiritofpolo.com\/fr\/wp-json\/wp\/v2\/product"}],"about":[{"href":"https:\/\/www.spiritofpolo.com\/fr\/wp-json\/wp\/v2\/types\/product"}],"replies":[{"embeddable":true,"href":"https:\/\/www.spiritofpolo.com\/fr\/wp-json\/wp\/v2\/comments?post=2240"}],"wp:featuredmedia":[{"embeddable":true,"href":"https:\/\/www.spiritofpolo.com\/fr\/wp-json\/wp\/v2\/media\/2324"}],"wp:attachment":[{"href":"https:\/\/www.spiritofpolo.com\/fr\/wp-json\/wp\/v2\/media?parent=2240"}],"wp:term":[{"taxonomy":"product_cat","embeddable":true,"href":"https:\/\/www.spiritofpolo.com\/fr\/wp-json\/wp\/v2\/product_cat?post=2240"},{"taxonomy":"product_tag","embeddable":true,"href":"https:\/\/www.spiritofpolo.com\/fr\/wp-json\/wp\/v2\/product_tag?post=2240"}],"curies":[{"name":"wp","href":"https:\/\/api.w.org\/{rel}","templated":true}]}}